{"id":10107,"date":"2019-04-04T10:54:04","date_gmt":"2019-04-04T08:54:04","guid":{"rendered":"https:\/\/zpsv.cz\/?page_id=10107"},"modified":"2023-03-13T10:54:39","modified_gmt":"2023-03-13T09:54:39","slug":"certifikace","status":"publish","type":"page","link":"https:\/\/zpsv-cz.webvalleypreview.com\/en\/o-spolecnosti\/certifikace\/","title":{"rendered":"certification"},"content":{"rendered":"<div class=\"fusion-fullwidth fullwidth-box nonhundred-percent-fullwidth non-hundred-percent-height-scrolling\"  style='background-color: rgba(255,255,255,0);background-position: center center;background-repeat: no-repeat;padding-top:0px;padding-right:0px;padding-bottom:0px;padding-left:0px;'><div class=\"fusion-builder-row fusion-row\"><div  class=\"fusion-layout-column fusion_builder_column fusion_builder_column_1_1  fusion-one-full fusion-column-first fusion-column-last 1_1\"  style='margin-top:0px;margin-bottom:20px;'>\r\n\t\t\t\t\t<div class=\"fusion-column-wrapper\" style=\"padding: 0px 0px 0px 0px;background-position:left top;background-repeat:no-repeat;-webkit-background-size:cover;-moz-background-size:cover;-o-background-size:cover;background-size:cover;\"   data-bg-url=\"\">\r\n\t\t\t\t\t\t<div class=\"fusion-text\">\n<\/div><div class=\"fusion-title title fusion-sep-none fusion-title-size-one\" style=\"margin-top:20px;margin-bottom:15px;\"><h1 class=\"title-heading-left\">INTEGRATED MANAGEMENT SYSTEM<\/h1><\/div><div class=\"fusion-text\"><p dir=\"ltr\" style=\"text-align: left;\">The company has implemented and certified the Integrated Management System (ISM) according to the standards \u010cSN EN ISO 9001: 2016, \u010cSN EN ISO 14001: 2016 and \u010cSN ISO 45001: 2018 by STAVCERT Prague and \u010cSN EN ISO 50001: 2019 by ITC Zl\u00edn. The certification covers the design, manufacture and delivery of railway sleepers, reinforced concrete prefabrication, fresh concrete and assembly activities. The Company's basic obligations are defined in the ISM Policy.<\/p>\n<p dir=\"ltr\" style=\"text-align: left;\">ISM is directly embedded in the structure of our joint stock company. The organizational rules firmly set out the duties and powers of the departments so that the requirements for quality assurance, environmental protection and occupational safety are guaranteed.<\/p>\n<\/div><div class=\"fusion-title title fusion-sep-none fusion-title-size-one\" style=\"margin-top:20px;margin-bottom:15px;\"><h1 class=\"title-heading-left\">Conformity assessment<\/h1><\/div><div class=\"fusion-text\"><p>Conformity assessment of our products is governed by Act 22\/1997 Coll. \"On technical requirements for products\" (as amended), Government Decree No. 163\/2002 Coll. (as amended) and Regulation (EU) No 305\/2011 of the European Parliament and of the Council laying down technical requirements for construction products. When assessing the conformity of sleepers, we follow the European Directive for the interoperability of the rail system 2008\/57 \/ EC and the relevant technical specifications (TSIs). For specified construction products, the MLSA issues a declaration of conformity or a declaration of properties.<\/p>\n<div>Ing. Michal \u0160\u016fcha<\/div>\n<div>Integrated system manager<\/div>\n<div>Head of Quality Management Department<\/div>\n<div>\u017dPSV s.r.o.<\/div>\n<ul>\n<li><strong><a href=\"https:\/\/zpsv-cz.webvalleypreview.com\/wp-content\/uploads\/2020\/06\/Politika-ISM-2020.pdf\">Politics ISM - \u017dPSV - CZ<\/a><\/strong><\/li>\n<\/ul>\n<\/div><div class=\"fusion-text contact-item\"><\/div><div class=\"fusion-title title fusion-sep-none fusion-title-size-one\" style=\"margin-top:20px;margin-bottom:15px;\"><h1 class=\"title-heading-left\">Testing at plants<\/h1><\/div><div class=\"fusion-text\"><p>A factory testing laboratory has been set up at each production plant, which is equipped both with personnel and equipment to perform basic tests of input materials for the production of fresh concrete, inter-operational and output control of both concrete and products. CTL employees professionally and methodically manage the activities of employees of factory testing laboratories in accordance with the requirements of specific standards. The plant testing laboratories are supervised by ASPK Brno for deliveries to \u0158SD, then by the Inspection Body of TZUS Teplice, TZUS Brno (conformity assessment) and authorized S\u017d employees for deliveries of railway sleepers.<\/p>\n<\/div><div class=\"fusion-clearfix\"><\/div>\r\n\r\n\t\t\t\t\t<\/div>\r\n\t\t\t\t<\/div><\/div><\/div>","protected":false},"excerpt":{"rendered":"","protected":false},"author":3,"featured_media":9719,"parent":14,"menu_order":3,"comment_status":"closed","ping_status":"closed","template":"","meta":{"footnotes":""},"_links":{"self":[{"href":"https:\/\/zpsv-cz.webvalleypreview.com\/en\/wp-json\/wp\/v2\/pages\/10107"}],"collection":[{"href":"https:\/\/zpsv-cz.webvalleypreview.com\/en\/wp-json\/wp\/v2\/pages"}],"about":[{"href":"https:\/\/zpsv-cz.webvalleypreview.com\/en\/wp-json\/wp\/v2\/types\/page"}],"author":[{"embeddable":true,"href":"https:\/\/zpsv-cz.webvalleypreview.com\/en\/wp-json\/wp\/v2\/users\/3"}],"replies":[{"embeddable":true,"href":"https:\/\/zpsv-cz.webvalleypreview.com\/en\/wp-json\/wp\/v2\/comments?post=10107"}],"version-history":[{"count":1,"href":"https:\/\/zpsv-cz.webvalleypreview.com\/en\/wp-json\/wp\/v2\/pages\/10107\/revisions"}],"predecessor-version":[{"id":105129,"href":"https:\/\/zpsv-cz.webvalleypreview.com\/en\/wp-json\/wp\/v2\/pages\/10107\/revisions\/105129"}],"up":[{"embeddable":true,"href":"https:\/\/zpsv-cz.webvalleypreview.com\/en\/wp-json\/wp\/v2\/pages\/14"}],"wp:featuredmedia":[{"embeddable":true,"href":"https:\/\/zpsv-cz.webvalleypreview.com\/en\/wp-json\/wp\/v2\/media\/9719"}],"wp:attachment":[{"href":"https:\/\/zpsv-cz.webvalleypreview.com\/en\/wp-json\/wp\/v2\/media?parent=10107"}],"curies":[{"name":"wp","href":"https:\/\/api.w.org\/{rel}","templated":true}]}}