{"id":160604,"date":"2024-05-13T10:28:25","date_gmt":"2024-05-13T08:28:25","guid":{"rendered":"https:\/\/zpsv-cz.webvalleypreview.com\/kolejove-dopravni-stavby\/prvky-pro-zeleznicni-znackovani\/"},"modified":"2024-05-13T10:28:25","modified_gmt":"2024-05-13T08:28:25","slug":"prvky-pro-zeleznicni-znackovani","status":"publish","type":"page","link":"https:\/\/zpsv-cz.webvalleypreview.com\/en\/kolejove-dopravni-stavby\/prvky-pro-zeleznicni-znackovani\/","title":{"rendered":"Prvky pro \u017eelezni\u010dn\u00ed zna\u010dkov\u00e1n\u00ed"},"content":{"rendered":"<h1>Prvky pro \u017eelezni\u010dn\u00ed zna\u010dkov\u00e1n\u00ed<\/h1>","protected":false},"excerpt":{"rendered":"<p>Prvky pro \u017eelezni\u010dn\u00ed zna\u010dkov\u00e1n\u00ed<\/p>","protected":false},"author":1,"featured_media":0,"parent":68,"menu_order":0,"comment_status":"closed","ping_status":"closed","template":"layouts\/page-katalog.php","meta":{"footnotes":""},"_links":{"self":[{"href":"https:\/\/zpsv-cz.webvalleypreview.com\/en\/wp-json\/wp\/v2\/pages\/160604"}],"collection":[{"href":"https:\/\/zpsv-cz.webvalleypreview.com\/en\/wp-json\/wp\/v2\/pages"}],"about":[{"href":"https:\/\/zpsv-cz.webvalleypreview.com\/en\/wp-json\/wp\/v2\/types\/page"}],"author":[{"embeddable":true,"href":"https:\/\/zpsv-cz.webvalleypreview.com\/en\/wp-json\/wp\/v2\/users\/1"}],"replies":[{"embeddable":true,"href":"https:\/\/zpsv-cz.webvalleypreview.com\/en\/wp-json\/wp\/v2\/comments?post=160604"}],"version-history":[{"count":0,"href":"https:\/\/zpsv-cz.webvalleypreview.com\/en\/wp-json\/wp\/v2\/pages\/160604\/revisions"}],"up":[{"embeddable":true,"href":"https:\/\/zpsv-cz.webvalleypreview.com\/en\/wp-json\/wp\/v2\/pages\/68"}],"wp:attachment":[{"href":"https:\/\/zpsv-cz.webvalleypreview.com\/en\/wp-json\/wp\/v2\/media?parent=160604"}],"curies":[{"name":"wp","href":"https:\/\/api.w.org\/{rel}","templated":true}]}}