{"id":160606,"date":"2024-05-13T10:28:25","date_gmt":"2024-05-13T08:28:25","guid":{"rendered":"https:\/\/zpsv-cz.webvalleypreview.com\/mostni-konstrukce-a-propustky\/prostorove-prvky-pro-inzenyrske-site\/"},"modified":"2024-05-13T10:28:25","modified_gmt":"2024-05-13T08:28:25","slug":"prostorove-prvky-pro-inzenyrske-site","status":"publish","type":"page","link":"https:\/\/zpsv-cz.webvalleypreview.com\/en\/mostni-konstrukce-a-propustky\/prostorove-prvky-pro-inzenyrske-site\/","title":{"rendered":"Prostorov\u00e9 prvky pro in\u017een\u00fdrsk\u00e9 s\u00edt\u011b"},"content":{"rendered":"<h1>Prostorov\u00e9 prvky pro in\u017een\u00fdrsk\u00e9 s\u00edt\u011b<\/h1>","protected":false},"excerpt":{"rendered":"<p>Prostorov\u00e9 prvky pro in\u017een\u00fdrsk\u00e9 s\u00edt\u011b<\/p>","protected":false},"author":1,"featured_media":0,"parent":5584,"menu_order":0,"comment_status":"closed","ping_status":"closed","template":"layouts\/page-katalog.php","meta":{"footnotes":""},"_links":{"self":[{"href":"https:\/\/zpsv-cz.webvalleypreview.com\/en\/wp-json\/wp\/v2\/pages\/160606"}],"collection":[{"href":"https:\/\/zpsv-cz.webvalleypreview.com\/en\/wp-json\/wp\/v2\/pages"}],"about":[{"href":"https:\/\/zpsv-cz.webvalleypreview.com\/en\/wp-json\/wp\/v2\/types\/page"}],"author":[{"embeddable":true,"href":"https:\/\/zpsv-cz.webvalleypreview.com\/en\/wp-json\/wp\/v2\/users\/1"}],"replies":[{"embeddable":true,"href":"https:\/\/zpsv-cz.webvalleypreview.com\/en\/wp-json\/wp\/v2\/comments?post=160606"}],"version-history":[{"count":0,"href":"https:\/\/zpsv-cz.webvalleypreview.com\/en\/wp-json\/wp\/v2\/pages\/160606\/revisions"}],"up":[{"embeddable":true,"href":"https:\/\/zpsv-cz.webvalleypreview.com\/en\/wp-json\/wp\/v2\/pages\/5584"}],"wp:attachment":[{"href":"https:\/\/zpsv-cz.webvalleypreview.com\/en\/wp-json\/wp\/v2\/media?parent=160606"}],"curies":[{"name":"wp","href":"https:\/\/api.w.org\/{rel}","templated":true}]}}