{"id":160656,"date":"2024-05-13T10:28:26","date_gmt":"2024-05-13T08:28:26","guid":{"rendered":"https:\/\/zpsv-cz.webvalleypreview.com\/pozemni-stavby\/sloupy-tramy-vazniky-pruvlaky-steny-stropni-panely-schodiste-balkony-lodzie-zaklady\/"},"modified":"2024-05-13T10:28:26","modified_gmt":"2024-05-13T08:28:26","slug":"sloupy-tramy-vazniky-pruvlaky-steny-stropni-panely-schodiste-balkony-lodzie-zaklady","status":"publish","type":"page","link":"https:\/\/zpsv-cz.webvalleypreview.com\/en\/pozemni-stavby\/sloupy-tramy-vazniky-pruvlaky-steny-stropni-panely-schodiste-balkony-lodzie-zaklady\/","title":{"rendered":"Sloupy, tr\u00e1my, vazn\u00edky, pr\u016fvlaky, st\u011bny, stropn\u00ed panely, schodi\u0161t\u011b, balkony, lod\u017eie, z\u00e1klady"},"content":{"rendered":"<h1>Sloupy, tr\u00e1my, vazn\u00edky, pr\u016fvlaky, st\u011bny, stropn\u00ed panely, schodi\u0161t\u011b, balkony, lod\u017eie, z\u00e1klady<\/h1>","protected":false},"excerpt":{"rendered":"<p>Sloupy, tr\u00e1my, vazn\u00edky, pr\u016fvlaky, st\u011bny, stropn\u00ed panely, schodi\u0161t\u011b, balkony, lod\u017eie, [&hellip;]<\/p>","protected":false},"author":1,"featured_media":0,"parent":5588,"menu_order":0,"comment_status":"closed","ping_status":"closed","template":"layouts\/page-katalog.php","meta":{"footnotes":""},"_links":{"self":[{"href":"https:\/\/zpsv-cz.webvalleypreview.com\/en\/wp-json\/wp\/v2\/pages\/160656"}],"collection":[{"href":"https:\/\/zpsv-cz.webvalleypreview.com\/en\/wp-json\/wp\/v2\/pages"}],"about":[{"href":"https:\/\/zpsv-cz.webvalleypreview.com\/en\/wp-json\/wp\/v2\/types\/page"}],"author":[{"embeddable":true,"href":"https:\/\/zpsv-cz.webvalleypreview.com\/en\/wp-json\/wp\/v2\/users\/1"}],"replies":[{"embeddable":true,"href":"https:\/\/zpsv-cz.webvalleypreview.com\/en\/wp-json\/wp\/v2\/comments?post=160656"}],"version-history":[{"count":0,"href":"https:\/\/zpsv-cz.webvalleypreview.com\/en\/wp-json\/wp\/v2\/pages\/160656\/revisions"}],"up":[{"embeddable":true,"href":"https:\/\/zpsv-cz.webvalleypreview.com\/en\/wp-json\/wp\/v2\/pages\/5588"}],"wp:attachment":[{"href":"https:\/\/zpsv-cz.webvalleypreview.com\/en\/wp-json\/wp\/v2\/media?parent=160656"}],"curies":[{"name":"wp","href":"https:\/\/api.w.org\/{rel}","templated":true}]}}