{"id":160727,"date":"2024-05-13T10:28:27","date_gmt":"2024-05-13T08:28:27","guid":{"rendered":"https:\/\/zpsv-cz.webvalleypreview.com\/inzenyrske-stavby\/obkladove-a-melioracni-desky\/"},"modified":"2024-05-13T10:28:27","modified_gmt":"2024-05-13T08:28:27","slug":"obkladove-a-melioracni-desky","status":"publish","type":"page","link":"https:\/\/zpsv-cz.webvalleypreview.com\/en\/inzenyrske-stavby\/obkladove-a-melioracni-desky\/","title":{"rendered":"Obkladov\u00e9 a meliora\u010dn\u00ed desky"},"content":{"rendered":"<h1>Obkladov\u00e9 a meliora\u010dn\u00ed desky<\/h1>","protected":false},"excerpt":{"rendered":"<p>Obkladov\u00e9 a meliora\u010dn\u00ed desky<\/p>","protected":false},"author":1,"featured_media":0,"parent":5590,"menu_order":0,"comment_status":"closed","ping_status":"closed","template":"layouts\/page-katalog.php","meta":{"footnotes":""},"_links":{"self":[{"href":"https:\/\/zpsv-cz.webvalleypreview.com\/en\/wp-json\/wp\/v2\/pages\/160727"}],"collection":[{"href":"https:\/\/zpsv-cz.webvalleypreview.com\/en\/wp-json\/wp\/v2\/pages"}],"about":[{"href":"https:\/\/zpsv-cz.webvalleypreview.com\/en\/wp-json\/wp\/v2\/types\/page"}],"author":[{"embeddable":true,"href":"https:\/\/zpsv-cz.webvalleypreview.com\/en\/wp-json\/wp\/v2\/users\/1"}],"replies":[{"embeddable":true,"href":"https:\/\/zpsv-cz.webvalleypreview.com\/en\/wp-json\/wp\/v2\/comments?post=160727"}],"version-history":[{"count":0,"href":"https:\/\/zpsv-cz.webvalleypreview.com\/en\/wp-json\/wp\/v2\/pages\/160727\/revisions"}],"up":[{"embeddable":true,"href":"https:\/\/zpsv-cz.webvalleypreview.com\/en\/wp-json\/wp\/v2\/pages\/5590"}],"wp:attachment":[{"href":"https:\/\/zpsv-cz.webvalleypreview.com\/en\/wp-json\/wp\/v2\/media?parent=160727"}],"curies":[{"name":"wp","href":"https:\/\/api.w.org\/{rel}","templated":true}]}}