{"id":160762,"date":"2024-05-13T10:28:28","date_gmt":"2024-05-13T08:28:28","guid":{"rendered":"https:\/\/zpsv-cz.webvalleypreview.com\/produkty-pro-snizovani-hluku-a-vibraci\/protihlukove-steny-a-obklady\/"},"modified":"2024-05-13T10:28:28","modified_gmt":"2024-05-13T08:28:28","slug":"protihlukove-steny-a-obklady","status":"publish","type":"page","link":"https:\/\/zpsv-cz.webvalleypreview.com\/en\/produkty-pro-snizovani-hluku-a-vibraci\/protihlukove-steny-a-obklady\/","title":{"rendered":"Protihlukov\u00e9 st\u011bny a obklady"},"content":{"rendered":"<h1>Protihlukov\u00e9 st\u011bny a obklady<\/h1>","protected":false},"excerpt":{"rendered":"<p>Protihlukov\u00e9 st\u011bny a obklady<\/p>","protected":false},"author":1,"featured_media":0,"parent":5582,"menu_order":0,"comment_status":"closed","ping_status":"closed","template":"layouts\/page-katalog.php","meta":{"footnotes":""},"_links":{"self":[{"href":"https:\/\/zpsv-cz.webvalleypreview.com\/en\/wp-json\/wp\/v2\/pages\/160762"}],"collection":[{"href":"https:\/\/zpsv-cz.webvalleypreview.com\/en\/wp-json\/wp\/v2\/pages"}],"about":[{"href":"https:\/\/zpsv-cz.webvalleypreview.com\/en\/wp-json\/wp\/v2\/types\/page"}],"author":[{"embeddable":true,"href":"https:\/\/zpsv-cz.webvalleypreview.com\/en\/wp-json\/wp\/v2\/users\/1"}],"replies":[{"embeddable":true,"href":"https:\/\/zpsv-cz.webvalleypreview.com\/en\/wp-json\/wp\/v2\/comments?post=160762"}],"version-history":[{"count":0,"href":"https:\/\/zpsv-cz.webvalleypreview.com\/en\/wp-json\/wp\/v2\/pages\/160762\/revisions"}],"up":[{"embeddable":true,"href":"https:\/\/zpsv-cz.webvalleypreview.com\/en\/wp-json\/wp\/v2\/pages\/5582"}],"wp:attachment":[{"href":"https:\/\/zpsv-cz.webvalleypreview.com\/en\/wp-json\/wp\/v2\/media?parent=160762"}],"curies":[{"name":"wp","href":"https:\/\/api.w.org\/{rel}","templated":true}]}}