{"id":160853,"date":"2024-05-13T10:28:30","date_gmt":"2024-05-13T08:28:30","guid":{"rendered":"https:\/\/zpsv-cz.webvalleypreview.com\/kolejove-dopravni-stavby\/prostorove-dilce-zastavek-a-pristresku\/"},"modified":"2024-05-13T10:28:30","modified_gmt":"2024-05-13T08:28:30","slug":"prostorove-dilce-zastavek-a-pristresku","status":"publish","type":"page","link":"https:\/\/zpsv-cz.webvalleypreview.com\/en\/kolejove-dopravni-stavby\/prostorove-dilce-zastavek-a-pristresku\/","title":{"rendered":"Prostorov\u00e9 d\u00edlce zast\u00e1vek a p\u0159\u00edst\u0159e\u0161k\u016f"},"content":{"rendered":"<h1>Prostorov\u00e9 d\u00edlce zast\u00e1vek a p\u0159\u00edst\u0159e\u0161k\u016f<\/h1>","protected":false},"excerpt":{"rendered":"<p>Prostorov\u00e9 d\u00edlce zast\u00e1vek a p\u0159\u00edst\u0159e\u0161k\u016f<\/p>","protected":false},"author":1,"featured_media":0,"parent":68,"menu_order":0,"comment_status":"closed","ping_status":"closed","template":"layouts\/page-katalog.php","meta":{"footnotes":""},"_links":{"self":[{"href":"https:\/\/zpsv-cz.webvalleypreview.com\/en\/wp-json\/wp\/v2\/pages\/160853"}],"collection":[{"href":"https:\/\/zpsv-cz.webvalleypreview.com\/en\/wp-json\/wp\/v2\/pages"}],"about":[{"href":"https:\/\/zpsv-cz.webvalleypreview.com\/en\/wp-json\/wp\/v2\/types\/page"}],"author":[{"embeddable":true,"href":"https:\/\/zpsv-cz.webvalleypreview.com\/en\/wp-json\/wp\/v2\/users\/1"}],"replies":[{"embeddable":true,"href":"https:\/\/zpsv-cz.webvalleypreview.com\/en\/wp-json\/wp\/v2\/comments?post=160853"}],"version-history":[{"count":0,"href":"https:\/\/zpsv-cz.webvalleypreview.com\/en\/wp-json\/wp\/v2\/pages\/160853\/revisions"}],"up":[{"embeddable":true,"href":"https:\/\/zpsv-cz.webvalleypreview.com\/en\/wp-json\/wp\/v2\/pages\/68"}],"wp:attachment":[{"href":"https:\/\/zpsv-cz.webvalleypreview.com\/en\/wp-json\/wp\/v2\/media?parent=160853"}],"curies":[{"name":"wp","href":"https:\/\/api.w.org\/{rel}","templated":true}]}}