{"id":162859,"date":"2024-05-23T13:38:09","date_gmt":"2024-05-23T11:38:09","guid":{"rendered":"https:\/\/zpsv-cz.webvalleypreview.com\/kolejove-dopravni-stavby\/prejezdy-a-prechody-zakryty-a-zadlazby\/zaverna-zidka-br-12-180\/"},"modified":"2024-05-23T13:38:09","modified_gmt":"2024-05-23T11:38:09","slug":"zaverna-zidka-br-12-180","status":"publish","type":"page","link":"https:\/\/zpsv-cz.webvalleypreview.com\/en\/kolejove-dopravni-stavby\/prejezdy-a-prechody-zakryty-a-zadlazby\/zaverna-zidka-br-12-180\/","title":{"rendered":"Z\u00e1v\u011brn\u00e1 z\u00eddka BR 12-180"},"content":{"rendered":"<p>{&#8222;DateCreate&#8220;:&#8220;02.08.2013 14:14:54&#8243;,&#8220;ID&#8220;:&#8220;1&#8243;,&#8220;GUID&#8220;:&#8220;96A2AB6155F27896C1257BBB00434858&#8243;,&#8220;Nazev&#8220;:&#8220;Z\\u00e1v\\u011brn\\u00e1 z\\u00eddka BR 12-180&#8243;,&#8220;Number&#8220;:&#8220;593831719045180 BR12000180&#8243;,&#8220;ObchodniZnacka&#8220;:&#8220;BR 12 00 0 180&#8243;,&#8220;Zavods&#8220;:&#8220;07 \\u010cer\\u010dany&#8220;,&#8220;VyrPopisCZ&#8220;:&#8220;&#8220;,&#8220;VyrPopisDE&#8220;:&#8220;&#8220;,&#8220;VyrPopisEN&#8220;:&#8220;&#8220;,&#8220;VyrUrceniAPouzitCZ&#8220;:&#8220;Z\\u00e1v\\u011brn\\u00e9 z\\u00eddky umo\\u017e\\u0148uj\\u00ed plo\\u0161n\\u00e9 ulo\\u017een\\u00ed vn\\u011bj\\u0161\\u00edch p\\u0159ejezdov\\u00fdch panel\\u016f \\u00daRT\\u0158 a odd\\u011bluj\\u00ed p\\u0159ejezdovou vozovku od p\\u0159il\\u00e9haj\\u00edc\\u00edch \\u010d\\u00e1st\\u00ed vozovek.&#8220;,&#8220;VyrUrceniAPouzitDE&#8220;:&#8220;&#8220;,&#8220;VyrUrceniAPouzitEN&#8220;:&#8220;&#8220;,&#8220;VyrNazevCZ&#8220;:&#8220;Z\\u00e1v\\u011brn\\u00e1 z\\u00eddka BR 12-180&#8243;,&#8220;VyrNazevDE&#8220;:&#8220;&#8220;,&#8220;VyrNazevEN&#8220;:&#8220;&#8220;,&#8220;Beton&#8220;:&#8220;C 35\\\/45-XF4&#8243;,&#8220;ObjemPrvku&#8220;:&#8220;0,1304&#8243;,&#8220;HmotnostPrvku&#8220;:&#8220;319&#8243;,&#8220;L&#8220;:&#8220;179&#8243;,&#8220;B&#8220;:&#8220;30&#8243;,&#8220;H&#8220;:&#8220;35&#8243;,&#8220;T&#8220;:&#8220;&#8220;,&#8220;D&#8220;:&#8220;&#8220;,&#8220;R&#8220;:&#8220;&#8220;,&#8220;L_2&#8243;:&#8220;&#8220;,&#8220;B_2&#8243;:&#8220;&#8220;,&#8220;H_2&#8243;:&#8220;&#8220;,&#8220;T_2&#8243;:&#8220;&#8220;,&#8220;D_2&#8243;:&#8220;&#8220;,&#8220;R_2&#8243;:&#8220;&#8220;,&#8220;L_1&#8243;:&#8220;&#8220;,&#8220;B_1&#8243;:&#8220;20&#8243;,&#8220;H_1&#8243;:&#8220;19&#8243;,&#8220;T_1&#8243;:&#8220;&#8220;,&#8220;D_1&#8243;:&#8220;&#8220;,&#8220;R_1&#8243;:&#8220;&#8220;,&#8220;KategorieName&#8220;:&#8220;Dopravn\\u00ed a in\\u017een\\u00fdrsk\\u00e9 stavby&#8220;,&#8220;PodkategorieName&#8220;:&#8220;P\\u0159ejezdy a p\\u0159echody, z\\u00e1kryty a z\\u00e1dla\\u017eby&#8220;}<\/p>","protected":false},"excerpt":{"rendered":"<p>{&#8222;DateCreate&#8220;:&#8220;02.08.2013 14:14:54&#8243;,&#8220;ID&#8220;:&#8220;1&#8243;,&#8220;GUID&#8220;:&#8220;96A2AB6155F27896C1257BBB00434858&#8243;,&#8220;Nazev&#8220;:&#8220;Z\\u00e1v\\u011brn\\u00e1 z\\u00eddka BR 12-180&#8243;,&#8220;Number&#8220;:&#8220;593831719045180 BR12000180&#8243;,&#8220;ObchodniZnacka&#8220;:&#8220;BR 12 00 0 180&#8243;,&#8220;Zavods&#8220;:&#8220;07 [&hellip;]<\/p>","protected":false},"author":1,"featured_media":0,"parent":160602,"menu_order":0,"comment_status":"closed","ping_status":"closed","template":"layouts\/page-katalog.php","meta":{"footnotes":""},"_links":{"self":[{"href":"https:\/\/zpsv-cz.webvalleypreview.com\/en\/wp-json\/wp\/v2\/pages\/162859"}],"collection":[{"href":"https:\/\/zpsv-cz.webvalleypreview.com\/en\/wp-json\/wp\/v2\/pages"}],"about":[{"href":"https:\/\/zpsv-cz.webvalleypreview.com\/en\/wp-json\/wp\/v2\/types\/page"}],"author":[{"embeddable":true,"href":"https:\/\/zpsv-cz.webvalleypreview.com\/en\/wp-json\/wp\/v2\/users\/1"}],"replies":[{"embeddable":true,"href":"https:\/\/zpsv-cz.webvalleypreview.com\/en\/wp-json\/wp\/v2\/comments?post=162859"}],"version-history":[{"count":0,"href":"https:\/\/zpsv-cz.webvalleypreview.com\/en\/wp-json\/wp\/v2\/pages\/162859\/revisions"}],"up":[{"embeddable":true,"href":"https:\/\/zpsv-cz.webvalleypreview.com\/en\/wp-json\/wp\/v2\/pages\/160602"}],"wp:attachment":[{"href":"https:\/\/zpsv-cz.webvalleypreview.com\/en\/wp-json\/wp\/v2\/media?parent=162859"}],"curies":[{"name":"wp","href":"https:\/\/api.w.org\/{rel}","templated":true}]}}