{"id":162861,"date":"2024-05-23T13:38:09","date_gmt":"2024-05-23T11:38:09","guid":{"rendered":"https:\/\/zpsv-cz.webvalleypreview.com\/mostni-konstrukce-a-propustky\/prostorove-prvky-pro-inzenyrske-site\/zelezobetonovy-ram-dzr-200-110-spojovany\/"},"modified":"2024-05-23T13:38:09","modified_gmt":"2024-05-23T11:38:09","slug":"zelezobetonovy-ram-dzr-200-110-spojovany","status":"publish","type":"page","link":"https:\/\/zpsv-cz.webvalleypreview.com\/en\/mostni-konstrukce-a-propustky\/prostorove-prvky-pro-inzenyrske-site\/zelezobetonovy-ram-dzr-200-110-spojovany\/","title":{"rendered":"\u017delezobetonov\u00fd r\u00e1m DZR 200\/110 spojovan\u00fd"},"content":{"rendered":"<p>{&#8222;DateCreate&#8220;:&#8220;06.11.2002 14:46:58&#8243;,&#8220;ID&#8220;:&#8220;3&#8243;,&#8220;GUID&#8220;:&#8220;6500B93E8E3CBFADC1256C69004BB62D&#8220;,&#8220;Nazev&#8220;:&#8220;\\u017delezobetonov\\u00fd r\\u00e1m DZR 200\\\/110 spojovan\\u00fd&#8220;,&#8220;Number&#8220;:&#8220;593831719019&#8243;,&#8220;ObchodniZnacka&#8220;:&#8220;IZM 19\\\/19&#8243;,&#8220;Zavods&#8220;:&#8220;07 \\u010cer\\u010dany&#8220;,&#8220;VyrPopisCZ&#8220;:&#8220;&#8220;,&#8220;VyrPopisDE&#8220;:&#8220;&#8220;,&#8220;VyrPopisEN&#8220;:&#8220;&#8220;,&#8220;VyrUrceniAPouzitCZ&#8220;:&#8220;Prvky DZR 200\\\/110 spojovan\\u00e9 slou\\u017e\\u00ed k vytv\\u00e1\\u0159en\\u00ed propustk\\u016f pro odvod vody. Od prvk\\u016f nespojovan\\u00fdch se li\\u0161\\u00ed t\\u00edm, \\u017ee \\u010deln\\u00ed plochy r\\u00e1m\\u016f  jsou uzp\\u016fsobeny pro oboustrann\\u00e9 zmonolitn\\u011bn\\u00ed. Jsou dimenzov\\u00e1ny pro zat\\u00ed\\u017een\\u00ed st\\u00e1l\\u00e9 s v\\u00fd\\u0161kou nadlo\\u017e\\u00ed 0,55 m a\\u017e 7,0 m a pohybliv\\u00e9, dan\\u00e9 t\\u011b\\u017ek\\u00fdm zat\\u011b\\u017eovac\\u00edm vlakem \\u010cSD T, jeho\\u017e normov\\u00e9 zat\\u00ed\\u017een\\u00ed je d\\u00e1no sestavou n\\u00e1pravov\\u00fdch sil 4 x 312,5 kN a rovnom\\u011brn\\u00fdm zat\\u00ed\\u017een\\u00edm 100 kNm-1.  Pro pou\\u017e\\u00edv\\u00e1n\\u00ed prvk\\u016f plat\\u00ed z\\u00e1sady uveden\\u00e9 v typov\\u00e9m podkladu \\&#8220;Prvky \\u017eelezni\\u010dn\\u00edch r\\u00e1mov\\u00fdch propust\\u016f sv. 200\\\/260 &#8211; \\u010d\\u00e1st B\\&#8220; z roku 1970.\\&#8220;&#8220;,&#8220;VyrUrceniAPouzitDE&#8220;:&#8220;&#8220;,&#8220;VyrUrceniAPouzitEN&#8220;:&#8220;The elements DZR 3 serve for forming of culverts for water diversion or single and doubled low frequented underpasses with upper bed height min. 1.0 m up to 7.0 m.\\rIn contrast to the elements DZR 2 the front faces of the frames are configured for double-sided monolith forming. When term of monolith forming is kept, these elements can be used directly under a gravel bed 0.55 &#8211; 1 m thick.\\rThe elements DZR 160\\\/180 coupled and DZR 200\\\/110 coupled serve for forming of culverts for water diversion. In contrast to the uncoupled elements the front faces of the frames are configured for double-sided monolith forming.\\rThey are designed for continuous load with upper bed height 0.55 up to 7.0 m and moving load given by the heavy load train \\u010cSD T, the standard load of which is given by a set of axle forces 4 x 312.5 kN and by the uniform load 100 kNm-1.\\rThey are designed for moving load given by the heavy load train \\u010cSD T, the standard load of which is given by a set of axle forces 4 x 312.5 kN and by the uniform load 100 kNm-1.&#8220;,&#8220;VyrNazevCZ&#8220;:&#8220;\\u017delezobetonov\\u00fd r\\u00e1m DZR 200\\\/110 spojovan\\u00fd&#8220;,&#8220;VyrNazevDE&#8220;:&#8220;&#8220;,&#8220;VyrNazevEN&#8220;:&#8220;Frame culvert DZR 200\\\/110 coupled&#8220;,&#8220;Beton&#8220;:&#8220;C 35\\\/45-XF4&#8243;,&#8220;ObjemPrvku&#8220;:&#8220;2,420&#8243;,&#8220;HmotnostPrvku&#8220;:&#8220;6050&#8243;,&#8220;L&#8220;:&#8220;148&#8243;,&#8220;B&#8220;:&#8220;240&#8243;,&#8220;H&#8220;:&#8220;165&#8243;,&#8220;T&#8220;:&#8220;&#8220;,&#8220;D&#8220;:&#8220;&#8220;,&#8220;R&#8220;:&#8220;&#8220;,&#8220;L_2&#8243;:&#8220;&#8220;,&#8220;B_2&#8243;:&#8220;200&#8243;,&#8220;H_2&#8243;:&#8220;110&#8243;,&#8220;T_2&#8243;:&#8220;&#8220;,&#8220;D_2&#8243;:&#8220;&#8220;,&#8220;R_2&#8243;:&#8220;&#8220;,&#8220;L_1&#8243;:&#8220;&#8220;,&#8220;B_1&#8243;:&#8220;&#8220;,&#8220;H_1&#8243;:&#8220;&#8220;,&#8220;T_1&#8243;:&#8220;&#8220;,&#8220;D_1&#8243;:&#8220;&#8220;,&#8220;R_1&#8243;:&#8220;&#8220;,&#8220;KategorieName&#8220;:&#8220;Dopravn\\u00ed a in\\u017een\\u00fdrsk\\u00e9 stavby&#8220;,&#8220;PodkategorieName&#8220;:&#8220;Prostorov\\u00e9 prvky pro in\\u017een\\u00fdrsk\\u00e9 s\\u00edt\\u011b&#8220;,&#8220;attachments&#8220;:{&#8222;designs&#8220;:[{&#8222;DateCreate&#8220;:&#8220;&#8220;,&#8220;ID&#8220;:&#8220;2240&#8243;,&#8220;GUID&#8220;:&#8220;8BF122764BE5C9DFC1257F72004A278F&#8220;,&#8220;VYR_ID&#8220;:&#8220;3&#8243;,&#8220;VYR_Number&#8220;:&#8220;593831719019&#8243;,&#8220;VYR_ObchodniZnacka&#8220;:&#8220;IZM 19\\\/19&#8243;,&#8220;DocumentNumber&#8220;:&#8220;593831719019&#8243;,&#8220;Title&#8220;:&#8220;\\u017delezobetonov\\u00fd r\\u00e1m DZR 200\\\/110\\\/150 spojovan\\u00fd&#8220;,&#8220;IssueNumber&#8220;:&#8220;1&#8243;,&#8220;ZPSV_R4_Vyk1_ZaLomitkem&#8220;:&#8220;\\\/1-6&#8243;,&#8220;file&#8220;:[]},{&#8222;DateCreate&#8220;:&#8220;&#8220;,&#8220;ID&#8220;:&#8220;2883&#8243;,&#8220;GUID&#8220;:&#8220;178DB58652665084C125700400364AF1&#8243;,&#8220;VYR_ID&#8220;:&#8220;3&#8243;,&#8220;VYR_Number&#8220;:&#8220;593831719019&#8243;,&#8220;VYR_ObchodniZnacka&#8220;:&#8220;IZM 19\\\/19&#8243;,&#8220;DocumentNumber&#8220;:&#8220;593831719019&#8243;,&#8220;Title&#8220;:&#8220;\\u017delezobetonov\\u00fd r\\u00e1m DZR 200\\\/110 spojovan\\u00fd&#8220;,&#8220;IssueNumber&#8220;:&#8220;1&#8243;,&#8220;ZPSV_R4_Vyk1_ZaLomitkem&#8220;:&#8220;\\\/1&#8243;,&#8220;file&#8220;:[]},{&#8222;DateCreate&#8220;:&#8220;&#8220;,&#8220;ID&#8220;:&#8220;3381&#8243;,&#8220;GUID&#8220;:&#8220;56CBBB3DCEDE6D73C125786B0032410B&#8220;,&#8220;VYR_ID&#8220;:&#8220;3&#8243;,&#8220;VYR_Number&#8220;:&#8220;593831719019&#8243;,&#8220;VYR_ObchodniZnacka&#8220;:&#8220;IZM 19\\\/19&#8243;,&#8220;DocumentNumber&#8220;:&#8220;593831719019&#8243;,&#8220;Title&#8220;:&#8220;\\u017delezobetonov\\u00fd r\\u00e1m DZR 200\\\/110 spojovan\\u00fd, zes\\u00edlen\\u00fd&#8220;,&#8220;IssueNumber&#8220;:&#8220;1&#8243;,&#8220;ZPSV_R4_Vyk1_ZaLomitkem&#8220;:&#8220;\\\/1-3&#8243;,&#8220;file&#8220;:[]},{&#8222;DateCreate&#8220;:&#8220;&#8220;,&#8220;ID&#8220;:&#8220;3465&#8243;,&#8220;GUID&#8220;:&#8220;9DD54D0F4EC50285C1257887002A1598&#8243;,&#8220;VYR_ID&#8220;:&#8220;3&#8243;,&#8220;VYR_Number&#8220;:&#8220;593831719019&#8243;,&#8220;VYR_ObchodniZnacka&#8220;:&#8220;IZM 19\\\/19&#8243;,&#8220;DocumentNumber&#8220;:&#8220;593831719019&#8243;,&#8220;Title&#8220;:&#8220;\\u017delezobetonov\\u00fd r\\u00e1m DZR 200\\\/110 spojovan\\u00fd, zes\\u00edlen\\u00fd polovi\\u010dn\\u00ed&#8220;,&#8220;IssueNumber&#8220;:&#8220;1&#8243;,&#8220;ZPSV_R4_Vyk1_ZaLomitkem&#8220;:&#8220;\\\/1-4&#8243;,&#8220;file&#8220;:[]},{&#8222;DateCreate&#8220;:&#8220;&#8220;,&#8220;ID&#8220;:&#8220;3681&#8243;,&#8220;GUID&#8220;:&#8220;088BCB82CA62B605C1257F720048839B&#8220;,&#8220;VYR_ID&#8220;:&#8220;3&#8243;,&#8220;VYR_Number&#8220;:&#8220;593831719019&#8243;,&#8220;VYR_ObchodniZnacka&#8220;:&#8220;IZM 19\\\/19&#8243;,&#8220;DocumentNumber&#8220;:&#8220;593831719019&#8243;,&#8220;Title&#8220;:&#8220;\\u017delezobetonov\\u00fd r\\u00e1m DZR 200\\\/110\\\/100 spojovan\\u00fd &#8222;,&#8220;IssueNumber&#8220;:&#8220;1&#8243;,&#8220;ZPSV_R4_Vyk1_ZaLomitkem&#8220;:&#8220;\\\/1-5&#8243;,&#8220;file&#8220;:[]},{&#8222;DateCreate&#8220;:&#8220;&#8220;,&#8220;ID&#8220;:&#8220;2188&#8243;,&#8220;GUID&#8220;:&#8220;344843E1CF9743C9C1257F72004987ED&#8220;,&#8220;VYR_ID&#8220;:&#8220;3&#8243;,&#8220;VYR_Number&#8220;:&#8220;593831719019&#8243;,&#8220;VYR_ObchodniZnacka&#8220;:&#8220;IZM 19\\\/19&#8243;,&#8220;DocumentNumber&#8220;:&#8220;593831719019&#8243;,&#8220;Title&#8220;:&#8220;\\u017delezobetonov\\u00fd r\\u00e1m DZR 200\\\/110\\\/100 spojovan\\u00fd&#8220;,&#8220;IssueNumber&#8220;:&#8220;1&#8243;,&#8220;ZPSV_R4_Vyk1_ZaLomitkem&#8220;:&#8220;\\\/2-4&#8243;,&#8220;file&#8220;:[]},{&#8222;DateCreate&#8220;:&#8220;&#8220;,&#8220;ID&#8220;:&#8220;2603&#8243;,&#8220;GUID&#8220;:&#8220;184BF750B8D2BFE2C125700400368C26&#8243;,&#8220;VYR_ID&#8220;:&#8220;3&#8243;,&#8220;VYR_Number&#8220;:&#8220;593831719019&#8243;,&#8220;VYR_ObchodniZnacka&#8220;:&#8220;IZM 19\\\/19&#8243;,&#8220;DocumentNumber&#8220;:&#8220;593831719019&#8243;,&#8220;Title&#8220;:&#8220;\\u017delezobetonov\\u00fd r\\u00e1m DZR 200\\\/110 spojovan\\u00fd&#8220;,&#8220;IssueNumber&#8220;:&#8220;1&#8243;,&#8220;ZPSV_R4_Vyk1_ZaLomitkem&#8220;:&#8220;\\\/2&#8243;,&#8220;file&#8220;:[]},{&#8222;DateCreate&#8220;:&#8220;&#8220;,&#8220;ID&#8220;:&#8220;3467&#8243;,&#8220;GUID&#8220;:&#8220;D6D637504EDF0516C1257887002A7275&#8243;,&#8220;VYR_ID&#8220;:&#8220;3&#8243;,&#8220;VYR_Number&#8220;:&#8220;593831719019&#8243;,&#8220;VYR_ObchodniZnacka&#8220;:&#8220;IZM 19\\\/19&#8243;,&#8220;DocumentNumber&#8220;:&#8220;593831719019&#8243;,&#8220;Title&#8220;:&#8220;\\u017delezobetonov\\u00fd r\\u00e1m DZR 200\\\/110 spojovan\\u00fd, zes\\u00edlen\\u00fd, polovi\\u010dn\\u00ed&#8220;,&#8220;IssueNumber&#8220;:&#8220;1&#8243;,&#8220;ZPSV_R4_Vyk1_ZaLomitkem&#8220;:&#8220;\\\/2-3&#8243;,&#8220;file&#8220;:[]},{&#8222;DateCreate&#8220;:&#8220;&#8220;,&#8220;ID&#8220;:&#8220;3683&#8243;,&#8220;GUID&#8220;:&#8220;0C23FDE0374F90D6C1257F72004A9AA5&#8243;,&#8220;VYR_ID&#8220;:&#8220;3&#8243;,&#8220;VYR_Number&#8220;:&#8220;593831719019&#8243;,&#8220;VYR_ObchodniZnacka&#8220;:&#8220;IZM 19\\\/19&#8243;,&#8220;DocumentNumber&#8220;:&#8220;593831719019&#8243;,&#8220;Title&#8220;:&#8220;\\u017delezobetonov\\u00fd r\\u00e1m DZR 200\\\/110\\\/150 spojovan\\u00fd&#8220;,&#8220;IssueNumber&#8220;:&#8220;1&#8243;,&#8220;ZPSV_R4_Vyk1_ZaLomitkem&#8220;:&#8220;\\\/2-5&#8243;,&#8220;file&#8220;:[]},{&#8222;DateCreate&#8220;:&#8220;&#8220;,&#8220;ID&#8220;:&#8220;2951&#8243;,&#8220;GUID&#8220;:&#8220;DCF74729C490A84EC125787000337FD7&#8243;,&#8220;VYR_ID&#8220;:&#8220;3&#8243;,&#8220;VYR_Number&#8220;:&#8220;593831719019&#8243;,&#8220;VYR_ObchodniZnacka&#8220;:&#8220;IZM 19\\\/19&#8243;,&#8220;DocumentNumber&#8220;:&#8220;593831719019&#8243;,&#8220;Title&#8220;:&#8220;\\u017delezobetonov\\u00fd r\\u00e1m DZR 200\\\/110 spojovan\\u00fd, zes\\u00edlen\\u00fd&#8220;,&#8220;IssueNumber&#8220;:&#8220;2&#8243;,&#8220;ZPSV_R4_Vyk1_ZaLomitkem&#8220;:&#8220;\\\/2-2&#8243;,&#8220;file&#8220;:[]},{&#8222;DateCreate&#8220;:&#8220;&#8220;,&#8220;ID&#8220;:&#8220;3378&#8243;,&#8220;GUID&#8220;:&#8220;C7F73070B9A30E89C125786200228405&#8243;,&#8220;VYR_ID&#8220;:&#8220;3&#8243;,&#8220;VYR_Number&#8220;:&#8220;593831719019&#8243;,&#8220;VYR_ObchodniZnacka&#8220;:&#8220;IZM 19\\\/19&#8243;,&#8220;DocumentNumber&#8220;:&#8220;593831719019&#8243;,&#8220;Title&#8220;:&#8220;Spojov\\u00e1n\\u00ed prvk\\u016f DZR 200\\\/110 v pracovn\\u00ed sp\\u00e1\\u0159e&#8220;,&#8220;IssueNumber&#8220;:&#8220;1&#8243;,&#8220;ZPSV_R4_Vyk1_ZaLomitkem&#8220;:&#8220;\\\/3&#8243;,&#8220;file&#8220;:[]}],&#8220;pvl&#8220;:[{&#8222;DateCreate&#8220;:&#8220;18.05.2023 14:26:44&#8243;,&#8220;ID&#8220;:&#8220;124&#8243;,&#8220;GUID&#8220;:&#8220;2FFEBD579A0CCD57C12589B300445DAA&#8220;,&#8220;VYR_ID&#8220;:&#8220;3&#8243;,&#8220;VYR_Number&#8220;:&#8220;593831719019&#8243;,&#8220;VYR_ObchodniZnacka&#8220;:&#8220;IZM 19\\\/19&#8243;,&#8220;Number&#8220;:&#8220;41-04\\\/23&#8243;,&#8220;Nazev&#8220;:&#8220;\\u017delezobetonov\\u00e9 r\\u00e1mov\\u00e9 propustky a podchody&#8220;,&#8220;DatePlatnostDo&#8220;:&#8220;03.05.2024 0:00:00&#8243;,&#8220;ZavodName&#8220;:&#8220;41 Litice&#8220;,&#8220;file&#8220;:[{&#8222;ID&#8220;:&#8220;13072&#8243;,&#8220;ResourceGUID&#8220;:&#8220;2FFEBD579A0CCD57C12589B300445DAA&#8220;,&#8220;Name&#8220;:&#8220;1 &#8211; POV 41-04-23.pdf&#8220;,&#8220;FileNameGUID&#8220;:&#8220;2FFEBD579A0CCD57C12589B300445DAA_2D0REQ8T&#8220;,&#8220;Comment&#8220;:&#8220;&#8220;,&#8220;fileModel.Size&#8220;:&#8220;89134&#8243;,&#8220;Create&#8220;:&#8220;22.11.2023 7:52:37&#8243;,&#8220;MimeType&#8220;:&#8220;application\\\/octet-stream&#8220;,&#8220;ZPSV_WEB&#8220;:&#8220;True&#8220;}]},{&#8222;DateCreate&#8220;:&#8220;06.02.2023 12:49:00&#8243;,&#8220;ID&#8220;:&#8220;117&#8243;,&#8220;GUID&#8220;:&#8220;BBF504E6A56D6443C125894E0040E98E&#8220;,&#8220;VYR_ID&#8220;:&#8220;3&#8243;,&#8220;VYR_Number&#8220;:&#8220;593831719019&#8243;,&#8220;VYR_ObchodniZnacka&#8220;:&#8220;IZM 19\\\/19&#8243;,&#8220;Number&#8220;:&#8220;61-06\\\/23&#8243;,&#8220;Nazev&#8220;:&#8220;\\u017delezobetonov\\u00e9 r\\u00e1mov\\u00e9 propustky&#8220;,&#8220;DatePlatnostDo&#8220;:&#8220;21.12.2023 0:00:00&#8243;,&#8220;ZavodName&#8220;:&#8220;61 Uhersk\\u00fd Ostroh&#8220;,&#8220;file&#8220;:[{&#8222;ID&#8220;:&#8220;13261&#8243;,&#8220;ResourceGUID&#8220;:&#8220;BBF504E6A56D6443C125894E0040E98E&#8220;,&#8220;Name&#8220;:&#8220;1 &#8211; POV 61-06-23.pdf&#8220;,&#8220;FileNameGUID&#8220;:&#8220;BBF504E6A56D6443C125894E0040E98E_J3UQX65E&#8220;,&#8220;Comment&#8220;:&#8220;&#8220;,&#8220;fileModel.Size&#8220;:&#8220;85064&#8243;,&#8220;Create&#8220;:&#8220;22.11.2023 7:52:39&#8243;,&#8220;MimeType&#8220;:&#8220;application\\\/octet-stream&#8220;,&#8220;ZPSV_WEB&#8220;:&#8220;True&#8220;}]},{&#8222;DateCreate&#8220;:&#8220;04.03.2024 15:55:43&#8243;,&#8220;ID&#8220;:&#8220;215&#8243;,&#8220;GUID&#8220;:&#8220;26ee4497-a07c-4c41-bec1-68b25e6b267a&#8220;,&#8220;VYR_ID&#8220;:&#8220;3&#8243;,&#8220;VYR_Number&#8220;:&#8220;593831719019&#8243;,&#8220;VYR_ObchodniZnacka&#8220;:&#8220;IZM 19\\\/19&#8243;,&#8220;Number&#8220;:&#8220;61-06\\\/24&#8243;,&#8220;Nazev&#8220;:&#8220;\\u017delezobetonov\\u00e9 r\\u00e1mov\\u00e9 propustky&#8220;,&#8220;DatePlatnostDo&#8220;:&#8220;19.02.2025 0:00:00&#8243;,&#8220;ZavodName&#8220;:&#8220;61 Uhersk\\u00fd Ostroh&#8220;,&#8220;file&#8220;:[{&#8222;ID&#8220;:&#8220;13901&#8243;,&#8220;ResourceGUID&#8220;:&#8220;26ee4497-a07c-4c41-bec1-68b25e6b267a&#8220;,&#8220;Name&#8220;:&#8220;1 &#8211; POV 61-06-24.pdf&#8220;,&#8220;FileNameGUID&#8220;:&#8220;e955464e-ee91-4658-9133-dd2484a42c09&#8243;,&#8220;Comment&#8220;:&#8220;&#8220;,&#8220;fileModel.Size&#8220;:&#8220;85165&#8243;,&#8220;Create&#8220;:&#8220;04.03.2024 15:56:47&#8243;,&#8220;MimeType&#8220;:&#8220;application\\\/pdf&#8220;,&#8220;ZPSV_WEB&#8220;:&#8220;True&#8220;}]}],&#8220;tpd&#8220;:[{&#8222;DateCreate&#8220;:&#8220;&#8220;,&#8220;ID&#8220;:&#8220;1516&#8243;,&#8220;GUID&#8220;:&#8220;4ADB5266C17649ACC1257E9100273136&#8243;,&#8220;VYR_ID&#8220;:&#8220;3&#8243;,&#8220;VYR_Number&#8220;:&#8220;593831719019&#8243;,&#8220;VYR_ObchodniZnacka&#8220;:&#8220;IZM 19\\\/19&#8243;,&#8220;DocumentNumber&#8220;:&#8220;TP-02\\\/06&#8243;,&#8220;Title&#8220;:&#8220;Prostorov\\u00e9 prvky pro in\\u017een\\u00fdrsk\\u00e9 s\\u00edt\\u011b&#8220;,&#8220;IssueNumber&#8220;:&#8220;3&#8243;,&#8220;file&#8220;:[{&#8222;ID&#8220;:&#8220;3686&#8243;,&#8220;ResourceGUID&#8220;:&#8220;4ADB5266C17649ACC1257E9100273136&#8243;,&#8220;Name&#8220;:&#8220;TP-02_06 Prostorov\\u00e9 prvky pro in\\u017een\\u00fdrsk\\u00e9 s\\u00edt\\u011b (3-2).pdf&#8220;,&#8220;FileNameGUID&#8220;:&#8220;4ADB5266C17649ACC1257E9100273136_BCZ49OU5&#8243;,&#8220;Comment&#8220;:&#8220;&#8220;,&#8220;fileModel.Size&#8220;:&#8220;616248&#8243;,&#8220;Create&#8220;:&#8220;17.08.2023 10:19:55&#8243;,&#8220;MimeType&#8220;:&#8220;application\\\/octet-stream&#8220;,&#8220;ZPSV_WEB&#8220;:&#8220;True&#8220;}]},{&#8222;DateCreate&#8220;:&#8220;&#8220;,&#8220;ID&#8220;:&#8220;1566&#8243;,&#8220;GUID&#8220;:&#8220;B558E6983071A3E6C1257F9A003151A2&#8243;,&#8220;VYR_ID&#8220;:&#8220;3&#8243;,&#8220;VYR_Number&#8220;:&#8220;593831719019&#8243;,&#8220;VYR_ObchodniZnacka&#8220;:&#8220;IZM 19\\\/19&#8243;,&#8220;DocumentNumber&#8220;:&#8220;TP-08\\\/16&#8243;,&#8220;Title&#8220;:&#8220;Prostorov\\u00e9 prvky pro in\\u017een\\u00fdrsk\\u00e9 s\\u00edt\\u011b (\\u017dSR)&#8220;,&#8220;IssueNumber&#8220;:&#8220;1&#8243;,&#8220;file&#8220;:[{&#8222;ID&#8220;:&#8220;3824&#8243;,&#8220;ResourceGUID&#8220;:&#8220;B558E6983071A3E6C1257F9A003151A2&#8243;,&#8220;Name&#8220;:&#8220;TP-08_16 Prostorov\\u00e9 prvky pro in\\u017een\\u00fdrsk\\u00e9 s\\u00edt\\u011b (1-3).pdf&#8220;,&#8220;FileNameGUID&#8220;:&#8220;B558E6983071A3E6C1257F9A003151A2_BYGGG37Q&#8220;,&#8220;Comment&#8220;:&#8220;&#8220;,&#8220;fileModel.Size&#8220;:&#8220;1108501&#8243;,&#8220;Create&#8220;:&#8220;17.08.2023 10:19:56&#8243;,&#8220;MimeType&#8220;:&#8220;application\\\/octet-stream&#8220;,&#8220;ZPSV_WEB&#8220;:&#8220;True&#8220;}]}]}}<\/p>","protected":false},"excerpt":{"rendered":"<p>{&#8222;DateCreate&#8220;:&#8220;06.11.2002 14:46:58&#8243;,&#8220;ID&#8220;:&#8220;3&#8243;,&#8220;GUID&#8220;:&#8220;6500B93E8E3CBFADC1256C69004BB62D&#8220;,&#8220;Nazev&#8220;:&#8220;\\u017delezobetonov\\u00fd r\\u00e1m DZR 200\\\/110 spojovan\\u00fd&#8220;,&#8220;Number&#8220;:&#8220;593831719019&#8243;,&#8220;ObchodniZnacka&#8220;:&#8220;IZM 19\\\/19&#8243;,&#8220;Zavods&#8220;:&#8220;07 \\u010cer\\u010dany&#8220;,&#8220;VyrPopisCZ&#8220;:&#8220;&#8220;,&#8220;VyrPopisDE&#8220;:&#8220;&#8220;,&#8220;VyrPopisEN&#8220;:&#8220;&#8220;,&#8220;VyrUrceniAPouzitCZ&#8220;:&#8220;Prvky DZR 200\\\/110 [&hellip;]<\/p>","protected":false},"author":1,"featured_media":0,"parent":160606,"menu_order":0,"comment_status":"closed","ping_status":"closed","template":"layouts\/page-katalog.php","meta":{"footnotes":""},"_links":{"self":[{"href":"https:\/\/zpsv-cz.webvalleypreview.com\/en\/wp-json\/wp\/v2\/pages\/162861"}],"collection":[{"href":"https:\/\/zpsv-cz.webvalleypreview.com\/en\/wp-json\/wp\/v2\/pages"}],"about":[{"href":"https:\/\/zpsv-cz.webvalleypreview.com\/en\/wp-json\/wp\/v2\/types\/page"}],"author":[{"embeddable":true,"href":"https:\/\/zpsv-cz.webvalleypreview.com\/en\/wp-json\/wp\/v2\/users\/1"}],"replies":[{"embeddable":true,"href":"https:\/\/zpsv-cz.webvalleypreview.com\/en\/wp-json\/wp\/v2\/comments?post=162861"}],"version-history":[{"count":0,"href":"https:\/\/zpsv-cz.webvalleypreview.com\/en\/wp-json\/wp\/v2\/pages\/162861\/revisions"}],"up":[{"embeddable":true,"href":"https:\/\/zpsv-cz.webvalleypreview.com\/en\/wp-json\/wp\/v2\/pages\/160606"}],"wp:attachment":[{"href":"https:\/\/zpsv-cz.webvalleypreview.com\/en\/wp-json\/wp\/v2\/media?parent=162861"}],"curies":[{"name":"wp","href":"https:\/\/api.w.org\/{rel}","templated":true}]}}