{"id":162869,"date":"2024-05-23T13:38:09","date_gmt":"2024-05-23T11:38:09","guid":{"rendered":"https:\/\/zpsv-cz.webvalleypreview.com\/kolejove-dopravni-stavby\/prvky-trakcniho-zabezpecovaciho-a-sdelovaciho-zarizeni\/betonovy-zaklad-pro-svetelna-navestidla-t-i-z\/"},"modified":"2024-05-23T13:38:09","modified_gmt":"2024-05-23T11:38:09","slug":"betonovy-zaklad-pro-svetelna-navestidla-t-i-z","status":"publish","type":"page","link":"https:\/\/zpsv-cz.webvalleypreview.com\/en\/kolejove-dopravni-stavby\/prvky-trakcniho-zabezpecovaciho-a-sdelovaciho-zarizeni\/betonovy-zaklad-pro-svetelna-navestidla-t-i-z\/","title":{"rendered":"Betonov\u00fd z\u00e1klad pro sv\u011bteln\u00e1 n\u00e1v\u011bstidla T I.Z"},"content":{"rendered":"<p>{&#8222;DateCreate&#8220;:&#8220;06.11.2002 14:46:29&#8243;,&#8220;ID&#8220;:&#8220;21&#8243;,&#8220;GUID&#8220;:&#8220;47F6FECDEDC86911C1256C69004BAABA&#8220;,&#8220;Nazev&#8220;:&#8220;Betonov\\u00fd z\\u00e1klad pro sv\\u011bteln\\u00e1 n\\u00e1v\\u011bstidla T I.Z&#8220;,&#8220;Number&#8220;:&#8220;592121075005&#8243;,&#8220;ObchodniZnacka&#8220;:&#8220;AZZ 5-75&#8243;,&#8220;Zavods&#8220;:&#8220;31 Doloplazy&#8220;,&#8220;VyrPopisCZ&#8220;:&#8220;&#8220;,&#8220;VyrPopisDE&#8220;:&#8220;&#8220;,&#8220;VyrPopisEN&#8220;:&#8220;&#8220;,&#8220;VyrUrceniAPouzitCZ&#8220;:&#8220;Je ur\\u010den pro z\\u00e1klady \\u017eelezni\\u010dn\\u00edho zna\\u010dkov\\u00e1n\\u00ed \\u017eelezni\\u010dn\\u00edch trat\\u00ed, a to pro sv\\u011bteln\\u00e1 n\\u00e1v\\u011bstidla. V prvku jsou zabetonov\\u00e1ny 4 kotevn\\u00ed \\u0161rouby M 27.&#8220;,&#8220;VyrUrceniAPouzitDE&#8220;:&#8220;&#8220;,&#8220;VyrUrceniAPouzitEN&#8220;:&#8220;Under light signals of CR, type A\\u017dD 70. In the component there are concreted 4 anchor screws M 12 x 325 mm.&#8220;,&#8220;VyrNazevCZ&#8220;:&#8220;Betonov\\u00fd z\\u00e1klad pro sv\\u011bteln\\u00e1 n\\u00e1v\\u011bstidla T I.Z&#8220;,&#8220;VyrNazevDE&#8220;:&#8220;&#8220;,&#8220;VyrNazevEN&#8220;:&#8220;Concrete foundation for light signals T I.Z&#8220;,&#8220;Beton&#8220;:&#8220;C 25\\\/30 &#8211; XF1&#8243;,&#8220;ObjemPrvku&#8220;:&#8220;0,4488&#8243;,&#8220;HmotnostPrvku&#8220;:&#8220;1012&#8243;,&#8220;L&#8220;:&#8220;51&#8243;,&#8220;B&#8220;:&#8220;71&#8243;,&#8220;H&#8220;:&#8220;135&#8243;,&#8220;T&#8220;:&#8220;&#8220;,&#8220;D&#8220;:&#8220;&#8220;,&#8220;R&#8220;:&#8220;&#8220;,&#8220;L_2&#8243;:&#8220;&#8220;,&#8220;B_2&#8243;:&#8220;&#8220;,&#8220;H_2&#8243;:&#8220;&#8220;,&#8220;T_2&#8243;:&#8220;&#8220;,&#8220;D_2&#8243;:&#8220;&#8220;,&#8220;R_2&#8243;:&#8220;&#8220;,&#8220;L_1&#8243;:&#8220;45&#8243;,&#8220;B_1&#8243;:&#8220;65&#8243;,&#8220;H_1&#8243;:&#8220;&#8220;,&#8220;T_1&#8243;:&#8220;&#8220;,&#8220;D_1&#8243;:&#8220;&#8220;,&#8220;R_1&#8243;:&#8220;&#8220;,&#8220;KategorieName&#8220;:&#8220;Energetika a spoje&#8220;,&#8220;PodkategorieName&#8220;:&#8220;Prvky trak\\u010dn\\u00edho, zabezpe\\u010dovac\\u00edho a sd\\u011blovac\\u00edho za\\u0159\\u00edzen\\u00ed&#8220;,&#8220;attachments&#8220;:{&#8222;designs&#8220;:[{&#8222;DateCreate&#8220;:&#8220;&#8220;,&#8220;ID&#8220;:&#8220;2234&#8243;,&#8220;GUID&#8220;:&#8220;CA90C5ECDC53E2FAC1258676003CCAC2&#8243;,&#8220;VYR_ID&#8220;:&#8220;21&#8243;,&#8220;VYR_Number&#8220;:&#8220;592121075005&#8243;,&#8220;VYR_ObchodniZnacka&#8220;:&#8220;AZZ 5-75&#8243;,&#8220;DocumentNumber&#8220;:&#8220;592121075005&#8243;,&#8220;Title&#8220;:&#8220;Betonov\\u00fd z\\u00e1klad pro sv\\u011bteln\\u00e1 n\\u00e1v\\u011bstidla T I.Z&#8220;,&#8220;IssueNumber&#8220;:&#8220;2&#8243;,&#8220;ZPSV_R4_Vyk1_ZaLomitkem&#8220;:&#8220;\\\/1-1&#8243;,&#8220;file&#8220;:[]},{&#8222;DateCreate&#8220;:&#8220;&#8220;,&#8220;ID&#8220;:&#8220;2312&#8243;,&#8220;GUID&#8220;:&#8220;DA7CA6B70289F589C1258676003D5A39&#8243;,&#8220;VYR_ID&#8220;:&#8220;21&#8243;,&#8220;VYR_Number&#8220;:&#8220;592121075005&#8243;,&#8220;VYR_ObchodniZnacka&#8220;:&#8220;AZZ 5-75&#8243;,&#8220;DocumentNumber&#8220;:&#8220;592121075005&#8243;,&#8220;Title&#8220;:&#8220;Betonov\\u00fd z\\u00e1klad pro sv\\u011bteln\\u00e1 n\\u00e1v\\u011bstidla T I.Z&#8220;,&#8220;IssueNumber&#8220;:&#8220;2&#8243;,&#8220;ZPSV_R4_Vyk1_ZaLomitkem&#8220;:&#8220;\\\/2-1&#8243;,&#8220;file&#8220;:[]},{&#8222;DateCreate&#8220;:&#8220;&#8220;,&#8220;ID&#8220;:&#8220;4081&#8243;,&#8220;GUID&#8220;:&#8220;12E88AE1FF045543C12587E30028E13C&#8220;,&#8220;VYR_ID&#8220;:&#8220;21&#8243;,&#8220;VYR_Number&#8220;:&#8220;592121075005&#8243;,&#8220;VYR_ObchodniZnacka&#8220;:&#8220;AZZ 5-75&#8243;,&#8220;DocumentNumber&#8220;:&#8220;592121075005&#8243;,&#8220;Title&#8220;:&#8220;Betonov\\u00fd z\\u00e1klad pro sv\\u011bteln\\u00e1 n\\u00e1v\\u011bstidla T I.Z&#8220;,&#8220;IssueNumber&#8220;:&#8220;2&#8243;,&#8220;ZPSV_R4_Vyk1_ZaLomitkem&#8220;:&#8220;\\\/3-1&#8243;,&#8220;file&#8220;:[]}],&#8220;ps&#8220;:[{&#8222;DateCreate&#8220;:&#8220;08.09.2022 8:56:55&#8243;,&#8220;ID&#8220;:&#8220;28&#8243;,&#8220;GUID&#8220;:&#8220;E0F079E581228F29C12588B700262BD0&#8243;,&#8220;VYR_ID&#8220;:&#8220;21&#8243;,&#8220;VYR_Number&#8220;:&#8220;592121075005&#8243;,&#8220;VYR_ObchodniZnacka&#8220;:&#8220;AZZ 5-75&#8243;,&#8220;Number&#8220;:&#8220;31-15\\\/22&#8243;,&#8220;Nazev&#8220;:&#8220;Betonov\\u00e9 a \\u017dB d\\u00edlce pro instalaci zabezpe\\u010dovac\\u00edho za\\u0159\\u00edzen\\u00ed nebo sd\\u011blovac\\u00edho veden\\u00ed v\\u010detn\\u011b nap\\u00e1jen\\u00ed&#8220;,&#8220;DatePlatnostDo&#8220;:&#8220;17.08.2023 0:00:00&#8243;,&#8220;ZavodName&#8220;:&#8220;31 Doloplazy&#8220;,&#8220;file&#8220;:[{&#8222;ID&#8220;:&#8220;12957&#8243;,&#8220;ResourceGUID&#8220;:&#8220;E0F079E581228F29C12588B700262BD0&#8243;,&#8220;Name&#8220;:&#8220;1 &#8211; POS 31-15-22.pdf&#8220;,&#8220;FileNameGUID&#8220;:&#8220;E0F079E581228F29C12588B700262BD0_M9A2RZWC&#8220;,&#8220;Comment&#8220;:&#8220;&#8220;,&#8220;fileModel.Size&#8220;:&#8220;108026&#8243;,&#8220;Create&#8220;:&#8220;22.11.2023 7:52:16&#8243;,&#8220;MimeType&#8220;:&#8220;application\\\/octet-stream&#8220;,&#8220;ZPSV_WEB&#8220;:&#8220;True&#8220;}]},{&#8222;DateCreate&#8220;:&#8220;19.01.2024 15:17:56&#8243;,&#8220;ID&#8220;:&#8220;183&#8243;,&#8220;GUID&#8220;:&#8220;963aa1d3-49c4-42a4-a720-141c756ba396&#8243;,&#8220;VYR_ID&#8220;:&#8220;21&#8243;,&#8220;VYR_Number&#8220;:&#8220;592121075005&#8243;,&#8220;VYR_ObchodniZnacka&#8220;:&#8220;AZZ 5-75&#8243;,&#8220;Number&#8220;:&#8220;31-19\\\/23&#8243;,&#8220;Nazev&#8220;:&#8220;Betonov\\u00e9 a \\u017dB d\\u00edlce pro instalaci zabezpe\\u010dovac\\u00edho za\\u0159\\u00edzen\\u00ed nebo sd\\u011blovac\\u00edho veden\\u00ed v\\u010detn\\u011b nap\\u00e1jen\\u00ed&#8220;,&#8220;DatePlatnostDo&#8220;:&#8220;19.12.2024 0:00:00&#8243;,&#8220;ZavodName&#8220;:&#8220;31 Doloplazy&#8220;,&#8220;file&#8220;:[{&#8222;ID&#8220;:&#8220;13612&#8243;,&#8220;ResourceGUID&#8220;:&#8220;963aa1d3-49c4-42a4-a720-141c756ba396&#8243;,&#8220;Name&#8220;:&#8220;1 &#8211; POS 31-19-23.pdf&#8220;,&#8220;FileNameGUID&#8220;:&#8220;a03bb0a3-0b4e-409b-9336-a3f588a707e2&#8243;,&#8220;Comment&#8220;:&#8220;&#8220;,&#8220;fileModel.Size&#8220;:&#8220;85624&#8243;,&#8220;Create&#8220;:&#8220;19.01.2024 15:19:02&#8243;,&#8220;MimeType&#8220;:&#8220;application\\\/pdf&#8220;,&#8220;ZPSV_WEB&#8220;:&#8220;True&#8220;}]}],&#8220;tpd&#8220;:[{&#8222;DateCreate&#8220;:&#8220;&#8220;,&#8220;ID&#8220;:&#8220;2154&#8243;,&#8220;GUID&#8220;:&#8220;dbb50094-5d80-44f7-a7fe-2092c75d291e&#8220;,&#8220;VYR_ID&#8220;:&#8220;21&#8243;,&#8220;VYR_Number&#8220;:&#8220;592121075005&#8243;,&#8220;VYR_ObchodniZnacka&#8220;:&#8220;AZZ 5-75&#8243;,&#8220;DocumentNumber&#8220;:&#8220;TP-07\\\/15&#8243;,&#8220;Title&#8220;:&#8220;D\\u00edlce pro instalaci zabezpe\\u010dovac\\u00edho za\\u0159\\u00edzen\\u00ed a pro sd\\u011blovac\\u00ed veden\\u00ed&#8220;,&#8220;IssueNumber&#8220;:&#8220;3&#8243;,&#8220;file&#8220;:[]}]}}<\/p>","protected":false},"excerpt":{"rendered":"<p>{&#8222;DateCreate&#8220;:&#8220;06.11.2002 14:46:29&#8243;,&#8220;ID&#8220;:&#8220;21&#8243;,&#8220;GUID&#8220;:&#8220;47F6FECDEDC86911C1256C69004BAABA&#8220;,&#8220;Nazev&#8220;:&#8220;Betonov\\u00fd z\\u00e1klad pro sv\\u011bteln\\u00e1 n\\u00e1v\\u011bstidla T I.Z&#8220;,&#8220;Number&#8220;:&#8220;592121075005&#8243;,&#8220;ObchodniZnacka&#8220;:&#8220;AZZ 5-75&#8243;,&#8220;Zavods&#8220;:&#8220;31 Doloplazy&#8220;,&#8220;VyrPopisCZ&#8220;:&#8220;&#8220;,&#8220;VyrPopisDE&#8220;:&#8220;&#8220;,&#8220;VyrPopisEN&#8220;:&#8220;&#8220;,&#8220;VyrUrceniAPouzitCZ&#8220;:&#8220;Je [&hellip;]<\/p>","protected":false},"author":1,"featured_media":0,"parent":160609,"menu_order":0,"comment_status":"closed","ping_status":"closed","template":"layouts\/page-katalog.php","meta":{"footnotes":""},"_links":{"self":[{"href":"https:\/\/zpsv-cz.webvalleypreview.com\/en\/wp-json\/wp\/v2\/pages\/162869"}],"collection":[{"href":"https:\/\/zpsv-cz.webvalleypreview.com\/en\/wp-json\/wp\/v2\/pages"}],"about":[{"href":"https:\/\/zpsv-cz.webvalleypreview.com\/en\/wp-json\/wp\/v2\/types\/page"}],"author":[{"embeddable":true,"href":"https:\/\/zpsv-cz.webvalleypreview.com\/en\/wp-json\/wp\/v2\/users\/1"}],"replies":[{"embeddable":true,"href":"https:\/\/zpsv-cz.webvalleypreview.com\/en\/wp-json\/wp\/v2\/comments?post=162869"}],"version-history":[{"count":0,"href":"https:\/\/zpsv-cz.webvalleypreview.com\/en\/wp-json\/wp\/v2\/pages\/162869\/revisions"}],"up":[{"embeddable":true,"href":"https:\/\/zpsv-cz.webvalleypreview.com\/en\/wp-json\/wp\/v2\/pages\/160609"}],"wp:attachment":[{"href":"https:\/\/zpsv-cz.webvalleypreview.com\/en\/wp-json\/wp\/v2\/media?parent=162869"}],"curies":[{"name":"wp","href":"https:\/\/api.w.org\/{rel}","templated":true}]}}