{"id":162876,"date":"2024-05-23T13:38:10","date_gmt":"2024-05-23T11:38:10","guid":{"rendered":"https:\/\/zpsv-cz.webvalleypreview.com\/inzenyrske-stavby\/prvky-pro-odvodneni\/prikopovy-zlab-j\/"},"modified":"2024-05-23T13:38:10","modified_gmt":"2024-05-23T11:38:10","slug":"prikopovy-zlab-j","status":"publish","type":"page","link":"https:\/\/zpsv-cz.webvalleypreview.com\/en\/inzenyrske-stavby\/prvky-pro-odvodneni\/prikopovy-zlab-j\/","title":{"rendered":"P\u0159\u00edkopov\u00fd \u017elab J"},"content":{"rendered":"<p>{&#8222;DateCreate&#8220;:&#8220;06.11.2002 14:46:38&#8243;,&#8220;ID&#8220;:&#8220;38&#8243;,&#8220;GUID&#8220;:&#8220;BCDD3C5B6E16DA12C1256C69004BAE47&#8243;,&#8220;Nazev&#8220;:&#8220;P\\u0159\\u00edkopov\\u00fd \\u017elab J&#8220;,&#8220;Number&#8220;:&#8220;592271719201&#8243;,&#8220;ObchodniZnacka&#8220;:&#8220;TZM 201-19&#8243;,&#8220;Zavods&#8220;:&#8220;07 \\u010cer\\u010dany&#8220;,&#8220;VyrPopisCZ&#8220;:&#8220;&#8220;,&#8220;VyrPopisDE&#8220;:&#8220;&#8220;,&#8220;VyrPopisEN&#8220;:&#8220;&#8220;,&#8220;VyrUrceniAPouzitCZ&#8220;:&#8220;Pro vytv\\u00e1\\u0159en\\u00ed odvod\\u0148ovac\\u00edch koryt p\\u0159i t\\u011blesech \\u017eelezni\\u010dn\\u00edch trat\\u00ed nebo ostatn\\u00edch komunikac\\u00ed. Pro zakryt\\u00ed je zapot\\u0159eb\\u00ed t\\u0159\\u00ed poklop\\u016f na jeden \\u017elab. Manipulace je prov\\u00e1d\\u011bna pomoc\\u00ed p\\u0159epravn\\u00edch \\u00fachyt\\u016f s kulovou hlavou.&#8220;,&#8220;VyrUrceniAPouzitDE&#8220;:&#8220;&#8220;,&#8220;VyrUrceniAPouzitEN&#8220;:&#8220;For forming cunette channels at bodies of tracks of CR or other roads. For covering three cover for one drain are needed (to the drain J one continuous cover can be delivered, too).\\rThe drains are made with manipulation hooks or with clips DEHA.&#8220;,&#8220;VyrNazevCZ&#8220;:&#8220;P\\u0159\\u00edkopov\\u00fd \\u017elab J&#8220;,&#8220;VyrNazevDE&#8220;:&#8220;&#8220;,&#8220;VyrNazevEN&#8220;:&#8220;Trench drain J&#8220;,&#8220;Beton&#8220;:&#8220;C 30\\\/37-XF3&#8243;,&#8220;ObjemPrvku&#8220;:&#8220;0,1590&#8243;,&#8220;HmotnostPrvku&#8220;:&#8220;390&#8243;,&#8220;L&#8220;:&#8220;100&#8243;,&#8220;B&#8220;:&#8220;65&#8243;,&#8220;H&#8220;:&#8220;90&#8243;,&#8220;T&#8220;:&#8220;&#8220;,&#8220;D&#8220;:&#8220;&#8220;,&#8220;R&#8220;:&#8220;&#8220;,&#8220;L_2&#8243;:&#8220;&#8220;,&#8220;B_2&#8243;:&#8220;&#8220;,&#8220;H_2&#8243;:&#8220;&#8220;,&#8220;T_2&#8243;:&#8220;&#8220;,&#8220;D_2&#8243;:&#8220;&#8220;,&#8220;R_2&#8243;:&#8220;20&#8243;,&#8220;L_1&#8243;:&#8220;&#8220;,&#8220;B_1&#8243;:&#8220;&#8220;,&#8220;H_1&#8243;:&#8220;35&#8243;,&#8220;T_1&#8243;:&#8220;&#8220;,&#8220;D_1&#8243;:&#8220;&#8220;,&#8220;R_1&#8243;:&#8220;&#8220;,&#8220;KategorieName&#8220;:&#8220;Dopravn\\u00ed a in\\u017een\\u00fdrsk\\u00e9 stavby&#8220;,&#8220;PodkategorieName&#8220;:&#8220;Prvky pro odvodn\\u011bn\\u00ed&#8220;,&#8220;attachments&#8220;:{&#8222;designs&#8220;:[{&#8222;DateCreate&#8220;:&#8220;&#8220;,&#8220;ID&#8220;:&#8220;3288&#8243;,&#8220;GUID&#8220;:&#8220;83164DEA844FB36CC1257E4B003BC53A&#8220;,&#8220;VYR_ID&#8220;:&#8220;38&#8243;,&#8220;VYR_Number&#8220;:&#8220;592271719201&#8243;,&#8220;VYR_ObchodniZnacka&#8220;:&#8220;TZM 201-19&#8243;,&#8220;DocumentNumber&#8220;:&#8220;592271719201&#8243;,&#8220;Title&#8220;:&#8220;P\\u0159\\u00edkopov\\u00fd \\u017elab J&#8220;,&#8220;IssueNumber&#8220;:&#8220;3&#8243;,&#8220;ZPSV_R4_Vyk1_ZaLomitkem&#8220;:&#8220;\\\/1-2&#8243;,&#8220;file&#8220;:[]},{&#8222;DateCreate&#8220;:&#8220;&#8220;,&#8220;ID&#8220;:&#8220;2219&#8243;,&#8220;GUID&#8220;:&#8220;B8EFB4DDD7F4F59CC1257E4B003A759E&#8220;,&#8220;VYR_ID&#8220;:&#8220;38&#8243;,&#8220;VYR_Number&#8220;:&#8220;592271719201&#8243;,&#8220;VYR_ObchodniZnacka&#8220;:&#8220;TZM 201-19&#8243;,&#8220;DocumentNumber&#8220;:&#8220;592271719201&#8243;,&#8220;Title&#8220;:&#8220;P\\u0159\\u00edkopov\\u00fd \\u017elab J&#8220;,&#8220;IssueNumber&#8220;:&#8220;4&#8243;,&#8220;ZPSV_R4_Vyk1_ZaLomitkem&#8220;:&#8220;\\\/1-1&#8243;,&#8220;file&#8220;:[]},{&#8222;DateCreate&#8220;:&#8220;&#8220;,&#8220;ID&#8220;:&#8220;2268&#8243;,&#8220;GUID&#8220;:&#8220;F2FFEDE36A20E3C1C1257E4B00446747&#8243;,&#8220;VYR_ID&#8220;:&#8220;38&#8243;,&#8220;VYR_Number&#8220;:&#8220;592271719201&#8243;,&#8220;VYR_ObchodniZnacka&#8220;:&#8220;TZM 201-19&#8243;,&#8220;DocumentNumber&#8220;:&#8220;592271719201&#8243;,&#8220;Title&#8220;:&#8220;P\\u0159\\u00edkopov\\u00fd \\u017elab J&#8220;,&#8220;IssueNumber&#8220;:&#8220;4&#8243;,&#8220;ZPSV_R4_Vyk1_ZaLomitkem&#8220;:&#8220;\\\/2-1&#8243;,&#8220;file&#8220;:[]},{&#8222;DateCreate&#8220;:&#8220;&#8220;,&#8220;ID&#8220;:&#8220;3582&#8243;,&#8220;GUID&#8220;:&#8220;4E19C77A381B306CC1257E4B0044C55C&#8220;,&#8220;VYR_ID&#8220;:&#8220;38&#8243;,&#8220;VYR_Number&#8220;:&#8220;592271719201&#8243;,&#8220;VYR_ObchodniZnacka&#8220;:&#8220;TZM 201-19&#8243;,&#8220;DocumentNumber&#8220;:&#8220;592271719201&#8243;,&#8220;Title&#8220;:&#8220;P\\u0159\\u00edkopov\\u00fd \\u017elab J&#8220;,&#8220;IssueNumber&#8220;:&#8220;4&#8243;,&#8220;ZPSV_R4_Vyk1_ZaLomitkem&#8220;:&#8220;\\\/2-2&#8243;,&#8220;file&#8220;:[]}],&#8220;pvl&#8220;:[{&#8222;DateCreate&#8220;:&#8220;30.08.2022 14:48:12&#8243;,&#8220;ID&#8220;:&#8220;83&#8243;,&#8220;GUID&#8220;:&#8220;9388A2FD9AC06DDBC12588AE004654B4&#8243;,&#8220;VYR_ID&#8220;:&#8220;38&#8243;,&#8220;VYR_Number&#8220;:&#8220;592271719201&#8243;,&#8220;VYR_ObchodniZnacka&#8220;:&#8220;TZM 201-19&#8243;,&#8220;Number&#8220;:&#8220;07-18\\\/22&#8243;,&#8220;Nazev&#8220;:&#8220;Prvky op\\u011brn\\u00fdch st\\u011bn &#8211; p\\u0159\\u00edkopov\\u00e9 \\u017elaby U, J UCB, UCH s p\\u0159\\u00edslu\\u0161enstv\\u00edm&#8220;,&#8220;DatePlatnostDo&#8220;:&#8220;14.08.2023 0:00:00&#8243;,&#8220;ZavodName&#8220;:&#8220;07 \\u010cer\\u010dany&#8220;,&#8220;file&#8220;:[{&#8222;ID&#8220;:&#8220;13212&#8243;,&#8220;ResourceGUID&#8220;:&#8220;9388A2FD9AC06DDBC12588AE004654B4&#8243;,&#8220;Name&#8220;:&#8220;1 &#8211; POV 07-18-22.pdf&#8220;,&#8220;FileNameGUID&#8220;:&#8220;9388A2FD9AC06DDBC12588AE004654B4_TFO2GU9W&#8220;,&#8220;Comment&#8220;:&#8220;&#8220;,&#8220;fileModel.Size&#8220;:&#8220;81802&#8243;,&#8220;Create&#8220;:&#8220;22.11.2023 7:52:39&#8243;,&#8220;MimeType&#8220;:&#8220;application\\\/octet-stream&#8220;,&#8220;ZPSV_WEB&#8220;:&#8220;True&#8220;}]},{&#8222;DateCreate&#8220;:&#8220;24.11.2023 14:20:59&#8243;,&#8220;ID&#8220;:&#8220;171&#8243;,&#8220;GUID&#8220;:&#8220;b52c666e-4a0c-4d95-bf0f-81e9febd218d&#8220;,&#8220;VYR_ID&#8220;:&#8220;38&#8243;,&#8220;VYR_Number&#8220;:&#8220;592271719201&#8243;,&#8220;VYR_ObchodniZnacka&#8220;:&#8220;TZM 201-19&#8243;,&#8220;Number&#8220;:&#8220;07-28\\\/23&#8243;,&#8220;Nazev&#8220;:&#8220;Prvky op\\u011brn\\u00fdch st\\u011bn &#8211; p\\u0159\\u00edkopov\\u00e9 \\u017elaby U, J UCB, UCH s p\\u0159\\u00edslu\\u0161enstv\\u00edm&#8220;,&#8220;DatePlatnostDo&#8220;:&#8220;23.10.2024 0:00:00&#8243;,&#8220;ZavodName&#8220;:&#8220;07 \\u010cer\\u010dany&#8220;,&#8220;file&#8220;:[{&#8222;ID&#8220;:&#8220;13457&#8243;,&#8220;ResourceGUID&#8220;:&#8220;b52c666e-4a0c-4d95-bf0f-81e9febd218d&#8220;,&#8220;Name&#8220;:&#8220;1 &#8211; POV 07-28-23.pdf&#8220;,&#8220;FileNameGUID&#8220;:&#8220;d2e56fc5-afd6-4867-ac1d-e15b8b79ddb7&#8243;,&#8220;Comment&#8220;:&#8220;&#8220;,&#8220;fileModel.Size&#8220;:&#8220;73814&#8243;,&#8220;Create&#8220;:&#8220;24.11.2023 14:21:50&#8243;,&#8220;MimeType&#8220;:&#8220;application\\\/pdf&#8220;,&#8220;ZPSV_WEB&#8220;:&#8220;True&#8220;}]},{&#8222;DateCreate&#8220;:&#8220;18.05.2023 14:30:30&#8243;,&#8220;ID&#8220;:&#8220;126&#8243;,&#8220;GUID&#8220;:&#8220;6B8C2B5BCBC64253C12589B30044B60D&#8220;,&#8220;VYR_ID&#8220;:&#8220;38&#8243;,&#8220;VYR_Number&#8220;:&#8220;592271719201&#8243;,&#8220;VYR_ObchodniZnacka&#8220;:&#8220;TZM 201-19&#8243;,&#8220;Number&#8220;:&#8220;41-06\\\/23&#8243;,&#8220;Nazev&#8220;:&#8220;Prvky op\\u011brn\\u00fdch st\\u011bn &#8211; p\\u0159\\u00edkopov\\u00e9 \\u017elaby U, J , UCB, UCH s p\\u0159\\u00edslu\\u0161enstv\\u00edm&#8220;,&#8220;DatePlatnostDo&#8220;:&#8220;03.05.2024 0:00:00&#8243;,&#8220;ZavodName&#8220;:&#8220;41 Litice&#8220;,&#8220;file&#8220;:[{&#8222;ID&#8220;:&#8220;13142&#8243;,&#8220;ResourceGUID&#8220;:&#8220;6B8C2B5BCBC64253C12589B30044B60D&#8220;,&#8220;Name&#8220;:&#8220;1 &#8211; POV 41-06-23.pdf&#8220;,&#8220;FileNameGUID&#8220;:&#8220;6B8C2B5BCBC64253C12589B30044B60D_PEX93N88&#8243;,&#8220;Comment&#8220;:&#8220;&#8220;,&#8220;fileModel.Size&#8220;:&#8220;78151&#8243;,&#8220;Create&#8220;:&#8220;22.11.2023 7:52:38&#8243;,&#8220;MimeType&#8220;:&#8220;application\\\/octet-stream&#8220;,&#8220;ZPSV_WEB&#8220;:&#8220;True&#8220;}]}],&#8220;tpd&#8220;:[{&#8222;DateCreate&#8220;:&#8220;&#8220;,&#8220;ID&#8220;:&#8220;1565&#8243;,&#8220;GUID&#8220;:&#8220;7857DA0714FE60D4C1257F1700335DCC&#8220;,&#8220;VYR_ID&#8220;:&#8220;38&#8243;,&#8220;VYR_Number&#8220;:&#8220;592271719201&#8243;,&#8220;VYR_ObchodniZnacka&#8220;:&#8220;TZM 201-19&#8243;,&#8220;DocumentNumber&#8220;:&#8220;TP-12\\\/15&#8243;,&#8220;Title&#8220;:&#8220;P\\u0159\\u00edkopov\\u00e9 \\u017elaby a poklopy (S\\u017dDC)&#8220;,&#8220;IssueNumber&#8220;:&#8220;1&#8243;,&#8220;file&#8220;:[{&#8222;ID&#8220;:&#8220;3734&#8243;,&#8220;ResourceGUID&#8220;:&#8220;7857DA0714FE60D4C1257F1700335DCC&#8220;,&#8220;Name&#8220;:&#8220;TP-12_15 P\\u0159\\u00edkopov\\u00e9 \\u017elaby a poklopy (1-1).pdf&#8220;,&#8220;FileNameGUID&#8220;:&#8220;7857DA0714FE60D4C1257F1700335DCC_JNVHWY55&#8243;,&#8220;Comment&#8220;:&#8220;&#8220;,&#8220;fileModel.Size&#8220;:&#8220;630170&#8243;,&#8220;Create&#8220;:&#8220;17.08.2023 10:19:55&#8243;,&#8220;MimeType&#8220;:&#8220;application\\\/octet-stream&#8220;,&#8220;ZPSV_WEB&#8220;:&#8220;True&#8220;}]}]}}<\/p>","protected":false},"excerpt":{"rendered":"<p>{&#8222;DateCreate&#8220;:&#8220;06.11.2002 14:46:38&#8243;,&#8220;ID&#8220;:&#8220;38&#8243;,&#8220;GUID&#8220;:&#8220;BCDD3C5B6E16DA12C1256C69004BAE47&#8243;,&#8220;Nazev&#8220;:&#8220;P\\u0159\\u00edkopov\\u00fd \\u017elab J&#8220;,&#8220;Number&#8220;:&#8220;592271719201&#8243;,&#8220;ObchodniZnacka&#8220;:&#8220;TZM 201-19&#8243;,&#8220;Zavods&#8220;:&#8220;07 \\u010cer\\u010dany&#8220;,&#8220;VyrPopisCZ&#8220;:&#8220;&#8220;,&#8220;VyrPopisDE&#8220;:&#8220;&#8220;,&#8220;VyrPopisEN&#8220;:&#8220;&#8220;,&#8220;VyrUrceniAPouzitCZ&#8220;:&#8220;Pro vytv\\u00e1\\u0159en\\u00ed odvod\\u0148ovac\\u00edch koryt p\\u0159i [&hellip;]<\/p>","protected":false},"author":1,"featured_media":0,"parent":160622,"menu_order":0,"comment_status":"closed","ping_status":"closed","template":"layouts\/page-katalog.php","meta":{"footnotes":""},"_links":{"self":[{"href":"https:\/\/zpsv-cz.webvalleypreview.com\/en\/wp-json\/wp\/v2\/pages\/162876"}],"collection":[{"href":"https:\/\/zpsv-cz.webvalleypreview.com\/en\/wp-json\/wp\/v2\/pages"}],"about":[{"href":"https:\/\/zpsv-cz.webvalleypreview.com\/en\/wp-json\/wp\/v2\/types\/page"}],"author":[{"embeddable":true,"href":"https:\/\/zpsv-cz.webvalleypreview.com\/en\/wp-json\/wp\/v2\/users\/1"}],"replies":[{"embeddable":true,"href":"https:\/\/zpsv-cz.webvalleypreview.com\/en\/wp-json\/wp\/v2\/comments?post=162876"}],"version-history":[{"count":0,"href":"https:\/\/zpsv-cz.webvalleypreview.com\/en\/wp-json\/wp\/v2\/pages\/162876\/revisions"}],"up":[{"embeddable":true,"href":"https:\/\/zpsv-cz.webvalleypreview.com\/en\/wp-json\/wp\/v2\/pages\/160622"}],"wp:attachment":[{"href":"https:\/\/zpsv-cz.webvalleypreview.com\/en\/wp-json\/wp\/v2\/media?parent=162876"}],"curies":[{"name":"wp","href":"https:\/\/api.w.org\/{rel}","templated":true}]}}