{"id":162883,"date":"2024-05-23T13:38:10","date_gmt":"2024-05-23T11:38:10","guid":{"rendered":"https:\/\/zpsv-cz.webvalleypreview.com\/inzenyrske-stavby\/vstupni-a-revizni-sachty\/revizni-nastavec-k-sachtam-80-sestava\/"},"modified":"2024-05-23T13:38:10","modified_gmt":"2024-05-23T11:38:10","slug":"revizni-nastavec-k-sachtam-80-sestava","status":"publish","type":"page","link":"https:\/\/zpsv-cz.webvalleypreview.com\/en\/inzenyrske-stavby\/vstupni-a-revizni-sachty\/revizni-nastavec-k-sachtam-80-sestava\/","title":{"rendered":"Revizn\u00ed n\u00e1stavec k \u0161acht\u00e1m 80 (sestava)"},"content":{"rendered":"<p>{&#8222;DateCreate&#8220;:&#8220;06.11.2002 14:46:33&#8243;,&#8220;ID&#8220;:&#8220;59&#8243;,&#8220;GUID&#8220;:&#8220;2B028EDFD744C572C1256C69004BAC8D&#8220;,&#8220;Nazev&#8220;:&#8220;Revizn\\u00ed n\\u00e1stavec k \\u0161acht\\u00e1m 80 (sestava)&#8220;,&#8220;Number&#8220;:&#8220;592191080001&#8243;,&#8220;ObchodniZnacka&#8220;:&#8220;AZX 1-80&#8243;,&#8220;Zavods&#8220;:&#8220;31 Doloplazy&#8220;,&#8220;VyrPopisCZ&#8220;:&#8220;&#8220;,&#8220;VyrPopisDE&#8220;:&#8220;&#8220;,&#8220;VyrPopisEN&#8220;:&#8220;&#8220;,&#8220;VyrUrceniAPouzitCZ&#8220;:&#8220;Pro kontrolu a \\u010di\\u0161t\\u011bn\\u00ed \\u0161achet (cisteren) um\\u00edst\\u011bn\\u00fdch v trat\\u00edch \\u010cD. Komplet tvo\\u0159\\u00ed tyto polo\\u017eky: \\r- spodn\\u00ed p\\u016flkruhov\\u00e1 deska revizn\\u00edho n\\u00e1stavce k \\u0161acht\\u00e1m (2 kusy)\\r- d\\u0159\\u00edk revizn\\u00edho n\\u00e1stavce k \\u0161acht\\u00e1m\\r- poklop revizn\\u00edho n\\u00e1stavce k \\u0161acht\\u00e1m&#8220;,&#8220;VyrUrceniAPouzitDE&#8220;:&#8220;&#8220;,&#8220;VyrUrceniAPouzitEN&#8220;:&#8220;For checking and cleaning shafts (tanks) placed on tracks \\u010cD.\\r\\rAssembly 1 comprises these items: \\r\\u2013 Lower half-round plate (2 pieces) \\r\\u2013 Body \\u2013 revision extension for shafts \\r\\u2013 Cover plate \\u2013 revision extension for shafts&#8220;,&#8220;VyrNazevCZ&#8220;:&#8220;Revizn\\u00ed n\\u00e1stavec k \\u0161acht\\u00e1m 80 (sestava)&#8220;,&#8220;VyrNazevDE&#8220;:&#8220;&#8220;,&#8220;VyrNazevEN&#8220;:&#8220;Revision extension for shafts 80 (assembly)&#8220;,&#8220;Beton&#8220;:&#8220;C 25\\\/30-XF1&#8243;,&#8220;ObjemPrvku&#8220;:&#8220;0,1363&#8243;,&#8220;HmotnostPrvku&#8220;:&#8220;313&#8243;,&#8220;L&#8220;:&#8220;96&#8243;,&#8220;B&#8220;:&#8220;35&#8243;,&#8220;H&#8220;:&#8220;52&#8243;,&#8220;T&#8220;:&#8220;&#8220;,&#8220;D&#8220;:&#8220;&#8220;,&#8220;R&#8220;:&#8220;&#8220;,&#8220;L_2&#8243;:&#8220;&#8220;,&#8220;B_2&#8243;:&#8220;&#8220;,&#8220;H_2&#8243;:&#8220;7&#8243;,&#8220;T_2&#8243;:&#8220;&#8220;,&#8220;D_2&#8243;:&#8220;&#8220;,&#8220;R_2&#8243;:&#8220;&#8220;,&#8220;L_1&#8243;:&#8220;&#8220;,&#8220;B_1&#8243;:&#8220;&#8220;,&#8220;H_1&#8243;:&#8220;&#8220;,&#8220;T_1&#8243;:&#8220;&#8220;,&#8220;D_1&#8243;:&#8220;&#8220;,&#8220;R_1&#8243;:&#8220;&#8220;,&#8220;KategorieName&#8220;:&#8220;Komun\\u00e1ln\\u00ed a vodohospod\\u00e1\\u0159sk\\u00e9 stavby&#8220;,&#8220;PodkategorieName&#8220;:&#8220;Vstupn\\u00ed a revizn\\u00ed \\u0161achty&#8220;,&#8220;attachments&#8220;:{&#8222;tpd&#8220;:[{&#8222;DateCreate&#8220;:&#8220;&#8220;,&#8220;ID&#8220;:&#8220;1556&#8243;,&#8220;GUID&#8220;:&#8220;25E1E15DD32D2A31C1257E930042D69B&#8220;,&#8220;VYR_ID&#8220;:&#8220;59&#8243;,&#8220;VYR_Number&#8220;:&#8220;592191080001&#8243;,&#8220;VYR_ObchodniZnacka&#8220;:&#8220;AZX 1-80&#8243;,&#8220;DocumentNumber&#8220;:&#8220;TP-10\\\/04&#8243;,&#8220;Title&#8220;:&#8220;Vstupn\\u00ed a revizn\\u00ed \\u0161achty z prost\\u00e9ho betonu a \\u017eelezobetonu&#8220;,&#8220;IssueNumber&#8220;:&#8220;5&#8243;,&#8220;file&#8220;:[{&#8222;ID&#8220;:&#8220;3649&#8243;,&#8220;ResourceGUID&#8220;:&#8220;25E1E15DD32D2A31C1257E930042D69B&#8220;,&#8220;Name&#8220;:&#8220;TP-10_04 Vstupn\\u00ed a revizn\\u00ed \\u0161achty z prost\\u00e9ho betonu a \\u017eelezobetonu (5-1).pdf&#8220;,&#8220;FileNameGUID&#8220;:&#8220;25E1E15DD32D2A31C1257E930042D69B_SAYHS6PT&#8220;,&#8220;Comment&#8220;:&#8220;&#8220;,&#8220;fileModel.Size&#8220;:&#8220;734310&#8243;,&#8220;Create&#8220;:&#8220;17.08.2023 10:19:54&#8243;,&#8220;MimeType&#8220;:&#8220;application\\\/octet-stream&#8220;,&#8220;ZPSV_WEB&#8220;:&#8220;True&#8220;}]}]}}<\/p>","protected":false},"excerpt":{"rendered":"<p>{&#8222;DateCreate&#8220;:&#8220;06.11.2002 14:46:33&#8243;,&#8220;ID&#8220;:&#8220;59&#8243;,&#8220;GUID&#8220;:&#8220;2B028EDFD744C572C1256C69004BAC8D&#8220;,&#8220;Nazev&#8220;:&#8220;Revizn\\u00ed n\\u00e1stavec k \\u0161acht\\u00e1m 80 (sestava)&#8220;,&#8220;Number&#8220;:&#8220;592191080001&#8243;,&#8220;ObchodniZnacka&#8220;:&#8220;AZX 1-80&#8243;,&#8220;Zavods&#8220;:&#8220;31 Doloplazy&#8220;,&#8220;VyrPopisCZ&#8220;:&#8220;&#8220;,&#8220;VyrPopisDE&#8220;:&#8220;&#8220;,&#8220;VyrPopisEN&#8220;:&#8220;&#8220;,&#8220;VyrUrceniAPouzitCZ&#8220;:&#8220;Pro kontrolu [&hellip;]<\/p>","protected":false},"author":1,"featured_media":0,"parent":160618,"menu_order":0,"comment_status":"closed","ping_status":"closed","template":"layouts\/page-katalog.php","meta":{"footnotes":""},"_links":{"self":[{"href":"https:\/\/zpsv-cz.webvalleypreview.com\/en\/wp-json\/wp\/v2\/pages\/162883"}],"collection":[{"href":"https:\/\/zpsv-cz.webvalleypreview.com\/en\/wp-json\/wp\/v2\/pages"}],"about":[{"href":"https:\/\/zpsv-cz.webvalleypreview.com\/en\/wp-json\/wp\/v2\/types\/page"}],"author":[{"embeddable":true,"href":"https:\/\/zpsv-cz.webvalleypreview.com\/en\/wp-json\/wp\/v2\/users\/1"}],"replies":[{"embeddable":true,"href":"https:\/\/zpsv-cz.webvalleypreview.com\/en\/wp-json\/wp\/v2\/comments?post=162883"}],"version-history":[{"count":0,"href":"https:\/\/zpsv-cz.webvalleypreview.com\/en\/wp-json\/wp\/v2\/pages\/162883\/revisions"}],"up":[{"embeddable":true,"href":"https:\/\/zpsv-cz.webvalleypreview.com\/en\/wp-json\/wp\/v2\/pages\/160618"}],"wp:attachment":[{"href":"https:\/\/zpsv-cz.webvalleypreview.com\/en\/wp-json\/wp\/v2\/media?parent=162883"}],"curies":[{"name":"wp","href":"https:\/\/api.w.org\/{rel}","templated":true}]}}