{"id":162893,"date":"2024-05-23T13:38:10","date_gmt":"2024-05-23T11:38:10","guid":{"rendered":"https:\/\/zpsv-cz.webvalleypreview.com\/mostni-konstrukce-a-propustky\/prostorove-prvky-pro-inzenyrske-site\/zelezobetonovy-ram-200-100-b\/"},"modified":"2024-05-23T13:38:10","modified_gmt":"2024-05-23T11:38:10","slug":"zelezobetonovy-ram-200-100-b","status":"publish","type":"page","link":"https:\/\/zpsv-cz.webvalleypreview.com\/en\/mostni-konstrukce-a-propustky\/prostorove-prvky-pro-inzenyrske-site\/zelezobetonovy-ram-200-100-b\/","title":{"rendered":"\u017delezobetonov\u00fd r\u00e1m 200\/100 B"},"content":{"rendered":"<p>{&#8222;DateCreate&#8220;:&#8220;13.12.2006 13:06:19&#8243;,&#8220;ID&#8220;:&#8220;97&#8243;,&#8220;GUID&#8220;:&#8220;ECDA46A1E0E8CBB3C125724300427F5D&#8220;,&#8220;Nazev&#8220;:&#8220;\\u017delezobetonov\\u00fd r\\u00e1m 200\\\/100 B&#8220;,&#8220;Number&#8220;:&#8220;593831719017&#8243;,&#8220;ObchodniZnacka&#8220;:&#8220;IZM 17\\\/19&#8243;,&#8220;Zavods&#8220;:&#8220;07 \\u010cer\\u010dany&#8220;,&#8220;VyrPopisCZ&#8220;:&#8220;&#8220;,&#8220;VyrPopisDE&#8220;:&#8220;&#8220;,&#8220;VyrPopisEN&#8220;:&#8220;&#8220;,&#8220;VyrUrceniAPouzitCZ&#8220;:&#8220;Prvek \\u017eelezobetonov\\u00e9ho r\\u00e1mu 200\\\/100 B slou\\u017e\\u00ed k vytv\\u00e1\\u0159en\\u00ed propustk\\u016f pro odvod vody z p\\u0159ilehl\\u00fdch ploch zemn\\u00edho t\\u011blesa dopravn\\u00ed stavby nebo p\\u0159evodu st\\u00e1vaj\\u00edc\\u00ed vodote\\u010de p\\u0159es toto zemn\\u00ed t\\u011bleso. R\\u00e1m je dimenzov\\u00e1n na silni\\u010dn\\u00ed zat\\u00ed\\u017een\\u00ed t\\u0159\\u00eddy B pro  v\\u00fd\\u0161ku nadn\\u00e1sypu 0,45 a\\u017e 6 m a lze ho pou\\u017e\\u00edt v obou poloh\\u00e1ch, tj. nastojato i nale\\u017eato. Manipulace je prov\\u00e1d\\u011bna pomoc\\u00ed p\\u0159epravn\\u00edch \\u00fachyt\\u016f s kulovou hlavou.&#8220;,&#8220;VyrUrceniAPouzitDE&#8220;:&#8220;&#8220;,&#8220;VyrUrceniAPouzitEN&#8220;:&#8220;An element of iron-concrete frame 200\\\/100 B serves for making culverts for water discharge from adjacent areas of transport construction ground body or transfer across the water course over this ground body. The frame is designed for the road load of B class for overfill height of 0.45 to 6 m and can be used in both position, i.e. vertically and horizontally.&#8220;,&#8220;VyrNazevCZ&#8220;:&#8220;\\u017delezobetonov\\u00fd r\\u00e1m 200\\\/100 B&#8220;,&#8220;VyrNazevDE&#8220;:&#8220;&#8220;,&#8220;VyrNazevEN&#8220;:&#8220;Reinforced-concrete frame 200\\\/100 B&#8220;,&#8220;Beton&#8220;:&#8220;C 30\\\/37-XF4&#8243;,&#8220;ObjemPrvku&#8220;:&#8220;1,5080&#8243;,&#8220;HmotnostPrvku&#8220;:&#8220;3660&#8243;,&#8220;L&#8220;:&#8220;106&#8243;,&#8220;B&#8220;:&#8220;240&#8243;,&#8220;H&#8220;:&#8220;144&#8243;,&#8220;T&#8220;:&#8220;&#8220;,&#8220;D&#8220;:&#8220;&#8220;,&#8220;R&#8220;:&#8220;&#8220;,&#8220;L_2&#8243;:&#8220;99&#8243;,&#8220;B_2&#8243;:&#8220;200&#8243;,&#8220;H_2&#8243;:&#8220;100&#8243;,&#8220;T_2&#8243;:&#8220;5&#8243;,&#8220;D_2&#8243;:&#8220;&#8220;,&#8220;R_2&#8243;:&#8220;&#8220;,&#8220;L_1&#8243;:&#8220;&#8220;,&#8220;B_1&#8243;:&#8220;&#8220;,&#8220;H_1&#8243;:&#8220;&#8220;,&#8220;T_1&#8243;:&#8220;&#8220;,&#8220;D_1&#8243;:&#8220;&#8220;,&#8220;R_1&#8243;:&#8220;&#8220;,&#8220;KategorieName&#8220;:&#8220;Dopravn\\u00ed a in\\u017een\\u00fdrsk\\u00e9 stavby&#8220;,&#8220;PodkategorieName&#8220;:&#8220;Prostorov\\u00e9 prvky pro in\\u017een\\u00fdrsk\\u00e9 s\\u00edt\\u011b&#8220;,&#8220;attachments&#8220;:{&#8222;designs&#8220;:[{&#8222;DateCreate&#8220;:&#8220;&#8220;,&#8220;ID&#8220;:&#8220;3185&#8243;,&#8220;GUID&#8220;:&#8220;2FD3A7D0648791C5C125724400271474&#8243;,&#8220;VYR_ID&#8220;:&#8220;97&#8243;,&#8220;VYR_Number&#8220;:&#8220;593831719017&#8243;,&#8220;VYR_ObchodniZnacka&#8220;:&#8220;IZM 17\\\/19&#8243;,&#8220;DocumentNumber&#8220;:&#8220;593831719017&#8243;,&#8220;Title&#8220;:&#8220;\\u017delezobetonov\\u00fd r\\u00e1m 200\\\/100 B&#8220;,&#8220;IssueNumber&#8220;:&#8220;1&#8243;,&#8220;ZPSV_R4_Vyk1_ZaLomitkem&#8220;:&#8220;\\\/1&#8243;,&#8220;file&#8220;:[]},{&#8222;DateCreate&#8220;:&#8220;&#8220;,&#8220;ID&#8220;:&#8220;2182&#8243;,&#8220;GUID&#8220;:&#8220;ED5FB481246CCA2DC1257C0B003C6853&#8243;,&#8220;VYR_ID&#8220;:&#8220;97&#8243;,&#8220;VYR_Number&#8220;:&#8220;593831719017&#8243;,&#8220;VYR_ObchodniZnacka&#8220;:&#8220;IZM 17\\\/19&#8243;,&#8220;DocumentNumber&#8220;:&#8220;593831719017&#8243;,&#8220;Title&#8220;:&#8220;\\u017delezobetonov\\u00fd r\\u00e1m 200\\\/100 B&#8220;,&#8220;IssueNumber&#8220;:&#8220;2&#8243;,&#8220;ZPSV_R4_Vyk1_ZaLomitkem&#8220;:&#8220;\\\/2&#8243;,&#8220;file&#8220;:[]}],&#8220;pvl&#8220;:[{&#8222;DateCreate&#8220;:&#8220;18.05.2023 14:26:44&#8243;,&#8220;ID&#8220;:&#8220;124&#8243;,&#8220;GUID&#8220;:&#8220;2FFEBD579A0CCD57C12589B300445DAA&#8220;,&#8220;VYR_ID&#8220;:&#8220;97&#8243;,&#8220;VYR_Number&#8220;:&#8220;593831719017&#8243;,&#8220;VYR_ObchodniZnacka&#8220;:&#8220;IZM 17\\\/19&#8243;,&#8220;Number&#8220;:&#8220;41-04\\\/23&#8243;,&#8220;Nazev&#8220;:&#8220;\\u017delezobetonov\\u00e9 r\\u00e1mov\\u00e9 propustky a podchody&#8220;,&#8220;DatePlatnostDo&#8220;:&#8220;03.05.2024 0:00:00&#8243;,&#8220;ZavodName&#8220;:&#8220;41 Litice&#8220;,&#8220;file&#8220;:[{&#8222;ID&#8220;:&#8220;13072&#8243;,&#8220;ResourceGUID&#8220;:&#8220;2FFEBD579A0CCD57C12589B300445DAA&#8220;,&#8220;Name&#8220;:&#8220;1 &#8211; POV 41-04-23.pdf&#8220;,&#8220;FileNameGUID&#8220;:&#8220;2FFEBD579A0CCD57C12589B300445DAA_2D0REQ8T&#8220;,&#8220;Comment&#8220;:&#8220;&#8220;,&#8220;fileModel.Size&#8220;:&#8220;89134&#8243;,&#8220;Create&#8220;:&#8220;22.11.2023 7:52:37&#8243;,&#8220;MimeType&#8220;:&#8220;application\\\/octet-stream&#8220;,&#8220;ZPSV_WEB&#8220;:&#8220;True&#8220;}]}],&#8220;tpd&#8220;:[{&#8222;DateCreate&#8220;:&#8220;&#8220;,&#8220;ID&#8220;:&#8220;1516&#8243;,&#8220;GUID&#8220;:&#8220;4ADB5266C17649ACC1257E9100273136&#8243;,&#8220;VYR_ID&#8220;:&#8220;97&#8243;,&#8220;VYR_Number&#8220;:&#8220;593831719017&#8243;,&#8220;VYR_ObchodniZnacka&#8220;:&#8220;IZM 17\\\/19&#8243;,&#8220;DocumentNumber&#8220;:&#8220;TP-02\\\/06&#8243;,&#8220;Title&#8220;:&#8220;Prostorov\\u00e9 prvky pro in\\u017een\\u00fdrsk\\u00e9 s\\u00edt\\u011b&#8220;,&#8220;IssueNumber&#8220;:&#8220;3&#8243;,&#8220;file&#8220;:[{&#8222;ID&#8220;:&#8220;3686&#8243;,&#8220;ResourceGUID&#8220;:&#8220;4ADB5266C17649ACC1257E9100273136&#8243;,&#8220;Name&#8220;:&#8220;TP-02_06 Prostorov\\u00e9 prvky pro in\\u017een\\u00fdrsk\\u00e9 s\\u00edt\\u011b (3-2).pdf&#8220;,&#8220;FileNameGUID&#8220;:&#8220;4ADB5266C17649ACC1257E9100273136_BCZ49OU5&#8243;,&#8220;Comment&#8220;:&#8220;&#8220;,&#8220;fileModel.Size&#8220;:&#8220;616248&#8243;,&#8220;Create&#8220;:&#8220;17.08.2023 10:19:55&#8243;,&#8220;MimeType&#8220;:&#8220;application\\\/octet-stream&#8220;,&#8220;ZPSV_WEB&#8220;:&#8220;True&#8220;}]}]}}<\/p>","protected":false},"excerpt":{"rendered":"<p>{&#8222;DateCreate&#8220;:&#8220;13.12.2006 13:06:19&#8243;,&#8220;ID&#8220;:&#8220;97&#8243;,&#8220;GUID&#8220;:&#8220;ECDA46A1E0E8CBB3C125724300427F5D&#8220;,&#8220;Nazev&#8220;:&#8220;\\u017delezobetonov\\u00fd r\\u00e1m 200\\\/100 B&#8220;,&#8220;Number&#8220;:&#8220;593831719017&#8243;,&#8220;ObchodniZnacka&#8220;:&#8220;IZM 17\\\/19&#8243;,&#8220;Zavods&#8220;:&#8220;07 \\u010cer\\u010dany&#8220;,&#8220;VyrPopisCZ&#8220;:&#8220;&#8220;,&#8220;VyrPopisDE&#8220;:&#8220;&#8220;,&#8220;VyrPopisEN&#8220;:&#8220;&#8220;,&#8220;VyrUrceniAPouzitCZ&#8220;:&#8220;Prvek \\u017eelezobetonov\\u00e9ho r\\u00e1mu 200\\\/100 [&hellip;]<\/p>","protected":false},"author":1,"featured_media":0,"parent":160606,"menu_order":0,"comment_status":"closed","ping_status":"closed","template":"layouts\/page-katalog.php","meta":{"footnotes":""},"_links":{"self":[{"href":"https:\/\/zpsv-cz.webvalleypreview.com\/en\/wp-json\/wp\/v2\/pages\/162893"}],"collection":[{"href":"https:\/\/zpsv-cz.webvalleypreview.com\/en\/wp-json\/wp\/v2\/pages"}],"about":[{"href":"https:\/\/zpsv-cz.webvalleypreview.com\/en\/wp-json\/wp\/v2\/types\/page"}],"author":[{"embeddable":true,"href":"https:\/\/zpsv-cz.webvalleypreview.com\/en\/wp-json\/wp\/v2\/users\/1"}],"replies":[{"embeddable":true,"href":"https:\/\/zpsv-cz.webvalleypreview.com\/en\/wp-json\/wp\/v2\/comments?post=162893"}],"version-history":[{"count":0,"href":"https:\/\/zpsv-cz.webvalleypreview.com\/en\/wp-json\/wp\/v2\/pages\/162893\/revisions"}],"up":[{"embeddable":true,"href":"https:\/\/zpsv-cz.webvalleypreview.com\/en\/wp-json\/wp\/v2\/pages\/160606"}],"wp:attachment":[{"href":"https:\/\/zpsv-cz.webvalleypreview.com\/en\/wp-json\/wp\/v2\/media?parent=162893"}],"curies":[{"name":"wp","href":"https:\/\/api.w.org\/{rel}","templated":true}]}}