{"id":162900,"date":"2024-05-23T13:38:10","date_gmt":"2024-05-23T11:38:10","guid":{"rendered":"https:\/\/zpsv-cz.webvalleypreview.com\/pozemni-stavby\/sloupy-tramy-vazniky-pruvlaky-steny-stropni-panely-schodiste-balkony-lodzie-zaklady\/zakazkova-vyroba-zakladovych-patek-a-kalichu\/"},"modified":"2024-05-23T13:38:10","modified_gmt":"2024-05-23T11:38:10","slug":"zakazkova-vyroba-zakladovych-patek-a-kalichu","status":"publish","type":"page","link":"https:\/\/zpsv-cz.webvalleypreview.com\/en\/pozemni-stavby\/sloupy-tramy-vazniky-pruvlaky-steny-stropni-panely-schodiste-balkony-lodzie-zaklady\/zakazkova-vyroba-zakladovych-patek-a-kalichu\/","title":{"rendered":"Zak\u00e1zkov\u00e1 v\u00fdroba z\u00e1kladov\u00fdch patek a kalich\u016f"},"content":{"rendered":"<p>{&#8222;DateCreate&#8220;:&#8220;10.09.2009 11:50:40&#8243;,&#8220;ID&#8220;:&#8220;119&#8243;,&#8220;GUID&#8220;:&#8220;919F8B13CBA31F02C125762D0036140C&#8220;,&#8220;Nazev&#8220;:&#8220;Zak\\u00e1zkov\\u00e1 v\\u00fdroba z\\u00e1kladov\\u00fdch patek a kalich\\u016f&#8220;,&#8220;Number&#8220;:&#8220;000000000002&#8243;,&#8220;ObchodniZnacka&#8220;:&#8220;ZV 002&#8243;,&#8220;Zavods&#8220;:&#8220;07 \\u010cer\\u010dany&#8220;,&#8220;VyrPopisCZ&#8220;:&#8220;&#8220;,&#8220;VyrPopisDE&#8220;:&#8220;&#8220;,&#8220;VyrPopisEN&#8220;:&#8220;&#8220;,&#8220;VyrUrceniAPouzitCZ&#8220;:&#8220;Prefabrikovan\\u00e9 z\\u00e1kladov\\u00e9 patky zrychluj\\u00ed prov\\u00e1d\\u011bn\\u00ed zakl\\u00e1dac\\u00edch prac\\u00ed p\\u0159i stavb\\u011b prefabrikovan\\u00fdch skeletov\\u00fdch syst\\u00e9m\\u016f a podstatn\\u011b sni\\u017euj\\u00ed jejich pracnost.\\rRozm\\u011bry prvk\\u016f jsou navr\\u017eeny pro b\\u011b\\u017en\\u011b pou\\u017e\\u00edvan\\u00e9 rozm\\u011bry sloup\\u016f a rozm\\u011bry prostorov\\u00e9ho uspo\\u0159\\u00e1d\\u00e1n\\u00ed skeletov\\u00fdch staveb. Rozm\\u011bry, vyztu\\u017een\\u00ed t\\u0159\\u00edda betonu atd. stanovuje realiza\\u010dn\\u00ed dokumentace stavby. Vyr\\u00e1b\\u00ed se z hladkou \\u00falo\\u017enou plochou  nebo z vy\\u010dn\\u00edvaj\\u00edc\\u00ed beton\\u00e1\\u0159skou v\\u00fdztu\\u017e\\u00ed pro dodate\\u010dn\\u00e9 zmonolitn\\u011bn\\u00ed se spodn\\u00edm stupn\\u011bm patky, kdy se prefabrikovan\\u00e1 patka s vy\\u010dn\\u00edvaj\\u00edc\\u00ed v\\u00fdztu\\u017e\\u00ed usad\\u00ed do bedn\\u011bn\\u00ed spodn\\u00edho stupn\\u011b nebo do p\\u0159esn\\u011b vyhlouben\\u00e9 j\\u00e1my na podkladn\\u00ed beton a provede se zmonolitn\\u011bn\\u00ed obou \\u010d\\u00e1st\\u00ed patek.&#8220;,&#8220;VyrUrceniAPouzitDE&#8220;:&#8220;&#8220;,&#8220;VyrUrceniAPouzitEN&#8220;:&#8220;Prefab single footings speed up the foundation works at the construction of prefab skeletal systems and significantly reduce the labour content.\\rThe element dimensions are designed for commonly used pole dimensions and the dimensions of skeleton structures space layout. Dimensions, reinforcement and concrete grade, etc. is specified in the implementation documentation of the work. It is made with smooth bearing area or with protruding concrete reinforcement for creating a subsequent monolith with footing bottom part when a prefab footing with protruding reinforcement sits in the bottom part of shuttering or in accurately excavated hole on the base concrete and both footing parts make for one monolith.&#8220;,&#8220;VyrNazevCZ&#8220;:&#8220;Zak\\u00e1zkov\\u00e1 v\\u00fdroba z\\u00e1kladov\\u00fdch patek a kalich\\u016f&#8220;,&#8220;VyrNazevDE&#8220;:&#8220;&#8220;,&#8220;VyrNazevEN&#8220;:&#8220;Custom manufacturing of single footing and globlets&#8220;,&#8220;Beton&#8220;:&#8220;&#8220;,&#8220;ObjemPrvku&#8220;:&#8220;&#8220;,&#8220;HmotnostPrvku&#8220;:&#8220;&#8220;,&#8220;L&#8220;:&#8220;\\u010cer\\u010dany max 220\\rLitice max 135&#8243;,&#8220;B&#8220;:&#8220;\\u010cer\\u010dany max 140\\rLitice max 135&#8243;,&#8220;H&#8220;:&#8220;\\u010cer\\u010dany max 150\\rLitice max 135&#8243;,&#8220;T&#8220;:&#8220;&#8220;,&#8220;D&#8220;:&#8220;&#8220;,&#8220;R&#8220;:&#8220;&#8220;,&#8220;L_2&#8243;:&#8220;&#8220;,&#8220;B_2&#8243;:&#8220;&#8220;,&#8220;H_2&#8243;:&#8220;&#8220;,&#8220;T_2&#8243;:&#8220;&#8220;,&#8220;D_2&#8243;:&#8220;&#8220;,&#8220;R_2&#8243;:&#8220;&#8220;,&#8220;L_1&#8243;:&#8220;&#8220;,&#8220;B_1&#8243;:&#8220;&#8220;,&#8220;H_1&#8243;:&#8220;&#8220;,&#8220;T_1&#8243;:&#8220;&#8220;,&#8220;D_1&#8243;:&#8220;&#8220;,&#8220;R_1&#8243;:&#8220;&#8220;,&#8220;KategorieName&#8220;:&#8220;Ob\\u010dansk\\u00e9 a pr\\u016fmyslov\\u00e9 stavby&#8220;,&#8220;PodkategorieName&#8220;:&#8220;Sloupy, tr\\u00e1my, vazn\\u00edky, pr\\u016fvlaky, st\\u011bny, stropn\\u00ed panely, schodi\\u0161t\\u011b, balkony, lod\\u017eie, z\\u00e1klady&#8220;,&#8220;attachments&#8220;:{&#8222;pvl&#8220;:[{&#8222;DateCreate&#8220;:&#8220;30.08.2022 13:35:26&#8243;,&#8220;ID&#8220;:&#8220;102&#8243;,&#8220;GUID&#8220;:&#8220;7CAE26B9FDC2F87BC12588AE003FAB41&#8243;,&#8220;VYR_ID&#8220;:&#8220;119&#8243;,&#8220;VYR_Number&#8220;:&#8220;000000000002&#8243;,&#8220;VYR_ObchodniZnacka&#8220;:&#8220;ZV 002&#8243;,&#8220;Number&#8220;:&#8220;07-09\\\/22&#8243;,&#8220;Nazev&#8220;:&#8220;\\u017delezobetonov\\u00e9 z\\u00e1kladov\\u00e9 prvky&#8220;,&#8220;DatePlatnostDo&#8220;:&#8220;14.08.2023 0:00:00&#8243;,&#8220;ZavodName&#8220;:&#8220;07 \\u010cer\\u010dany&#8220;,&#8220;file&#8220;:[{&#8222;ID&#8220;:&#8220;13180&#8243;,&#8220;ResourceGUID&#8220;:&#8220;7CAE26B9FDC2F87BC12588AE003FAB41&#8243;,&#8220;Name&#8220;:&#8220;1 &#8211; POV 07-09-22.pdf&#8220;,&#8220;FileNameGUID&#8220;:&#8220;7CAE26B9FDC2F87BC12588AE003FAB41_MTNOHM2V&#8220;,&#8220;Comment&#8220;:&#8220;&#8220;,&#8220;fileModel.Size&#8220;:&#8220;74842&#8243;,&#8220;Create&#8220;:&#8220;22.11.2023 7:52:38&#8243;,&#8220;MimeType&#8220;:&#8220;application\\\/octet-stream&#8220;,&#8220;ZPSV_WEB&#8220;:&#8220;True&#8220;}]},{&#8222;DateCreate&#8220;:&#8220;24.11.2023 13:58:41&#8243;,&#8220;ID&#8220;:&#8220;162&#8243;,&#8220;GUID&#8220;:&#8220;4d13e201-f308-4b7f-8d14-15b344db8fff&#8220;,&#8220;VYR_ID&#8220;:&#8220;119&#8243;,&#8220;VYR_Number&#8220;:&#8220;000000000002&#8243;,&#8220;VYR_ObchodniZnacka&#8220;:&#8220;ZV 002&#8243;,&#8220;Number&#8220;:&#8220;07-19\\\/23&#8243;,&#8220;Nazev&#8220;:&#8220;\\u017delezobetonov\\u00e9 z\\u00e1kladov\\u00e9 prvky&#8220;,&#8220;DatePlatnostDo&#8220;:&#8220;23.10.2024 0:00:00&#8243;,&#8220;ZavodName&#8220;:&#8220;07 \\u010cer\\u010dany&#8220;,&#8220;file&#8220;:[{&#8222;ID&#8220;:&#8220;13385&#8243;,&#8220;ResourceGUID&#8220;:&#8220;4d13e201-f308-4b7f-8d14-15b344db8fff&#8220;,&#8220;Name&#8220;:&#8220;1 &#8211; POV 07-19-23.pdf&#8220;,&#8220;FileNameGUID&#8220;:&#8220;ab9ba05a-512c-4e7c-875d-cda2fd61c53b&#8220;,&#8220;Comment&#8220;:&#8220;&#8220;,&#8220;fileModel.Size&#8220;:&#8220;72010&#8243;,&#8220;Create&#8220;:&#8220;24.11.2023 14:00:01&#8243;,&#8220;MimeType&#8220;:&#8220;application\\\/pdf&#8220;,&#8220;ZPSV_WEB&#8220;:&#8220;True&#8220;}]},{&#8222;DateCreate&#8220;:&#8220;18.05.2023 14:50:48&#8243;,&#8220;ID&#8220;:&#8220;131&#8243;,&#8220;GUID&#8220;:&#8220;089F688212FD03FBC12589B3004691BE&#8220;,&#8220;VYR_ID&#8220;:&#8220;119&#8243;,&#8220;VYR_Number&#8220;:&#8220;000000000002&#8243;,&#8220;VYR_ObchodniZnacka&#8220;:&#8220;ZV 002&#8243;,&#8220;Number&#8220;:&#8220;41-11\\\/23&#8243;,&#8220;Nazev&#8220;:&#8220;\\u017delezobetonov\\u00e9 z\\u00e1kladov\\u00e9 prvky&#8220;,&#8220;DatePlatnostDo&#8220;:&#8220;10.05.2024 0:00:00&#8243;,&#8220;ZavodName&#8220;:&#8220;41 Litice&#8220;,&#8220;file&#8220;:[{&#8222;ID&#8220;:&#8220;13031&#8243;,&#8220;ResourceGUID&#8220;:&#8220;089F688212FD03FBC12589B3004691BE&#8220;,&#8220;Name&#8220;:&#8220;1 &#8211; POV 41-11-23.pdf&#8220;,&#8220;FileNameGUID&#8220;:&#8220;089F688212FD03FBC12589B3004691BE_UJZEZ86G&#8220;,&#8220;Comment&#8220;:&#8220;&#8220;,&#8220;fileModel.Size&#8220;:&#8220;70510&#8243;,&#8220;Create&#8220;:&#8220;22.11.2023 7:52:37&#8243;,&#8220;MimeType&#8220;:&#8220;application\\\/octet-stream&#8220;,&#8220;ZPSV_WEB&#8220;:&#8220;True&#8220;}]}],&#8220;tpd&#8220;:[{&#8222;DateCreate&#8220;:&#8220;&#8220;,&#8220;ID&#8220;:&#8220;1546&#8243;,&#8220;GUID&#8220;:&#8220;F590EDD98226E96DC1257E91003D91BB&#8220;,&#8220;VYR_ID&#8220;:&#8220;119&#8243;,&#8220;VYR_Number&#8220;:&#8220;000000000002&#8243;,&#8220;VYR_ObchodniZnacka&#8220;:&#8220;ZV 002&#8243;,&#8220;DocumentNumber&#8220;:&#8220;VTP 00-02\\\/11&#8243;,&#8220;Title&#8220;:&#8220;V\\u0161eobecn\\u00e9 technick\\u00e9 po\\u017eadavky&#8220;,&#8220;IssueNumber&#8220;:&#8220;1&#8243;,&#8220;file&#8220;:[{&#8222;ID&#8220;:&#8220;3893&#8243;,&#8220;ResourceGUID&#8220;:&#8220;F590EDD98226E96DC1257E91003D91BB&#8220;,&#8220;Name&#8220;:&#8220;VTP 00-02_11 V\\u0161eobecn\\u00e9 technick\\u00e9 po\\u017eadavky (3-2).pdf&#8220;,&#8220;FileNameGUID&#8220;:&#8220;F590EDD98226E96DC1257E91003D91BB_B6LRW1S3&#8243;,&#8220;Comment&#8220;:&#8220;&#8220;,&#8220;fileModel.Size&#8220;:&#8220;538123&#8243;,&#8220;Create&#8220;:&#8220;17.08.2023 10:19:57&#8243;,&#8220;MimeType&#8220;:&#8220;application\\\/octet-stream&#8220;,&#8220;ZPSV_WEB&#8220;:&#8220;True&#8220;}]}]}}<\/p>","protected":false},"excerpt":{"rendered":"<p>{&#8222;DateCreate&#8220;:&#8220;10.09.2009 11:50:40&#8243;,&#8220;ID&#8220;:&#8220;119&#8243;,&#8220;GUID&#8220;:&#8220;919F8B13CBA31F02C125762D0036140C&#8220;,&#8220;Nazev&#8220;:&#8220;Zak\\u00e1zkov\\u00e1 v\\u00fdroba z\\u00e1kladov\\u00fdch patek a kalich\\u016f&#8220;,&#8220;Number&#8220;:&#8220;000000000002&#8243;,&#8220;ObchodniZnacka&#8220;:&#8220;ZV 002&#8243;,&#8220;Zavods&#8220;:&#8220;07 \\u010cer\\u010dany&#8220;,&#8220;VyrPopisCZ&#8220;:&#8220;&#8220;,&#8220;VyrPopisDE&#8220;:&#8220;&#8220;,&#8220;VyrPopisEN&#8220;:&#8220;&#8220;,&#8220;VyrUrceniAPouzitCZ&#8220;:&#8220;Prefabrikovan\\u00e9 z\\u00e1kladov\\u00e9 [&hellip;]<\/p>","protected":false},"author":1,"featured_media":0,"parent":160656,"menu_order":0,"comment_status":"closed","ping_status":"closed","template":"layouts\/page-katalog.php","meta":{"footnotes":""},"_links":{"self":[{"href":"https:\/\/zpsv-cz.webvalleypreview.com\/en\/wp-json\/wp\/v2\/pages\/162900"}],"collection":[{"href":"https:\/\/zpsv-cz.webvalleypreview.com\/en\/wp-json\/wp\/v2\/pages"}],"about":[{"href":"https:\/\/zpsv-cz.webvalleypreview.com\/en\/wp-json\/wp\/v2\/types\/page"}],"author":[{"embeddable":true,"href":"https:\/\/zpsv-cz.webvalleypreview.com\/en\/wp-json\/wp\/v2\/users\/1"}],"replies":[{"embeddable":true,"href":"https:\/\/zpsv-cz.webvalleypreview.com\/en\/wp-json\/wp\/v2\/comments?post=162900"}],"version-history":[{"count":0,"href":"https:\/\/zpsv-cz.webvalleypreview.com\/en\/wp-json\/wp\/v2\/pages\/162900\/revisions"}],"up":[{"embeddable":true,"href":"https:\/\/zpsv-cz.webvalleypreview.com\/en\/wp-json\/wp\/v2\/pages\/160656"}],"wp:attachment":[{"href":"https:\/\/zpsv-cz.webvalleypreview.com\/en\/wp-json\/wp\/v2\/media?parent=162900"}],"curies":[{"name":"wp","href":"https:\/\/api.w.org\/{rel}","templated":true}]}}