{"id":162904,"date":"2024-05-23T13:38:11","date_gmt":"2024-05-23T11:38:11","guid":{"rendered":"https:\/\/zpsv-cz.webvalleypreview.com\/mostni-konstrukce-a-propustky\/prostorove-prvky-pro-inzenyrske-site\/zelezobetonovy-ram-dzr-6\/"},"modified":"2024-05-23T13:38:11","modified_gmt":"2024-05-23T11:38:11","slug":"zelezobetonovy-ram-dzr-6","status":"publish","type":"page","link":"https:\/\/zpsv-cz.webvalleypreview.com\/en\/mostni-konstrukce-a-propustky\/prostorove-prvky-pro-inzenyrske-site\/zelezobetonovy-ram-dzr-6\/","title":{"rendered":"\u017delezobetonov\u00fd r\u00e1m DZR 6"},"content":{"rendered":"<p>{&#8222;DateCreate&#8220;:&#8220;06.11.2002 14:46:57&#8243;,&#8220;ID&#8220;:&#8220;129&#8243;,&#8220;GUID&#8220;:&#8220;9A6746BBC85683CEC1256C69004BB5C3&#8243;,&#8220;Nazev&#8220;:&#8220;\\u017delezobetonov\\u00fd r\\u00e1m DZR 6&#8243;,&#8220;Number&#8220;:&#8220;593831010024&#8243;,&#8220;ObchodniZnacka&#8220;:&#8220;IZM 24\\\/10&#8243;,&#8220;Zavods&#8220;:&#8220;07 \\u010cer\\u010dany&#8220;,&#8220;VyrPopisCZ&#8220;:&#8220;&#8220;,&#8220;VyrPopisDE&#8220;:&#8220;&#8220;,&#8220;VyrPopisEN&#8220;:&#8220;&#8220;,&#8220;VyrUrceniAPouzitCZ&#8220;:&#8220;Prvky DZR 6 slou\\u017e\\u00ed k vytv\\u00e1\\u0159en\\u00ed montovan\\u00fdch r\\u00e1mov\\u00fdch podchod\\u016f pro stani\\u010dn\\u00ed zavazadlov\\u00e9 tunely, pro podchody pro p\\u011b\\u0161\\u00ed a pro objekty k jin\\u00fdm \\u00fa\\u010del\\u016fm, a to pouze jednoduch\\u00e9. Jsou uzp\\u016fsobeny pro spojov\\u00e1n\\u00ed zmonolitn\\u011bn\\u00edm. Oproti prvku DZR 5 se li\\u0161\\u00ed svoj\\u00ed skladebn\\u00ed d\\u00e9lkou. Jsou dimenzov\\u00e1ny pro zat\\u00ed\\u017een\\u00ed st\\u00e1l\\u00e9, dan\\u00e9 tlou\\u0161\\u0165kou \\u0161t\\u011brkov\\u00e9ho lo\\u017ee od 0,55 &#8211; 1,0 m a pohybliv\\u00e9, dan\\u00e9 t\\u011b\\u017ek\\u00fdm zat\\u011b\\u017eovac\\u00edm vlakem \\u010cSD T, jeho\\u017e normov\\u00e9 zat\\u00ed\\u017een\\u00ed je d\\u00e1no sestavou n\\u00e1pravov\\u00fdch sil 4 x 312,5 kN a rovnom\\u011brn\\u00fdm zat\\u00ed\\u017een\\u00edm 100 kN\\\/m. Manipulace a mont\\u00e1\\u017e je prov\\u00e1d\\u011bna pomoc\\u00ed speci\\u00e1ln\\u00edch z\\u00e1v\\u011bsn\\u00fdch ok, osazovan\\u00fdch do p\\u0159edem p\\u0159ipraven\\u00fdch otvor\\u016f ve st\\u011bn\\u011b r\\u00e1mu. Podm\\u00ednky zabudov\\u00e1n\\u00ed a pou\\u017e\\u00edv\\u00e1n\\u00ed prvk\\u016f jsou obsa\\u017eeny v typov\\u00e9m podkladu \\&#8220;Prvky \\u017eelezni\\u010dn\\u00edch r\\u00e1mov\\u00fdch podchod\\u016f sv. 305\\\/280 a 405\\\/280 &#8211; \\u010d\\u00e1st B\\&#8220; z roku 1971&#8243;,&#8220;VyrUrceniAPouzitDE&#8220;:&#8220;&#8220;,&#8220;VyrUrceniAPouzitEN&#8220;:&#8220;The elements DZR 5, 6, 7, 8 serve for forming of mounted frame underpasses for station luggage tunnels, for pedestrian underpasses and for buildings for other purposes, i.e. simple ones only. They are adapted for jointing by monolith forming. In contrast to the element DZR 7 they have another structural length.\\rThey are designed for continuous load given by the gravel bed thickness from 0.55 to 1.0 m and moving load given by the heavy load train \\u010cSD T, the standard load of which is given by a set of axle forces 4 x 312.5 kN and by the uniform load 100 kNm-1.\\rNote: \\rDocuments for use of the elements are contained in the type document \\u201eElements of Railway Frame Culverts, Vol. 305\\\/280 and 405\\\/280 \\u2013 Part B\\u201c from 1971\\u201c.&#8220;,&#8220;VyrNazevCZ&#8220;:&#8220;\\u017delezobetonov\\u00fd r\\u00e1m DZR 6&#8243;,&#8220;VyrNazevDE&#8220;:&#8220;&#8220;,&#8220;VyrNazevEN&#8220;:&#8220;Frame underpass DZR 6&#8243;,&#8220;Beton&#8220;:&#8220;C 30\\\/37-XF4&#8243;,&#8220;ObjemPrvku&#8220;:&#8220;5,0000&#8243;,&#8220;HmotnostPrvku&#8220;:&#8220;12500&#8243;,&#8220;L&#8220;:&#8220;178&#8243;,&#8220;B&#8220;:&#8220;345&#8243;,&#8220;H&#8220;:&#8220;330&#8243;,&#8220;T&#8220;:&#8220;&#8220;,&#8220;D&#8220;:&#8220;&#8220;,&#8220;R&#8220;:&#8220;&#8220;,&#8220;L_2&#8243;:&#8220;&#8220;,&#8220;B_2&#8243;:&#8220;305&#8243;,&#8220;H_2&#8243;:&#8220;280&#8243;,&#8220;T_2&#8243;:&#8220;&#8220;,&#8220;D_2&#8243;:&#8220;&#8220;,&#8220;R_2&#8243;:&#8220;&#8220;,&#8220;L_1&#8243;:&#8220;&#8220;,&#8220;B_1&#8243;:&#8220;&#8220;,&#8220;H_1&#8243;:&#8220;&#8220;,&#8220;T_1&#8243;:&#8220;&#8220;,&#8220;D_1&#8243;:&#8220;&#8220;,&#8220;R_1&#8243;:&#8220;&#8220;,&#8220;KategorieName&#8220;:&#8220;Dopravn\\u00ed a in\\u017een\\u00fdrsk\\u00e9 stavby&#8220;,&#8220;PodkategorieName&#8220;:&#8220;Prostorov\\u00e9 prvky pro in\\u017een\\u00fdrsk\\u00e9 s\\u00edt\\u011b&#8220;,&#8220;attachments&#8220;:{&#8222;designs&#8220;:[{&#8222;DateCreate&#8220;:&#8220;&#8220;,&#8220;ID&#8220;:&#8220;2879&#8243;,&#8220;GUID&#8220;:&#8220;BD548078285A149AC1257003003B4190&#8243;,&#8220;VYR_ID&#8220;:&#8220;129&#8243;,&#8220;VYR_Number&#8220;:&#8220;593831010024&#8243;,&#8220;VYR_ObchodniZnacka&#8220;:&#8220;IZM 24\\\/10&#8243;,&#8220;DocumentNumber&#8220;:&#8220;593831010024&#8243;,&#8220;Title&#8220;:&#8220;Propustek DZR 6 &#8211; 305\\\/280&#8243;,&#8220;IssueNumber&#8220;:&#8220;1&#8243;,&#8220;ZPSV_R4_Vyk1_ZaLomitkem&#8220;:&#8220;\\\/1&#8243;,&#8220;file&#8220;:[]},{&#8222;DateCreate&#8220;:&#8220;&#8220;,&#8220;ID&#8220;:&#8220;2878&#8243;,&#8220;GUID&#8220;:&#8220;FF6B7DC5C82E1993C1257003003D4A89&#8243;,&#8220;VYR_ID&#8220;:&#8220;129&#8243;,&#8220;VYR_Number&#8220;:&#8220;593831010024&#8243;,&#8220;VYR_ObchodniZnacka&#8220;:&#8220;IZM 24\\\/10&#8243;,&#8220;DocumentNumber&#8220;:&#8220;593831010024&#8243;,&#8220;Title&#8220;:&#8220; R\\u00e1mov\\u00e9 prvky DZR 305\\\/280 \\u00faprava v\\u00fdztu\\u017ee dle zm\\u011bny \\u010d. 2\\\/94&#8243;,&#8220;IssueNumber&#8220;:&#8220;1&#8243;,&#8220;ZPSV_R4_Vyk1_ZaLomitkem&#8220;:&#8220;\\\/2&#8243;,&#8220;file&#8220;:[]}],&#8220;pvl&#8220;:[{&#8222;DateCreate&#8220;:&#8220;18.05.2023 14:26:44&#8243;,&#8220;ID&#8220;:&#8220;124&#8243;,&#8220;GUID&#8220;:&#8220;2FFEBD579A0CCD57C12589B300445DAA&#8220;,&#8220;VYR_ID&#8220;:&#8220;129&#8243;,&#8220;VYR_Number&#8220;:&#8220;593831010024&#8243;,&#8220;VYR_ObchodniZnacka&#8220;:&#8220;IZM 24\\\/10&#8243;,&#8220;Number&#8220;:&#8220;41-04\\\/23&#8243;,&#8220;Nazev&#8220;:&#8220;\\u017delezobetonov\\u00e9 r\\u00e1mov\\u00e9 propustky a podchody&#8220;,&#8220;DatePlatnostDo&#8220;:&#8220;03.05.2024 0:00:00&#8243;,&#8220;ZavodName&#8220;:&#8220;41 Litice&#8220;,&#8220;file&#8220;:[{&#8222;ID&#8220;:&#8220;13072&#8243;,&#8220;ResourceGUID&#8220;:&#8220;2FFEBD579A0CCD57C12589B300445DAA&#8220;,&#8220;Name&#8220;:&#8220;1 &#8211; POV 41-04-23.pdf&#8220;,&#8220;FileNameGUID&#8220;:&#8220;2FFEBD579A0CCD57C12589B300445DAA_2D0REQ8T&#8220;,&#8220;Comment&#8220;:&#8220;&#8220;,&#8220;fileModel.Size&#8220;:&#8220;89134&#8243;,&#8220;Create&#8220;:&#8220;22.11.2023 7:52:37&#8243;,&#8220;MimeType&#8220;:&#8220;application\\\/octet-stream&#8220;,&#8220;ZPSV_WEB&#8220;:&#8220;True&#8220;}]}],&#8220;tpd&#8220;:[{&#8222;DateCreate&#8220;:&#8220;&#8220;,&#8220;ID&#8220;:&#8220;1516&#8243;,&#8220;GUID&#8220;:&#8220;4ADB5266C17649ACC1257E9100273136&#8243;,&#8220;VYR_ID&#8220;:&#8220;129&#8243;,&#8220;VYR_Number&#8220;:&#8220;593831010024&#8243;,&#8220;VYR_ObchodniZnacka&#8220;:&#8220;IZM 24\\\/10&#8243;,&#8220;DocumentNumber&#8220;:&#8220;TP-02\\\/06&#8243;,&#8220;Title&#8220;:&#8220;Prostorov\\u00e9 prvky pro in\\u017een\\u00fdrsk\\u00e9 s\\u00edt\\u011b&#8220;,&#8220;IssueNumber&#8220;:&#8220;3&#8243;,&#8220;file&#8220;:[{&#8222;ID&#8220;:&#8220;3686&#8243;,&#8220;ResourceGUID&#8220;:&#8220;4ADB5266C17649ACC1257E9100273136&#8243;,&#8220;Name&#8220;:&#8220;TP-02_06 Prostorov\\u00e9 prvky pro in\\u017een\\u00fdrsk\\u00e9 s\\u00edt\\u011b (3-2).pdf&#8220;,&#8220;FileNameGUID&#8220;:&#8220;4ADB5266C17649ACC1257E9100273136_BCZ49OU5&#8243;,&#8220;Comment&#8220;:&#8220;&#8220;,&#8220;fileModel.Size&#8220;:&#8220;616248&#8243;,&#8220;Create&#8220;:&#8220;17.08.2023 10:19:55&#8243;,&#8220;MimeType&#8220;:&#8220;application\\\/octet-stream&#8220;,&#8220;ZPSV_WEB&#8220;:&#8220;True&#8220;}]},{&#8222;DateCreate&#8220;:&#8220;&#8220;,&#8220;ID&#8220;:&#8220;1566&#8243;,&#8220;GUID&#8220;:&#8220;B558E6983071A3E6C1257F9A003151A2&#8243;,&#8220;VYR_ID&#8220;:&#8220;129&#8243;,&#8220;VYR_Number&#8220;:&#8220;593831010024&#8243;,&#8220;VYR_ObchodniZnacka&#8220;:&#8220;IZM 24\\\/10&#8243;,&#8220;DocumentNumber&#8220;:&#8220;TP-08\\\/16&#8243;,&#8220;Title&#8220;:&#8220;Prostorov\\u00e9 prvky pro in\\u017een\\u00fdrsk\\u00e9 s\\u00edt\\u011b (\\u017dSR)&#8220;,&#8220;IssueNumber&#8220;:&#8220;1&#8243;,&#8220;file&#8220;:[{&#8222;ID&#8220;:&#8220;3824&#8243;,&#8220;ResourceGUID&#8220;:&#8220;B558E6983071A3E6C1257F9A003151A2&#8243;,&#8220;Name&#8220;:&#8220;TP-08_16 Prostorov\\u00e9 prvky pro in\\u017een\\u00fdrsk\\u00e9 s\\u00edt\\u011b (1-3).pdf&#8220;,&#8220;FileNameGUID&#8220;:&#8220;B558E6983071A3E6C1257F9A003151A2_BYGGG37Q&#8220;,&#8220;Comment&#8220;:&#8220;&#8220;,&#8220;fileModel.Size&#8220;:&#8220;1108501&#8243;,&#8220;Create&#8220;:&#8220;17.08.2023 10:19:56&#8243;,&#8220;MimeType&#8220;:&#8220;application\\\/octet-stream&#8220;,&#8220;ZPSV_WEB&#8220;:&#8220;True&#8220;}]}]}}<\/p>","protected":false},"excerpt":{"rendered":"<p>{&#8222;DateCreate&#8220;:&#8220;06.11.2002 14:46:57&#8243;,&#8220;ID&#8220;:&#8220;129&#8243;,&#8220;GUID&#8220;:&#8220;9A6746BBC85683CEC1256C69004BB5C3&#8243;,&#8220;Nazev&#8220;:&#8220;\\u017delezobetonov\\u00fd r\\u00e1m DZR 6&#8243;,&#8220;Number&#8220;:&#8220;593831010024&#8243;,&#8220;ObchodniZnacka&#8220;:&#8220;IZM 24\\\/10&#8243;,&#8220;Zavods&#8220;:&#8220;07 \\u010cer\\u010dany&#8220;,&#8220;VyrPopisCZ&#8220;:&#8220;&#8220;,&#8220;VyrPopisDE&#8220;:&#8220;&#8220;,&#8220;VyrPopisEN&#8220;:&#8220;&#8220;,&#8220;VyrUrceniAPouzitCZ&#8220;:&#8220;Prvky DZR 6 slou\\u017e\\u00ed [&hellip;]<\/p>","protected":false},"author":1,"featured_media":0,"parent":160606,"menu_order":0,"comment_status":"closed","ping_status":"closed","template":"layouts\/page-katalog.php","meta":{"footnotes":""},"_links":{"self":[{"href":"https:\/\/zpsv-cz.webvalleypreview.com\/en\/wp-json\/wp\/v2\/pages\/162904"}],"collection":[{"href":"https:\/\/zpsv-cz.webvalleypreview.com\/en\/wp-json\/wp\/v2\/pages"}],"about":[{"href":"https:\/\/zpsv-cz.webvalleypreview.com\/en\/wp-json\/wp\/v2\/types\/page"}],"author":[{"embeddable":true,"href":"https:\/\/zpsv-cz.webvalleypreview.com\/en\/wp-json\/wp\/v2\/users\/1"}],"replies":[{"embeddable":true,"href":"https:\/\/zpsv-cz.webvalleypreview.com\/en\/wp-json\/wp\/v2\/comments?post=162904"}],"version-history":[{"count":0,"href":"https:\/\/zpsv-cz.webvalleypreview.com\/en\/wp-json\/wp\/v2\/pages\/162904\/revisions"}],"up":[{"embeddable":true,"href":"https:\/\/zpsv-cz.webvalleypreview.com\/en\/wp-json\/wp\/v2\/pages\/160606"}],"wp:attachment":[{"href":"https:\/\/zpsv-cz.webvalleypreview.com\/en\/wp-json\/wp\/v2\/media?parent=162904"}],"curies":[{"name":"wp","href":"https:\/\/api.w.org\/{rel}","templated":true}]}}