{"id":162908,"date":"2024-05-23T13:38:11","date_gmt":"2024-05-23T11:38:11","guid":{"rendered":"https:\/\/zpsv-cz.webvalleypreview.com\/kolejove-dopravni-stavby\/prejezdy-a-prechody-zakryty-a-zadlazby\/zakrytova-deska-a-desen-kostka\/"},"modified":"2024-05-23T13:38:11","modified_gmt":"2024-05-23T11:38:11","slug":"zakrytova-deska-a-desen-kostka","status":"publish","type":"page","link":"https:\/\/zpsv-cz.webvalleypreview.com\/en\/kolejove-dopravni-stavby\/prejezdy-a-prechody-zakryty-a-zadlazby\/zakrytova-deska-a-desen-kostka\/","title":{"rendered":"Z\u00e1krytov\u00e1 deska A des\u00e9n kostka"},"content":{"rendered":"<p>{&#8222;DateCreate&#8220;:&#8220;06.11.2002 14:47:10&#8243;,&#8220;ID&#8220;:&#8220;148&#8243;,&#8220;GUID&#8220;:&#8220;0F88EB8164E4D5A7C1256C69004BBAC4&#8243;,&#8220;Nazev&#8220;:&#8220;Z\\u00e1krytov\\u00e1 deska A des\\u00e9n kostka&#8220;,&#8220;Number&#8220;:&#8220;593891719411&#8243;,&#8220;ObchodniZnacka&#8220;:&#8220;IZX 411\\\/19&#8243;,&#8220;Zavods&#8220;:&#8220;31 Doloplazy&#8220;,&#8220;VyrPopisCZ&#8220;:&#8220;&#8220;,&#8220;VyrPopisDE&#8220;:&#8220;&#8220;,&#8220;VyrPopisEN&#8220;:&#8220;&#8220;,&#8220;VyrUrceniAPouzitCZ&#8220;:&#8220;Slou\\u017e\\u00ed k zakryt\\u00ed tramvajov\\u00fdch trat\\u00ed o rozchodu 1 435 mm. Z\\u00e1krytov\\u00e9 desky A  jsou ur\\u010deny pro ulo\\u017een\\u00ed dovnit\\u0159 kolejov\\u00e9ho p\\u00e1su. Jsou vhodn\\u00e9 pro v\\u0161echny druhy tramvajov\\u00fdch svr\\u0161k\\u016f &#8211; kombinace r\\u016fzn\\u00fdch pra\\u017ec\\u016f, kolejnic a upevn\\u011bn\\u00ed. Z\\u00e1krytov\\u00e9 desky jsou dimenzov\\u00e1ny na silni\\u010dn\\u00ed zat\\u00ed\\u017een\\u00ed automobilov\\u00fdm provozem podle \\u010cSN 736114 a \\u010cSN 730035, a to na tlak n\\u00e1pravy 110 kN. Manipulace je prov\\u00e1d\\u011bna pomoc\\u00ed p\\u0159epravn\\u00edch \\u00fachyt\\u016f s kulovou hlavou.&#8220;,&#8220;VyrUrceniAPouzitDE&#8220;:&#8220;&#8220;,&#8220;VyrUrceniAPouzitEN&#8220;:&#8220;It serves for covering of tram roads with gauge of 1,435 mm. The cover plate type A is intended for inside of railroad line, the cover plate type C is intended for laying between two or more railroad lines,  the cover plates B and E are intended for laying outside of railroad line. They are suitable for all kinds of tram superstructures \\u2013 combination of various sleepers, rails and fastenings. The cover plates D are intended for laying outside of railroad line and they serve as a drive-up curbstone in case of a raised body of tram roads. They are suitable for all kinds of tram superstructures \\u2013 combination of various sleepers, rails and fastenings. The cover plates are designed for road load by motor-traffic according to \\u010cSN 736114 and \\u010cSN 730035, i.e. for axle load 110 kN.&#8220;,&#8220;VyrNazevCZ&#8220;:&#8220;Z\\u00e1krytov\\u00e1 deska A, des\\u00e9n kostka&#8220;,&#8220;VyrNazevDE&#8220;:&#8220;&#8220;,&#8220;VyrNazevEN&#8220;:&#8220;Cover plate A, pattern cube&#8220;,&#8220;Beton&#8220;:&#8220;C 35\\\/45-XF4&#8243;,&#8220;ObjemPrvku&#8220;:&#8220;0,3236&#8243;,&#8220;HmotnostPrvku&#8220;:&#8220;825&#8243;,&#8220;L&#8220;:&#8220;177&#8243;,&#8220;B&#8220;:&#8220;125&#8243;,&#8220;H&#8220;:&#8220;16&#8243;,&#8220;T&#8220;:&#8220;&#8220;,&#8220;D&#8220;:&#8220;&#8220;,&#8220;R&#8220;:&#8220;&#8220;,&#8220;L_2&#8243;:&#8220;&#8220;,&#8220;B_2&#8243;:&#8220;&#8220;,&#8220;H_2&#8243;:&#8220;&#8220;,&#8220;T_2&#8243;:&#8220;&#8220;,&#8220;D_2&#8243;:&#8220;&#8220;,&#8220;R_2&#8243;:&#8220;&#8220;,&#8220;L_1&#8243;:&#8220;&#8220;,&#8220;B_1&#8243;:&#8220;88&#8243;,&#8220;H_1&#8243;:&#8220;6,75&#8243;,&#8220;T_1&#8243;:&#8220;&#8220;,&#8220;D_1&#8243;:&#8220;&#8220;,&#8220;R_1&#8243;:&#8220;&#8220;,&#8220;KategorieName&#8220;:&#8220;Dopravn\\u00ed a in\\u017een\\u00fdrsk\\u00e9 stavby&#8220;,&#8220;PodkategorieName&#8220;:&#8220;P\\u0159ejezdy a p\\u0159echody, z\\u00e1kryty a z\\u00e1dla\\u017eby&#8220;,&#8220;attachments&#8220;:{&#8222;designs&#8220;:[{&#8222;DateCreate&#8220;:&#8220;&#8220;,&#8220;ID&#8220;:&#8220;2741&#8243;,&#8220;GUID&#8220;:&#8220;4C6446074C29D5B0C1257022002DBB75&#8243;,&#8220;VYR_ID&#8220;:&#8220;148&#8243;,&#8220;VYR_Number&#8220;:&#8220;593891719411&#8243;,&#8220;VYR_ObchodniZnacka&#8220;:&#8220;IZX 411\\\/19&#8243;,&#8220;DocumentNumber&#8220;:&#8220;593891719411&#8243;,&#8220;Title&#8220;:&#8220;Z\\u00e1krytov\\u00e1 deska A des\\u00e9n kostka&#8220;,&#8220;IssueNumber&#8220;:&#8220;1&#8243;,&#8220;ZPSV_R4_Vyk1_ZaLomitkem&#8220;:&#8220;\\\/1&#8243;,&#8220;file&#8220;:[]},{&#8222;DateCreate&#8220;:&#8220;&#8220;,&#8220;ID&#8220;:&#8220;3281&#8243;,&#8220;GUID&#8220;:&#8220;BC74219817AA4124C1257022002EF70E&#8220;,&#8220;VYR_ID&#8220;:&#8220;148&#8243;,&#8220;VYR_Number&#8220;:&#8220;593891719411&#8243;,&#8220;VYR_ObchodniZnacka&#8220;:&#8220;IZX 411\\\/19&#8243;,&#8220;DocumentNumber&#8220;:&#8220;593891719411&#8243;,&#8220;Title&#8220;:&#8220;Z\\u00e1krytov\\u00e1 deska A des\\u00e9n kostka&#8220;,&#8220;IssueNumber&#8220;:&#8220;1&#8243;,&#8220;ZPSV_R4_Vyk1_ZaLomitkem&#8220;:&#8220;\\\/2&#8243;,&#8220;file&#8220;:[]}],&#8220;ps&#8220;:[{&#8222;DateCreate&#8220;:&#8220;29.03.2019 10:16:29&#8243;,&#8220;ID&#8220;:&#8220;15&#8243;,&#8220;GUID&#8220;:&#8220;0B0B4BD844BA1540C12583CC0032F2BD&#8220;,&#8220;VYR_ID&#8220;:&#8220;148&#8243;,&#8220;VYR_Number&#8220;:&#8220;593891719411&#8243;,&#8220;VYR_ObchodniZnacka&#8220;:&#8220;IZX 411\\\/19&#8243;,&#8220;Number&#8220;:&#8220;31-12\\\/19&#8243;,&#8220;Nazev&#8220;:&#8220;Z\\u00e1krytov\\u00e1 deska &#8222;,&#8220;DatePlatnostDo&#8220;:&#8220;31.01.2022 0:00:00&#8243;,&#8220;ZavodName&#8220;:&#8220;31 Doloplazy&#8220;,&#8220;file&#8220;:[{&#8222;ID&#8220;:&#8220;12634&#8243;,&#8220;ResourceGUID&#8220;:&#8220;0B0B4BD844BA1540C12583CC0032F2BD&#8220;,&#8220;Name&#8220;:&#8220;1 &#8211; POS 31-12-19.pdf&#8220;,&#8220;FileNameGUID&#8220;:&#8220;0B0B4BD844BA1540C12583CC0032F2BD_W7FFFIGI&#8220;,&#8220;Comment&#8220;:&#8220;&#8220;,&#8220;fileModel.Size&#8220;:&#8220;512848&#8243;,&#8220;Create&#8220;:&#8220;22.11.2023 7:52:11&#8243;,&#8220;MimeType&#8220;:&#8220;application\\\/octet-stream&#8220;,&#8220;ZPSV_WEB&#8220;:&#8220;True&#8220;}]}],&#8220;tpd&#8220;:[{&#8222;DateCreate&#8220;:&#8220;&#8220;,&#8220;ID&#8220;:&#8220;1514&#8243;,&#8220;GUID&#8220;:&#8220;12E76F93D7B23F74C1257E9300421695&#8243;,&#8220;VYR_ID&#8220;:&#8220;148&#8243;,&#8220;VYR_Number&#8220;:&#8220;593891719411&#8243;,&#8220;VYR_ObchodniZnacka&#8220;:&#8220;IZX 411\\\/19&#8243;,&#8220;DocumentNumber&#8220;:&#8220;TP-16\\\/15&#8243;,&#8220;Title&#8220;:&#8220;Z\\u00e1krytov\\u00e9 desky&#8220;,&#8220;IssueNumber&#8220;:&#8220;4&#8243;,&#8220;file&#8220;:[{&#8222;ID&#8220;:&#8220;3638&#8243;,&#8220;ResourceGUID&#8220;:&#8220;12E76F93D7B23F74C1257E9300421695&#8243;,&#8220;Name&#8220;:&#8220;TP-16_15 Z\\u00e1krytov\\u00e9 desky (4-1).pdf&#8220;,&#8220;FileNameGUID&#8220;:&#8220;12E76F93D7B23F74C1257E9300421695_TPJSCPAA&#8220;,&#8220;Comment&#8220;:&#8220;&#8220;,&#8220;fileModel.Size&#8220;:&#8220;525774&#8243;,&#8220;Create&#8220;:&#8220;17.08.2023 10:19:54&#8243;,&#8220;MimeType&#8220;:&#8220;application\\\/octet-stream&#8220;,&#8220;ZPSV_WEB&#8220;:&#8220;True&#8220;}]}]}}<\/p>","protected":false},"excerpt":{"rendered":"<p>{&#8222;DateCreate&#8220;:&#8220;06.11.2002 14:47:10&#8243;,&#8220;ID&#8220;:&#8220;148&#8243;,&#8220;GUID&#8220;:&#8220;0F88EB8164E4D5A7C1256C69004BBAC4&#8243;,&#8220;Nazev&#8220;:&#8220;Z\\u00e1krytov\\u00e1 deska A des\\u00e9n kostka&#8220;,&#8220;Number&#8220;:&#8220;593891719411&#8243;,&#8220;ObchodniZnacka&#8220;:&#8220;IZX 411\\\/19&#8243;,&#8220;Zavods&#8220;:&#8220;31 Doloplazy&#8220;,&#8220;VyrPopisCZ&#8220;:&#8220;&#8220;,&#8220;VyrPopisDE&#8220;:&#8220;&#8220;,&#8220;VyrPopisEN&#8220;:&#8220;&#8220;,&#8220;VyrUrceniAPouzitCZ&#8220;:&#8220;Slou\\u017e\\u00ed k zakryt\\u00ed [&hellip;]<\/p>","protected":false},"author":1,"featured_media":0,"parent":160602,"menu_order":0,"comment_status":"closed","ping_status":"closed","template":"layouts\/page-katalog.php","meta":{"footnotes":""},"_links":{"self":[{"href":"https:\/\/zpsv-cz.webvalleypreview.com\/en\/wp-json\/wp\/v2\/pages\/162908"}],"collection":[{"href":"https:\/\/zpsv-cz.webvalleypreview.com\/en\/wp-json\/wp\/v2\/pages"}],"about":[{"href":"https:\/\/zpsv-cz.webvalleypreview.com\/en\/wp-json\/wp\/v2\/types\/page"}],"author":[{"embeddable":true,"href":"https:\/\/zpsv-cz.webvalleypreview.com\/en\/wp-json\/wp\/v2\/users\/1"}],"replies":[{"embeddable":true,"href":"https:\/\/zpsv-cz.webvalleypreview.com\/en\/wp-json\/wp\/v2\/comments?post=162908"}],"version-history":[{"count":0,"href":"https:\/\/zpsv-cz.webvalleypreview.com\/en\/wp-json\/wp\/v2\/pages\/162908\/revisions"}],"up":[{"embeddable":true,"href":"https:\/\/zpsv-cz.webvalleypreview.com\/en\/wp-json\/wp\/v2\/pages\/160602"}],"wp:attachment":[{"href":"https:\/\/zpsv-cz.webvalleypreview.com\/en\/wp-json\/wp\/v2\/media?parent=162908"}],"curies":[{"name":"wp","href":"https:\/\/api.w.org\/{rel}","templated":true}]}}