{"id":162915,"date":"2024-05-23T13:38:11","date_gmt":"2024-05-23T11:38:11","guid":{"rendered":"https:\/\/zpsv-cz.webvalleypreview.com\/kolejove-dopravni-stavby\/prvky-pro-zeleznicni-znackovani\/znackovaci-patnik-dk\/"},"modified":"2024-05-23T13:38:11","modified_gmt":"2024-05-23T11:38:11","slug":"znackovaci-patnik-dk","status":"publish","type":"page","link":"https:\/\/zpsv-cz.webvalleypreview.com\/en\/kolejove-dopravni-stavby\/prvky-pro-zeleznicni-znackovani\/znackovaci-patnik-dk\/","title":{"rendered":"Zna\u010dkovac\u00ed patn\u00edk DK"},"content":{"rendered":"<p>{&#8222;DateCreate&#8220;:&#8220;06.11.2002 14:46:28&#8243;,&#8220;ID&#8220;:&#8220;168&#8243;,&#8220;GUID&#8220;:&#8220;3A2C87C73DA10A7DC1256C69004BAAB0&#8243;,&#8220;Nazev&#8220;:&#8220;Zna\\u010dkovac\\u00ed patn\\u00edk DK&#8220;,&#8220;Number&#8220;:&#8220;592121020018&#8243;,&#8220;ObchodniZnacka&#8220;:&#8220;AZZ 18-20&#8243;,&#8220;Zavods&#8220;:&#8220;31 Doloplazy&#8220;,&#8220;VyrPopisCZ&#8220;:&#8220;&#8220;,&#8220;VyrPopisDE&#8220;:&#8220;&#8220;,&#8220;VyrPopisEN&#8220;:&#8220;&#8220;,&#8220;VyrUrceniAPouzitCZ&#8220;:&#8220;Slou\\u017e\\u00ed k vyzna\\u010den\\u00ed trasy d\\u00e1lkov\\u00e9ho kabelu.&#8220;,&#8220;VyrUrceniAPouzitDE&#8220;:&#8220;&#8220;,&#8220;VyrUrceniAPouzitEN&#8220;:&#8220;It serves for marking of long distance cable line.&#8220;,&#8220;VyrNazevCZ&#8220;:&#8220;Zna\\u010dkovac\\u00ed patn\\u00edk DK&#8220;,&#8220;VyrNazevDE&#8220;:&#8220;&#8220;,&#8220;VyrNazevEN&#8220;:&#8220;Marker post dk&#8220;,&#8220;Beton&#8220;:&#8220;C 25\\\/30 &#8211; XF1&#8243;,&#8220;ObjemPrvku&#8220;:&#8220;0,0292&#8243;,&#8220;HmotnostPrvku&#8220;:&#8220;69&#8243;,&#8220;L&#8220;:&#8220;20&#8243;,&#8220;B&#8220;:&#8220;20&#8243;,&#8220;H&#8220;:&#8220;76&#8243;,&#8220;T&#8220;:&#8220;&#8220;,&#8220;D&#8220;:&#8220;&#8220;,&#8220;R&#8220;:&#8220;&#8220;,&#8220;L_2&#8243;:&#8220;&#8220;,&#8220;B_2&#8243;:&#8220;&#8220;,&#8220;H_2&#8243;:&#8220;&#8220;,&#8220;T_2&#8243;:&#8220;&#8220;,&#8220;D_2&#8243;:&#8220;&#8220;,&#8220;R_2&#8243;:&#8220;&#8220;,&#8220;L_1&#8243;:&#8220;&#8220;,&#8220;B_1&#8243;:&#8220;&#8220;,&#8220;H_1&#8243;:&#8220;&#8220;,&#8220;T_1&#8243;:&#8220;&#8220;,&#8220;D_1&#8243;:&#8220;&#8220;,&#8220;R_1&#8243;:&#8220;&#8220;,&#8220;KategorieName&#8220;:&#8220;Dopravn\\u00ed a in\\u017een\\u00fdrsk\\u00e9 stavby&#8220;,&#8220;PodkategorieName&#8220;:&#8220;Prvky pro \\u017eelezni\\u010dn\\u00ed zna\\u010dkov\\u00e1n\\u00ed&#8220;,&#8220;attachments&#8220;:{&#8222;designs&#8220;:[{&#8222;DateCreate&#8220;:&#8220;&#8220;,&#8220;ID&#8220;:&#8220;4065&#8243;,&#8220;GUID&#8220;:&#8220;905CEF30C7174C2BC1257E4D0042F99A&#8220;,&#8220;VYR_ID&#8220;:&#8220;168&#8243;,&#8220;VYR_Number&#8220;:&#8220;592121020018&#8243;,&#8220;VYR_ObchodniZnacka&#8220;:&#8220;AZZ 18-20&#8243;,&#8220;DocumentNumber&#8220;:&#8220;592121020018&#8243;,&#8220;Title&#8220;:&#8220;Zna\\u010dkovac\\u00ed patn\\u00edk DK&#8220;,&#8220;IssueNumber&#8220;:&#8220;2&#8243;,&#8220;ZPSV_R4_Vyk1_ZaLomitkem&#8220;:&#8220;\\\/1&#8243;,&#8220;file&#8220;:[]}],&#8220;tpd&#8220;:[{&#8222;DateCreate&#8220;:&#8220;&#8220;,&#8220;ID&#8220;:&#8220;1524&#8243;,&#8220;GUID&#8220;:&#8220;42A6BF78465F02F6C125824E004C059D&#8220;,&#8220;VYR_ID&#8220;:&#8220;168&#8243;,&#8220;VYR_Number&#8220;:&#8220;592121020018&#8243;,&#8220;VYR_ObchodniZnacka&#8220;:&#8220;AZZ 18-20&#8243;,&#8220;DocumentNumber&#8220;:&#8220;TP-06\\\/15&#8243;,&#8220;Title&#8220;:&#8220;Sloupky sm\\u011brov\\u00e9, v\\u00fd\\u0161kov\\u00e9, vzd\\u00e1lenostn\\u00ed a signaliza\\u010dn\\u00ed&#8220;,&#8220;IssueNumber&#8220;:&#8220;3&#8243;,&#8220;file&#8220;:[{&#8222;ID&#8220;:&#8220;3679&#8243;,&#8220;ResourceGUID&#8220;:&#8220;42A6BF78465F02F6C125824E004C059D&#8220;,&#8220;Name&#8220;:&#8220;TP-06_15 Sloupky sm\\u011brov\\u00e9 v\\u00fd\\u0161kov\\u00e9_ vzd\\u00e1lenostn\\u00ed a signaliza\\u010dn\\u00ed (3-1).pdf&#8220;,&#8220;FileNameGUID&#8220;:&#8220;42A6BF78465F02F6C125824E004C059D_QQ3AGIPC&#8220;,&#8220;Comment&#8220;:&#8220;&#8220;,&#8220;fileModel.Size&#8220;:&#8220;720033&#8243;,&#8220;Create&#8220;:&#8220;17.08.2023 10:19:55&#8243;,&#8220;MimeType&#8220;:&#8220;application\\\/octet-stream&#8220;,&#8220;ZPSV_WEB&#8220;:&#8220;True&#8220;}]}]}}<\/p>","protected":false},"excerpt":{"rendered":"<p>{&#8222;DateCreate&#8220;:&#8220;06.11.2002 14:46:28&#8243;,&#8220;ID&#8220;:&#8220;168&#8243;,&#8220;GUID&#8220;:&#8220;3A2C87C73DA10A7DC1256C69004BAAB0&#8243;,&#8220;Nazev&#8220;:&#8220;Zna\\u010dkovac\\u00ed patn\\u00edk DK&#8220;,&#8220;Number&#8220;:&#8220;592121020018&#8243;,&#8220;ObchodniZnacka&#8220;:&#8220;AZZ 18-20&#8243;,&#8220;Zavods&#8220;:&#8220;31 Doloplazy&#8220;,&#8220;VyrPopisCZ&#8220;:&#8220;&#8220;,&#8220;VyrPopisDE&#8220;:&#8220;&#8220;,&#8220;VyrPopisEN&#8220;:&#8220;&#8220;,&#8220;VyrUrceniAPouzitCZ&#8220;:&#8220;Slou\\u017e\\u00ed k vyzna\\u010den\\u00ed trasy d\\u00e1lkov\\u00e9ho [&hellip;]<\/p>","protected":false},"author":1,"featured_media":0,"parent":160604,"menu_order":0,"comment_status":"closed","ping_status":"closed","template":"layouts\/page-katalog.php","meta":{"footnotes":""},"_links":{"self":[{"href":"https:\/\/zpsv-cz.webvalleypreview.com\/en\/wp-json\/wp\/v2\/pages\/162915"}],"collection":[{"href":"https:\/\/zpsv-cz.webvalleypreview.com\/en\/wp-json\/wp\/v2\/pages"}],"about":[{"href":"https:\/\/zpsv-cz.webvalleypreview.com\/en\/wp-json\/wp\/v2\/types\/page"}],"author":[{"embeddable":true,"href":"https:\/\/zpsv-cz.webvalleypreview.com\/en\/wp-json\/wp\/v2\/users\/1"}],"replies":[{"embeddable":true,"href":"https:\/\/zpsv-cz.webvalleypreview.com\/en\/wp-json\/wp\/v2\/comments?post=162915"}],"version-history":[{"count":0,"href":"https:\/\/zpsv-cz.webvalleypreview.com\/en\/wp-json\/wp\/v2\/pages\/162915\/revisions"}],"up":[{"embeddable":true,"href":"https:\/\/zpsv-cz.webvalleypreview.com\/en\/wp-json\/wp\/v2\/pages\/160604"}],"wp:attachment":[{"href":"https:\/\/zpsv-cz.webvalleypreview.com\/en\/wp-json\/wp\/v2\/media?parent=162915"}],"curies":[{"name":"wp","href":"https:\/\/api.w.org\/{rel}","templated":true}]}}