{"id":162933,"date":"2024-05-23T13:38:11","date_gmt":"2024-05-23T11:38:11","guid":{"rendered":"https:\/\/zpsv-cz.webvalleypreview.com\/pozemni-stavby\/sloupy-tramy-vazniky-pruvlaky-steny-stropni-panely-schodiste-balkony-lodzie-zaklady\/zakazkova-vyroba-schodistovych-ramen-podest-desek-a-stupnu\/"},"modified":"2024-05-23T13:38:11","modified_gmt":"2024-05-23T11:38:11","slug":"zakazkova-vyroba-schodistovych-ramen-podest-desek-a-stupnu","status":"publish","type":"page","link":"https:\/\/zpsv-cz.webvalleypreview.com\/en\/pozemni-stavby\/sloupy-tramy-vazniky-pruvlaky-steny-stropni-panely-schodiste-balkony-lodzie-zaklady\/zakazkova-vyroba-schodistovych-ramen-podest-desek-a-stupnu\/","title":{"rendered":"Zak\u00e1zkov\u00e1 v\u00fdroba schodi\u0161\u0165ov\u00fdch ramen; podest; desek a stup\u0148\u016f"},"content":{"rendered":"<p>{&#8222;DateCreate&#8220;:&#8220;10.09.2009 11:55:19&#8243;,&#8220;ID&#8220;:&#8220;193&#8243;,&#8220;GUID&#8220;:&#8220;A00985B061F3DC69C125762D003680CE&#8220;,&#8220;Nazev&#8220;:&#8220;Zak\\u00e1zkov\\u00e1 v\\u00fdroba schodi\\u0161\\u0165ov\\u00fdch ramen; podest; desek a stup\\u0148\\u016f&#8220;,&#8220;Number&#8220;:&#8220;000000000007&#8243;,&#8220;ObchodniZnacka&#8220;:&#8220;ZV 007&#8243;,&#8220;Zavods&#8220;:&#8220;41 Litice&#8220;,&#8220;VyrPopisCZ&#8220;:&#8220;&#8220;,&#8220;VyrPopisDE&#8220;:&#8220;&#8220;,&#8220;VyrPopisEN&#8220;:&#8220;&#8220;,&#8220;VyrUrceniAPouzitCZ&#8220;:&#8220;* &#8211; dle projektov\\u00e9 dokumentace, bez omezen\\u00ed\\r\\rPrefabrikovan\\u00e9 d\\u00edlce schodi\\u0161\\u0165ov\\u00fdch ramen p\\u0159\\u00edm\\u00fdch v\\u010detn\\u011b stup\\u0148\\u016f a podest tvo\\u0159\\u00ed tradi\\u010dn\\u00ed sou\\u010d\\u00e1st montovan\\u00fdch st\\u011bnov\\u00fdch a skeletov\\u00fdch syst\\u00e9m\\u016f ob\\u010dansk\\u00fdch a pr\\u016fmyslov\\u00fdch objekt\\u016f. Jejich pou\\u017eit\\u00ed je vhodn\\u00e9 i u staveb provad\\u011bn\\u00fdch zd\\u011bnou nebo monolitickou technologi\\u00ed. Jejich nejv\\u011bt\\u0161\\u00ed v\\u00fdhoda spo\\u010d\\u00edv\\u00e1 v rychlosti mont\\u00e1\\u017ee a okam\\u017eitou zat\\u00ed\\u017eitelnost\\u00ed.\\rMaxim\\u00e1ln\\u00ed po\\u010det stup\\u0148\\u016f schodi\\u0161\\u0165ov\\u00e9ho ramene je 20 stup\\u0148\\u016f (v\\u00fd\\u0161ka podstupnice max. 200 mm, \\u0161\\u00ed\\u0159ka n\\u00e1stupnice max. 350 mm). Podestu lze zhotovit na \\u00fakor po\\u010dtu stup\\u0148\\u016f, \\u00fahel sklonu cca 30 stup\\u0148\\u016f.&#8220;,&#8220;VyrUrceniAPouzitDE&#8220;:&#8220;&#8220;,&#8220;VyrUrceniAPouzitEN&#8220;:&#8220;Prefab blocks of direct runs of stairs including fliers and stair landings are a traditional part of assembled wall and shell systems of civic and industrial buildings. Their use is suitable also for the constructions made by means of brick or monolithic technology. Thei main benefit is in the speed of assembly and immediate loadability.\\rThe maximum number of fliers of the runs of stairs is 20 (riser height max. 200 mm, flier width max. 350 mm). Stair landing can be made at the expense of the number of fliers, slant angle is approx. 30 degrees.&#8220;,&#8220;VyrNazevCZ&#8220;:&#8220;Zak\\u00e1zkov\\u00e1 v\\u00fdroba schodi\\u0161\\u0165ov\\u00fdch ramen; podest; desek a stup\\u0148\\u016f&#8220;,&#8220;VyrNazevDE&#8220;:&#8220;&#8220;,&#8220;VyrNazevEN&#8220;:&#8220;Custom manufacturing of runs of stairs, stair landings, plates and fliers&#8220;,&#8220;Beton&#8220;:&#8220;&#8220;,&#8220;ObjemPrvku&#8220;:&#8220;&#8220;,&#8220;HmotnostPrvku&#8220;:&#8220;&#8220;,&#8220;L&#8220;:&#8220;*&#8220;,&#8220;B&#8220;:&#8220;*&#8220;,&#8220;H&#8220;:&#8220;*&#8220;,&#8220;T&#8220;:&#8220;&#8220;,&#8220;D&#8220;:&#8220;&#8220;,&#8220;R&#8220;:&#8220;&#8220;,&#8220;L_2&#8243;:&#8220;&#8220;,&#8220;B_2&#8243;:&#8220;&#8220;,&#8220;H_2&#8243;:&#8220;&#8220;,&#8220;T_2&#8243;:&#8220;&#8220;,&#8220;D_2&#8243;:&#8220;&#8220;,&#8220;R_2&#8243;:&#8220;&#8220;,&#8220;L_1&#8243;:&#8220;&#8220;,&#8220;B_1&#8243;:&#8220;&#8220;,&#8220;H_1&#8243;:&#8220;&#8220;,&#8220;T_1&#8243;:&#8220;&#8220;,&#8220;D_1&#8243;:&#8220;&#8220;,&#8220;R_1&#8243;:&#8220;&#8220;,&#8220;KategorieName&#8220;:&#8220;Ob\\u010dansk\\u00e9 a pr\\u016fmyslov\\u00e9 stavby&#8220;,&#8220;PodkategorieName&#8220;:&#8220;Sloupy, tr\\u00e1my, vazn\\u00edky, pr\\u016fvlaky, st\\u011bny, stropn\\u00ed panely, schodi\\u0161t\\u011b, balkony, lod\\u017eie, z\\u00e1klady&#8220;,&#8220;attachments&#8220;:{&#8222;ps&#8220;:[{&#8222;DateCreate&#8220;:&#8220;14.08.2020 10:07:41&#8243;,&#8220;ID&#8220;:&#8220;20&#8243;,&#8220;GUID&#8220;:&#8220;56A9AFE89A6971A9C12585C4002CA62E&#8220;,&#8220;VYR_ID&#8220;:&#8220;193&#8243;,&#8220;VYR_Number&#8220;:&#8220;000000000007&#8243;,&#8220;VYR_ObchodniZnacka&#8220;:&#8220;ZV 007&#8243;,&#8220;Number&#8220;:&#8220;07-01\\\/20&#8243;,&#8220;Nazev&#8220;:&#8220;Betonov\\u00e9 d\\u00edlce schodi\\u0161tov\\u00fdch stup\\u0148\\u016f&#8220;,&#8220;DatePlatnostDo&#8220;:&#8220;11.08.2023 0:00:00&#8243;,&#8220;ZavodName&#8220;:&#8220;07 \\u010cer\\u010dany&#8220;,&#8220;file&#8220;:[{&#8222;ID&#8220;:&#8220;12729&#8243;,&#8220;ResourceGUID&#8220;:&#8220;56A9AFE89A6971A9C12585C4002CA62E&#8220;,&#8220;Name&#8220;:&#8220;1 &#8211; POS 07-01-20.pdf&#8220;,&#8220;FileNameGUID&#8220;:&#8220;56A9AFE89A6971A9C12585C4002CA62E_O535LFFU&#8220;,&#8220;Comment&#8220;:&#8220;&#8220;,&#8220;fileModel.Size&#8220;:&#8220;433708&#8243;,&#8220;Create&#8220;:&#8220;22.11.2023 7:52:12&#8243;,&#8220;MimeType&#8220;:&#8220;application\\\/octet-stream&#8220;,&#8220;ZPSV_WEB&#8220;:&#8220;True&#8220;}]},{&#8222;DateCreate&#8220;:&#8220;10.10.2023 13:12:43&#8243;,&#8220;ID&#8220;:&#8220;79&#8243;,&#8220;GUID&#8220;:&#8220;A15CDE1D234DF98AC1258A44003D972D&#8220;,&#8220;VYR_ID&#8220;:&#8220;193&#8243;,&#8220;VYR_Number&#8220;:&#8220;000000000007&#8243;,&#8220;VYR_ObchodniZnacka&#8220;:&#8220;ZV 007&#8243;,&#8220;Number&#8220;:&#8220;31-14\\\/23&#8243;,&#8220;Nazev&#8220;:&#8220;Betonov\\u00e9 d\\u00edlce schodi\\u0161tov\\u00fdch stup\\u0148\\u016f&#8220;,&#8220;DatePlatnostDo&#8220;:&#8220;05.09.2026 0:00:00&#8243;,&#8220;ZavodName&#8220;:&#8220;31 Doloplazy&#8220;,&#8220;file&#8220;:[{&#8222;ID&#8220;:&#8220;12856&#8243;,&#8220;ResourceGUID&#8220;:&#8220;A15CDE1D234DF98AC1258A44003D972D&#8220;,&#8220;Name&#8220;:&#8220;1 &#8211; POS 31-14-23.pdf&#8220;,&#8220;FileNameGUID&#8220;:&#8220;A15CDE1D234DF98AC1258A44003D972D_0ZWEPA7N&#8220;,&#8220;Comment&#8220;:&#8220;&#8220;,&#8220;fileModel.Size&#8220;:&#8220;175374&#8243;,&#8220;Create&#8220;:&#8220;22.11.2023 7:52:15&#8243;,&#8220;MimeType&#8220;:&#8220;application\\\/octet-stream&#8220;,&#8220;ZPSV_WEB&#8220;:&#8220;True&#8220;}]},{&#8222;DateCreate&#8220;:&#8220;01.06.2023 13:43:28&#8243;,&#8220;ID&#8220;:&#8220;70&#8243;,&#8220;GUID&#8220;:&#8220;BBB10716AEF18A56C12589C10040679A&#8220;,&#8220;VYR_ID&#8220;:&#8220;193&#8243;,&#8220;VYR_Number&#8220;:&#8220;000000000007&#8243;,&#8220;VYR_ObchodniZnacka&#8220;:&#8220;ZV 007&#8243;,&#8220;Number&#8220;:&#8220;61-09\\\/23&#8243;,&#8220;Nazev&#8220;:&#8220;Betonov\\u00e9 d\\u00edlce schodi\\u0161tov\\u00fdch stup\\u0148\\u016f&#8220;,&#8220;DatePlatnostDo&#8220;:&#8220;05.05.2025 0:00:00&#8243;,&#8220;ZavodName&#8220;:&#8220;61 Uhersk\\u00fd Ostroh&#8220;,&#8220;file&#8220;:[{&#8222;ID&#8220;:&#8220;12906&#8243;,&#8220;ResourceGUID&#8220;:&#8220;BBB10716AEF18A56C12589C10040679A&#8220;,&#8220;Name&#8220;:&#8220;1 &#8211; POS 61-09-23.pdf&#8220;,&#8220;FileNameGUID&#8220;:&#8220;BBB10716AEF18A56C12589C10040679A_AHJ7EAFH&#8220;,&#8220;Comment&#8220;:&#8220;&#8220;,&#8220;fileModel.Size&#8220;:&#8220;60877&#8243;,&#8220;Create&#8220;:&#8220;22.11.2023 7:52:16&#8243;,&#8220;MimeType&#8220;:&#8220;application\\\/octet-stream&#8220;,&#8220;ZPSV_WEB&#8220;:&#8220;True&#8220;}]}],&#8220;pvl&#8220;:[{&#8222;DateCreate&#8220;:&#8220;30.08.2022 14:02:14&#8243;,&#8220;ID&#8220;:&#8220;103&#8243;,&#8220;GUID&#8220;:&#8220;8D97B9440F46FACCC12588AE00421F6C&#8220;,&#8220;VYR_ID&#8220;:&#8220;193&#8243;,&#8220;VYR_Number&#8220;:&#8220;000000000007&#8243;,&#8220;VYR_ObchodniZnacka&#8220;:&#8220;ZV 007&#8243;,&#8220;Number&#8220;:&#8220;07-12\\\/22&#8243;,&#8220;Nazev&#8220;:&#8220;\\u017delezobetonov\\u00e9 prvky pro schodi\\u0161t\\u011b&#8220;,&#8220;DatePlatnostDo&#8220;:&#8220;14.08.2023 0:00:00&#8243;,&#8220;ZavodName&#8220;:&#8220;07 \\u010cer\\u010dany&#8220;,&#8220;file&#8220;:[{&#8222;ID&#8220;:&#8220;13198&#8243;,&#8220;ResourceGUID&#8220;:&#8220;8D97B9440F46FACCC12588AE00421F6C&#8220;,&#8220;Name&#8220;:&#8220;1 &#8211; POV 07-12-22.pdf&#8220;,&#8220;FileNameGUID&#8220;:&#8220;8D97B9440F46FACCC12588AE00421F6C_LPS9G21J&#8220;,&#8220;Comment&#8220;:&#8220;&#8220;,&#8220;fileModel.Size&#8220;:&#8220;80814&#8243;,&#8220;Create&#8220;:&#8220;22.11.2023 7:52:38&#8243;,&#8220;MimeType&#8220;:&#8220;application\\\/octet-stream&#8220;,&#8220;ZPSV_WEB&#8220;:&#8220;True&#8220;}]},{&#8222;DateCreate&#8220;:&#8220;24.11.2023 14:04:57&#8243;,&#8220;ID&#8220;:&#8220;165&#8243;,&#8220;GUID&#8220;:&#8220;c2b88876-01bd-4174-a305-bd035b96d990&#8243;,&#8220;VYR_ID&#8220;:&#8220;193&#8243;,&#8220;VYR_Number&#8220;:&#8220;000000000007&#8243;,&#8220;VYR_ObchodniZnacka&#8220;:&#8220;ZV 007&#8243;,&#8220;Number&#8220;:&#8220;07-22\\\/23&#8243;,&#8220;Nazev&#8220;:&#8220;\\u017delezobetonov\\u00e9 prvky pro schodi\\u0161t\\u011b&#8220;,&#8220;DatePlatnostDo&#8220;:&#8220;23.10.2024 0:00:00&#8243;,&#8220;ZavodName&#8220;:&#8220;07 \\u010cer\\u010dany&#8220;,&#8220;file&#8220;:[{&#8222;ID&#8220;:&#8220;13409&#8243;,&#8220;ResourceGUID&#8220;:&#8220;c2b88876-01bd-4174-a305-bd035b96d990&#8243;,&#8220;Name&#8220;:&#8220;1 &#8211; POV 07-22-23.pdf&#8220;,&#8220;FileNameGUID&#8220;:&#8220;19dc6636-4f31-44c0-ad94-cdef1a29f267&#8243;,&#8220;Comment&#8220;:&#8220;&#8220;,&#8220;fileModel.Size&#8220;:&#8220;72590&#8243;,&#8220;Create&#8220;:&#8220;24.11.2023 14:06:15&#8243;,&#8220;MimeType&#8220;:&#8220;application\\\/pdf&#8220;,&#8220;ZPSV_WEB&#8220;:&#8220;True&#8220;}]},{&#8222;DateCreate&#8220;:&#8220;18.05.2023 14:52:17&#8243;,&#8220;ID&#8220;:&#8220;132&#8243;,&#8220;GUID&#8220;:&#8220;7077BC8E76FB4DEBC12589B30046B4C0&#8243;,&#8220;VYR_ID&#8220;:&#8220;193&#8243;,&#8220;VYR_Number&#8220;:&#8220;000000000007&#8243;,&#8220;VYR_ObchodniZnacka&#8220;:&#8220;ZV 007&#8243;,&#8220;Number&#8220;:&#8220;41-12\\\/23&#8243;,&#8220;Nazev&#8220;:&#8220;\\u017delezobetonov\\u00e9 prvky pro schodi\\u0161t\\u011b&#8220;,&#8220;DatePlatnostDo&#8220;:&#8220;10.05.2024 0:00:00&#8243;,&#8220;ZavodName&#8220;:&#8220;41 Litice&#8220;,&#8220;file&#8220;:[{&#8222;ID&#8220;:&#8220;13157&#8243;,&#8220;ResourceGUID&#8220;:&#8220;7077BC8E76FB4DEBC12589B30046B4C0&#8243;,&#8220;Name&#8220;:&#8220;1 &#8211; POV 41-12-23.pdf&#8220;,&#8220;FileNameGUID&#8220;:&#8220;7077BC8E76FB4DEBC12589B30046B4C0_RNW3NLEW&#8220;,&#8220;Comment&#8220;:&#8220;&#8220;,&#8220;fileModel.Size&#8220;:&#8220;71723&#8243;,&#8220;Create&#8220;:&#8220;22.11.2023 7:52:38&#8243;,&#8220;MimeType&#8220;:&#8220;application\\\/octet-stream&#8220;,&#8220;ZPSV_WEB&#8220;:&#8220;True&#8220;}]},{&#8222;DateCreate&#8220;:&#8220;06.02.2023 12:29:16&#8243;,&#8220;ID&#8220;:&#8220;115&#8243;,&#8220;GUID&#8220;:&#8220;7817B5839997D885C125894E003F1AE7&#8243;,&#8220;VYR_ID&#8220;:&#8220;193&#8243;,&#8220;VYR_Number&#8220;:&#8220;000000000007&#8243;,&#8220;VYR_ObchodniZnacka&#8220;:&#8220;ZV 007&#8243;,&#8220;Number&#8220;:&#8220;61-04\\\/23&#8243;,&#8220;Nazev&#8220;:&#8220;Betonov\\u00e9 prefabrik\\u00e1ty &#8211; schodi\\u0161t\\u011b&#8220;,&#8220;DatePlatnostDo&#8220;:&#8220;21.12.2023 0:00:00&#8243;,&#8220;ZavodName&#8220;:&#8220;61 Uhersk\\u00fd Ostroh&#8220;,&#8220;file&#8220;:[{&#8222;ID&#8220;:&#8220;13170&#8243;,&#8220;ResourceGUID&#8220;:&#8220;7817B5839997D885C125894E003F1AE7&#8243;,&#8220;Name&#8220;:&#8220;1 &#8211; POV 61-04-23.pdf&#8220;,&#8220;FileNameGUID&#8220;:&#8220;7817B5839997D885C125894E003F1AE7_9RMSYV9H&#8220;,&#8220;Comment&#8220;:&#8220;&#8220;,&#8220;fileModel.Size&#8220;:&#8220;71570&#8243;,&#8220;Create&#8220;:&#8220;22.11.2023 7:52:38&#8243;,&#8220;MimeType&#8220;:&#8220;application\\\/octet-stream&#8220;,&#8220;ZPSV_WEB&#8220;:&#8220;True&#8220;}]},{&#8222;DateCreate&#8220;:&#8220;04.03.2024 15:46:12&#8243;,&#8220;ID&#8220;:&#8220;213&#8243;,&#8220;GUID&#8220;:&#8220;27f10cd9-a0b2-4e08-8364-e1fd13962dc6&#8243;,&#8220;VYR_ID&#8220;:&#8220;193&#8243;,&#8220;VYR_Number&#8220;:&#8220;000000000007&#8243;,&#8220;VYR_ObchodniZnacka&#8220;:&#8220;ZV 007&#8243;,&#8220;Number&#8220;:&#8220;61-04\\\/24&#8243;,&#8220;Nazev&#8220;:&#8220;Betonov\\u00e9 prefabrik\\u00e1ty &#8211; schodi\\u0161t\\u011b&#8220;,&#8220;DatePlatnostDo&#8220;:&#8220;19.02.2025 0:00:00&#8243;,&#8220;ZavodName&#8220;:&#8220;61 Uhersk\\u00fd Ostroh&#8220;,&#8220;file&#8220;:[{&#8222;ID&#8220;:&#8220;13884&#8243;,&#8220;ResourceGUID&#8220;:&#8220;27f10cd9-a0b2-4e08-8364-e1fd13962dc6&#8243;,&#8220;Name&#8220;:&#8220;1 &#8211; POV 61-04-24.pdf&#8220;,&#8220;FileNameGUID&#8220;:&#8220;3e92bdcd-7859-4c92-b1f2-34fd84b12fd6&#8243;,&#8220;Comment&#8220;:&#8220;&#8220;,&#8220;fileModel.Size&#8220;:&#8220;70983&#8243;,&#8220;Create&#8220;:&#8220;04.03.2024 15:47:23&#8243;,&#8220;MimeType&#8220;:&#8220;application\\\/pdf&#8220;,&#8220;ZPSV_WEB&#8220;:&#8220;True&#8220;}]}],&#8220;tpd&#8220;:[{&#8222;DateCreate&#8220;:&#8220;&#8220;,&#8220;ID&#8220;:&#8220;1513&#8243;,&#8220;GUID&#8220;:&#8220;C5E5E3671B4DFFB5C1257F96004796A7&#8243;,&#8220;VYR_ID&#8220;:&#8220;193&#8243;,&#8220;VYR_Number&#8220;:&#8220;000000000007&#8243;,&#8220;VYR_ObchodniZnacka&#8220;:&#8220;ZV 007&#8243;,&#8220;DocumentNumber&#8220;:&#8220;TP-09\\\/16&#8243;,&#8220;Title&#8220;:&#8220;Prefabrik\\u00e1ty schodi\\u0161\\u0165ov\\u00fdch stup\\u0148\\u016f&#8220;,&#8220;IssueNumber&#8220;:&#8220;1&#8243;,&#8220;file&#8220;:[{&#8222;ID&#8220;:&#8220;3848&#8243;,&#8220;ResourceGUID&#8220;:&#8220;C5E5E3671B4DFFB5C1257F96004796A7&#8243;,&#8220;Name&#8220;:&#8220;TP-09_16 Prefabrik\\u00e1ty schodi\\u0161\\u0165ov\\u00fdch stup\\u0148\\u016f (1-1).pdf&#8220;,&#8220;FileNameGUID&#8220;:&#8220;C5E5E3671B4DFFB5C1257F96004796A7_Q7851CWN&#8220;,&#8220;Comment&#8220;:&#8220;&#8220;,&#8220;fileModel.Size&#8220;:&#8220;709211&#8243;,&#8220;Create&#8220;:&#8220;17.08.2023 10:19:56&#8243;,&#8220;MimeType&#8220;:&#8220;application\\\/octet-stream&#8220;,&#8220;ZPSV_WEB&#8220;:&#8220;True&#8220;}]},{&#8222;DateCreate&#8220;:&#8220;&#8220;,&#8220;ID&#8220;:&#8220;1546&#8243;,&#8220;GUID&#8220;:&#8220;F590EDD98226E96DC1257E91003D91BB&#8220;,&#8220;VYR_ID&#8220;:&#8220;193&#8243;,&#8220;VYR_Number&#8220;:&#8220;000000000007&#8243;,&#8220;VYR_ObchodniZnacka&#8220;:&#8220;ZV 007&#8243;,&#8220;DocumentNumber&#8220;:&#8220;VTP 00-02\\\/11&#8243;,&#8220;Title&#8220;:&#8220;V\\u0161eobecn\\u00e9 technick\\u00e9 po\\u017eadavky&#8220;,&#8220;IssueNumber&#8220;:&#8220;1&#8243;,&#8220;file&#8220;:[{&#8222;ID&#8220;:&#8220;3893&#8243;,&#8220;ResourceGUID&#8220;:&#8220;F590EDD98226E96DC1257E91003D91BB&#8220;,&#8220;Name&#8220;:&#8220;VTP 00-02_11 V\\u0161eobecn\\u00e9 technick\\u00e9 po\\u017eadavky (3-2).pdf&#8220;,&#8220;FileNameGUID&#8220;:&#8220;F590EDD98226E96DC1257E91003D91BB_B6LRW1S3&#8243;,&#8220;Comment&#8220;:&#8220;&#8220;,&#8220;fileModel.Size&#8220;:&#8220;538123&#8243;,&#8220;Create&#8220;:&#8220;17.08.2023 10:19:57&#8243;,&#8220;MimeType&#8220;:&#8220;application\\\/octet-stream&#8220;,&#8220;ZPSV_WEB&#8220;:&#8220;True&#8220;}]}]}}<\/p>","protected":false},"excerpt":{"rendered":"<p>{&#8222;DateCreate&#8220;:&#8220;10.09.2009 11:55:19&#8243;,&#8220;ID&#8220;:&#8220;193&#8243;,&#8220;GUID&#8220;:&#8220;A00985B061F3DC69C125762D003680CE&#8220;,&#8220;Nazev&#8220;:&#8220;Zak\\u00e1zkov\\u00e1 v\\u00fdroba schodi\\u0161\\u0165ov\\u00fdch ramen; podest; desek a stup\\u0148\\u016f&#8220;,&#8220;Number&#8220;:&#8220;000000000007&#8243;,&#8220;ObchodniZnacka&#8220;:&#8220;ZV 007&#8243;,&#8220;Zavods&#8220;:&#8220;41 [&hellip;]<\/p>","protected":false},"author":1,"featured_media":0,"parent":160656,"menu_order":0,"comment_status":"closed","ping_status":"closed","template":"layouts\/page-katalog.php","meta":{"footnotes":""},"_links":{"self":[{"href":"https:\/\/zpsv-cz.webvalleypreview.com\/en\/wp-json\/wp\/v2\/pages\/162933"}],"collection":[{"href":"https:\/\/zpsv-cz.webvalleypreview.com\/en\/wp-json\/wp\/v2\/pages"}],"about":[{"href":"https:\/\/zpsv-cz.webvalleypreview.com\/en\/wp-json\/wp\/v2\/types\/page"}],"author":[{"embeddable":true,"href":"https:\/\/zpsv-cz.webvalleypreview.com\/en\/wp-json\/wp\/v2\/users\/1"}],"replies":[{"embeddable":true,"href":"https:\/\/zpsv-cz.webvalleypreview.com\/en\/wp-json\/wp\/v2\/comments?post=162933"}],"version-history":[{"count":0,"href":"https:\/\/zpsv-cz.webvalleypreview.com\/en\/wp-json\/wp\/v2\/pages\/162933\/revisions"}],"up":[{"embeddable":true,"href":"https:\/\/zpsv-cz.webvalleypreview.com\/en\/wp-json\/wp\/v2\/pages\/160656"}],"wp:attachment":[{"href":"https:\/\/zpsv-cz.webvalleypreview.com\/en\/wp-json\/wp\/v2\/media?parent=162933"}],"curies":[{"name":"wp","href":"https:\/\/api.w.org\/{rel}","templated":true}]}}