{"id":162951,"date":"2024-05-23T13:38:12","date_gmt":"2024-05-23T11:38:12","guid":{"rendered":"https:\/\/zpsv-cz.webvalleypreview.com\/kolejove-dopravni-stavby\/nastupiste\/ulozny-blok-u-85\/"},"modified":"2024-05-23T13:38:12","modified_gmt":"2024-05-23T11:38:12","slug":"ulozny-blok-u-85","status":"publish","type":"page","link":"https:\/\/zpsv-cz.webvalleypreview.com\/en\/kolejove-dopravni-stavby\/nastupiste\/ulozny-blok-u-85\/","title":{"rendered":"\u00dalo\u017en\u00fd blok U 85"},"content":{"rendered":"<p>{&#8222;DateCreate&#8220;:&#8220;06.11.2002 14:46:30&#8243;,&#8220;ID&#8220;:&#8220;220&#8243;,&#8220;GUID&#8220;:&#8220;FF4A98BAAA86850AC1256C69004BAB2F&#8220;,&#8220;Nazev&#8220;:&#8220;\\u00dalo\\u017en\\u00fd blok U 85&#8243;,&#8220;Number&#8220;:&#8220;592129030024&#8243;,&#8220;ObchodniZnacka&#8220;:&#8220;ABZ 24-30&#8243;,&#8220;Zavods&#8220;:&#8220;31 Doloplazy&#8220;,&#8220;VyrPopisCZ&#8220;:&#8220;&#8220;,&#8220;VyrPopisDE&#8220;:&#8220;&#8220;,&#8220;VyrPopisEN&#8220;:&#8220;&#8220;,&#8220;VyrUrceniAPouzitCZ&#8220;:&#8220;Prvek n\\u00e1stupi\\u0161t\\u011b SUDOP, slou\\u017e\\u00edc\\u00ed k vytv\\u00e1\\u0159en\\u00ed prefabrikovan\\u00fdch n\\u00e1stupi\\u0161tn\\u00edch z\\u00eddek.&#8220;,&#8220;VyrUrceniAPouzitDE&#8220;:&#8220;&#8220;,&#8220;VyrUrceniAPouzitEN&#8220;:&#8220;It serves for forming of prefabricated platform walls of platform SUDOP.&#8220;,&#8220;VyrNazevCZ&#8220;:&#8220;\\u00dalo\\u017en\\u00fd blok U 85&#8243;,&#8220;VyrNazevDE&#8220;:&#8220;&#8220;,&#8220;VyrNazevEN&#8220;:&#8220;Underlay of platform building block Tischer&#8220;,&#8220;Beton&#8220;:&#8220;C 25\\\/30-XF1&#8243;,&#8220;ObjemPrvku&#8220;:&#8220;0,0755&#8243;,&#8220;HmotnostPrvku&#8220;:&#8220;174&#8243;,&#8220;L&#8220;:&#8220;30&#8243;,&#8220;B&#8220;:&#8220;35&#8243;,&#8220;H&#8220;:&#8220;85&#8243;,&#8220;T&#8220;:&#8220;&#8220;,&#8220;D&#8220;:&#8220;&#8220;,&#8220;R&#8220;:&#8220;&#8220;,&#8220;L_2&#8243;:&#8220;&#8220;,&#8220;B_2&#8243;:&#8220;&#8220;,&#8220;H_2&#8243;:&#8220;&#8220;,&#8220;T_2&#8243;:&#8220;&#8220;,&#8220;D_2&#8243;:&#8220;11&#8243;,&#8220;R_2&#8243;:&#8220;&#8220;,&#8220;L_1&#8243;:&#8220;&#8220;,&#8220;B_1&#8243;:&#8220;30&#8243;,&#8220;H_1&#8243;:&#8220;25&#8243;,&#8220;T_1&#8243;:&#8220;&#8220;,&#8220;D_1&#8243;:&#8220;&#8220;,&#8220;R_1&#8243;:&#8220;&#8220;,&#8220;KategorieName&#8220;:&#8220;Dopravn\\u00ed a in\\u017een\\u00fdrsk\\u00e9 stavby&#8220;,&#8220;PodkategorieName&#8220;:&#8220;N\\u00e1stupi\\u0161t\\u011b&#8220;,&#8220;attachments&#8220;:{&#8222;designs&#8220;:[{&#8222;DateCreate&#8220;:&#8220;&#8220;,&#8220;ID&#8220;:&#8220;3408&#8243;,&#8220;GUID&#8220;:&#8220;8555CD1FD5530311C1257BDE0029095B&#8220;,&#8220;VYR_ID&#8220;:&#8220;220&#8243;,&#8220;VYR_Number&#8220;:&#8220;592129030024&#8243;,&#8220;VYR_ObchodniZnacka&#8220;:&#8220;ABZ 24-30&#8243;,&#8220;DocumentNumber&#8220;:&#8220;592129030024&#8243;,&#8220;Title&#8220;:&#8220;\\u00dalo\\u017en\\u00fd blok U 85&#8243;,&#8220;IssueNumber&#8220;:&#8220;2&#8243;,&#8220;ZPSV_R4_Vyk1_ZaLomitkem&#8220;:&#8220;\\\/1&#8243;,&#8220;file&#8220;:[]}],&#8220;ps&#8220;:[{&#8222;DateCreate&#8220;:&#8220;08.09.2022 8:53:36&#8243;,&#8220;ID&#8220;:&#8220;27&#8243;,&#8220;GUID&#8220;:&#8220;07FF1B5B276362E9C12588B70025DE22&#8243;,&#8220;VYR_ID&#8220;:&#8220;220&#8243;,&#8220;VYR_Number&#8220;:&#8220;592129030024&#8243;,&#8220;VYR_ObchodniZnacka&#8220;:&#8220;ABZ 24-30&#8243;,&#8220;Number&#8220;:&#8220;31-14\\\/22&#8243;,&#8220;Nazev&#8220;:&#8220;Prvky pro spodn\\u00ed stavbu n\\u00e1stupi\\u0161\\u0165 typu SUDOP&#8220;,&#8220;DatePlatnostDo&#8220;:&#8220;17.08.2023 0:00:00&#8243;,&#8220;ZavodName&#8220;:&#8220;31 Doloplazy&#8220;,&#8220;file&#8220;:[{&#8222;ID&#8220;:&#8220;12631&#8243;,&#8220;ResourceGUID&#8220;:&#8220;07FF1B5B276362E9C12588B70025DE22&#8243;,&#8220;Name&#8220;:&#8220;1 &#8211; POS 31-14-22.pdf&#8220;,&#8220;FileNameGUID&#8220;:&#8220;07FF1B5B276362E9C12588B70025DE22_YPL4PLPA&#8220;,&#8220;Comment&#8220;:&#8220;&#8220;,&#8220;fileModel.Size&#8220;:&#8220;86543&#8243;,&#8220;Create&#8220;:&#8220;22.11.2023 7:52:11&#8243;,&#8220;MimeType&#8220;:&#8220;application\\\/octet-stream&#8220;,&#8220;ZPSV_WEB&#8220;:&#8220;True&#8220;}]},{&#8222;DateCreate&#8220;:&#8220;19.01.2024 15:13:52&#8243;,&#8220;ID&#8220;:&#8220;182&#8243;,&#8220;GUID&#8220;:&#8220;ca56c469-fc49-41e6-8601-ee67e57bf2fa&#8220;,&#8220;VYR_ID&#8220;:&#8220;220&#8243;,&#8220;VYR_Number&#8220;:&#8220;592129030024&#8243;,&#8220;VYR_ObchodniZnacka&#8220;:&#8220;ABZ 24-30&#8243;,&#8220;Number&#8220;:&#8220;31-18\\\/23&#8243;,&#8220;Nazev&#8220;:&#8220;Prvky pro spodn\\u00ed stavbu n\\u00e1stupi\\u0161\\u0165 typu SUDOP&#8220;,&#8220;DatePlatnostDo&#8220;:&#8220;19.12.2024 0:00:00&#8243;,&#8220;ZavodName&#8220;:&#8220;31 Doloplazy&#8220;,&#8220;file&#8220;:[{&#8222;ID&#8220;:&#8220;13602&#8243;,&#8220;ResourceGUID&#8220;:&#8220;ca56c469-fc49-41e6-8601-ee67e57bf2fa&#8220;,&#8220;Name&#8220;:&#8220;1 &#8211; POS 31-18-23.pdf&#8220;,&#8220;FileNameGUID&#8220;:&#8220;2f8b151a-4b0f-446b-9f81-09f4afa2c091&#8243;,&#8220;Comment&#8220;:&#8220;&#8220;,&#8220;fileModel.Size&#8220;:&#8220;73571&#8243;,&#8220;Create&#8220;:&#8220;19.01.2024 15:16:55&#8243;,&#8220;MimeType&#8220;:&#8220;application\\\/pdf&#8220;,&#8220;ZPSV_WEB&#8220;:&#8220;True&#8220;}]}],&#8220;tpd&#8220;:[{&#8222;DateCreate&#8220;:&#8220;&#8220;,&#8220;ID&#8220;:&#8220;1521&#8243;,&#8220;GUID&#8220;:&#8220;6DA73D4C92065EE4C1256F71003780C6&#8243;,&#8220;VYR_ID&#8220;:&#8220;220&#8243;,&#8220;VYR_Number&#8220;:&#8220;592129030024&#8243;,&#8220;VYR_ObchodniZnacka&#8220;:&#8220;ABZ 24-30&#8243;,&#8220;DocumentNumber&#8220;:&#8220;TP-592-129-03\\\/98&#8243;,&#8220;Title&#8220;:&#8220;Prvky n\\u00e1stupi\\u0161\\u0165 SUDOP (S\\u017dDC)&#8220;,&#8220;IssueNumber&#8220;:&#8220;2&#8243;,&#8220;file&#8220;:[{&#8222;ID&#8220;:&#8220;3717&#8243;,&#8220;ResourceGUID&#8220;:&#8220;6DA73D4C92065EE4C1256F71003780C6&#8243;,&#8220;Name&#8220;:&#8220;TP-592-129-03_98-S\\u017dDC Prvky n\\u00e1stupi\\u0161\\u0165 SUDOP (2-1).pdf&#8220;,&#8220;FileNameGUID&#8220;:&#8220;6DA73D4C92065EE4C1256F71003780C6_LKT61YAI&#8220;,&#8220;Comment&#8220;:&#8220;&#8220;,&#8220;fileModel.Size&#8220;:&#8220;643768&#8243;,&#8220;Create&#8220;:&#8220;17.08.2023 10:19:55&#8243;,&#8220;MimeType&#8220;:&#8220;application\\\/octet-stream&#8220;,&#8220;ZPSV_WEB&#8220;:&#8220;True&#8220;}]}]}}<\/p>","protected":false},"excerpt":{"rendered":"<p>{&#8222;DateCreate&#8220;:&#8220;06.11.2002 14:46:30&#8243;,&#8220;ID&#8220;:&#8220;220&#8243;,&#8220;GUID&#8220;:&#8220;FF4A98BAAA86850AC1256C69004BAB2F&#8220;,&#8220;Nazev&#8220;:&#8220;\\u00dalo\\u017en\\u00fd blok U 85&#8243;,&#8220;Number&#8220;:&#8220;592129030024&#8243;,&#8220;ObchodniZnacka&#8220;:&#8220;ABZ 24-30&#8243;,&#8220;Zavods&#8220;:&#8220;31 Doloplazy&#8220;,&#8220;VyrPopisCZ&#8220;:&#8220;&#8220;,&#8220;VyrPopisDE&#8220;:&#8220;&#8220;,&#8220;VyrPopisEN&#8220;:&#8220;&#8220;,&#8220;VyrUrceniAPouzitCZ&#8220;:&#8220;Prvek n\\u00e1stupi\\u0161t\\u011b SUDOP, slou\\u017e\\u00edc\\u00ed [&hellip;]<\/p>","protected":false},"author":1,"featured_media":0,"parent":160625,"menu_order":0,"comment_status":"closed","ping_status":"closed","template":"layouts\/page-katalog.php","meta":{"footnotes":""},"_links":{"self":[{"href":"https:\/\/zpsv-cz.webvalleypreview.com\/en\/wp-json\/wp\/v2\/pages\/162951"}],"collection":[{"href":"https:\/\/zpsv-cz.webvalleypreview.com\/en\/wp-json\/wp\/v2\/pages"}],"about":[{"href":"https:\/\/zpsv-cz.webvalleypreview.com\/en\/wp-json\/wp\/v2\/types\/page"}],"author":[{"embeddable":true,"href":"https:\/\/zpsv-cz.webvalleypreview.com\/en\/wp-json\/wp\/v2\/users\/1"}],"replies":[{"embeddable":true,"href":"https:\/\/zpsv-cz.webvalleypreview.com\/en\/wp-json\/wp\/v2\/comments?post=162951"}],"version-history":[{"count":0,"href":"https:\/\/zpsv-cz.webvalleypreview.com\/en\/wp-json\/wp\/v2\/pages\/162951\/revisions"}],"up":[{"embeddable":true,"href":"https:\/\/zpsv-cz.webvalleypreview.com\/en\/wp-json\/wp\/v2\/pages\/160625"}],"wp:attachment":[{"href":"https:\/\/zpsv-cz.webvalleypreview.com\/en\/wp-json\/wp\/v2\/media?parent=162951"}],"curies":[{"name":"wp","href":"https:\/\/api.w.org\/{rel}","templated":true}]}}