{"id":162958,"date":"2024-05-23T13:38:12","date_gmt":"2024-05-23T11:38:12","guid":{"rendered":"https:\/\/zpsv-cz.webvalleypreview.com\/kolejove-dopravni-stavby\/kolejnicove-podpory\/kolejovy-podklad-pro-cistici-jamy-typ-a\/"},"modified":"2024-05-23T13:38:12","modified_gmt":"2024-05-23T11:38:12","slug":"kolejovy-podklad-pro-cistici-jamy-typ-a","status":"publish","type":"page","link":"https:\/\/zpsv-cz.webvalleypreview.com\/en\/kolejove-dopravni-stavby\/kolejnicove-podpory\/kolejovy-podklad-pro-cistici-jamy-typ-a\/","title":{"rendered":"Kolejov\u00fd podklad pro \u010dist\u00edc\u00ed j\u00e1my typ A"},"content":{"rendered":"<p>{&#8222;DateCreate&#8220;:&#8220;06.11.2002 14:46:33&#8243;,&#8220;ID&#8220;:&#8220;230&#8243;,&#8220;GUID&#8220;:&#8220;6B20E00401759246C1256C69004BAC8B&#8220;,&#8220;Nazev&#8220;:&#8220;Kolejov\\u00fd podklad pro \\u010dist\\u00edc\\u00ed j\\u00e1my typ A&#8220;,&#8220;Number&#8220;:&#8220;592191070006&#8243;,&#8220;ObchodniZnacka&#8220;:&#8220;AZX 6-70&#8243;,&#8220;Zavods&#8220;:&#8220;31 Doloplazy&#8220;,&#8220;VyrPopisCZ&#8220;:&#8220;&#8220;,&#8220;VyrPopisDE&#8220;:&#8220;&#8220;,&#8220;VyrPopisEN&#8220;:&#8220;&#8220;,&#8220;VyrUrceniAPouzitCZ&#8220;:&#8220;Pro ulo\\u017een\\u00ed a upevn\\u011bn\\u00ed kolejnic nad \\u010dist\\u00edc\\u00ed j\\u00e1mou. Jsou polo\\u017eeny v souvisl\\u00e9m p\\u00e1su na vybetonovan\\u00fd podklad s ozubem (typ A) . Kolejnice jsou uchyceny pomoc\\u00ed \\u017eebrov\\u00e9 kl\\u00ednov\\u00e9 podkladnice S4, R4 a \\u010dty\\u0159 vrtul\\u00ed R1.&#8220;,&#8220;VyrUrceniAPouzitDE&#8220;:&#8220;&#8220;,&#8220;VyrUrceniAPouzitEN&#8220;:&#8220;For bedding and fastening of rails above the pit. They are laid in continuous strip on a concreted foundation with notching (type A) or with notch groove (older type B). The rails are fastened with the help of the ribbed inclined sole-plate S4, R4 and four screw spikes R1.&#8220;,&#8220;VyrNazevCZ&#8220;:&#8220;Kolejov\\u00fd podklad pro \\u010dist\\u00edc\\u00ed j\\u00e1my typ A&#8220;,&#8220;VyrNazevDE&#8220;:&#8220;&#8220;,&#8220;VyrNazevEN&#8220;:&#8220;Rail foundation for working pit type A&#8220;,&#8220;Beton&#8220;:&#8220;C 35\\\/45-XF4&#8243;,&#8220;ObjemPrvku&#8220;:&#8220;0,0578&#8243;,&#8220;HmotnostPrvku&#8220;:&#8220;142&#8243;,&#8220;L&#8220;:&#8220;70&#8243;,&#8220;B&#8220;:&#8220;47&#8243;,&#8220;H&#8220;:&#8220;20&#8243;,&#8220;T&#8220;:&#8220;&#8220;,&#8220;D&#8220;:&#8220;&#8220;,&#8220;R&#8220;:&#8220;&#8220;,&#8220;L_2&#8243;:&#8220;&#8220;,&#8220;B_2&#8243;:&#8220;15&#8243;,&#8220;H_2&#8243;:&#8220;&#8220;,&#8220;T_2&#8243;:&#8220;&#8220;,&#8220;D_2&#8243;:&#8220;&#8220;,&#8220;R_2&#8243;:&#8220;&#8220;,&#8220;L_1&#8243;:&#8220;&#8220;,&#8220;B_1&#8243;:&#8220;43&#8243;,&#8220;H_1&#8243;:&#8220;5&#8243;,&#8220;T_1&#8243;:&#8220;&#8220;,&#8220;D_1&#8243;:&#8220;&#8220;,&#8220;R_1&#8243;:&#8220;&#8220;,&#8220;KategorieName&#8220;:&#8220;Dopravn\\u00ed a in\\u017een\\u00fdrsk\\u00e9 stavby&#8220;,&#8220;PodkategorieName&#8220;:&#8220;Kolejnicov\\u00e9 podpory&#8220;,&#8220;attachments&#8220;:{&#8222;designs&#8220;:[{&#8222;DateCreate&#8220;:&#8220;&#8220;,&#8220;ID&#8220;:&#8220;3290&#8243;,&#8220;GUID&#8220;:&#8220;9B3FD592ADC6281EC12587D700481A21&#8243;,&#8220;VYR_ID&#8220;:&#8220;230&#8243;,&#8220;VYR_Number&#8220;:&#8220;592191070006&#8243;,&#8220;VYR_ObchodniZnacka&#8220;:&#8220;AZX 6-70&#8243;,&#8220;DocumentNumber&#8220;:&#8220;592191070006&#8243;,&#8220;Title&#8220;:&#8220;Kolejov\\u00fd podklad pro \\u010dist\\u00edc\\u00ed j\\u00e1my typ A&#8220;,&#8220;IssueNumber&#8220;:&#8220;3&#8243;,&#8220;ZPSV_R4_Vyk1_ZaLomitkem&#8220;:&#8220;\\\/1&#8243;,&#8220;file&#8220;:[]},{&#8222;DateCreate&#8220;:&#8220;&#8220;,&#8220;ID&#8220;:&#8220;2226&#8243;,&#8220;GUID&#8220;:&#8220;81E0661A277E137CC125737600363658&#8243;,&#8220;VYR_ID&#8220;:&#8220;230&#8243;,&#8220;VYR_Number&#8220;:&#8220;592191070006&#8243;,&#8220;VYR_ObchodniZnacka&#8220;:&#8220;AZX 6-70&#8243;,&#8220;DocumentNumber&#8220;:&#8220;592191070006&#8243;,&#8220;Title&#8220;:&#8220;Kolejov\\u00fd podklad pro \\u010dist\\u00edc\\u00ed j\\u00e1my typ A&#8220;,&#8220;IssueNumber&#8220;:&#8220;2&#8243;,&#8220;ZPSV_R4_Vyk1_ZaLomitkem&#8220;:&#8220;\\\/2&#8243;,&#8220;file&#8220;:[]},{&#8222;DateCreate&#8220;:&#8220;&#8220;,&#8220;ID&#8220;:&#8220;2964&#8243;,&#8220;GUID&#8220;:&#8220;999FC2E4AAA67A24C1257393002F1961&#8243;,&#8220;VYR_ID&#8220;:&#8220;230&#8243;,&#8220;VYR_Number&#8220;:&#8220;592191070006&#8243;,&#8220;VYR_ObchodniZnacka&#8220;:&#8220;AZX 6-70&#8243;,&#8220;DocumentNumber&#8220;:&#8220;592191070006&#8243;,&#8220;Title&#8220;:&#8220;Kolejov\\u00fd podklad pro \\u010dist\\u00edc\\u00ed j\\u00e1my typ A vystrojen\\u00ed&#8220;,&#8220;IssueNumber&#8220;:&#8220;1&#8243;,&#8220;ZPSV_R4_Vyk1_ZaLomitkem&#8220;:&#8220;\\\/3&#8243;,&#8220;file&#8220;:[]}],&#8220;tpd&#8220;:[{&#8222;DateCreate&#8220;:&#8220;&#8220;,&#8220;ID&#8220;:&#8220;1538&#8243;,&#8220;GUID&#8220;:&#8220;72AFC578534CCDDDC1257E910027846F&#8220;,&#8220;VYR_ID&#8220;:&#8220;230&#8243;,&#8220;VYR_Number&#8220;:&#8220;592191070006&#8243;,&#8220;VYR_ObchodniZnacka&#8220;:&#8220;AZX 6-70&#8243;,&#8220;DocumentNumber&#8220;:&#8220;TP-13\\\/15&#8243;,&#8220;Title&#8220;:&#8220;Kolejov\\u00e9 podklady pro \\u010dist\\u00edc\\u00ed j\\u00e1my typ A, B&#8220;,&#8220;IssueNumber&#8220;:&#8220;3&#8243;,&#8220;file&#8220;:[{&#8222;ID&#8220;:&#8220;3730&#8243;,&#8220;ResourceGUID&#8220;:&#8220;72AFC578534CCDDDC1257E910027846F&#8220;,&#8220;Name&#8220;:&#8220;TP-13_15 Kolejov\\u00e9 podklady pro \\u010dist\\u00edc\\u00ed j\\u00e1my (3-1).pdf&#8220;,&#8220;FileNameGUID&#8220;:&#8220;72AFC578534CCDDDC1257E910027846F_05ATJIVY&#8220;,&#8220;Comment&#8220;:&#8220;&#8220;,&#8220;fileModel.Size&#8220;:&#8220;519575&#8243;,&#8220;Create&#8220;:&#8220;17.08.2023 10:19:55&#8243;,&#8220;MimeType&#8220;:&#8220;application\\\/octet-stream&#8220;,&#8220;ZPSV_WEB&#8220;:&#8220;True&#8220;}]}]}}<\/p>","protected":false},"excerpt":{"rendered":"<p>{&#8222;DateCreate&#8220;:&#8220;06.11.2002 14:46:33&#8243;,&#8220;ID&#8220;:&#8220;230&#8243;,&#8220;GUID&#8220;:&#8220;6B20E00401759246C1256C69004BAC8B&#8220;,&#8220;Nazev&#8220;:&#8220;Kolejov\\u00fd podklad pro \\u010dist\\u00edc\\u00ed j\\u00e1my typ A&#8220;,&#8220;Number&#8220;:&#8220;592191070006&#8243;,&#8220;ObchodniZnacka&#8220;:&#8220;AZX 6-70&#8243;,&#8220;Zavods&#8220;:&#8220;31 Doloplazy&#8220;,&#8220;VyrPopisCZ&#8220;:&#8220;&#8220;,&#8220;VyrPopisDE&#8220;:&#8220;&#8220;,&#8220;VyrPopisEN&#8220;:&#8220;&#8220;,&#8220;VyrUrceniAPouzitCZ&#8220;:&#8220;Pro [&hellip;]<\/p>","protected":false},"author":1,"featured_media":0,"parent":160616,"menu_order":0,"comment_status":"closed","ping_status":"closed","template":"layouts\/page-katalog.php","meta":{"footnotes":""},"_links":{"self":[{"href":"https:\/\/zpsv-cz.webvalleypreview.com\/en\/wp-json\/wp\/v2\/pages\/162958"}],"collection":[{"href":"https:\/\/zpsv-cz.webvalleypreview.com\/en\/wp-json\/wp\/v2\/pages"}],"about":[{"href":"https:\/\/zpsv-cz.webvalleypreview.com\/en\/wp-json\/wp\/v2\/types\/page"}],"author":[{"embeddable":true,"href":"https:\/\/zpsv-cz.webvalleypreview.com\/en\/wp-json\/wp\/v2\/users\/1"}],"replies":[{"embeddable":true,"href":"https:\/\/zpsv-cz.webvalleypreview.com\/en\/wp-json\/wp\/v2\/comments?post=162958"}],"version-history":[{"count":0,"href":"https:\/\/zpsv-cz.webvalleypreview.com\/en\/wp-json\/wp\/v2\/pages\/162958\/revisions"}],"up":[{"embeddable":true,"href":"https:\/\/zpsv-cz.webvalleypreview.com\/en\/wp-json\/wp\/v2\/pages\/160616"}],"wp:attachment":[{"href":"https:\/\/zpsv-cz.webvalleypreview.com\/en\/wp-json\/wp\/v2\/media?parent=162958"}],"curies":[{"name":"wp","href":"https:\/\/api.w.org\/{rel}","templated":true}]}}