{"id":162963,"date":"2024-05-23T13:38:12","date_gmt":"2024-05-23T11:38:12","guid":{"rendered":"https:\/\/zpsv-cz.webvalleypreview.com\/inzenyrske-stavby\/prvky-pro-odvodneni\/prikopovy-zlab-j-velky\/"},"modified":"2024-05-23T13:38:12","modified_gmt":"2024-05-23T11:38:12","slug":"prikopovy-zlab-j-velky","status":"publish","type":"page","link":"https:\/\/zpsv-cz.webvalleypreview.com\/en\/inzenyrske-stavby\/prvky-pro-odvodneni\/prikopovy-zlab-j-velky\/","title":{"rendered":"P\u0159\u00edkopov\u00fd \u017elab J-velk\u00fd"},"content":{"rendered":"<p>{&#8222;DateCreate&#8220;:&#8220;06.11.2002 14:46:38&#8243;,&#8220;ID&#8220;:&#8220;238&#8243;,&#8220;GUID&#8220;:&#8220;5AD72AB20B583C2FC1256C69004BAE4C&#8220;,&#8220;Nazev&#8220;:&#8220;P\\u0159\\u00edkopov\\u00fd \\u017elab J-velk\\u00fd&#8220;,&#8220;Number&#8220;:&#8220;592271719203&#8243;,&#8220;ObchodniZnacka&#8220;:&#8220;TZM 203-19&#8243;,&#8220;Zavods&#8220;:&#8220;61 Uhersk\\u00fd Ostroh&#8220;,&#8220;VyrPopisCZ&#8220;:&#8220;&#8220;,&#8220;VyrPopisDE&#8220;:&#8220;&#8220;,&#8220;VyrPopisEN&#8220;:&#8220;&#8220;,&#8220;VyrUrceniAPouzitCZ&#8220;:&#8220;Pro vytv\\u00e1\\u0159en\\u00ed odvod\\u0148ovac\\u00edch koryt p\\u0159i t\\u011blesech \\u017eelezni\\u010dn\\u00edch trat\\u00ed nebo ostatn\\u00edch komunikac\\u00ed. Pro zakryt\\u00ed je zapot\\u0159eb\\u00ed osmi poklop\\u016f na jeden \\u017elab. P\\u0159\\u00edkopov\\u00fd \\u017elab J &#8211; velk\\u00fd m\\u00e1 ve svisl\\u00fdch st\\u011bn\\u00e1ch \\u010dty\\u0159i otvory Js 100 mm se sp\\u00e1dem 5 % dovnit\\u0159. Manipulace je prov\\u00e1d\\u011bna pomoc\\u00ed p\\u0159epravn\\u00edch \\u00fachyt\\u016f s kulovou hlavou.&#8220;,&#8220;VyrUrceniAPouzitDE&#8220;:&#8220;&#8220;,&#8220;VyrUrceniAPouzitEN&#8220;:&#8220;For forming cunette channels at bodies of tracks of CR or other roads. For covering three covers for one drain are needed (to the drain J one continuous cover can be delivered, too). The trench drain J \\u2013 large has four holes of nominal inside diameter 100 mm with gradient 5% inwards.\\rThe drains are made either with manipulation hooks or with clips DEHA.&#8220;,&#8220;VyrNazevCZ&#8220;:&#8220;P\\u0159\\u00edkopov\\u00fd \\u017elab J-velk\\u00fd&#8220;,&#8220;VyrNazevDE&#8220;:&#8220;&#8220;,&#8220;VyrNazevEN&#8220;:&#8220;Trench drain J-great&#8220;,&#8220;Beton&#8220;:&#8220;C 30\\\/37-XF3&#8243;,&#8220;ObjemPrvku&#8220;:&#8220;0,7312&#8243;,&#8220;HmotnostPrvku&#8220;:&#8220;1790&#8243;,&#8220;L&#8220;:&#8220;249&#8243;,&#8220;B&#8220;:&#8220;70&#8243;,&#8220;H&#8220;:&#8220;140&#8243;,&#8220;T&#8220;:&#8220;&#8220;,&#8220;D&#8220;:&#8220;&#8220;,&#8220;R&#8220;:&#8220;&#8220;,&#8220;L_2&#8243;:&#8220;&#8220;,&#8220;B_2&#8243;:&#8220;&#8220;,&#8220;H_2&#8243;:&#8220;&#8220;,&#8220;T_2&#8243;:&#8220;&#8220;,&#8220;D_2&#8243;:&#8220;&#8220;,&#8220;R_2&#8243;:&#8220;&#8220;,&#8220;L_1&#8243;:&#8220;&#8220;,&#8220;B_1&#8243;:&#8220;44&#8243;,&#8220;H_1&#8243;:&#8220;90&#8243;,&#8220;T_1&#8243;:&#8220;&#8220;,&#8220;D_1&#8243;:&#8220;&#8220;,&#8220;R_1&#8243;:&#8220;&#8220;,&#8220;KategorieName&#8220;:&#8220;Dopravn\\u00ed a in\\u017een\\u00fdrsk\\u00e9 stavby&#8220;,&#8220;PodkategorieName&#8220;:&#8220;Prvky pro odvodn\\u011bn\\u00ed&#8220;,&#8220;attachments&#8220;:{&#8222;designs&#8220;:[{&#8222;DateCreate&#8220;:&#8220;&#8220;,&#8220;ID&#8220;:&#8220;2269&#8243;,&#8220;GUID&#8220;:&#8220;96A9D5A732F421D2C1257E4C00288AFB&#8220;,&#8220;VYR_ID&#8220;:&#8220;238&#8243;,&#8220;VYR_Number&#8220;:&#8220;592271719203&#8243;,&#8220;VYR_ObchodniZnacka&#8220;:&#8220;TZM 203-19&#8243;,&#8220;DocumentNumber&#8220;:&#8220;592271719203&#8243;,&#8220;Title&#8220;:&#8220; P\\u0159\\u00edkopov\\u00fd \\u017elab J &#8211; velk\\u00fd&#8220;,&#8220;IssueNumber&#8220;:&#8220;4&#8243;,&#8220;ZPSV_R4_Vyk1_ZaLomitkem&#8220;:&#8220;\\\/1-1&#8243;,&#8220;file&#8220;:[]},{&#8222;DateCreate&#8220;:&#8220;&#8220;,&#8220;ID&#8220;:&#8220;3098&#8243;,&#8220;GUID&#8220;:&#8220;210E03B086E0CED7C1257E4C0028C06C&#8220;,&#8220;VYR_ID&#8220;:&#8220;238&#8243;,&#8220;VYR_Number&#8220;:&#8220;592271719203&#8243;,&#8220;VYR_ObchodniZnacka&#8220;:&#8220;TZM 203-19&#8243;,&#8220;DocumentNumber&#8220;:&#8220;592271719203&#8243;,&#8220;Title&#8220;:&#8220;P\\u0159\\u00edkopov\\u00fd \\u017elab J-velk\\u00fd&#8220;,&#8220;IssueNumber&#8220;:&#8220;3&#8243;,&#8220;ZPSV_R4_Vyk1_ZaLomitkem&#8220;:&#8220;\\\/2-1&#8243;,&#8220;file&#8220;:[]}],&#8220;pvl&#8220;:[{&#8222;DateCreate&#8220;:&#8220;30.08.2022 15:05:52&#8243;,&#8220;ID&#8220;:&#8220;97&#8243;,&#8220;GUID&#8220;:&#8220;2FA46A1AA876CCA4C12588AE0047F30D&#8220;,&#8220;VYR_ID&#8220;:&#8220;238&#8243;,&#8220;VYR_Number&#8220;:&#8220;592271719203&#8243;,&#8220;VYR_ObchodniZnacka&#8220;:&#8220;TZM 203-19&#8243;,&#8220;Number&#8220;:&#8220;31-02\\\/22&#8243;,&#8220;Nazev&#8220;:&#8220;Prvky op\\u011brn\\u00fdch st\\u011bn &#8211; p\\u0159\\u00edkopov\\u00e9 \\u017elaby U, J UCB, UCH s p\\u0159\\u00edslu\\u0161enstv\\u00edm&#8220;,&#8220;DatePlatnostDo&#8220;:&#8220;07.08.2023 0:00:00&#8243;,&#8220;ZavodName&#8220;:&#8220;31 Doloplazy&#8220;,&#8220;file&#8220;:[{&#8222;ID&#8220;:&#8220;13069&#8243;,&#8220;ResourceGUID&#8220;:&#8220;2FA46A1AA876CCA4C12588AE0047F30D&#8220;,&#8220;Name&#8220;:&#8220;1 &#8211; POV 31-02-22.pdf&#8220;,&#8220;FileNameGUID&#8220;:&#8220;2FA46A1AA876CCA4C12588AE0047F30D_G35H2ERE&#8220;,&#8220;Comment&#8220;:&#8220;&#8220;,&#8220;fileModel.Size&#8220;:&#8220;83107&#8243;,&#8220;Create&#8220;:&#8220;22.11.2023 7:52:37&#8243;,&#8220;MimeType&#8220;:&#8220;application\\\/octet-stream&#8220;,&#8220;ZPSV_WEB&#8220;:&#8220;True&#8220;}]},{&#8222;DateCreate&#8220;:&#8220;29.01.2024 10:28:31&#8243;,&#8220;ID&#8220;:&#8220;191&#8243;,&#8220;GUID&#8220;:&#8220;dc10a36e-6498-4b69-a4f7-7331615c6cad&#8220;,&#8220;VYR_ID&#8220;:&#8220;238&#8243;,&#8220;VYR_Number&#8220;:&#8220;592271719203&#8243;,&#8220;VYR_ObchodniZnacka&#8220;:&#8220;TZM 203-19&#8243;,&#8220;Number&#8220;:&#8220;31-05\\\/23&#8243;,&#8220;Nazev&#8220;:&#8220;Prvky op\\u011brn\\u00fdch st\\u011bn &#8211; p\\u0159\\u00edkopov\\u00e9 \\u017elaby U, J UCB, UCH s p\\u0159\\u00edslu\\u0161enstv\\u00edm&#8220;,&#8220;DatePlatnostDo&#8220;:&#8220;19.12.2024 0:00:00&#8243;,&#8220;ZavodName&#8220;:&#8220;31 Doloplazy&#8220;,&#8220;file&#8220;:[{&#8222;ID&#8220;:&#8220;13683&#8243;,&#8220;ResourceGUID&#8220;:&#8220;dc10a36e-6498-4b69-a4f7-7331615c6cad&#8220;,&#8220;Name&#8220;:&#8220;1 &#8211; POV 31-05-23.pdf&#8220;,&#8220;FileNameGUID&#8220;:&#8220;5f4622e0-74e2-49b6-99e9-5c6cdeb7091a&#8220;,&#8220;Comment&#8220;:&#8220;&#8220;,&#8220;fileModel.Size&#8220;:&#8220;80113&#8243;,&#8220;Create&#8220;:&#8220;29.01.2024 10:31:05&#8243;,&#8220;MimeType&#8220;:&#8220;application\\\/pdf&#8220;,&#8220;ZPSV_WEB&#8220;:&#8220;True&#8220;}]},{&#8222;DateCreate&#8220;:&#8220;06.02.2023 12:57:30&#8243;,&#8220;ID&#8220;:&#8220;120&#8243;,&#8220;GUID&#8220;:&#8220;E8D5BA5360007ADAC125894E0041B08A&#8220;,&#8220;VYR_ID&#8220;:&#8220;238&#8243;,&#8220;VYR_Number&#8220;:&#8220;592271719203&#8243;,&#8220;VYR_ObchodniZnacka&#8220;:&#8220;TZM 203-19&#8243;,&#8220;Number&#8220;:&#8220;61-09\\\/23&#8243;,&#8220;Nazev&#8220;:&#8220;Prvky op\\u011brn\\u00fdch st\\u011bn &#8211; p\\u0159\\u00edkopov\\u00e9 \\u017elaby U, J, UCB, UCH s p\\u0159\\u00edslu\\u0161enstv\\u00edm&#8220;,&#8220;DatePlatnostDo&#8220;:&#8220;21.12.2023 0:00:00&#8243;,&#8220;ZavodName&#8220;:&#8220;61 Uhersk\\u00fd Ostroh&#8220;,&#8220;file&#8220;:[{&#8222;ID&#8220;:&#8220;13294&#8243;,&#8220;ResourceGUID&#8220;:&#8220;E8D5BA5360007ADAC125894E0041B08A&#8220;,&#8220;Name&#8220;:&#8220;1 &#8211; POV 61-09-23.pdf&#8220;,&#8220;FileNameGUID&#8220;:&#8220;E8D5BA5360007ADAC125894E0041B08A_4LV2HG88&#8243;,&#8220;Comment&#8220;:&#8220;&#8220;,&#8220;fileModel.Size&#8220;:&#8220;81319&#8243;,&#8220;Create&#8220;:&#8220;22.11.2023 7:52:39&#8243;,&#8220;MimeType&#8220;:&#8220;application\\\/octet-stream&#8220;,&#8220;ZPSV_WEB&#8220;:&#8220;True&#8220;}]},{&#8222;DateCreate&#8220;:&#8220;04.03.2024 16:02:24&#8243;,&#8220;ID&#8220;:&#8220;218&#8243;,&#8220;GUID&#8220;:&#8220;69ee6320-f944-4d6b-92a6-90b6c06d6cd1&#8243;,&#8220;VYR_ID&#8220;:&#8220;238&#8243;,&#8220;VYR_Number&#8220;:&#8220;592271719203&#8243;,&#8220;VYR_ObchodniZnacka&#8220;:&#8220;TZM 203-19&#8243;,&#8220;Number&#8220;:&#8220;61-09\\\/24&#8243;,&#8220;Nazev&#8220;:&#8220;Prvky op\\u011brn\\u00fdch st\\u011bn &#8211; p\\u0159\\u00edkopov\\u00e9 \\u017elaby U, J, UCB, UCH s p\\u0159\\u00edslu\\u0161enstv\\u00edm&#8220;,&#8220;DatePlatnostDo&#8220;:&#8220;19.02.2025 0:00:00&#8243;,&#8220;ZavodName&#8220;:&#8220;61 Uhersk\\u00fd Ostroh&#8220;,&#8220;file&#8220;:[{&#8222;ID&#8220;:&#8220;13924&#8243;,&#8220;ResourceGUID&#8220;:&#8220;69ee6320-f944-4d6b-92a6-90b6c06d6cd1&#8243;,&#8220;Name&#8220;:&#8220;1 &#8211; POV 61-09-24.pdf&#8220;,&#8220;FileNameGUID&#8220;:&#8220;f79b846d-3721-4ed2-816e-e6384496876f&#8220;,&#8220;Comment&#8220;:&#8220;&#8220;,&#8220;fileModel.Size&#8220;:&#8220;79092&#8243;,&#8220;Create&#8220;:&#8220;04.03.2024 16:04:02&#8243;,&#8220;MimeType&#8220;:&#8220;application\\\/pdf&#8220;,&#8220;ZPSV_WEB&#8220;:&#8220;True&#8220;}]}],&#8220;tpd&#8220;:[{&#8222;DateCreate&#8220;:&#8220;&#8220;,&#8220;ID&#8220;:&#8220;1565&#8243;,&#8220;GUID&#8220;:&#8220;7857DA0714FE60D4C1257F1700335DCC&#8220;,&#8220;VYR_ID&#8220;:&#8220;238&#8243;,&#8220;VYR_Number&#8220;:&#8220;592271719203&#8243;,&#8220;VYR_ObchodniZnacka&#8220;:&#8220;TZM 203-19&#8243;,&#8220;DocumentNumber&#8220;:&#8220;TP-12\\\/15&#8243;,&#8220;Title&#8220;:&#8220;P\\u0159\\u00edkopov\\u00e9 \\u017elaby a poklopy (S\\u017dDC)&#8220;,&#8220;IssueNumber&#8220;:&#8220;1&#8243;,&#8220;file&#8220;:[{&#8222;ID&#8220;:&#8220;3734&#8243;,&#8220;ResourceGUID&#8220;:&#8220;7857DA0714FE60D4C1257F1700335DCC&#8220;,&#8220;Name&#8220;:&#8220;TP-12_15 P\\u0159\\u00edkopov\\u00e9 \\u017elaby a poklopy (1-1).pdf&#8220;,&#8220;FileNameGUID&#8220;:&#8220;7857DA0714FE60D4C1257F1700335DCC_JNVHWY55&#8243;,&#8220;Comment&#8220;:&#8220;&#8220;,&#8220;fileModel.Size&#8220;:&#8220;630170&#8243;,&#8220;Create&#8220;:&#8220;17.08.2023 10:19:55&#8243;,&#8220;MimeType&#8220;:&#8220;application\\\/octet-stream&#8220;,&#8220;ZPSV_WEB&#8220;:&#8220;True&#8220;}]}]}}<\/p>","protected":false},"excerpt":{"rendered":"<p>{&#8222;DateCreate&#8220;:&#8220;06.11.2002 14:46:38&#8243;,&#8220;ID&#8220;:&#8220;238&#8243;,&#8220;GUID&#8220;:&#8220;5AD72AB20B583C2FC1256C69004BAE4C&#8220;,&#8220;Nazev&#8220;:&#8220;P\\u0159\\u00edkopov\\u00fd \\u017elab J-velk\\u00fd&#8220;,&#8220;Number&#8220;:&#8220;592271719203&#8243;,&#8220;ObchodniZnacka&#8220;:&#8220;TZM 203-19&#8243;,&#8220;Zavods&#8220;:&#8220;61 Uhersk\\u00fd Ostroh&#8220;,&#8220;VyrPopisCZ&#8220;:&#8220;&#8220;,&#8220;VyrPopisDE&#8220;:&#8220;&#8220;,&#8220;VyrPopisEN&#8220;:&#8220;&#8220;,&#8220;VyrUrceniAPouzitCZ&#8220;:&#8220;Pro vytv\\u00e1\\u0159en\\u00ed odvod\\u0148ovac\\u00edch koryt [&hellip;]<\/p>","protected":false},"author":1,"featured_media":0,"parent":160622,"menu_order":0,"comment_status":"closed","ping_status":"closed","template":"layouts\/page-katalog.php","meta":{"footnotes":""},"_links":{"self":[{"href":"https:\/\/zpsv-cz.webvalleypreview.com\/en\/wp-json\/wp\/v2\/pages\/162963"}],"collection":[{"href":"https:\/\/zpsv-cz.webvalleypreview.com\/en\/wp-json\/wp\/v2\/pages"}],"about":[{"href":"https:\/\/zpsv-cz.webvalleypreview.com\/en\/wp-json\/wp\/v2\/types\/page"}],"author":[{"embeddable":true,"href":"https:\/\/zpsv-cz.webvalleypreview.com\/en\/wp-json\/wp\/v2\/users\/1"}],"replies":[{"embeddable":true,"href":"https:\/\/zpsv-cz.webvalleypreview.com\/en\/wp-json\/wp\/v2\/comments?post=162963"}],"version-history":[{"count":0,"href":"https:\/\/zpsv-cz.webvalleypreview.com\/en\/wp-json\/wp\/v2\/pages\/162963\/revisions"}],"up":[{"embeddable":true,"href":"https:\/\/zpsv-cz.webvalleypreview.com\/en\/wp-json\/wp\/v2\/pages\/160622"}],"wp:attachment":[{"href":"https:\/\/zpsv-cz.webvalleypreview.com\/en\/wp-json\/wp\/v2\/media?parent=162963"}],"curies":[{"name":"wp","href":"https:\/\/api.w.org\/{rel}","templated":true}]}}