{"id":162968,"date":"2024-05-23T13:38:12","date_gmt":"2024-05-23T11:38:12","guid":{"rendered":"https:\/\/zpsv-cz.webvalleypreview.com\/inzenyrske-stavby\/obkladove-a-melioracni-desky\/obkladova-deska-vodnich-toku\/"},"modified":"2024-05-23T13:38:12","modified_gmt":"2024-05-23T11:38:12","slug":"obkladova-deska-vodnich-toku","status":"publish","type":"page","link":"https:\/\/zpsv-cz.webvalleypreview.com\/en\/inzenyrske-stavby\/obkladove-a-melioracni-desky\/obkladova-deska-vodnich-toku\/","title":{"rendered":"Obkladov\u00e1 deska vodn\u00edch tok\u016f"},"content":{"rendered":"<p>{&#8222;DateCreate&#8220;:&#8220;06.11.2002 14:46:39&#8243;,&#8220;ID&#8220;:&#8220;254&#8243;,&#8220;GUID&#8220;:&#8220;2CEB8806C22C667BC1256C69004BAEA3&#8243;,&#8220;Nazev&#8220;:&#8220;Obkladov\\u00e1 deska vodn\\u00edch tok\\u016f&#8220;,&#8220;Number&#8220;:&#8220;592291150041&#8243;,&#8220;ObchodniZnacka&#8220;:&#8220;TZX 41-150&#8243;,&#8220;Zavods&#8220;:&#8220;31 Doloplazy&#8220;,&#8220;VyrPopisCZ&#8220;:&#8220;&#8220;,&#8220;VyrPopisDE&#8220;:&#8220;&#8220;,&#8220;VyrPopisEN&#8220;:&#8220;&#8220;,&#8220;VyrUrceniAPouzitCZ&#8220;:&#8220;Slou\\u017e\\u00ed pro obklady bo\\u010dn\\u00edch st\\u011bn vodn\\u00edch tok\\u016f p\\u0159i \\u00faprav\\u00e1ch a meliorac\\u00edch.&#8220;,&#8220;VyrUrceniAPouzitDE&#8220;:&#8220;&#8220;,&#8220;VyrUrceniAPouzitEN&#8220;:&#8220;It serves for facing of side walls of watercourse in ground shaping and amelioration.&#8220;,&#8220;VyrNazevCZ&#8220;:&#8220;Obkladov\\u00e1 deska vodn\\u00edch tok\\u016f&#8220;,&#8220;VyrNazevDE&#8220;:&#8220;&#8220;,&#8220;VyrNazevEN&#8220;:&#8220;Facing slab of watercourses&#8220;,&#8220;Beton&#8220;:&#8220;C 25\\\/30-XF1&#8243;,&#8220;ObjemPrvku&#8220;:&#8220;0,0588&#8243;,&#8220;HmotnostPrvku&#8220;:&#8220;144&#8243;,&#8220;L&#8220;:&#8220;150&#8243;,&#8220;B&#8220;:&#8220;49&#8243;,&#8220;H&#8220;:&#8220;8&#8243;,&#8220;T&#8220;:&#8220;&#8220;,&#8220;D&#8220;:&#8220;&#8220;,&#8220;R&#8220;:&#8220;&#8220;,&#8220;L_2&#8243;:&#8220;&#8220;,&#8220;B_2&#8243;:&#8220;&#8220;,&#8220;H_2&#8243;:&#8220;&#8220;,&#8220;T_2&#8243;:&#8220;&#8220;,&#8220;D_2&#8243;:&#8220;&#8220;,&#8220;R_2&#8243;:&#8220;&#8220;,&#8220;L_1&#8243;:&#8220;&#8220;,&#8220;B_1&#8243;:&#8220;&#8220;,&#8220;H_1&#8243;:&#8220;&#8220;,&#8220;T_1&#8243;:&#8220;&#8220;,&#8220;D_1&#8243;:&#8220;&#8220;,&#8220;R_1&#8243;:&#8220;&#8220;,&#8220;KategorieName&#8220;:&#8220;Komun\\u00e1ln\\u00ed a vodohospod\\u00e1\\u0159sk\\u00e9 stavby&#8220;,&#8220;PodkategorieName&#8220;:&#8220;Obkladov\\u00e9 a meliora\\u010dn\\u00ed desky&#8220;,&#8220;attachments&#8220;:{&#8222;designs&#8220;:[{&#8222;DateCreate&#8220;:&#8220;14.03.2024 8:20:49&#8243;,&#8220;ID&#8220;:&#8220;4267&#8243;,&#8220;GUID&#8220;:&#8220;540d193b-a5f9-469a-a288-e401d2b9b537&#8243;,&#8220;VYR_ID&#8220;:&#8220;254&#8243;,&#8220;VYR_Number&#8220;:&#8220;592291150041&#8243;,&#8220;VYR_ObchodniZnacka&#8220;:&#8220;TZX 41-150&#8243;,&#8220;DocumentNumber&#8220;:&#8220;592291150041&#8243;,&#8220;Title&#8220;:&#8220;Obkladov\\u00e1 deska vodn\\u00edch tok\\u016f&#8220;,&#8220;IssueNumber&#8220;:&#8220;4&#8243;,&#8220;ZPSV_R4_Vyk1_ZaLomitkem&#8220;:&#8220;\\\/1&#8243;,&#8220;file&#8220;:[]},{&#8222;DateCreate&#8220;:&#8220;14.03.2024 8:27:49&#8243;,&#8220;ID&#8220;:&#8220;4268&#8243;,&#8220;GUID&#8220;:&#8220;6aec80de-64f2-4dd6-87e2-d029ba40cb9f&#8220;,&#8220;VYR_ID&#8220;:&#8220;254&#8243;,&#8220;VYR_Number&#8220;:&#8220;592291150041&#8243;,&#8220;VYR_ObchodniZnacka&#8220;:&#8220;TZX 41-150&#8243;,&#8220;DocumentNumber&#8220;:&#8220;592291150041&#8243;,&#8220;Title&#8220;:&#8220;Obkladov\\u00e1 deska vodn\\u00edch tok\\u016f&#8220;,&#8220;IssueNumber&#8220;:&#8220;3&#8243;,&#8220;ZPSV_R4_Vyk1_ZaLomitkem&#8220;:&#8220;\\\/2&#8243;,&#8220;file&#8220;:[]}],&#8220;tpd&#8220;:[{&#8222;DateCreate&#8220;:&#8220;&#8220;,&#8220;ID&#8220;:&#8220;1509&#8243;,&#8220;GUID&#8220;:&#8220;2C6ACE87996E1A90C1257F320042252D&#8220;,&#8220;VYR_ID&#8220;:&#8220;254&#8243;,&#8220;VYR_Number&#8220;:&#8220;592291150041&#8243;,&#8220;VYR_ObchodniZnacka&#8220;:&#8220;TZX 41-150&#8243;,&#8220;DocumentNumber&#8220;:&#8220;TP-01\\\/16&#8243;,&#8220;Title&#8220;:&#8220;Prvky pro odvodn\\u011bn\\u00ed (S\\u017dDC)&#8220;,&#8220;IssueNumber&#8220;:&#8220;1&#8243;,&#8220;file&#8220;:[{&#8222;ID&#8220;:&#8220;3655&#8243;,&#8220;ResourceGUID&#8220;:&#8220;2C6ACE87996E1A90C1257F320042252D&#8220;,&#8220;Name&#8220;:&#8220;TP-01_16 Prvky pro odvodn\\u011bn\\u00ed (1-3).pdf&#8220;,&#8220;FileNameGUID&#8220;:&#8220;2C6ACE87996E1A90C1257F320042252D_34CK8X2X&#8220;,&#8220;Comment&#8220;:&#8220;&#8220;,&#8220;fileModel.Size&#8220;:&#8220;1237657&#8243;,&#8220;Create&#8220;:&#8220;17.08.2023 10:19:55&#8243;,&#8220;MimeType&#8220;:&#8220;application\\\/octet-stream&#8220;,&#8220;ZPSV_WEB&#8220;:&#8220;True&#8220;}]},{&#8222;DateCreate&#8220;:&#8220;&#8220;,&#8220;ID&#8220;:&#8220;1568&#8243;,&#8220;GUID&#8220;:&#8220;47A9F2F7CE140552C1257FBD0041F929&#8243;,&#8220;VYR_ID&#8220;:&#8220;254&#8243;,&#8220;VYR_Number&#8220;:&#8220;592291150041&#8243;,&#8220;VYR_ObchodniZnacka&#8220;:&#8220;TZX 41-150&#8243;,&#8220;DocumentNumber&#8220;:&#8220;TP-06\\\/16&#8243;,&#8220;Title&#8220;:&#8220;Prvky pro odvodn\\u011bn\\u00ed (\\u017dSR)&#8220;,&#8220;IssueNumber&#8220;:&#8220;1&#8243;,&#8220;file&#8220;:[{&#8222;ID&#8220;:&#8220;3680&#8243;,&#8220;ResourceGUID&#8220;:&#8220;47A9F2F7CE140552C1257FBD0041F929&#8243;,&#8220;Name&#8220;:&#8220;TP-06_16 Prvky pro odvodn\\u011bn\\u00ed (1-1).pdf&#8220;,&#8220;FileNameGUID&#8220;:&#8220;47A9F2F7CE140552C1257FBD0041F929_K4OTLV1J&#8220;,&#8220;Comment&#8220;:&#8220;&#8220;,&#8220;fileModel.Size&#8220;:&#8220;1320697&#8243;,&#8220;Create&#8220;:&#8220;17.08.2023 10:19:55&#8243;,&#8220;MimeType&#8220;:&#8220;application\\\/octet-stream&#8220;,&#8220;ZPSV_WEB&#8220;:&#8220;True&#8220;}]},{&#8222;DateCreate&#8220;:&#8220;&#8220;,&#8220;ID&#8220;:&#8220;1537&#8243;,&#8220;GUID&#8220;:&#8220;A82E830AA5D54EA1C1257E90001CD326&#8243;,&#8220;VYR_ID&#8220;:&#8220;254&#8243;,&#8220;VYR_Number&#8220;:&#8220;592291150041&#8243;,&#8220;VYR_ObchodniZnacka&#8220;:&#8220;TZX 41-150&#8243;,&#8220;DocumentNumber&#8220;:&#8220;TP-11\\\/15&#8243;,&#8220;Title&#8220;:&#8220;Meliora\\u010dn\\u00ed a obkladov\\u00e9 desky&#8220;,&#8220;IssueNumber&#8220;:&#8220;3&#8243;,&#8220;file&#8220;:[{&#8222;ID&#8220;:&#8220;3797&#8243;,&#8220;ResourceGUID&#8220;:&#8220;A82E830AA5D54EA1C1257E90001CD326&#8243;,&#8220;Name&#8220;:&#8220;TP-11_15 Meliora\\u010dn\\u00ed a obkladov\\u00e9 desky (3-1).pdf&#8220;,&#8220;FileNameGUID&#8220;:&#8220;A82E830AA5D54EA1C1257E90001CD326_XQZHALND&#8220;,&#8220;Comment&#8220;:&#8220;&#8220;,&#8220;fileModel.Size&#8220;:&#8220;526133&#8243;,&#8220;Create&#8220;:&#8220;17.08.2023 10:19:56&#8243;,&#8220;MimeType&#8220;:&#8220;application\\\/octet-stream&#8220;,&#8220;ZPSV_WEB&#8220;:&#8220;True&#8220;}]}]}}<\/p>","protected":false},"excerpt":{"rendered":"<p>{&#8222;DateCreate&#8220;:&#8220;06.11.2002 14:46:39&#8243;,&#8220;ID&#8220;:&#8220;254&#8243;,&#8220;GUID&#8220;:&#8220;2CEB8806C22C667BC1256C69004BAEA3&#8243;,&#8220;Nazev&#8220;:&#8220;Obkladov\\u00e1 deska vodn\\u00edch tok\\u016f&#8220;,&#8220;Number&#8220;:&#8220;592291150041&#8243;,&#8220;ObchodniZnacka&#8220;:&#8220;TZX 41-150&#8243;,&#8220;Zavods&#8220;:&#8220;31 Doloplazy&#8220;,&#8220;VyrPopisCZ&#8220;:&#8220;&#8220;,&#8220;VyrPopisDE&#8220;:&#8220;&#8220;,&#8220;VyrPopisEN&#8220;:&#8220;&#8220;,&#8220;VyrUrceniAPouzitCZ&#8220;:&#8220;Slou\\u017e\\u00ed pro obklady bo\\u010dn\\u00edch [&hellip;]<\/p>","protected":false},"author":1,"featured_media":0,"parent":160727,"menu_order":0,"comment_status":"closed","ping_status":"closed","template":"layouts\/page-katalog.php","meta":{"footnotes":""},"_links":{"self":[{"href":"https:\/\/zpsv-cz.webvalleypreview.com\/en\/wp-json\/wp\/v2\/pages\/162968"}],"collection":[{"href":"https:\/\/zpsv-cz.webvalleypreview.com\/en\/wp-json\/wp\/v2\/pages"}],"about":[{"href":"https:\/\/zpsv-cz.webvalleypreview.com\/en\/wp-json\/wp\/v2\/types\/page"}],"author":[{"embeddable":true,"href":"https:\/\/zpsv-cz.webvalleypreview.com\/en\/wp-json\/wp\/v2\/users\/1"}],"replies":[{"embeddable":true,"href":"https:\/\/zpsv-cz.webvalleypreview.com\/en\/wp-json\/wp\/v2\/comments?post=162968"}],"version-history":[{"count":0,"href":"https:\/\/zpsv-cz.webvalleypreview.com\/en\/wp-json\/wp\/v2\/pages\/162968\/revisions"}],"up":[{"embeddable":true,"href":"https:\/\/zpsv-cz.webvalleypreview.com\/en\/wp-json\/wp\/v2\/pages\/160727"}],"wp:attachment":[{"href":"https:\/\/zpsv-cz.webvalleypreview.com\/en\/wp-json\/wp\/v2\/media?parent=162968"}],"curies":[{"name":"wp","href":"https:\/\/api.w.org\/{rel}","templated":true}]}}