{"id":162974,"date":"2024-05-23T13:38:13","date_gmt":"2024-05-23T11:38:13","guid":{"rendered":"https:\/\/zpsv-cz.webvalleypreview.com\/inzenyrske-stavby\/prvky-pro-odvodneni\/prikopovy-zlab-uch-1\/"},"modified":"2024-05-23T13:38:13","modified_gmt":"2024-05-23T11:38:13","slug":"prikopovy-zlab-uch-1","status":"publish","type":"page","link":"https:\/\/zpsv-cz.webvalleypreview.com\/en\/inzenyrske-stavby\/prvky-pro-odvodneni\/prikopovy-zlab-uch-1\/","title":{"rendered":"P\u0159\u00edkopov\u00fd \u017elab UCH 1"},"content":{"rendered":"<p>{&#8222;DateCreate&#8220;:&#8220;06.11.2002 14:46:38&#8243;,&#8220;ID&#8220;:&#8220;262&#8243;,&#8220;GUID&#8220;:&#8220;30822B1360BE8C5DC1256C69004BAE68&#8243;,&#8220;Nazev&#8220;:&#8220;P\\u0159\\u00edkopov\\u00fd \\u017elab UCH 1&#8243;,&#8220;Number&#8220;:&#8220;592271719234&#8243;,&#8220;ObchodniZnacka&#8220;:&#8220;TZM 234-19&#8243;,&#8220;Zavods&#8220;:&#8220;61 Uhersk\\u00fd Ostroh&#8220;,&#8220;VyrPopisCZ&#8220;:&#8220;&#8220;,&#8220;VyrPopisDE&#8220;:&#8220;&#8220;,&#8220;VyrPopisEN&#8220;:&#8220;&#8220;,&#8220;VyrUrceniAPouzitCZ&#8220;:&#8220;Pro v\\u00fdstavbu odvod\\u0148ovac\\u00edch koryt u \\u017eelezni\\u010dn\\u00edch trat\\u00ed nebo ostatn\\u00edch komunikac\\u00ed. P\\u0159\\u00edkopov\\u00e9 \\u017elaby U a UCB maj\\u00ed tvar p\\u00edsmene U a p\\u0159\\u00edkopov\\u00e9 \\u017elaby UCH maj\\u00ed tvar hranat\\u00e9ho p\\u00edsmene J . \\u017dlaby maj\\u00ed ve spodn\\u00ed \\u010d\\u00e1sti 4 odvod\\u0148ovac\\u00ed otvory Js 100 mm se sp\\u00e1dem 5 % dovnit\\u0159. Na zakryt\\u00ed \\u017elab\\u016f jsou ur\\u010deny poklopy U-v, p\\u0159i\\u010dem\\u017e na jeden \\u017elab je pot\\u0159eba osmi poklop\\u016f. Manipulace je prov\\u00e1d\\u011bna pomoc\\u00ed p\\u0159epravn\\u00edch \\u00fachyt\\u016f s kulovou hlavou.&#8220;,&#8220;VyrUrceniAPouzitDE&#8220;:&#8220;&#8220;,&#8220;VyrUrceniAPouzitEN&#8220;:&#8220;For building cunette channels at railway tracks or other roads. The trench drains UCB are in form of letter U and the trench drains UCH are in form angular of letter J. The drains have 4 draining holes with nominal inside diameter 100 mm and gradient 5% inwards in lower part. For covering of drains there are intended the covers UC, whereas three covers or the covers UC-a are needed for one drain, whereas for one drain five covers are needed. The drains are made either with manipulation hooks or with clips DEHA.&#8220;,&#8220;VyrNazevCZ&#8220;:&#8220;P\\u0159\\u00edkopov\\u00fd \\u017elab UCH 1&#8243;,&#8220;VyrNazevDE&#8220;:&#8220;&#8220;,&#8220;VyrNazevEN&#8220;:&#8220;Trench drain UCH 1&#8243;,&#8220;Beton&#8220;:&#8220;C30\\\/37-XF3&#8243;,&#8220;ObjemPrvku&#8220;:&#8220;1,9545&#8243;,&#8220;HmotnostPrvku&#8220;:&#8220;4820&#8243;,&#8220;L&#8220;:&#8220;249&#8243;,&#8220;B&#8220;:&#8220;87&#8243;,&#8220;H&#8220;:&#8220;145&#8243;,&#8220;T&#8220;:&#8220;&#8220;,&#8220;D&#8220;:&#8220;&#8220;,&#8220;R&#8220;:&#8220;&#8220;,&#8220;L_2&#8243;:&#8220;&#8220;,&#8220;B_2&#8243;:&#8220;20&#8243;,&#8220;H_2&#8243;:&#8220;&#8220;,&#8220;T_2&#8243;:&#8220;20&#8243;,&#8220;D_2&#8243;:&#8220;&#8220;,&#8220;R_2&#8243;:&#8220;&#8220;,&#8220;L_1&#8243;:&#8220;&#8220;,&#8220;B_1&#8243;:&#8220;40&#8243;,&#8220;H_1&#8243;:&#8220;50&#8243;,&#8220;T_1&#8243;:&#8220;&#8220;,&#8220;D_1&#8243;:&#8220;&#8220;,&#8220;R_1&#8243;:&#8220;&#8220;,&#8220;KategorieName&#8220;:&#8220;Dopravn\\u00ed a in\\u017een\\u00fdrsk\\u00e9 stavby&#8220;,&#8220;PodkategorieName&#8220;:&#8220;Prvky pro odvodn\\u011bn\\u00ed&#8220;,&#8220;attachments&#8220;:{&#8222;designs&#8220;:[{&#8222;DateCreate&#8220;:&#8220;&#8220;,&#8220;ID&#8220;:&#8220;2961&#8243;,&#8220;GUID&#8220;:&#8220;F2E523C17FD59DE4C1257E5200197D00&#8243;,&#8220;VYR_ID&#8220;:&#8220;262&#8243;,&#8220;VYR_Number&#8220;:&#8220;592271719234&#8243;,&#8220;VYR_ObchodniZnacka&#8220;:&#8220;TZM 234-19&#8243;,&#8220;DocumentNumber&#8220;:&#8220;592271719234&#8243;,&#8220;Title&#8220;:&#8220;P\\u0159\\u00edkopov\\u00fd \\u017elab UCH 1&#8243;,&#8220;IssueNumber&#8220;:&#8220;2&#8243;,&#8220;ZPSV_R4_Vyk1_ZaLomitkem&#8220;:&#8220;\\\/1-2&#8243;,&#8220;file&#8220;:[]},{&#8222;DateCreate&#8220;:&#8220;&#8220;,&#8220;ID&#8220;:&#8220;2854&#8243;,&#8220;GUID&#8220;:&#8220;DC9BDFCA3BA3941FC1257E5200193D0E&#8220;,&#8220;VYR_ID&#8220;:&#8220;262&#8243;,&#8220;VYR_Number&#8220;:&#8220;592271719234&#8243;,&#8220;VYR_ObchodniZnacka&#8220;:&#8220;TZM 234-19&#8243;,&#8220;DocumentNumber&#8220;:&#8220;592271719234&#8243;,&#8220;Title&#8220;:&#8220;P\\u0159\\u00edkopov\\u00fd \\u017elab UCH 1&#8243;,&#8220;IssueNumber&#8220;:&#8220;4&#8243;,&#8220;ZPSV_R4_Vyk1_ZaLomitkem&#8220;:&#8220;\\\/1-1&#8243;,&#8220;file&#8220;:[]},{&#8222;DateCreate&#8220;:&#8220;&#8220;,&#8220;ID&#8220;:&#8220;3028&#8243;,&#8220;GUID&#8220;:&#8220;6762122DB31AB66BC1257E520019E503&#8243;,&#8220;VYR_ID&#8220;:&#8220;262&#8243;,&#8220;VYR_Number&#8220;:&#8220;592271719234&#8243;,&#8220;VYR_ObchodniZnacka&#8220;:&#8220;TZM 234-19&#8243;,&#8220;DocumentNumber&#8220;:&#8220;592271719234&#8243;,&#8220;Title&#8220;:&#8220;P\\u0159\\u00edkopov\\u00fd \\u017elab UCH 1&#8243;,&#8220;IssueNumber&#8220;:&#8220;2&#8243;,&#8220;ZPSV_R4_Vyk1_ZaLomitkem&#8220;:&#8220;\\\/2-3&#8243;,&#8220;file&#8220;:[]},{&#8222;DateCreate&#8220;:&#8220;&#8220;,&#8220;ID&#8220;:&#8220;2780&#8243;,&#8220;GUID&#8220;:&#8220;73401BCAAEFA3A70C1257E520019A5A3&#8243;,&#8220;VYR_ID&#8220;:&#8220;262&#8243;,&#8220;VYR_Number&#8220;:&#8220;592271719234&#8243;,&#8220;VYR_ObchodniZnacka&#8220;:&#8220;TZM 234-19&#8243;,&#8220;DocumentNumber&#8220;:&#8220;592271719234&#8243;,&#8220;Title&#8220;:&#8220;P\\u0159\\u00edkopov\\u00fd \\u017elab UCH 1&#8243;,&#8220;IssueNumber&#8220;:&#8220;3&#8243;,&#8220;ZPSV_R4_Vyk1_ZaLomitkem&#8220;:&#8220;\\\/2-1&#8243;,&#8220;file&#8220;:[]},{&#8222;DateCreate&#8220;:&#8220;&#8220;,&#8220;ID&#8220;:&#8220;3604&#8243;,&#8220;GUID&#8220;:&#8220;8ED5D8DB8526D912C1257E52001A0E1C&#8220;,&#8220;VYR_ID&#8220;:&#8220;262&#8243;,&#8220;VYR_Number&#8220;:&#8220;592271719234&#8243;,&#8220;VYR_ObchodniZnacka&#8220;:&#8220;TZM 234-19&#8243;,&#8220;DocumentNumber&#8220;:&#8220;592271719234&#8243;,&#8220;Title&#8220;:&#8220;P\\u0159\\u00edkopov\\u00fd \\u017elab UCH 1&#8243;,&#8220;IssueNumber&#8220;:&#8220;3&#8243;,&#8220;ZPSV_R4_Vyk1_ZaLomitkem&#8220;:&#8220;\\\/2-4&#8243;,&#8220;file&#8220;:[]}],&#8220;pvl&#8220;:[{&#8222;DateCreate&#8220;:&#8220;30.08.2022 14:48:12&#8243;,&#8220;ID&#8220;:&#8220;83&#8243;,&#8220;GUID&#8220;:&#8220;9388A2FD9AC06DDBC12588AE004654B4&#8243;,&#8220;VYR_ID&#8220;:&#8220;262&#8243;,&#8220;VYR_Number&#8220;:&#8220;592271719234&#8243;,&#8220;VYR_ObchodniZnacka&#8220;:&#8220;TZM 234-19&#8243;,&#8220;Number&#8220;:&#8220;07-18\\\/22&#8243;,&#8220;Nazev&#8220;:&#8220;Prvky op\\u011brn\\u00fdch st\\u011bn &#8211; p\\u0159\\u00edkopov\\u00e9 \\u017elaby U, J UCB, UCH s p\\u0159\\u00edslu\\u0161enstv\\u00edm&#8220;,&#8220;DatePlatnostDo&#8220;:&#8220;14.08.2023 0:00:00&#8243;,&#8220;ZavodName&#8220;:&#8220;07 \\u010cer\\u010dany&#8220;,&#8220;file&#8220;:[{&#8222;ID&#8220;:&#8220;13212&#8243;,&#8220;ResourceGUID&#8220;:&#8220;9388A2FD9AC06DDBC12588AE004654B4&#8243;,&#8220;Name&#8220;:&#8220;1 &#8211; POV 07-18-22.pdf&#8220;,&#8220;FileNameGUID&#8220;:&#8220;9388A2FD9AC06DDBC12588AE004654B4_TFO2GU9W&#8220;,&#8220;Comment&#8220;:&#8220;&#8220;,&#8220;fileModel.Size&#8220;:&#8220;81802&#8243;,&#8220;Create&#8220;:&#8220;22.11.2023 7:52:39&#8243;,&#8220;MimeType&#8220;:&#8220;application\\\/octet-stream&#8220;,&#8220;ZPSV_WEB&#8220;:&#8220;True&#8220;}]},{&#8222;DateCreate&#8220;:&#8220;24.11.2023 14:20:59&#8243;,&#8220;ID&#8220;:&#8220;171&#8243;,&#8220;GUID&#8220;:&#8220;b52c666e-4a0c-4d95-bf0f-81e9febd218d&#8220;,&#8220;VYR_ID&#8220;:&#8220;262&#8243;,&#8220;VYR_Number&#8220;:&#8220;592271719234&#8243;,&#8220;VYR_ObchodniZnacka&#8220;:&#8220;TZM 234-19&#8243;,&#8220;Number&#8220;:&#8220;07-28\\\/23&#8243;,&#8220;Nazev&#8220;:&#8220;Prvky op\\u011brn\\u00fdch st\\u011bn &#8211; p\\u0159\\u00edkopov\\u00e9 \\u017elaby U, J UCB, UCH s p\\u0159\\u00edslu\\u0161enstv\\u00edm&#8220;,&#8220;DatePlatnostDo&#8220;:&#8220;23.10.2024 0:00:00&#8243;,&#8220;ZavodName&#8220;:&#8220;07 \\u010cer\\u010dany&#8220;,&#8220;file&#8220;:[{&#8222;ID&#8220;:&#8220;13457&#8243;,&#8220;ResourceGUID&#8220;:&#8220;b52c666e-4a0c-4d95-bf0f-81e9febd218d&#8220;,&#8220;Name&#8220;:&#8220;1 &#8211; POV 07-28-23.pdf&#8220;,&#8220;FileNameGUID&#8220;:&#8220;d2e56fc5-afd6-4867-ac1d-e15b8b79ddb7&#8243;,&#8220;Comment&#8220;:&#8220;&#8220;,&#8220;fileModel.Size&#8220;:&#8220;73814&#8243;,&#8220;Create&#8220;:&#8220;24.11.2023 14:21:50&#8243;,&#8220;MimeType&#8220;:&#8220;application\\\/pdf&#8220;,&#8220;ZPSV_WEB&#8220;:&#8220;True&#8220;}]},{&#8222;DateCreate&#8220;:&#8220;30.08.2022 15:05:52&#8243;,&#8220;ID&#8220;:&#8220;97&#8243;,&#8220;GUID&#8220;:&#8220;2FA46A1AA876CCA4C12588AE0047F30D&#8220;,&#8220;VYR_ID&#8220;:&#8220;262&#8243;,&#8220;VYR_Number&#8220;:&#8220;592271719234&#8243;,&#8220;VYR_ObchodniZnacka&#8220;:&#8220;TZM 234-19&#8243;,&#8220;Number&#8220;:&#8220;31-02\\\/22&#8243;,&#8220;Nazev&#8220;:&#8220;Prvky op\\u011brn\\u00fdch st\\u011bn &#8211; p\\u0159\\u00edkopov\\u00e9 \\u017elaby U, J UCB, UCH s p\\u0159\\u00edslu\\u0161enstv\\u00edm&#8220;,&#8220;DatePlatnostDo&#8220;:&#8220;07.08.2023 0:00:00&#8243;,&#8220;ZavodName&#8220;:&#8220;31 Doloplazy&#8220;,&#8220;file&#8220;:[{&#8222;ID&#8220;:&#8220;13069&#8243;,&#8220;ResourceGUID&#8220;:&#8220;2FA46A1AA876CCA4C12588AE0047F30D&#8220;,&#8220;Name&#8220;:&#8220;1 &#8211; POV 31-02-22.pdf&#8220;,&#8220;FileNameGUID&#8220;:&#8220;2FA46A1AA876CCA4C12588AE0047F30D_G35H2ERE&#8220;,&#8220;Comment&#8220;:&#8220;&#8220;,&#8220;fileModel.Size&#8220;:&#8220;83107&#8243;,&#8220;Create&#8220;:&#8220;22.11.2023 7:52:37&#8243;,&#8220;MimeType&#8220;:&#8220;application\\\/octet-stream&#8220;,&#8220;ZPSV_WEB&#8220;:&#8220;True&#8220;}]},{&#8222;DateCreate&#8220;:&#8220;29.01.2024 10:28:31&#8243;,&#8220;ID&#8220;:&#8220;191&#8243;,&#8220;GUID&#8220;:&#8220;dc10a36e-6498-4b69-a4f7-7331615c6cad&#8220;,&#8220;VYR_ID&#8220;:&#8220;262&#8243;,&#8220;VYR_Number&#8220;:&#8220;592271719234&#8243;,&#8220;VYR_ObchodniZnacka&#8220;:&#8220;TZM 234-19&#8243;,&#8220;Number&#8220;:&#8220;31-05\\\/23&#8243;,&#8220;Nazev&#8220;:&#8220;Prvky op\\u011brn\\u00fdch st\\u011bn &#8211; p\\u0159\\u00edkopov\\u00e9 \\u017elaby U, J UCB, UCH s p\\u0159\\u00edslu\\u0161enstv\\u00edm&#8220;,&#8220;DatePlatnostDo&#8220;:&#8220;19.12.2024 0:00:00&#8243;,&#8220;ZavodName&#8220;:&#8220;31 Doloplazy&#8220;,&#8220;file&#8220;:[{&#8222;ID&#8220;:&#8220;13683&#8243;,&#8220;ResourceGUID&#8220;:&#8220;dc10a36e-6498-4b69-a4f7-7331615c6cad&#8220;,&#8220;Name&#8220;:&#8220;1 &#8211; POV 31-05-23.pdf&#8220;,&#8220;FileNameGUID&#8220;:&#8220;5f4622e0-74e2-49b6-99e9-5c6cdeb7091a&#8220;,&#8220;Comment&#8220;:&#8220;&#8220;,&#8220;fileModel.Size&#8220;:&#8220;80113&#8243;,&#8220;Create&#8220;:&#8220;29.01.2024 10:31:05&#8243;,&#8220;MimeType&#8220;:&#8220;application\\\/pdf&#8220;,&#8220;ZPSV_WEB&#8220;:&#8220;True&#8220;}]},{&#8222;DateCreate&#8220;:&#8220;18.05.2023 14:30:30&#8243;,&#8220;ID&#8220;:&#8220;126&#8243;,&#8220;GUID&#8220;:&#8220;6B8C2B5BCBC64253C12589B30044B60D&#8220;,&#8220;VYR_ID&#8220;:&#8220;262&#8243;,&#8220;VYR_Number&#8220;:&#8220;592271719234&#8243;,&#8220;VYR_ObchodniZnacka&#8220;:&#8220;TZM 234-19&#8243;,&#8220;Number&#8220;:&#8220;41-06\\\/23&#8243;,&#8220;Nazev&#8220;:&#8220;Prvky op\\u011brn\\u00fdch st\\u011bn &#8211; p\\u0159\\u00edkopov\\u00e9 \\u017elaby U, J , UCB, UCH s p\\u0159\\u00edslu\\u0161enstv\\u00edm&#8220;,&#8220;DatePlatnostDo&#8220;:&#8220;03.05.2024 0:00:00&#8243;,&#8220;ZavodName&#8220;:&#8220;41 Litice&#8220;,&#8220;file&#8220;:[{&#8222;ID&#8220;:&#8220;13142&#8243;,&#8220;ResourceGUID&#8220;:&#8220;6B8C2B5BCBC64253C12589B30044B60D&#8220;,&#8220;Name&#8220;:&#8220;1 &#8211; POV 41-06-23.pdf&#8220;,&#8220;FileNameGUID&#8220;:&#8220;6B8C2B5BCBC64253C12589B30044B60D_PEX93N88&#8243;,&#8220;Comment&#8220;:&#8220;&#8220;,&#8220;fileModel.Size&#8220;:&#8220;78151&#8243;,&#8220;Create&#8220;:&#8220;22.11.2023 7:52:38&#8243;,&#8220;MimeType&#8220;:&#8220;application\\\/octet-stream&#8220;,&#8220;ZPSV_WEB&#8220;:&#8220;True&#8220;}]},{&#8222;DateCreate&#8220;:&#8220;06.02.2023 12:57:30&#8243;,&#8220;ID&#8220;:&#8220;120&#8243;,&#8220;GUID&#8220;:&#8220;E8D5BA5360007ADAC125894E0041B08A&#8220;,&#8220;VYR_ID&#8220;:&#8220;262&#8243;,&#8220;VYR_Number&#8220;:&#8220;592271719234&#8243;,&#8220;VYR_ObchodniZnacka&#8220;:&#8220;TZM 234-19&#8243;,&#8220;Number&#8220;:&#8220;61-09\\\/23&#8243;,&#8220;Nazev&#8220;:&#8220;Prvky op\\u011brn\\u00fdch st\\u011bn &#8211; p\\u0159\\u00edkopov\\u00e9 \\u017elaby U, J, UCB, UCH s p\\u0159\\u00edslu\\u0161enstv\\u00edm&#8220;,&#8220;DatePlatnostDo&#8220;:&#8220;21.12.2023 0:00:00&#8243;,&#8220;ZavodName&#8220;:&#8220;61 Uhersk\\u00fd Ostroh&#8220;,&#8220;file&#8220;:[{&#8222;ID&#8220;:&#8220;13294&#8243;,&#8220;ResourceGUID&#8220;:&#8220;E8D5BA5360007ADAC125894E0041B08A&#8220;,&#8220;Name&#8220;:&#8220;1 &#8211; POV 61-09-23.pdf&#8220;,&#8220;FileNameGUID&#8220;:&#8220;E8D5BA5360007ADAC125894E0041B08A_4LV2HG88&#8243;,&#8220;Comment&#8220;:&#8220;&#8220;,&#8220;fileModel.Size&#8220;:&#8220;81319&#8243;,&#8220;Create&#8220;:&#8220;22.11.2023 7:52:39&#8243;,&#8220;MimeType&#8220;:&#8220;application\\\/octet-stream&#8220;,&#8220;ZPSV_WEB&#8220;:&#8220;True&#8220;}]},{&#8222;DateCreate&#8220;:&#8220;04.03.2024 16:02:24&#8243;,&#8220;ID&#8220;:&#8220;218&#8243;,&#8220;GUID&#8220;:&#8220;69ee6320-f944-4d6b-92a6-90b6c06d6cd1&#8243;,&#8220;VYR_ID&#8220;:&#8220;262&#8243;,&#8220;VYR_Number&#8220;:&#8220;592271719234&#8243;,&#8220;VYR_ObchodniZnacka&#8220;:&#8220;TZM 234-19&#8243;,&#8220;Number&#8220;:&#8220;61-09\\\/24&#8243;,&#8220;Nazev&#8220;:&#8220;Prvky op\\u011brn\\u00fdch st\\u011bn &#8211; p\\u0159\\u00edkopov\\u00e9 \\u017elaby U, J, UCB, UCH s p\\u0159\\u00edslu\\u0161enstv\\u00edm&#8220;,&#8220;DatePlatnostDo&#8220;:&#8220;19.02.2025 0:00:00&#8243;,&#8220;ZavodName&#8220;:&#8220;61 Uhersk\\u00fd Ostroh&#8220;,&#8220;file&#8220;:[{&#8222;ID&#8220;:&#8220;13924&#8243;,&#8220;ResourceGUID&#8220;:&#8220;69ee6320-f944-4d6b-92a6-90b6c06d6cd1&#8243;,&#8220;Name&#8220;:&#8220;1 &#8211; POV 61-09-24.pdf&#8220;,&#8220;FileNameGUID&#8220;:&#8220;f79b846d-3721-4ed2-816e-e6384496876f&#8220;,&#8220;Comment&#8220;:&#8220;&#8220;,&#8220;fileModel.Size&#8220;:&#8220;79092&#8243;,&#8220;Create&#8220;:&#8220;04.03.2024 16:04:02&#8243;,&#8220;MimeType&#8220;:&#8220;application\\\/pdf&#8220;,&#8220;ZPSV_WEB&#8220;:&#8220;True&#8220;}]}],&#8220;tpd&#8220;:[{&#8222;DateCreate&#8220;:&#8220;&#8220;,&#8220;ID&#8220;:&#8220;1565&#8243;,&#8220;GUID&#8220;:&#8220;7857DA0714FE60D4C1257F1700335DCC&#8220;,&#8220;VYR_ID&#8220;:&#8220;262&#8243;,&#8220;VYR_Number&#8220;:&#8220;592271719234&#8243;,&#8220;VYR_ObchodniZnacka&#8220;:&#8220;TZM 234-19&#8243;,&#8220;DocumentNumber&#8220;:&#8220;TP-12\\\/15&#8243;,&#8220;Title&#8220;:&#8220;P\\u0159\\u00edkopov\\u00e9 \\u017elaby a poklopy (S\\u017dDC)&#8220;,&#8220;IssueNumber&#8220;:&#8220;1&#8243;,&#8220;file&#8220;:[{&#8222;ID&#8220;:&#8220;3734&#8243;,&#8220;ResourceGUID&#8220;:&#8220;7857DA0714FE60D4C1257F1700335DCC&#8220;,&#8220;Name&#8220;:&#8220;TP-12_15 P\\u0159\\u00edkopov\\u00e9 \\u017elaby a poklopy (1-1).pdf&#8220;,&#8220;FileNameGUID&#8220;:&#8220;7857DA0714FE60D4C1257F1700335DCC_JNVHWY55&#8243;,&#8220;Comment&#8220;:&#8220;&#8220;,&#8220;fileModel.Size&#8220;:&#8220;630170&#8243;,&#8220;Create&#8220;:&#8220;17.08.2023 10:19:55&#8243;,&#8220;MimeType&#8220;:&#8220;application\\\/octet-stream&#8220;,&#8220;ZPSV_WEB&#8220;:&#8220;True&#8220;}]}]}}<\/p>","protected":false},"excerpt":{"rendered":"<p>{&#8222;DateCreate&#8220;:&#8220;06.11.2002 14:46:38&#8243;,&#8220;ID&#8220;:&#8220;262&#8243;,&#8220;GUID&#8220;:&#8220;30822B1360BE8C5DC1256C69004BAE68&#8243;,&#8220;Nazev&#8220;:&#8220;P\\u0159\\u00edkopov\\u00fd \\u017elab UCH 1&#8243;,&#8220;Number&#8220;:&#8220;592271719234&#8243;,&#8220;ObchodniZnacka&#8220;:&#8220;TZM 234-19&#8243;,&#8220;Zavods&#8220;:&#8220;61 Uhersk\\u00fd Ostroh&#8220;,&#8220;VyrPopisCZ&#8220;:&#8220;&#8220;,&#8220;VyrPopisDE&#8220;:&#8220;&#8220;,&#8220;VyrPopisEN&#8220;:&#8220;&#8220;,&#8220;VyrUrceniAPouzitCZ&#8220;:&#8220;Pro v\\u00fdstavbu odvod\\u0148ovac\\u00edch [&hellip;]<\/p>","protected":false},"author":1,"featured_media":0,"parent":160622,"menu_order":0,"comment_status":"closed","ping_status":"closed","template":"layouts\/page-katalog.php","meta":{"footnotes":""},"_links":{"self":[{"href":"https:\/\/zpsv-cz.webvalleypreview.com\/en\/wp-json\/wp\/v2\/pages\/162974"}],"collection":[{"href":"https:\/\/zpsv-cz.webvalleypreview.com\/en\/wp-json\/wp\/v2\/pages"}],"about":[{"href":"https:\/\/zpsv-cz.webvalleypreview.com\/en\/wp-json\/wp\/v2\/types\/page"}],"author":[{"embeddable":true,"href":"https:\/\/zpsv-cz.webvalleypreview.com\/en\/wp-json\/wp\/v2\/users\/1"}],"replies":[{"embeddable":true,"href":"https:\/\/zpsv-cz.webvalleypreview.com\/en\/wp-json\/wp\/v2\/comments?post=162974"}],"version-history":[{"count":0,"href":"https:\/\/zpsv-cz.webvalleypreview.com\/en\/wp-json\/wp\/v2\/pages\/162974\/revisions"}],"up":[{"embeddable":true,"href":"https:\/\/zpsv-cz.webvalleypreview.com\/en\/wp-json\/wp\/v2\/pages\/160622"}],"wp:attachment":[{"href":"https:\/\/zpsv-cz.webvalleypreview.com\/en\/wp-json\/wp\/v2\/media?parent=162974"}],"curies":[{"name":"wp","href":"https:\/\/api.w.org\/{rel}","templated":true}]}}