{"id":162983,"date":"2024-05-23T13:38:13","date_gmt":"2024-05-23T11:38:13","guid":{"rendered":"https:\/\/zpsv-cz.webvalleypreview.com\/inzenyrske-stavby\/prvky-pro-odvodneni\/prikopova-tvarnice-tzz-5\/"},"modified":"2024-05-23T13:38:13","modified_gmt":"2024-05-23T11:38:13","slug":"prikopova-tvarnice-tzz-5","status":"publish","type":"page","link":"https:\/\/zpsv-cz.webvalleypreview.com\/en\/inzenyrske-stavby\/prvky-pro-odvodneni\/prikopova-tvarnice-tzz-5\/","title":{"rendered":"P\u0159\u00edkopov\u00e1 tv\u00e1rnice TZZ 5"},"content":{"rendered":"<p>{&#8222;DateCreate&#8220;:&#8220;06.11.2002 14:46:39&#8243;,&#8220;ID&#8220;:&#8220;274&#8243;,&#8220;GUID&#8220;:&#8220;8A7D411BF26C21F6C1256C69004BAE9F&#8220;,&#8220;Nazev&#8220;:&#8220;P\\u0159\\u00edkopov\\u00e1 tv\\u00e1rnice TZZ 5&#8243;,&#8220;Number&#8220;:&#8220;592279719116&#8243;,&#8220;ObchodniZnacka&#8220;:&#8220;TBM 116-19&#8243;,&#8220;Zavods&#8220;:&#8220;31 Doloplazy&#8220;,&#8220;VyrPopisCZ&#8220;:&#8220;&#8220;,&#8220;VyrPopisDE&#8220;:&#8220;&#8220;,&#8220;VyrPopisEN&#8220;:&#8220;&#8220;,&#8220;VyrUrceniAPouzitCZ&#8220;:&#8220;Pro stavbu p\\u0159\\u00edkop\\u016f a koryt pro odvod povrchov\\u00fdch vod u pozemn\\u00edch komunikac\\u00ed, \\u017eelezni\\u010dn\\u00edch trat\\u00ed atd. Po\\u010det kus\\u016f na palet\\u011b: Doloplazy 12 ks.&#8220;,&#8220;VyrUrceniAPouzitDE&#8220;:&#8220;&#8220;,&#8220;VyrUrceniAPouzitEN&#8220;:&#8220;For building of trenches and channels for rain-water diversion on roads, tracks of CR etc.&#8220;,&#8220;VyrNazevCZ&#8220;:&#8220;P\\u0159\\u00edkopov\\u00e1 tv\\u00e1rnice TZZ 5&#8243;,&#8220;VyrNazevDE&#8220;:&#8220;&#8220;,&#8220;VyrNazevEN&#8220;:&#8220;Trench building block TZZ 5&#8243;,&#8220;Beton&#8220;:&#8220;C 30\\\/37-XF4&#8243;,&#8220;ObjemPrvku&#8220;:&#8220;0,0328&#8243;,&#8220;HmotnostPrvku&#8220;:&#8220;79&#8243;,&#8220;L&#8220;:&#8220;30&#8243;,&#8220;B&#8220;:&#8220;102,5&#8243;,&#8220;H&#8220;:&#8220;30,5&#8243;,&#8220;T&#8220;:&#8220;10&#8243;,&#8220;D&#8220;:&#8220;&#8220;,&#8220;R&#8220;:&#8220;&#8220;,&#8220;L_2&#8243;:&#8220;&#8220;,&#8220;B_2&#8243;:&#8220;&#8220;,&#8220;H_2&#8243;:&#8220;&#8220;,&#8220;T_2&#8243;:&#8220;&#8220;,&#8220;D_2&#8243;:&#8220;&#8220;,&#8220;R_2&#8243;:&#8220;60,5&#8243;,&#8220;L_1&#8243;:&#8220;&#8220;,&#8220;B_1&#8243;:&#8220;44&#8243;,&#8220;H_1&#8243;:&#8220;8&#8243;,&#8220;T_1&#8243;:&#8220;&#8220;,&#8220;D_1&#8243;:&#8220;&#8220;,&#8220;R_1&#8243;:&#8220;&#8220;,&#8220;KategorieName&#8220;:&#8220;Dopravn\\u00ed a in\\u017een\\u00fdrsk\\u00e9 stavby&#8220;,&#8220;PodkategorieName&#8220;:&#8220;Prvky pro odvodn\\u011bn\\u00ed&#8220;,&#8220;attachments&#8220;:{&#8222;designs&#8220;:[{&#8222;DateCreate&#8220;:&#8220;&#8220;,&#8220;ID&#8220;:&#8220;2935&#8243;,&#8220;GUID&#8220;:&#8220;41AF9633A336C6D1C1257118004AA6E9&#8243;,&#8220;VYR_ID&#8220;:&#8220;274&#8243;,&#8220;VYR_Number&#8220;:&#8220;592279719116&#8243;,&#8220;VYR_ObchodniZnacka&#8220;:&#8220;TBM 116-19&#8243;,&#8220;DocumentNumber&#8220;:&#8220;592279719116&#8243;,&#8220;Title&#8220;:&#8220;P\\u0159\\u00edkopov\\u00e1 tv\\u00e1rnice TZZ 5&#8243;,&#8220;IssueNumber&#8220;:&#8220;2&#8243;,&#8220;ZPSV_R4_Vyk1_ZaLomitkem&#8220;:&#8220;\\\/1&#8243;,&#8220;file&#8220;:[]}],&#8220;ps&#8220;:[{&#8222;DateCreate&#8220;:&#8220;18.04.2024 10:54:24&#8243;,&#8220;ID&#8220;:&#8220;228&#8243;,&#8220;GUID&#8220;:&#8220;01d46049-ae09-4b44-8eb3-ea724177945a&#8220;,&#8220;VYR_ID&#8220;:&#8220;274&#8243;,&#8220;VYR_Number&#8220;:&#8220;592279719116&#8243;,&#8220;VYR_ObchodniZnacka&#8220;:&#8220;TBM 116-19&#8243;,&#8220;Number&#8220;:&#8220;31-08\\\/24&#8243;,&#8220;Nazev&#8220;:&#8220;P\\u0159\\u00edkopov\\u00e9 tv\\u00e1rnice TZZ, meliora\\u010dn\\u00ed \\u017el\\u00e1bek&#8220;,&#8220;DatePlatnostDo&#8220;:&#8220;28.02.2027 0:00:00&#8243;,&#8220;ZavodName&#8220;:&#8220;31 Doloplazy&#8220;,&#8220;file&#8220;:[{&#8222;ID&#8220;:&#8220;14040&#8243;,&#8220;ResourceGUID&#8220;:&#8220;01d46049-ae09-4b44-8eb3-ea724177945a&#8220;,&#8220;Name&#8220;:&#8220;1 &#8211; POS 31-08-24.pdf&#8220;,&#8220;FileNameGUID&#8220;:&#8220;a9404502-23d1-476d-a77b-4742402d0d1f&#8220;,&#8220;Comment&#8220;:&#8220;&#8220;,&#8220;fileModel.Size&#8220;:&#8220;441676&#8243;,&#8220;Create&#8220;:&#8220;18.04.2024 10:58:23&#8243;,&#8220;MimeType&#8220;:&#8220;application\\\/pdf&#8220;,&#8220;ZPSV_WEB&#8220;:&#8220;True&#8220;}]},{&#8222;DateCreate&#8220;:&#8220;21.08.2023 9:53:45&#8243;,&#8220;ID&#8220;:&#8220;76&#8243;,&#8220;GUID&#8220;:&#8220;77BBF7AC3DECB926C1258A12002B5F88&#8243;,&#8220;VYR_ID&#8220;:&#8220;274&#8243;,&#8220;VYR_Number&#8220;:&#8220;592279719116&#8243;,&#8220;VYR_ObchodniZnacka&#8220;:&#8220;TBM 116-19&#8243;,&#8220;Number&#8220;:&#8220;31-12\\\/23&#8243;,&#8220;Nazev&#8220;:&#8220;P\\u0159\\u00edkopov\\u00e9 tv\\u00e1rnice TZZ, meliora\\u010dn\\u00ed \\u017el\\u00e1bek&#8220;,&#8220;DatePlatnostDo&#8220;:&#8220;20.10.2025 0:00:00&#8243;,&#8220;ZavodName&#8220;:&#8220;31 Doloplazy&#8220;,&#8220;file&#8220;:[{&#8222;ID&#8220;:&#8220;12789&#8243;,&#8220;ResourceGUID&#8220;:&#8220;77BBF7AC3DECB926C1258A12002B5F88&#8243;,&#8220;Name&#8220;:&#8220;1 &#8211; POS 31-12-13.pdf&#8220;,&#8220;FileNameGUID&#8220;:&#8220;77BBF7AC3DECB926C1258A12002B5F88_AALJUR2G&#8220;,&#8220;Comment&#8220;:&#8220;&#8220;,&#8220;fileModel.Size&#8220;:&#8220;78330&#8243;,&#8220;Create&#8220;:&#8220;22.11.2023 7:52:14&#8243;,&#8220;MimeType&#8220;:&#8220;application\\\/octet-stream&#8220;,&#8220;ZPSV_WEB&#8220;:&#8220;True&#8220;}]}],&#8220;tpd&#8220;:[{&#8222;DateCreate&#8220;:&#8220;&#8220;,&#8220;ID&#8220;:&#8220;1509&#8243;,&#8220;GUID&#8220;:&#8220;2C6ACE87996E1A90C1257F320042252D&#8220;,&#8220;VYR_ID&#8220;:&#8220;274&#8243;,&#8220;VYR_Number&#8220;:&#8220;592279719116&#8243;,&#8220;VYR_ObchodniZnacka&#8220;:&#8220;TBM 116-19&#8243;,&#8220;DocumentNumber&#8220;:&#8220;TP-01\\\/16&#8243;,&#8220;Title&#8220;:&#8220;Prvky pro odvodn\\u011bn\\u00ed (S\\u017dDC)&#8220;,&#8220;IssueNumber&#8220;:&#8220;1&#8243;,&#8220;file&#8220;:[{&#8222;ID&#8220;:&#8220;3655&#8243;,&#8220;ResourceGUID&#8220;:&#8220;2C6ACE87996E1A90C1257F320042252D&#8220;,&#8220;Name&#8220;:&#8220;TP-01_16 Prvky pro odvodn\\u011bn\\u00ed (1-3).pdf&#8220;,&#8220;FileNameGUID&#8220;:&#8220;2C6ACE87996E1A90C1257F320042252D_34CK8X2X&#8220;,&#8220;Comment&#8220;:&#8220;&#8220;,&#8220;fileModel.Size&#8220;:&#8220;1237657&#8243;,&#8220;Create&#8220;:&#8220;17.08.2023 10:19:55&#8243;,&#8220;MimeType&#8220;:&#8220;application\\\/octet-stream&#8220;,&#8220;ZPSV_WEB&#8220;:&#8220;True&#8220;}]},{&#8222;DateCreate&#8220;:&#8220;&#8220;,&#8220;ID&#8220;:&#8220;1568&#8243;,&#8220;GUID&#8220;:&#8220;47A9F2F7CE140552C1257FBD0041F929&#8243;,&#8220;VYR_ID&#8220;:&#8220;274&#8243;,&#8220;VYR_Number&#8220;:&#8220;592279719116&#8243;,&#8220;VYR_ObchodniZnacka&#8220;:&#8220;TBM 116-19&#8243;,&#8220;DocumentNumber&#8220;:&#8220;TP-06\\\/16&#8243;,&#8220;Title&#8220;:&#8220;Prvky pro odvodn\\u011bn\\u00ed (\\u017dSR)&#8220;,&#8220;IssueNumber&#8220;:&#8220;1&#8243;,&#8220;file&#8220;:[{&#8222;ID&#8220;:&#8220;3680&#8243;,&#8220;ResourceGUID&#8220;:&#8220;47A9F2F7CE140552C1257FBD0041F929&#8243;,&#8220;Name&#8220;:&#8220;TP-06_16 Prvky pro odvodn\\u011bn\\u00ed (1-1).pdf&#8220;,&#8220;FileNameGUID&#8220;:&#8220;47A9F2F7CE140552C1257FBD0041F929_K4OTLV1J&#8220;,&#8220;Comment&#8220;:&#8220;&#8220;,&#8220;fileModel.Size&#8220;:&#8220;1320697&#8243;,&#8220;Create&#8220;:&#8220;17.08.2023 10:19:55&#8243;,&#8220;MimeType&#8220;:&#8220;application\\\/octet-stream&#8220;,&#8220;ZPSV_WEB&#8220;:&#8220;True&#8220;}]},{&#8222;DateCreate&#8220;:&#8220;&#8220;,&#8220;ID&#8220;:&#8220;1519&#8243;,&#8220;GUID&#8220;:&#8220;AB977C6F1F1FC316C1257C94002E50AB&#8220;,&#8220;VYR_ID&#8220;:&#8220;274&#8243;,&#8220;VYR_Number&#8220;:&#8220;592279719116&#8243;,&#8220;VYR_ObchodniZnacka&#8220;:&#8220;TBM 116-19&#8243;,&#8220;DocumentNumber&#8220;:&#8220;TP-592-279-05\\\/98-S\\u017d*&#8220;,&#8220;Title&#8220;:&#8220;Meliora\\u010dn\\u00ed \\u017el\\u00e1bky,  p\\u0159\\u00edkopov\\u00e9 a odvod\\u0148ovac\\u00ed tv\\u00e1rnice &#8211; S\\u017dDC&#8220;,&#8220;IssueNumber&#8220;:&#8220;4&#8243;,&#8220;file&#8220;:[]}]}}<\/p>","protected":false},"excerpt":{"rendered":"<p>{&#8222;DateCreate&#8220;:&#8220;06.11.2002 14:46:39&#8243;,&#8220;ID&#8220;:&#8220;274&#8243;,&#8220;GUID&#8220;:&#8220;8A7D411BF26C21F6C1256C69004BAE9F&#8220;,&#8220;Nazev&#8220;:&#8220;P\\u0159\\u00edkopov\\u00e1 tv\\u00e1rnice TZZ 5&#8243;,&#8220;Number&#8220;:&#8220;592279719116&#8243;,&#8220;ObchodniZnacka&#8220;:&#8220;TBM 116-19&#8243;,&#8220;Zavods&#8220;:&#8220;31 Doloplazy&#8220;,&#8220;VyrPopisCZ&#8220;:&#8220;&#8220;,&#8220;VyrPopisDE&#8220;:&#8220;&#8220;,&#8220;VyrPopisEN&#8220;:&#8220;&#8220;,&#8220;VyrUrceniAPouzitCZ&#8220;:&#8220;Pro stavbu p\\u0159\\u00edkop\\u016f a [&hellip;]<\/p>","protected":false},"author":1,"featured_media":0,"parent":160622,"menu_order":0,"comment_status":"closed","ping_status":"closed","template":"layouts\/page-katalog.php","meta":{"footnotes":""},"_links":{"self":[{"href":"https:\/\/zpsv-cz.webvalleypreview.com\/en\/wp-json\/wp\/v2\/pages\/162983"}],"collection":[{"href":"https:\/\/zpsv-cz.webvalleypreview.com\/en\/wp-json\/wp\/v2\/pages"}],"about":[{"href":"https:\/\/zpsv-cz.webvalleypreview.com\/en\/wp-json\/wp\/v2\/types\/page"}],"author":[{"embeddable":true,"href":"https:\/\/zpsv-cz.webvalleypreview.com\/en\/wp-json\/wp\/v2\/users\/1"}],"replies":[{"embeddable":true,"href":"https:\/\/zpsv-cz.webvalleypreview.com\/en\/wp-json\/wp\/v2\/comments?post=162983"}],"version-history":[{"count":0,"href":"https:\/\/zpsv-cz.webvalleypreview.com\/en\/wp-json\/wp\/v2\/pages\/162983\/revisions"}],"up":[{"embeddable":true,"href":"https:\/\/zpsv-cz.webvalleypreview.com\/en\/wp-json\/wp\/v2\/pages\/160622"}],"wp:attachment":[{"href":"https:\/\/zpsv-cz.webvalleypreview.com\/en\/wp-json\/wp\/v2\/media?parent=162983"}],"curies":[{"name":"wp","href":"https:\/\/api.w.org\/{rel}","templated":true}]}}