{"id":163011,"date":"2024-05-23T13:38:14","date_gmt":"2024-05-23T11:38:14","guid":{"rendered":"https:\/\/zpsv-cz.webvalleypreview.com\/mostni-konstrukce-a-propustky\/prostorove-prvky-pro-inzenyrske-site\/zelezobetonovy-ram-dzr-2\/"},"modified":"2024-05-23T13:38:14","modified_gmt":"2024-05-23T11:38:14","slug":"zelezobetonovy-ram-dzr-2","status":"publish","type":"page","link":"https:\/\/zpsv-cz.webvalleypreview.com\/en\/mostni-konstrukce-a-propustky\/prostorove-prvky-pro-inzenyrske-site\/zelezobetonovy-ram-dzr-2\/","title":{"rendered":"\u017delezobetonov\u00fd r\u00e1m DZR 2"},"content":{"rendered":"<p>{&#8222;DateCreate&#8220;:&#8220;06.11.2002 14:46:57&#8243;,&#8220;ID&#8220;:&#8220;342&#8243;,&#8220;GUID&#8220;:&#8220;BD781D04619C9B20C1256C69004BB5B9&#8243;,&#8220;Nazev&#8220;:&#8220;\\u017delezobetonov\\u00fd r\\u00e1m DZR 2&#8243;,&#8220;Number&#8220;:&#8220;593831010020&#8243;,&#8220;ObchodniZnacka&#8220;:&#8220;IZM 20\\\/10&#8243;,&#8220;Zavods&#8220;:&#8220;07 \\u010cer\\u010dany&#8220;,&#8220;VyrPopisCZ&#8220;:&#8220;&#8220;,&#8220;VyrPopisDE&#8220;:&#8220;&#8220;,&#8220;VyrPopisEN&#8220;:&#8220;&#8220;,&#8220;VyrUrceniAPouzitCZ&#8220;:&#8220;Prvky DZR 2 slou\\u017e\\u00ed k vytv\\u00e1\\u0159en\\u00ed propustk\\u016f pro odvod vody nebo jednoduch\\u00fdch i zdvojen\\u00fdch, m\\u00e1lo frekventovan\\u00fdch podchod\\u016f s v\\u00fd\\u0161kou nadlo\\u017e\\u00ed min. 1,0 m a\\u017e 7,0 m. Jsou dimenzov\\u00e1ny pro pohybliv\\u00e9 zat\\u00ed\\u017een\\u00ed, dan\\u00e9 t\\u011b\\u017ek\\u00fdm zat\\u011b\\u017eovac\\u00edm vlakem \\u010cSD-T, jeho\\u017e normov\\u00e9 zat\\u00ed\\u017een\\u00ed je d\\u00e1no sestavou n\\u00e1pravov\\u00fdch sil 4 x 312,5 kN a rovnom\\u011brn\\u00fdm zat\\u00ed\\u017een\\u00edm 100 kNm-1. \\u010celn\\u00ed plochy r\\u00e1m\\u016f jsou navr\\u017eeny jako rovinn\\u00e9. Manipulace a mont\\u00e1\\u017e je prov\\u00e1d\\u011bna pomoc\\u00ed speci\\u00e1ln\\u00edch z\\u00e1v\\u011bsn\\u00fdch ok, osazovan\\u00fdch do p\\u0159edem p\\u0159ipraven\\u00fdch otvor\\u016f ve st\\u011bn\\u011b r\\u00e1mu. Podm\\u00ednky zabudov\\u00e1n\\u00ed a pou\\u017e\\u00edv\\u00e1n\\u00ed jsou obsa\\u017eeny v typov\\u00e9m podkladu \\&#8220;Prvky \\u017eelezni\\u010dn\\u00edch r\\u00e1mov\\u00fdch propust\\u016f sv. 200\\\/260 &#8211; \\u010d\\u00e1st B\\&#8220; z roku 1970.&#8220;,&#8220;VyrUrceniAPouzitDE&#8220;:&#8220;&#8220;,&#8220;VyrUrceniAPouzitEN&#8220;:&#8220;The elements DZR 2 serve for forming of culverts for water diversion or single and doubled low frequented underpasses with upper bed height min. 1.0 m up to 7.0 m.\\rThey are designed for moving load given by the heavy load train \\u010cSD T, the standard load of which is given by a set of axle forces 4 x 312.5 kN and by the uniform load 100 kNm-1.\\rThe front faces of the frames are designed as plane.&#8220;,&#8220;VyrNazevCZ&#8220;:&#8220;\\u017delezobetonov\\u00fd r\\u00e1m DZR 2&#8243;,&#8220;VyrNazevDE&#8220;:&#8220;&#8220;,&#8220;VyrNazevEN&#8220;:&#8220;Frame culvert DZR 2&#8243;,&#8220;Beton&#8220;:&#8220;C 30\\\/37-XF4&#8243;,&#8220;ObjemPrvku&#8220;:&#8220;3,4000&#8243;,&#8220;HmotnostPrvku&#8220;:&#8220;8500&#8243;,&#8220;L&#8220;:&#8220;148&#8243;,&#8220;B&#8220;:&#8220;240&#8243;,&#8220;H&#8220;:&#8220;313&#8243;,&#8220;T&#8220;:&#8220;&#8220;,&#8220;D&#8220;:&#8220;&#8220;,&#8220;R&#8220;:&#8220;&#8220;,&#8220;L_2&#8243;:&#8220;&#8220;,&#8220;B_2&#8243;:&#8220;200&#8243;,&#8220;H_2&#8243;:&#8220;260&#8243;,&#8220;T_2&#8243;:&#8220;&#8220;,&#8220;D_2&#8243;:&#8220;&#8220;,&#8220;R_2&#8243;:&#8220;&#8220;,&#8220;L_1&#8243;:&#8220;&#8220;,&#8220;B_1&#8243;:&#8220;&#8220;,&#8220;H_1&#8243;:&#8220;&#8220;,&#8220;T_1&#8243;:&#8220;&#8220;,&#8220;D_1&#8243;:&#8220;&#8220;,&#8220;R_1&#8243;:&#8220;&#8220;,&#8220;KategorieName&#8220;:&#8220;Dopravn\\u00ed a in\\u017een\\u00fdrsk\\u00e9 stavby&#8220;,&#8220;PodkategorieName&#8220;:&#8220;Prostorov\\u00e9 prvky pro in\\u017een\\u00fdrsk\\u00e9 s\\u00edt\\u011b&#8220;,&#8220;attachments&#8220;:{&#8222;designs&#8220;:[{&#8222;DateCreate&#8220;:&#8220;&#8220;,&#8220;ID&#8220;:&#8220;3039&#8243;,&#8220;GUID&#8220;:&#8220;2CFD53D0269D146FC1257003002DF8E8&#8243;,&#8220;VYR_ID&#8220;:&#8220;342&#8243;,&#8220;VYR_Number&#8220;:&#8220;593831010020&#8243;,&#8220;VYR_ObchodniZnacka&#8220;:&#8220;IZM 20\\\/10&#8243;,&#8220;DocumentNumber&#8220;:&#8220;593831010020&#8243;,&#8220;Title&#8220;:&#8220;\\u017delezobetonov\\u00fd r\\u00e1m DZR 2&#8243;,&#8220;IssueNumber&#8220;:&#8220;1&#8243;,&#8220;ZPSV_R4_Vyk1_ZaLomitkem&#8220;:&#8220;\\\/1&#8243;,&#8220;file&#8220;:[]},{&#8222;DateCreate&#8220;:&#8220;&#8220;,&#8220;ID&#8220;:&#8220;2576&#8243;,&#8220;GUID&#8220;:&#8220;76345586A98E10F3C1257003002E480F&#8220;,&#8220;VYR_ID&#8220;:&#8220;342&#8243;,&#8220;VYR_Number&#8220;:&#8220;593831010020&#8243;,&#8220;VYR_ObchodniZnacka&#8220;:&#8220;IZM 20\\\/10&#8243;,&#8220;DocumentNumber&#8220;:&#8220;593831010020&#8243;,&#8220;Title&#8220;:&#8220;\\u017delezobetonov\\u00fd r\\u00e1m DZR 2&#8243;,&#8220;IssueNumber&#8220;:&#8220;1&#8243;,&#8220;ZPSV_R4_Vyk1_ZaLomitkem&#8220;:&#8220;\\\/2&#8243;,&#8220;file&#8220;:[]}],&#8220;tpd&#8220;:[{&#8222;DateCreate&#8220;:&#8220;&#8220;,&#8220;ID&#8220;:&#8220;1516&#8243;,&#8220;GUID&#8220;:&#8220;4ADB5266C17649ACC1257E9100273136&#8243;,&#8220;VYR_ID&#8220;:&#8220;342&#8243;,&#8220;VYR_Number&#8220;:&#8220;593831010020&#8243;,&#8220;VYR_ObchodniZnacka&#8220;:&#8220;IZM 20\\\/10&#8243;,&#8220;DocumentNumber&#8220;:&#8220;TP-02\\\/06&#8243;,&#8220;Title&#8220;:&#8220;Prostorov\\u00e9 prvky pro in\\u017een\\u00fdrsk\\u00e9 s\\u00edt\\u011b&#8220;,&#8220;IssueNumber&#8220;:&#8220;3&#8243;,&#8220;file&#8220;:[{&#8222;ID&#8220;:&#8220;3686&#8243;,&#8220;ResourceGUID&#8220;:&#8220;4ADB5266C17649ACC1257E9100273136&#8243;,&#8220;Name&#8220;:&#8220;TP-02_06 Prostorov\\u00e9 prvky pro in\\u017een\\u00fdrsk\\u00e9 s\\u00edt\\u011b (3-2).pdf&#8220;,&#8220;FileNameGUID&#8220;:&#8220;4ADB5266C17649ACC1257E9100273136_BCZ49OU5&#8243;,&#8220;Comment&#8220;:&#8220;&#8220;,&#8220;fileModel.Size&#8220;:&#8220;616248&#8243;,&#8220;Create&#8220;:&#8220;17.08.2023 10:19:55&#8243;,&#8220;MimeType&#8220;:&#8220;application\\\/octet-stream&#8220;,&#8220;ZPSV_WEB&#8220;:&#8220;True&#8220;}]},{&#8222;DateCreate&#8220;:&#8220;&#8220;,&#8220;ID&#8220;:&#8220;1566&#8243;,&#8220;GUID&#8220;:&#8220;B558E6983071A3E6C1257F9A003151A2&#8243;,&#8220;VYR_ID&#8220;:&#8220;342&#8243;,&#8220;VYR_Number&#8220;:&#8220;593831010020&#8243;,&#8220;VYR_ObchodniZnacka&#8220;:&#8220;IZM 20\\\/10&#8243;,&#8220;DocumentNumber&#8220;:&#8220;TP-08\\\/16&#8243;,&#8220;Title&#8220;:&#8220;Prostorov\\u00e9 prvky pro in\\u017een\\u00fdrsk\\u00e9 s\\u00edt\\u011b (\\u017dSR)&#8220;,&#8220;IssueNumber&#8220;:&#8220;1&#8243;,&#8220;file&#8220;:[{&#8222;ID&#8220;:&#8220;3824&#8243;,&#8220;ResourceGUID&#8220;:&#8220;B558E6983071A3E6C1257F9A003151A2&#8243;,&#8220;Name&#8220;:&#8220;TP-08_16 Prostorov\\u00e9 prvky pro in\\u017een\\u00fdrsk\\u00e9 s\\u00edt\\u011b (1-3).pdf&#8220;,&#8220;FileNameGUID&#8220;:&#8220;B558E6983071A3E6C1257F9A003151A2_BYGGG37Q&#8220;,&#8220;Comment&#8220;:&#8220;&#8220;,&#8220;fileModel.Size&#8220;:&#8220;1108501&#8243;,&#8220;Create&#8220;:&#8220;17.08.2023 10:19:56&#8243;,&#8220;MimeType&#8220;:&#8220;application\\\/octet-stream&#8220;,&#8220;ZPSV_WEB&#8220;:&#8220;True&#8220;}]}]}}<\/p>","protected":false},"excerpt":{"rendered":"<p>{&#8222;DateCreate&#8220;:&#8220;06.11.2002 14:46:57&#8243;,&#8220;ID&#8220;:&#8220;342&#8243;,&#8220;GUID&#8220;:&#8220;BD781D04619C9B20C1256C69004BB5B9&#8243;,&#8220;Nazev&#8220;:&#8220;\\u017delezobetonov\\u00fd r\\u00e1m DZR 2&#8243;,&#8220;Number&#8220;:&#8220;593831010020&#8243;,&#8220;ObchodniZnacka&#8220;:&#8220;IZM 20\\\/10&#8243;,&#8220;Zavods&#8220;:&#8220;07 \\u010cer\\u010dany&#8220;,&#8220;VyrPopisCZ&#8220;:&#8220;&#8220;,&#8220;VyrPopisDE&#8220;:&#8220;&#8220;,&#8220;VyrPopisEN&#8220;:&#8220;&#8220;,&#8220;VyrUrceniAPouzitCZ&#8220;:&#8220;Prvky DZR 2 slou\\u017e\\u00ed [&hellip;]<\/p>","protected":false},"author":1,"featured_media":0,"parent":160606,"menu_order":0,"comment_status":"closed","ping_status":"closed","template":"layouts\/page-katalog.php","meta":{"footnotes":""},"_links":{"self":[{"href":"https:\/\/zpsv-cz.webvalleypreview.com\/en\/wp-json\/wp\/v2\/pages\/163011"}],"collection":[{"href":"https:\/\/zpsv-cz.webvalleypreview.com\/en\/wp-json\/wp\/v2\/pages"}],"about":[{"href":"https:\/\/zpsv-cz.webvalleypreview.com\/en\/wp-json\/wp\/v2\/types\/page"}],"author":[{"embeddable":true,"href":"https:\/\/zpsv-cz.webvalleypreview.com\/en\/wp-json\/wp\/v2\/users\/1"}],"replies":[{"embeddable":true,"href":"https:\/\/zpsv-cz.webvalleypreview.com\/en\/wp-json\/wp\/v2\/comments?post=163011"}],"version-history":[{"count":0,"href":"https:\/\/zpsv-cz.webvalleypreview.com\/en\/wp-json\/wp\/v2\/pages\/163011\/revisions"}],"up":[{"embeddable":true,"href":"https:\/\/zpsv-cz.webvalleypreview.com\/en\/wp-json\/wp\/v2\/pages\/160606"}],"wp:attachment":[{"href":"https:\/\/zpsv-cz.webvalleypreview.com\/en\/wp-json\/wp\/v2\/media?parent=163011"}],"curies":[{"name":"wp","href":"https:\/\/api.w.org\/{rel}","templated":true}]}}