{"id":163023,"date":"2024-05-23T13:38:14","date_gmt":"2024-05-23T11:38:14","guid":{"rendered":"https:\/\/zpsv-cz.webvalleypreview.com\/inzenyrske-stavby\/prvky-opernych-sten\/krabicovy-dil-opernych-zdi-u4\/"},"modified":"2024-05-23T13:38:14","modified_gmt":"2024-05-23T11:38:14","slug":"krabicovy-dil-opernych-zdi-u4","status":"publish","type":"page","link":"https:\/\/zpsv-cz.webvalleypreview.com\/en\/inzenyrske-stavby\/prvky-opernych-sten\/krabicovy-dil-opernych-zdi-u4\/","title":{"rendered":"Krabicov\u00fd d\u00edl op\u011brn\u00fdch zd\u00ed U4"},"content":{"rendered":"<p>{&#8222;DateCreate&#8220;:&#8220;06.11.2002 14:47:02&#8243;,&#8220;ID&#8220;:&#8220;389&#8243;,&#8220;GUID&#8220;:&#8220;13B58F2B502CD2F6C1256C69004BB7B4&#8243;,&#8220;Nazev&#8220;:&#8220;Krabicov\\u00fd d\\u00edl op\\u011brn\\u00fdch zd\\u00ed U4&#8243;,&#8220;Number&#8220;:&#8220;593841010058&#8243;,&#8220;ObchodniZnacka&#8220;:&#8220;IZT 58\\\/10&#8243;,&#8220;Zavods&#8220;:&#8220;61 Uhersk\\u00fd Ostroh&#8220;,&#8220;VyrPopisCZ&#8220;:&#8220;&#8220;,&#8220;VyrPopisDE&#8220;:&#8220;&#8220;,&#8220;VyrPopisEN&#8220;:&#8220;&#8220;,&#8220;VyrUrceniAPouzitCZ&#8220;:&#8220;Pro sestavov\\u00e1n\\u00ed montovan\\u00fdch op\\u011brn\\u00fdch zd\\u00ed n\\u00edzk\\u00fdch st\\u0159edn\\u011b vysok\\u00fdch ve sklonech 5 : 1,10 : 1, 20 : 1. Jsou navr\\u017eeny pro zat\\u00ed\\u017een\\u00ed vlastn\\u00ed vahou prvk\\u016f a v\\u00fdpl\\u0148ov\\u00e9 zeminy, pro zat\\u00ed\\u017een\\u00ed z\\u00e1kladn\\u00edm zat\\u011b\\u017eovac\\u00edm vlakem \\u010cSD T, jeho\\u017e normov\\u00e9 zat\\u00ed\\u017een\\u00ed je d\\u00e1no sestavou n\\u00e1pravov\\u00fdch sil 4 x 312,5 kN rovnom\\u011brn\\u00fdm zat\\u00ed\\u017een\\u00edm 100 kNm-1. \\u010celn\\u00ed plocha je esteticky upravena. Prvek U4 je ukl\\u00e1d\\u00e1n jako prvn\\u00ed na z\\u00e1kladovou sp\\u00e1ru. Sestavov\\u00e1n\\u00ed jednotliv\\u00fdch krabicov\\u00fdch d\\u00edl\\u016f se prov\\u00e1d\\u00ed dle typov\\u00e9ho podkladu schv\\u00e1len\\u00e9ho FMD Odb. 6, \\u010d. j. 16364\\\/1984-06 dne 10. 9. 1984, vydan\\u00fdm firmou SUDOP Praha a.s.&#8220;,&#8220;VyrUrceniAPouzitDE&#8220;:&#8220;&#8220;,&#8220;VyrUrceniAPouzitEN&#8220;:&#8220;For construction of mounted low and medium high support walls of inclinations 5 : 1,10 : 1, 20 : 1. They are designed for dead load of elements and filling earth, for load by the basic load train \\u010cSD T, the standard load of which is given by a set of axle forces 4 x 312.5 kN and by the uniform load 100 kNm-1. The face is aesthetically finished. The element U3 is the last element of the support wall under a monolithic concrete moulding. The element U4 is laid on the foundation base as first. Construction of constituent box parts is performed in accordance with the type document approved by FMD Dept. 6, ref. No. 16364\\\/1984-06 on September 10th, 1984 issued by the company SUDOP Prague Inc.&#8220;,&#8220;VyrNazevCZ&#8220;:&#8220;Krabicov\\u00fd d\\u00edl op\\u011brn\\u00fdch zd\\u00ed U4&#8243;,&#8220;VyrNazevDE&#8220;:&#8220;&#8220;,&#8220;VyrNazevEN&#8220;:&#8220;Box part of support walls U4&#8243;,&#8220;Beton&#8220;:&#8220;C 30\\\/37-XF4&#8243;,&#8220;ObjemPrvku&#8220;:&#8220;1,8700&#8243;,&#8220;HmotnostPrvku&#8220;:&#8220;4680&#8243;,&#8220;L&#8220;:&#8220;296&#8243;,&#8220;B&#8220;:&#8220;226&#8243;,&#8220;H&#8220;:&#8220;61&#8243;,&#8220;T&#8220;:&#8220;&#8220;,&#8220;D&#8220;:&#8220;&#8220;,&#8220;R&#8220;:&#8220;&#8220;,&#8220;L_2&#8243;:&#8220;&#8220;,&#8220;B_2&#8243;:&#8220;&#8220;,&#8220;H_2&#8243;:&#8220;&#8220;,&#8220;T_2&#8243;:&#8220;18&#8243;,&#8220;D_2&#8243;:&#8220;&#8220;,&#8220;R_2&#8243;:&#8220;&#8220;,&#8220;L_1&#8243;:&#8220;&#8220;,&#8220;B_1&#8243;:&#8220;&#8220;,&#8220;H_1&#8243;:&#8220;&#8220;,&#8220;T_1&#8243;:&#8220;&#8220;,&#8220;D_1&#8243;:&#8220;&#8220;,&#8220;R_1&#8243;:&#8220;&#8220;,&#8220;KategorieName&#8220;:&#8220;Dopravn\\u00ed a in\\u017een\\u00fdrsk\\u00e9 stavby&#8220;,&#8220;PodkategorieName&#8220;:&#8220;Prvky op\\u011brn\\u00fdch st\\u011bn&#8220;,&#8220;attachments&#8220;:{&#8222;designs&#8220;:[{&#8222;DateCreate&#8220;:&#8220;&#8220;,&#8220;ID&#8220;:&#8220;2652&#8243;,&#8220;GUID&#8220;:&#8220;6E389129A73D0074C12572DC00421A55&#8243;,&#8220;VYR_ID&#8220;:&#8220;389&#8243;,&#8220;VYR_Number&#8220;:&#8220;593841010058&#8243;,&#8220;VYR_ObchodniZnacka&#8220;:&#8220;IZT 58\\\/10&#8243;,&#8220;DocumentNumber&#8220;:&#8220;593841010058&#8243;,&#8220;Title&#8220;:&#8220;Krabicov\\u00fd d\\u00edl op\\u011brn\\u00fdch zd\\u00ed U4&#8243;,&#8220;IssueNumber&#8220;:&#8220;2&#8243;,&#8220;ZPSV_R4_Vyk1_ZaLomitkem&#8220;:&#8220;\\\/1&#8243;,&#8220;file&#8220;:[]},{&#8222;DateCreate&#8220;:&#8220;&#8220;,&#8220;ID&#8220;:&#8220;2906&#8243;,&#8220;GUID&#8220;:&#8220;2DF47FE5E0932773C125701900240044&#8243;,&#8220;VYR_ID&#8220;:&#8220;389&#8243;,&#8220;VYR_Number&#8220;:&#8220;593841010058&#8243;,&#8220;VYR_ObchodniZnacka&#8220;:&#8220;IZT 58\\\/10&#8243;,&#8220;DocumentNumber&#8220;:&#8220;593841010058&#8243;,&#8220;Title&#8220;:&#8220;Nen\\u00ed v elektronick\\u00e9 verzi&#8220;,&#8220;IssueNumber&#8220;:&#8220;1&#8243;,&#8220;ZPSV_R4_Vyk1_ZaLomitkem&#8220;:&#8220;\\\/2&#8243;,&#8220;file&#8220;:[]}],&#8220;pvl&#8220;:[{&#8222;DateCreate&#8220;:&#8220;06.02.2023 12:55:57&#8243;,&#8220;ID&#8220;:&#8220;119&#8243;,&#8220;GUID&#8220;:&#8220;A2F2E00BDAF231A0C125894E00418C1E&#8220;,&#8220;VYR_ID&#8220;:&#8220;389&#8243;,&#8220;VYR_Number&#8220;:&#8220;593841010058&#8243;,&#8220;VYR_ObchodniZnacka&#8220;:&#8220;IZT 58\\\/10&#8243;,&#8220;Number&#8220;:&#8220;61-08\\\/23&#8243;,&#8220;Nazev&#8220;:&#8220;Prvky op\\u011brn\\u00fdch st\\u011bn &#8211; krabicov\\u00e9 d\\u00edly op\\u011brn\\u00fdch zd\\u00ed U, U1; prvky z\\u00e1rubn\\u00edch zd\\u00ed PU; prvky \\u0159\\u00edmsov\\u00e9 z\\u00eddky&#8220;,&#8220;DatePlatnostDo&#8220;:&#8220;21.12.2023 0:00:00&#8243;,&#8220;ZavodName&#8220;:&#8220;61 Uhersk\\u00fd Ostroh&#8220;,&#8220;file&#8220;:[{&#8222;ID&#8220;:&#8220;13228&#8243;,&#8220;ResourceGUID&#8220;:&#8220;A2F2E00BDAF231A0C125894E00418C1E&#8220;,&#8220;Name&#8220;:&#8220;1 &#8211; POV 61-08-23.pdf&#8220;,&#8220;FileNameGUID&#8220;:&#8220;A2F2E00BDAF231A0C125894E00418C1E_1HX4QEI6&#8243;,&#8220;Comment&#8220;:&#8220;&#8220;,&#8220;fileModel.Size&#8220;:&#8220;84443&#8243;,&#8220;Create&#8220;:&#8220;22.11.2023 7:52:39&#8243;,&#8220;MimeType&#8220;:&#8220;application\\\/octet-stream&#8220;,&#8220;ZPSV_WEB&#8220;:&#8220;True&#8220;}]},{&#8222;DateCreate&#8220;:&#8220;04.03.2024 16:00:38&#8243;,&#8220;ID&#8220;:&#8220;217&#8243;,&#8220;GUID&#8220;:&#8220;f2657b56-228d-4df2-82d5-9cd5cdbc2215&#8243;,&#8220;VYR_ID&#8220;:&#8220;389&#8243;,&#8220;VYR_Number&#8220;:&#8220;593841010058&#8243;,&#8220;VYR_ObchodniZnacka&#8220;:&#8220;IZT 58\\\/10&#8243;,&#8220;Number&#8220;:&#8220;61-08\\\/24&#8243;,&#8220;Nazev&#8220;:&#8220;Prvky op\\u011brn\\u00fdch st\\u011bn &#8211; krabicov\\u00e9 d\\u00edly op\\u011brn\\u00fdch zd\\u00ed U, U1; prvky z\\u00e1rubn\\u00edch zd\\u00ed PU; prvky \\u0159\\u00edmsov\\u00e9 z\\u00eddky&#8220;,&#8220;DatePlatnostDo&#8220;:&#8220;19.02.2025 0:00:00&#8243;,&#8220;ZavodName&#8220;:&#8220;61 Uhersk\\u00fd Ostroh&#8220;,&#8220;file&#8220;:[{&#8222;ID&#8220;:&#8220;13917&#8243;,&#8220;ResourceGUID&#8220;:&#8220;f2657b56-228d-4df2-82d5-9cd5cdbc2215&#8243;,&#8220;Name&#8220;:&#8220;1 &#8211; POV 61-08-24.pdf&#8220;,&#8220;FileNameGUID&#8220;:&#8220;6008222a-b806-4e27-baec-783c14eee83b&#8220;,&#8220;Comment&#8220;:&#8220;&#8220;,&#8220;fileModel.Size&#8220;:&#8220;80287&#8243;,&#8220;Create&#8220;:&#8220;04.03.2024 16:01:39&#8243;,&#8220;MimeType&#8220;:&#8220;application\\\/pdf&#8220;,&#8220;ZPSV_WEB&#8220;:&#8220;True&#8220;}]}],&#8220;tpd&#8220;:[{&#8222;DateCreate&#8220;:&#8220;&#8220;,&#8220;ID&#8220;:&#8220;1522&#8243;,&#8220;GUID&#8220;:&#8220;A659BE9005950731C1258116002289DC&#8220;,&#8220;VYR_ID&#8220;:&#8220;389&#8243;,&#8220;VYR_Number&#8220;:&#8220;593841010058&#8243;,&#8220;VYR_ObchodniZnacka&#8220;:&#8220;IZT 58\\\/10&#8243;,&#8220;DocumentNumber&#8220;:&#8220;TP-01\\\/10&#8243;,&#8220;Title&#8220;:&#8220;Betonov\\u00e9 prefabrik\\u00e1ty &#8211; prvky op\\u011brn\\u00fdch st\\u011bn&#8220;,&#8220;IssueNumber&#8220;:&#8220;4&#8243;,&#8220;file&#8220;:[{&#8222;ID&#8220;:&#8220;3795&#8243;,&#8220;ResourceGUID&#8220;:&#8220;A659BE9005950731C1258116002289DC&#8220;,&#8220;Name&#8220;:&#8220;TP-01_10 Betonov\\u00e9 prefabrik\\u00e1ty &#8211; prvky op\\u011brn\\u00fdch st\\u011bn (4-1).pdf&#8220;,&#8220;FileNameGUID&#8220;:&#8220;A659BE9005950731C1258116002289DC_6R6GKBT7&#8243;,&#8220;Comment&#8220;:&#8220;&#8220;,&#8220;fileModel.Size&#8220;:&#8220;727244&#8243;,&#8220;Create&#8220;:&#8220;17.08.2023 10:19:56&#8243;,&#8220;MimeType&#8220;:&#8220;application\\\/octet-stream&#8220;,&#8220;ZPSV_WEB&#8220;:&#8220;True&#8220;}]}]}}<\/p>","protected":false},"excerpt":{"rendered":"<p>{&#8222;DateCreate&#8220;:&#8220;06.11.2002 14:47:02&#8243;,&#8220;ID&#8220;:&#8220;389&#8243;,&#8220;GUID&#8220;:&#8220;13B58F2B502CD2F6C1256C69004BB7B4&#8243;,&#8220;Nazev&#8220;:&#8220;Krabicov\\u00fd d\\u00edl op\\u011brn\\u00fdch zd\\u00ed U4&#8243;,&#8220;Number&#8220;:&#8220;593841010058&#8243;,&#8220;ObchodniZnacka&#8220;:&#8220;IZT 58\\\/10&#8243;,&#8220;Zavods&#8220;:&#8220;61 Uhersk\\u00fd Ostroh&#8220;,&#8220;VyrPopisCZ&#8220;:&#8220;&#8220;,&#8220;VyrPopisDE&#8220;:&#8220;&#8220;,&#8220;VyrPopisEN&#8220;:&#8220;&#8220;,&#8220;VyrUrceniAPouzitCZ&#8220;:&#8220;Pro sestavov\\u00e1n\\u00ed [&hellip;]<\/p>","protected":false},"author":1,"featured_media":0,"parent":160652,"menu_order":0,"comment_status":"closed","ping_status":"closed","template":"layouts\/page-katalog.php","meta":{"footnotes":""},"_links":{"self":[{"href":"https:\/\/zpsv-cz.webvalleypreview.com\/en\/wp-json\/wp\/v2\/pages\/163023"}],"collection":[{"href":"https:\/\/zpsv-cz.webvalleypreview.com\/en\/wp-json\/wp\/v2\/pages"}],"about":[{"href":"https:\/\/zpsv-cz.webvalleypreview.com\/en\/wp-json\/wp\/v2\/types\/page"}],"author":[{"embeddable":true,"href":"https:\/\/zpsv-cz.webvalleypreview.com\/en\/wp-json\/wp\/v2\/users\/1"}],"replies":[{"embeddable":true,"href":"https:\/\/zpsv-cz.webvalleypreview.com\/en\/wp-json\/wp\/v2\/comments?post=163023"}],"version-history":[{"count":0,"href":"https:\/\/zpsv-cz.webvalleypreview.com\/en\/wp-json\/wp\/v2\/pages\/163023\/revisions"}],"up":[{"embeddable":true,"href":"https:\/\/zpsv-cz.webvalleypreview.com\/en\/wp-json\/wp\/v2\/pages\/160652"}],"wp:attachment":[{"href":"https:\/\/zpsv-cz.webvalleypreview.com\/en\/wp-json\/wp\/v2\/media?parent=163023"}],"curies":[{"name":"wp","href":"https:\/\/api.w.org\/{rel}","templated":true}]}}