{"id":163039,"date":"2024-05-23T13:38:15","date_gmt":"2024-05-23T11:38:15","guid":{"rendered":"https:\/\/zpsv-cz.webvalleypreview.com\/kolejove-dopravni-stavby\/prejezdy-a-prechody-zakryty-a-zadlazby\/prefabrikat-pro-zadlazbu-koleji-a-vlecek-vnejsi-lp-b\/"},"modified":"2024-05-23T13:38:15","modified_gmt":"2024-05-23T11:38:15","slug":"prefabrikat-pro-zadlazbu-koleji-a-vlecek-vnejsi-lp-b","status":"publish","type":"page","link":"https:\/\/zpsv-cz.webvalleypreview.com\/en\/kolejove-dopravni-stavby\/prejezdy-a-prechody-zakryty-a-zadlazby\/prefabrikat-pro-zadlazbu-koleji-a-vlecek-vnejsi-lp-b\/","title":{"rendered":"Prefabrik\u00e1t pro z\u00e1dla\u017ebu kolej\u00ed a vle\u010dek vn\u011bj\u0161\u00ed LP-B"},"content":{"rendered":"<p>{&#8222;DateCreate&#8220;:&#8220;06.11.2002 14:47:07&#8243;,&#8220;ID&#8220;:&#8220;428&#8243;,&#8220;GUID&#8220;:&#8220;173C530A28734B4FC1256C69004BB9E3&#8243;,&#8220;Nazev&#8220;:&#8220;Prefabrik\\u00e1t pro z\\u00e1dla\\u017ebu kolej\\u00ed a vle\\u010dek vn\\u011bj\\u0161\\u00ed LP-B&#8220;,&#8220;Number&#8220;:&#8220;593891010242&#8243;,&#8220;ObchodniZnacka&#8220;:&#8220;IZX 242\\\/10&#8243;,&#8220;Zavods&#8220;:&#8220;31 Doloplazy&#8220;,&#8220;VyrPopisCZ&#8220;:&#8220;&#8220;,&#8220;VyrPopisDE&#8220;:&#8220;&#8220;,&#8220;VyrPopisEN&#8220;:&#8220;&#8220;,&#8220;VyrUrceniAPouzitCZ&#8220;:&#8220;Pro vytv\\u00e1\\u0159en\\u00ed p\\u0159echod\\u016f pro p\\u011b\\u0161\\u00ed a p\\u0159ejezd\\u016f pro voz\\u00edky, osobn\\u00ed a lehk\\u00e9 n\\u00e1kladn\\u00ed automobily do celkov\\u00e9 hmotnosti 3,5 t  a k z\\u00e1dla\\u017eb\\u011b koleji\\u0161\\u0165 a vle\\u010dek. Panely jsou navr\\u017eeny pro rovnom\\u011brn\\u00e9 zat\\u00ed\\u017een\\u00ed 5 kN\\\/m.\\rUkl\\u00e1daj\\u00ed se na pr\\u016fb\\u011b\\u017en\\u00e9 d\\u0159ev\\u011bn\\u00e9 op\\u011brky ulo\\u017een\\u00e9 pod\\u00e9l kolejnic (\\u017eelezni\\u010dn\\u00ed p\\u0159ejezdy) dle vzorov\\u00e9ho listu \\u017d 11.161-N nebo do p\\u00edskov\\u00e9ho lo\\u017ee (z\\u00e1dla\\u017eba). Manipulace je prov\\u00e1d\\u011bna pomoc\\u00ed p\\u0159epravn\\u00edch z\\u00e1vitov\\u00fdch \\u00fachyt\\u016f.&#8220;,&#8220;VyrUrceniAPouzitDE&#8220;:&#8220;&#8220;,&#8220;VyrUrceniAPouzitEN&#8220;:&#8220;For forming of crossings and paving of CR railway yards and sidings. They are intended for traffic load of the group D, i.e. up to 5 kN\\\/sq. m.&#8220;,&#8220;VyrNazevCZ&#8220;:&#8220;Prefabrik\\u00e1t pro z\\u00e1dla\\u017ebu kolej\\u00ed a vle\\u010dek vn\\u011bj\\u0161\\u00ed LP-B&#8220;,&#8220;VyrNazevDE&#8220;:&#8220;&#8220;,&#8220;VyrNazevEN&#8220;:&#8220;Building block for paving of tracks and sidings outer LP-B&#8220;,&#8220;Beton&#8220;:&#8220;C 30\\\/37-XF4&#8243;,&#8220;ObjemPrvku&#8220;:&#8220;0,1969&#8243;,&#8220;HmotnostPrvku&#8220;:&#8220;512&#8243;,&#8220;L&#8220;:&#8220;175&#8243;,&#8220;B&#8220;:&#8220;80&#8243;,&#8220;H&#8220;:&#8220;16&#8243;,&#8220;T&#8220;:&#8220;&#8220;,&#8220;D&#8220;:&#8220;&#8220;,&#8220;R&#8220;:&#8220;&#8220;,&#8220;L_2&#8243;:&#8220;&#8220;,&#8220;B_2&#8243;:&#8220;11&#8243;,&#8220;H_2&#8243;:&#8220;8&#8243;,&#8220;T_2&#8243;:&#8220;&#8220;,&#8220;D_2&#8243;:&#8220;&#8220;,&#8220;R_2&#8243;:&#8220;&#8220;,&#8220;L_1&#8243;:&#8220;&#8220;,&#8220;B_1&#8243;:&#8220;19,6&#8243;,&#8220;H_1&#8243;:&#8220;12,5&#8243;,&#8220;T_1&#8243;:&#8220;&#8220;,&#8220;D_1&#8243;:&#8220;&#8220;,&#8220;R_1&#8243;:&#8220;&#8220;,&#8220;KategorieName&#8220;:&#8220;Dopravn\\u00ed a in\\u017een\\u00fdrsk\\u00e9 stavby&#8220;,&#8220;PodkategorieName&#8220;:&#8220;P\\u0159ejezdy a p\\u0159echody, z\\u00e1kryty a z\\u00e1dla\\u017eby&#8220;,&#8220;attachments&#8220;:{&#8222;designs&#8220;:[{&#8222;DateCreate&#8220;:&#8220;&#8220;,&#8220;ID&#8220;:&#8220;2892&#8243;,&#8220;GUID&#8220;:&#8220;C6656D10002944EDC125701B003519C7&#8243;,&#8220;VYR_ID&#8220;:&#8220;428&#8243;,&#8220;VYR_Number&#8220;:&#8220;593891010242&#8243;,&#8220;VYR_ObchodniZnacka&#8220;:&#8220;IZX 242\\\/10&#8243;,&#8220;DocumentNumber&#8220;:&#8220;593891010242&#8243;,&#8220;Title&#8220;:&#8220;Prefabrik\\u00e1t pro z\\u00e1dla\\u017ebu kolej\\u00ed a vle\\u010dek vn\\u011bj\\u0161\\u00ed LP-B&#8220;,&#8220;IssueNumber&#8220;:&#8220;1&#8243;,&#8220;ZPSV_R4_Vyk1_ZaLomitkem&#8220;:&#8220;\\\/1&#8243;,&#8220;file&#8220;:[]},{&#8222;DateCreate&#8220;:&#8220;&#8220;,&#8220;ID&#8220;:&#8220;2702&#8243;,&#8220;GUID&#8220;:&#8220;B15F569D9F280EC2C125701B0035687F&#8220;,&#8220;VYR_ID&#8220;:&#8220;428&#8243;,&#8220;VYR_Number&#8220;:&#8220;593891010242&#8243;,&#8220;VYR_ObchodniZnacka&#8220;:&#8220;IZX 242\\\/10&#8243;,&#8220;DocumentNumber&#8220;:&#8220;593891010242&#8243;,&#8220;Title&#8220;:&#8220;Prefabrik\\u00e1t pro z\\u00e1dla\\u017ebu kolej\\u00ed a vle\\u010dek vn\\u011bj\\u0161\\u00ed LP-B&#8220;,&#8220;IssueNumber&#8220;:&#8220;1&#8243;,&#8220;ZPSV_R4_Vyk1_ZaLomitkem&#8220;:&#8220;\\\/2&#8243;,&#8220;file&#8220;:[]}],&#8220;ps&#8220;:[{&#8222;DateCreate&#8220;:&#8220;06.02.2023 9:51:01&#8243;,&#8220;ID&#8220;:&#8220;34&#8243;,&#8220;GUID&#8220;:&#8220;F65A25DF006A23D9C125894E00309DBD&#8220;,&#8220;VYR_ID&#8220;:&#8220;428&#8243;,&#8220;VYR_Number&#8220;:&#8220;593891010242&#8243;,&#8220;VYR_ObchodniZnacka&#8220;:&#8220;IZX 242\\\/10&#8243;,&#8220;Number&#8220;:&#8220;31-01\\\/23&#8243;,&#8220;Nazev&#8220;:&#8220;Prefabrik\\u00e1ty pro z\\u00e1dla\\u017ebu kolej\\u00ed a vle\\u010dek LP-A, LP-B&#8220;,&#8220;DatePlatnostDo&#8220;:&#8220;31.01.2024 0:00:00&#8243;,&#8220;ZavodName&#8220;:&#8220;31 Doloplazy&#8220;,&#8220;file&#8220;:[{&#8222;ID&#8220;:&#8220;12992&#8243;,&#8220;ResourceGUID&#8220;:&#8220;F65A25DF006A23D9C125894E00309DBD&#8220;,&#8220;Name&#8220;:&#8220;1 &#8211; POS 31-01-23.pdf&#8220;,&#8220;FileNameGUID&#8220;:&#8220;F65A25DF006A23D9C125894E00309DBD_NJ12XS86&#8243;,&#8220;Comment&#8220;:&#8220;&#8220;,&#8220;fileModel.Size&#8220;:&#8220;64930&#8243;,&#8220;Create&#8220;:&#8220;22.11.2023 7:52:17&#8243;,&#8220;MimeType&#8220;:&#8220;application\\\/octet-stream&#8220;,&#8220;ZPSV_WEB&#8220;:&#8220;True&#8220;}]}],&#8220;tpd&#8220;:[{&#8222;DateCreate&#8220;:&#8220;&#8220;,&#8220;ID&#8220;:&#8220;1520&#8243;,&#8220;GUID&#8220;:&#8220;3039CF95D58C47F3C1256F8500341215&#8243;,&#8220;VYR_ID&#8220;:&#8220;428&#8243;,&#8220;VYR_Number&#8220;:&#8220;593891010242&#8243;,&#8220;VYR_ObchodniZnacka&#8220;:&#8220;IZX 242\\\/10&#8243;,&#8220;DocumentNumber&#8220;:&#8220;TP-02\\\/05&#8243;,&#8220;Title&#8220;:&#8220;Prefabrik\\u00e1ty pro z\\u00e1dla\\u017ebu kolej\\u00ed a vle\\u010dek LP-A, LP-B (S\\u017dDC)&#8220;,&#8220;IssueNumber&#8220;:&#8220;1&#8243;,&#8220;file&#8220;:[{&#8222;ID&#8220;:&#8220;3663&#8243;,&#8220;ResourceGUID&#8220;:&#8220;3039CF95D58C47F3C1256F8500341215&#8243;,&#8220;Name&#8220;:&#8220;TP-02_05-S\\u017dDC Prefabrik\\u00e1ty pro z\\u00e1dla\\u017ebu kolej\\u00ed a vle\\u010dek LP-A_ LP-B (1-1).pdf&#8220;,&#8220;FileNameGUID&#8220;:&#8220;3039CF95D58C47F3C1256F8500341215_BVC26KKF&#8220;,&#8220;Comment&#8220;:&#8220;&#8220;,&#8220;fileModel.Size&#8220;:&#8220;847678&#8243;,&#8220;Create&#8220;:&#8220;17.08.2023 10:19:55&#8243;,&#8220;MimeType&#8220;:&#8220;application\\\/octet-stream&#8220;,&#8220;ZPSV_WEB&#8220;:&#8220;True&#8220;}]}]}}<\/p>","protected":false},"excerpt":{"rendered":"<p>{&#8222;DateCreate&#8220;:&#8220;06.11.2002 14:47:07&#8243;,&#8220;ID&#8220;:&#8220;428&#8243;,&#8220;GUID&#8220;:&#8220;173C530A28734B4FC1256C69004BB9E3&#8243;,&#8220;Nazev&#8220;:&#8220;Prefabrik\\u00e1t pro z\\u00e1dla\\u017ebu kolej\\u00ed a vle\\u010dek vn\\u011bj\\u0161\\u00ed LP-B&#8220;,&#8220;Number&#8220;:&#8220;593891010242&#8243;,&#8220;ObchodniZnacka&#8220;:&#8220;IZX 242\\\/10&#8243;,&#8220;Zavods&#8220;:&#8220;31 [&hellip;]<\/p>","protected":false},"author":1,"featured_media":0,"parent":160602,"menu_order":0,"comment_status":"closed","ping_status":"closed","template":"layouts\/page-katalog.php","meta":{"footnotes":""},"_links":{"self":[{"href":"https:\/\/zpsv-cz.webvalleypreview.com\/en\/wp-json\/wp\/v2\/pages\/163039"}],"collection":[{"href":"https:\/\/zpsv-cz.webvalleypreview.com\/en\/wp-json\/wp\/v2\/pages"}],"about":[{"href":"https:\/\/zpsv-cz.webvalleypreview.com\/en\/wp-json\/wp\/v2\/types\/page"}],"author":[{"embeddable":true,"href":"https:\/\/zpsv-cz.webvalleypreview.com\/en\/wp-json\/wp\/v2\/users\/1"}],"replies":[{"embeddable":true,"href":"https:\/\/zpsv-cz.webvalleypreview.com\/en\/wp-json\/wp\/v2\/comments?post=163039"}],"version-history":[{"count":0,"href":"https:\/\/zpsv-cz.webvalleypreview.com\/en\/wp-json\/wp\/v2\/pages\/163039\/revisions"}],"up":[{"embeddable":true,"href":"https:\/\/zpsv-cz.webvalleypreview.com\/en\/wp-json\/wp\/v2\/pages\/160602"}],"wp:attachment":[{"href":"https:\/\/zpsv-cz.webvalleypreview.com\/en\/wp-json\/wp\/v2\/media?parent=163039"}],"curies":[{"name":"wp","href":"https:\/\/api.w.org\/{rel}","templated":true}]}}