{"id":163063,"date":"2024-05-23T13:38:16","date_gmt":"2024-05-23T11:38:16","guid":{"rendered":"https:\/\/zpsv-cz.webvalleypreview.com\/kolejove-dopravni-stavby\/prvky-pro-zeleznicni-znackovani\/betonovy-nameznik\/"},"modified":"2024-05-23T13:38:16","modified_gmt":"2024-05-23T11:38:16","slug":"betonovy-nameznik","status":"publish","type":"page","link":"https:\/\/zpsv-cz.webvalleypreview.com\/en\/kolejove-dopravni-stavby\/prvky-pro-zeleznicni-znackovani\/betonovy-nameznik\/","title":{"rendered":"Betonov\u00fd n\u00e1mezn\u00edk"},"content":{"rendered":"<p>{&#8222;DateCreate&#8220;:&#8220;06.11.2002 14:46:29&#8243;,&#8220;ID&#8220;:&#8220;506&#8243;,&#8220;GUID&#8220;:&#8220;C8893D40C1D051C6C1256C69004BAAC1&#8243;,&#8220;Nazev&#8220;:&#8220;Betonov\\u00fd n\\u00e1mezn\\u00edk&#8220;,&#8220;Number&#8220;:&#8220;592121100001&#8243;,&#8220;ObchodniZnacka&#8220;:&#8220;AZZ 1-100&#8243;,&#8220;Zavods&#8220;:&#8220;31 Doloplazy&#8220;,&#8220;VyrPopisCZ&#8220;:&#8220;&#8220;,&#8220;VyrPopisDE&#8220;:&#8220;&#8220;,&#8220;VyrPopisEN&#8220;:&#8220;&#8220;,&#8220;VyrUrceniAPouzitCZ&#8220;:&#8220;N\\u00e1mezn\\u00edk se pou\\u017e\\u00edv\\u00e1 v \\u017eelezni\\u010dn\\u00edch trat\\u00edch pro ozna\\u010den\\u00ed m\\u00edsta v prostoru v\\u00fdhybky, kam je\\u0161t\\u011b mohou zasahovat  \\u017eelezni\\u010dn\\u00ed vag\\u00f3ny.&#8220;,&#8220;VyrUrceniAPouzitDE&#8220;:&#8220;&#8220;,&#8220;VyrUrceniAPouzitEN&#8220;:&#8220;The localizer is used on tracks of CR for marking a place in area of the point, where railway wagons can still reach.&#8220;,&#8220;VyrNazevCZ&#8220;:&#8220;Betonov\\u00fd n\\u00e1mezn\\u00edk&#8220;,&#8220;VyrNazevDE&#8220;:&#8220;&#8220;,&#8220;VyrNazevEN&#8220;:&#8220;Concrete localizer&#8220;,&#8220;Beton&#8220;:&#8220;C 25\\\/30 &#8211; XF1&#8243;,&#8220;ObjemPrvku&#8220;:&#8220;0,0237&#8243;,&#8220;HmotnostPrvku&#8220;:&#8220;56&#8243;,&#8220;L&#8220;:&#8220;100&#8243;,&#8220;B&#8220;:&#8220;20&#8243;,&#8220;H&#8220;:&#8220;14&#8243;,&#8220;T&#8220;:&#8220;&#8220;,&#8220;D&#8220;:&#8220;&#8220;,&#8220;R&#8220;:&#8220;&#8220;,&#8220;L_2&#8243;:&#8220;&#8220;,&#8220;B_2&#8243;:&#8220;&#8220;,&#8220;H_2&#8243;:&#8220;&#8220;,&#8220;T_2&#8243;:&#8220;&#8220;,&#8220;D_2&#8243;:&#8220;&#8220;,&#8220;R_2&#8243;:&#8220;&#8220;,&#8220;L_1&#8243;:&#8220;&#8220;,&#8220;B_1&#8243;:&#8220;&#8220;,&#8220;H_1&#8243;:&#8220;10&#8243;,&#8220;T_1&#8243;:&#8220;&#8220;,&#8220;D_1&#8243;:&#8220;&#8220;,&#8220;R_1&#8243;:&#8220;&#8220;,&#8220;KategorieName&#8220;:&#8220;Dopravn\\u00ed a in\\u017een\\u00fdrsk\\u00e9 stavby&#8220;,&#8220;PodkategorieName&#8220;:&#8220;Prvky pro \\u017eelezni\\u010dn\\u00ed zna\\u010dkov\\u00e1n\\u00ed&#8220;,&#8220;attachments&#8220;:{&#8222;designs&#8220;:[{&#8222;DateCreate&#8220;:&#8220;&#8220;,&#8220;ID&#8220;:&#8220;2316&#8243;,&#8220;GUID&#8220;:&#8220;6ED3FF28A9F02DD1C1256FA8003F848D&#8220;,&#8220;VYR_ID&#8220;:&#8220;506&#8243;,&#8220;VYR_Number&#8220;:&#8220;592121100001&#8243;,&#8220;VYR_ObchodniZnacka&#8220;:&#8220;AZZ 1-100&#8243;,&#8220;DocumentNumber&#8220;:&#8220;592121100001&#8243;,&#8220;Title&#8220;:&#8220;Betonov\\u00fd n\\u00e1mezn\\u00edk&#8220;,&#8220;IssueNumber&#8220;:&#8220;1&#8243;,&#8220;ZPSV_R4_Vyk1_ZaLomitkem&#8220;:&#8220;\\\/1&#8243;,&#8220;file&#8220;:[]},{&#8222;DateCreate&#8220;:&#8220;&#8220;,&#8220;ID&#8220;:&#8220;2578&#8243;,&#8220;GUID&#8220;:&#8220;FD2123014ACEC468C1256FA8003FBB6F&#8220;,&#8220;VYR_ID&#8220;:&#8220;506&#8243;,&#8220;VYR_Number&#8220;:&#8220;592121100001&#8243;,&#8220;VYR_ObchodniZnacka&#8220;:&#8220;AZZ 1-100&#8243;,&#8220;DocumentNumber&#8220;:&#8220;592121100001&#8243;,&#8220;Title&#8220;:&#8220;Betonov\\u00fd n\\u00e1mezn\\u00edk&#8220;,&#8220;IssueNumber&#8220;:&#8220;1&#8243;,&#8220;ZPSV_R4_Vyk1_ZaLomitkem&#8220;:&#8220;\\\/2&#8243;,&#8220;file&#8220;:[]}],&#8220;ps&#8220;:[{&#8222;DateCreate&#8220;:&#8220;28.03.2022 10:13:11&#8243;,&#8220;ID&#8220;:&#8220;25&#8243;,&#8220;GUID&#8220;:&#8220;3E1A45BCC15878DCC1258813002D272B&#8220;,&#8220;VYR_ID&#8220;:&#8220;506&#8243;,&#8220;VYR_Number&#8220;:&#8220;592121100001&#8243;,&#8220;VYR_ObchodniZnacka&#8220;:&#8220;AZZ 1-100&#8243;,&#8220;Number&#8220;:&#8220;31-01\\\/22&#8243;,&#8220;Nazev&#8220;:&#8220;Betonov\\u00e9 stani\\u010dn\\u00edky a ozna\\u010dn\\u00edky&#8220;,&#8220;DatePlatnostDo&#8220;:&#8220;31.01.2024 0:00:00&#8243;,&#8220;ZavodName&#8220;:&#8220;31 Doloplazy&#8220;,&#8220;file&#8220;:[{&#8222;ID&#8220;:&#8220;12702&#8243;,&#8220;ResourceGUID&#8220;:&#8220;3E1A45BCC15878DCC1258813002D272B&#8220;,&#8220;Name&#8220;:&#8220;1 &#8211; POS 31-01-22.pdf&#8220;,&#8220;FileNameGUID&#8220;:&#8220;3E1A45BCC15878DCC1258813002D272B_KRG6AFGN&#8220;,&#8220;Comment&#8220;:&#8220;&#8220;,&#8220;fileModel.Size&#8220;:&#8220;399900&#8243;,&#8220;Create&#8220;:&#8220;22.11.2023 7:52:12&#8243;,&#8220;MimeType&#8220;:&#8220;application\\\/octet-stream&#8220;,&#8220;ZPSV_WEB&#8220;:&#8220;True&#8220;}]},{&#8222;DateCreate&#8220;:&#8220;04.03.2024 15:02:16&#8243;,&#8220;ID&#8220;:&#8220;210&#8243;,&#8220;GUID&#8220;:&#8220;b8df91a9-df1a-4bb9-86a3-d6a2596b756f&#8220;,&#8220;VYR_ID&#8220;:&#8220;506&#8243;,&#8220;VYR_Number&#8220;:&#8220;592121100001&#8243;,&#8220;VYR_ObchodniZnacka&#8220;:&#8220;AZZ 1-100&#8243;,&#8220;Number&#8220;:&#8220;31-04\\\/24&#8243;,&#8220;Nazev&#8220;:&#8220;Betonov\\u00e9 stani\\u010dn\\u00edky a ozna\\u010dn\\u00edky&#8220;,&#8220;DatePlatnostDo&#8220;:&#8220;06.03.2025 0:00:00&#8243;,&#8220;ZavodName&#8220;:&#8220;31 Doloplazy&#8220;,&#8220;file&#8220;:[{&#8222;ID&#8220;:&#8220;13861&#8243;,&#8220;ResourceGUID&#8220;:&#8220;b8df91a9-df1a-4bb9-86a3-d6a2596b756f&#8220;,&#8220;Name&#8220;:&#8220;1 &#8211; POS 31-04-24.pdf&#8220;,&#8220;FileNameGUID&#8220;:&#8220;882caaab-b558-4fcc-b280-3a49759a97a1&#8243;,&#8220;Comment&#8220;:&#8220;&#8220;,&#8220;fileModel.Size&#8220;:&#8220;412359&#8243;,&#8220;Create&#8220;:&#8220;04.03.2024 15:04:21&#8243;,&#8220;MimeType&#8220;:&#8220;application\\\/pdf&#8220;,&#8220;ZPSV_WEB&#8220;:&#8220;True&#8220;}]}],&#8220;tpd&#8220;:[{&#8222;DateCreate&#8220;:&#8220;&#8220;,&#8220;ID&#8220;:&#8220;1524&#8243;,&#8220;GUID&#8220;:&#8220;42A6BF78465F02F6C125824E004C059D&#8220;,&#8220;VYR_ID&#8220;:&#8220;506&#8243;,&#8220;VYR_Number&#8220;:&#8220;592121100001&#8243;,&#8220;VYR_ObchodniZnacka&#8220;:&#8220;AZZ 1-100&#8243;,&#8220;DocumentNumber&#8220;:&#8220;TP-06\\\/15&#8243;,&#8220;Title&#8220;:&#8220;Sloupky sm\\u011brov\\u00e9, v\\u00fd\\u0161kov\\u00e9, vzd\\u00e1lenostn\\u00ed a signaliza\\u010dn\\u00ed&#8220;,&#8220;IssueNumber&#8220;:&#8220;3&#8243;,&#8220;file&#8220;:[{&#8222;ID&#8220;:&#8220;3679&#8243;,&#8220;ResourceGUID&#8220;:&#8220;42A6BF78465F02F6C125824E004C059D&#8220;,&#8220;Name&#8220;:&#8220;TP-06_15 Sloupky sm\\u011brov\\u00e9 v\\u00fd\\u0161kov\\u00e9_ vzd\\u00e1lenostn\\u00ed a signaliza\\u010dn\\u00ed (3-1).pdf&#8220;,&#8220;FileNameGUID&#8220;:&#8220;42A6BF78465F02F6C125824E004C059D_QQ3AGIPC&#8220;,&#8220;Comment&#8220;:&#8220;&#8220;,&#8220;fileModel.Size&#8220;:&#8220;720033&#8243;,&#8220;Create&#8220;:&#8220;17.08.2023 10:19:55&#8243;,&#8220;MimeType&#8220;:&#8220;application\\\/octet-stream&#8220;,&#8220;ZPSV_WEB&#8220;:&#8220;True&#8220;}]}]}}<\/p>","protected":false},"excerpt":{"rendered":"<p>{&#8222;DateCreate&#8220;:&#8220;06.11.2002 14:46:29&#8243;,&#8220;ID&#8220;:&#8220;506&#8243;,&#8220;GUID&#8220;:&#8220;C8893D40C1D051C6C1256C69004BAAC1&#8243;,&#8220;Nazev&#8220;:&#8220;Betonov\\u00fd n\\u00e1mezn\\u00edk&#8220;,&#8220;Number&#8220;:&#8220;592121100001&#8243;,&#8220;ObchodniZnacka&#8220;:&#8220;AZZ 1-100&#8243;,&#8220;Zavods&#8220;:&#8220;31 Doloplazy&#8220;,&#8220;VyrPopisCZ&#8220;:&#8220;&#8220;,&#8220;VyrPopisDE&#8220;:&#8220;&#8220;,&#8220;VyrPopisEN&#8220;:&#8220;&#8220;,&#8220;VyrUrceniAPouzitCZ&#8220;:&#8220;N\\u00e1mezn\\u00edk se pou\\u017e\\u00edv\\u00e1 v \\u017eelezni\\u010dn\\u00edch trat\\u00edch [&hellip;]<\/p>","protected":false},"author":1,"featured_media":0,"parent":160604,"menu_order":0,"comment_status":"closed","ping_status":"closed","template":"layouts\/page-katalog.php","meta":{"footnotes":""},"_links":{"self":[{"href":"https:\/\/zpsv-cz.webvalleypreview.com\/en\/wp-json\/wp\/v2\/pages\/163063"}],"collection":[{"href":"https:\/\/zpsv-cz.webvalleypreview.com\/en\/wp-json\/wp\/v2\/pages"}],"about":[{"href":"https:\/\/zpsv-cz.webvalleypreview.com\/en\/wp-json\/wp\/v2\/types\/page"}],"author":[{"embeddable":true,"href":"https:\/\/zpsv-cz.webvalleypreview.com\/en\/wp-json\/wp\/v2\/users\/1"}],"replies":[{"embeddable":true,"href":"https:\/\/zpsv-cz.webvalleypreview.com\/en\/wp-json\/wp\/v2\/comments?post=163063"}],"version-history":[{"count":0,"href":"https:\/\/zpsv-cz.webvalleypreview.com\/en\/wp-json\/wp\/v2\/pages\/163063\/revisions"}],"up":[{"embeddable":true,"href":"https:\/\/zpsv-cz.webvalleypreview.com\/en\/wp-json\/wp\/v2\/pages\/160604"}],"wp:attachment":[{"href":"https:\/\/zpsv-cz.webvalleypreview.com\/en\/wp-json\/wp\/v2\/media?parent=163063"}],"curies":[{"name":"wp","href":"https:\/\/api.w.org\/{rel}","templated":true}]}}