{"id":163065,"date":"2024-05-23T13:38:16","date_gmt":"2024-05-23T11:38:16","guid":{"rendered":"https:\/\/zpsv-cz.webvalleypreview.com\/kolejove-dopravni-stavby\/kolejnicove-podpory\/rektifikacni-podpora-tramvajova-r01\/"},"modified":"2024-05-23T13:38:16","modified_gmt":"2024-05-23T11:38:16","slug":"rektifikacni-podpora-tramvajova-r01","status":"publish","type":"page","link":"https:\/\/zpsv-cz.webvalleypreview.com\/en\/kolejove-dopravni-stavby\/kolejnicove-podpory\/rektifikacni-podpora-tramvajova-r01\/","title":{"rendered":"Rektifika\u010dn\u00ed podpora tramvajov\u00e1 R01"},"content":{"rendered":"<p>{&#8222;DateCreate&#8220;:&#8220;14.02.2012 13:49:02&#8243;,&#8220;ID&#8220;:&#8220;523&#8243;,&#8220;GUID&#8220;:&#8220;E9E7ABBE9712D8D9C12579A400466897&#8243;,&#8220;Nazev&#8220;:&#8220;Rektifika\\u010dn\\u00ed podpora tramvajov\\u00e1 R01&#8243;,&#8220;Number&#8220;:&#8220;592199719100&#8243;,&#8220;ObchodniZnacka&#8220;:&#8220;ABX 100-19&#8243;,&#8220;Zavods&#8220;:&#8220;61 Uhersk\\u00fd Ostroh&#8220;,&#8220;VyrPopisCZ&#8220;:&#8220;&#8220;,&#8220;VyrPopisDE&#8220;:&#8220;&#8220;,&#8220;VyrPopisEN&#8220;:&#8220;&#8220;,&#8220;VyrUrceniAPouzitCZ&#8220;:&#8220;Rektifika\\u010dn\\u00ed podpora tramvajov\\u00e1 R01 (B 03 DPR) slou\\u017e\\u00ed jako pomocn\\u00fd prvek pro v\\u00fdstavbu tramvajov\\u00e9 trati s pou\\u017eit\\u00edm upevn\\u011bn\\u00ed syst\\u00e9mu W-Tram od firmy Vossloh. Tento typ podpory slou\\u017e\\u00ed pouze k zaji\\u0161t\\u011bn\\u00ed rozchodu b\\u011bhem v\\u00fdstavby tramvajov\\u00e9 trati. Umo\\u017e\\u0148uje tak\\u00e9 vyu\\u017eit\\u00ed pro v\\u00fd\\u0161kou rektifikaci kolejov\\u00e9ho ro\\u0161tu (z\\u00e1vit M24).\\r\\rPrvek je vyroben z vl\\u00e1knobetonu.\\r\\rPou\\u017eit\\u00ed rektifika\\u010dn\\u00ed podpory pro jin\\u00e9 \\u00fa\\u010dely je zak\\u00e1z\\u00e1no.\\r \\rUpevn\\u011bn\\u00ed W-tram pro kolejnici NT1\\\/NT3 bez \\u00faklonu \\u00falo\\u017en\\u00e9 plochy.&#8220;,&#8220;VyrUrceniAPouzitDE&#8220;:&#8220;&#8220;,&#8220;VyrUrceniAPouzitEN&#8220;:&#8220;The tramway realignment support R01 (B 03 DPR) is used as an auxiliary component for building tramways using the Vossloh W-Tram mounting system. This type of support is only used to secure the gauge size during tramway construction. It is also usable for height realignment of the track grid (M24 thread).\\rThe component is made of fibre concrete.\\rUse of the realignment support for other purposes is prohibited.\\rW-tram mounting for NT1\\\/NT3 with no bearing surface inclination.&#8220;,&#8220;VyrNazevCZ&#8220;:&#8220;Rektifika\\u010dn\\u00ed podpora tramvajov\\u00e1 R01&#8243;,&#8220;VyrNazevDE&#8220;:&#8220;&#8220;,&#8220;VyrNazevEN&#8220;:&#8220;Tramway realignment support R01&#8243;,&#8220;Beton&#8220;:&#8220;C 45\\\/55-XF1&#8243;,&#8220;ObjemPrvku&#8220;:&#8220;0,0920&#8243;,&#8220;HmotnostPrvku&#8220;:&#8220;225&#8243;,&#8220;L&#8220;:&#8220;240&#8243;,&#8220;B&#8220;:&#8220;24&#8243;,&#8220;H&#8220;:&#8220;19,5&#8243;,&#8220;T&#8220;:&#8220;&#8220;,&#8220;D&#8220;:&#8220;&#8220;,&#8220;R&#8220;:&#8220;&#8220;,&#8220;L_2&#8243;:&#8220;&#8220;,&#8220;B_2&#8243;:&#8220;&#8220;,&#8220;H_2&#8243;:&#8220;&#8220;,&#8220;T_2&#8243;:&#8220;&#8220;,&#8220;D_2&#8243;:&#8220;&#8220;,&#8220;R_2&#8243;:&#8220;&#8220;,&#8220;L_1&#8243;:&#8220;&#8220;,&#8220;B_1&#8243;:&#8220;&#8220;,&#8220;H_1&#8243;:&#8220;&#8220;,&#8220;T_1&#8243;:&#8220;&#8220;,&#8220;D_1&#8243;:&#8220;&#8220;,&#8220;R_1&#8243;:&#8220;&#8220;,&#8220;KategorieName&#8220;:&#8220;Dopravn\\u00ed a in\\u017een\\u00fdrsk\\u00e9 stavby&#8220;,&#8220;PodkategorieName&#8220;:&#8220;Kolejnicov\\u00e9 podpory&#8220;,&#8220;attachments&#8220;:{&#8222;designs&#8220;:[{&#8222;DateCreate&#8220;:&#8220;&#8220;,&#8220;ID&#8220;:&#8220;3051&#8243;,&#8220;GUID&#8220;:&#8220;0D2C7784C42C569BC12579A5002B561C&#8220;,&#8220;VYR_ID&#8220;:&#8220;523&#8243;,&#8220;VYR_Number&#8220;:&#8220;592199719100&#8243;,&#8220;VYR_ObchodniZnacka&#8220;:&#8220;ABX 100-19&#8243;,&#8220;DocumentNumber&#8220;:&#8220;592199719100&#8243;,&#8220;Title&#8220;:&#8220;rektifika\\u010dn\\u00ed podpora tramvajov\\u00e1 R01&#8243;,&#8220;IssueNumber&#8220;:&#8220;1&#8243;,&#8220;ZPSV_R4_Vyk1_ZaLomitkem&#8220;:&#8220;\\\/0&#8243;,&#8220;file&#8220;:[]}],&#8220;tpd&#8220;:[{&#8222;DateCreate&#8220;:&#8220;&#8220;,&#8220;ID&#8220;:&#8220;1549&#8243;,&#8220;GUID&#8220;:&#8220;95CC34B0547E53C7C12579A5002AC7AA&#8220;,&#8220;VYR_ID&#8220;:&#8220;523&#8243;,&#8220;VYR_Number&#8220;:&#8220;592199719100&#8243;,&#8220;VYR_ObchodniZnacka&#8220;:&#8220;ABX 100-19&#8243;,&#8220;DocumentNumber&#8220;:&#8220;TP-01\\\/12&#8243;,&#8220;Title&#8220;:&#8220;Rektifika\\u010dn\\u00ed podpora tramvajov\\u00e1 R01&#8243;,&#8220;IssueNumber&#8220;:&#8220;1&#8243;,&#8220;file&#8220;:[{&#8222;ID&#8220;:&#8220;3778&#8243;,&#8220;ResourceGUID&#8220;:&#8220;95CC34B0547E53C7C12579A5002AC7AA&#8220;,&#8220;Name&#8220;:&#8220;TP 01_12 Rektifika\\u010dn\\u00ed podpora tramvajov\\u00e1 R01.pdf&#8220;,&#8220;FileNameGUID&#8220;:&#8220;95CC34B0547E53C7C12579A5002AC7AA_E42NCOLR&#8220;,&#8220;Comment&#8220;:&#8220;&#8220;,&#8220;fileModel.Size&#8220;:&#8220;456438&#8243;,&#8220;Create&#8220;:&#8220;17.08.2023 10:19:56&#8243;,&#8220;MimeType&#8220;:&#8220;application\\\/octet-stream&#8220;,&#8220;ZPSV_WEB&#8220;:&#8220;True&#8220;}]}]}}<\/p>","protected":false},"excerpt":{"rendered":"<p>{&#8222;DateCreate&#8220;:&#8220;14.02.2012 13:49:02&#8243;,&#8220;ID&#8220;:&#8220;523&#8243;,&#8220;GUID&#8220;:&#8220;E9E7ABBE9712D8D9C12579A400466897&#8243;,&#8220;Nazev&#8220;:&#8220;Rektifika\\u010dn\\u00ed podpora tramvajov\\u00e1 R01&#8243;,&#8220;Number&#8220;:&#8220;592199719100&#8243;,&#8220;ObchodniZnacka&#8220;:&#8220;ABX 100-19&#8243;,&#8220;Zavods&#8220;:&#8220;61 Uhersk\\u00fd Ostroh&#8220;,&#8220;VyrPopisCZ&#8220;:&#8220;&#8220;,&#8220;VyrPopisDE&#8220;:&#8220;&#8220;,&#8220;VyrPopisEN&#8220;:&#8220;&#8220;,&#8220;VyrUrceniAPouzitCZ&#8220;:&#8220;Rektifika\\u010dn\\u00ed podpora tramvajov\\u00e1 [&hellip;]<\/p>","protected":false},"author":1,"featured_media":0,"parent":160616,"menu_order":0,"comment_status":"closed","ping_status":"closed","template":"layouts\/page-katalog.php","meta":{"footnotes":""},"_links":{"self":[{"href":"https:\/\/zpsv-cz.webvalleypreview.com\/en\/wp-json\/wp\/v2\/pages\/163065"}],"collection":[{"href":"https:\/\/zpsv-cz.webvalleypreview.com\/en\/wp-json\/wp\/v2\/pages"}],"about":[{"href":"https:\/\/zpsv-cz.webvalleypreview.com\/en\/wp-json\/wp\/v2\/types\/page"}],"author":[{"embeddable":true,"href":"https:\/\/zpsv-cz.webvalleypreview.com\/en\/wp-json\/wp\/v2\/users\/1"}],"replies":[{"embeddable":true,"href":"https:\/\/zpsv-cz.webvalleypreview.com\/en\/wp-json\/wp\/v2\/comments?post=163065"}],"version-history":[{"count":0,"href":"https:\/\/zpsv-cz.webvalleypreview.com\/en\/wp-json\/wp\/v2\/pages\/163065\/revisions"}],"up":[{"embeddable":true,"href":"https:\/\/zpsv-cz.webvalleypreview.com\/en\/wp-json\/wp\/v2\/pages\/160616"}],"wp:attachment":[{"href":"https:\/\/zpsv-cz.webvalleypreview.com\/en\/wp-json\/wp\/v2\/media?parent=163065"}],"curies":[{"name":"wp","href":"https:\/\/api.w.org\/{rel}","templated":true}]}}