{"id":163066,"date":"2024-05-23T13:38:16","date_gmt":"2024-05-23T11:38:16","guid":{"rendered":"https:\/\/zpsv-cz.webvalleypreview.com\/kolejove-dopravni-stavby\/prejezdy-a-prechody-zakryty-a-zadlazby\/ulozny-prah-br-14-300\/"},"modified":"2024-05-23T13:38:16","modified_gmt":"2024-05-23T11:38:16","slug":"ulozny-prah-br-14-300","status":"publish","type":"page","link":"https:\/\/zpsv-cz.webvalleypreview.com\/en\/kolejove-dopravni-stavby\/prejezdy-a-prechody-zakryty-a-zadlazby\/ulozny-prah-br-14-300\/","title":{"rendered":"\u00dalo\u017en\u00fd pr\u00e1h BR 14-300"},"content":{"rendered":"<p>{&#8222;DateCreate&#8220;:&#8220;28.03.2013 10:22:47&#8243;,&#8220;ID&#8220;:&#8220;524&#8243;,&#8220;GUID&#8220;:&#8220;E22BB126CD440F71C1257B3C0033867F&#8220;,&#8220;Nazev&#8220;:&#8220;\\u00dalo\\u017en\\u00fd pr\\u00e1h BR 14-300&#8243;,&#8220;Number&#8220;:&#8220;593831719043300 BR14000300&#8243;,&#8220;ObchodniZnacka&#8220;:&#8220;BR 14 00 0 300&#8243;,&#8220;Zavods&#8220;:&#8220;07 \\u010cer\\u010dany&#8220;,&#8220;VyrPopisCZ&#8220;:&#8220;&#8220;,&#8220;VyrPopisDE&#8220;:&#8220;&#8220;,&#8220;VyrPopisEN&#8220;:&#8220;&#8220;,&#8220;VyrUrceniAPouzitCZ&#8220;:&#8220;\\u00dalo\\u017en\\u00e9 prahy jsou opat\\u0159eny \\u00falo\\u017en\\u00fdmi m\\u00edsty pro lok\\u00e1ln\\u00ed, pru\\u017en\\u00e9 ulo\\u017een\\u00ed vn\\u011bj\\u0161\\u00edch panel\\u016f v\\u0161ech typov\\u00fdch \\u0159ad p\\u0159ejezdov\\u00fdch konstrukc\\u00ed BRENS v mezikolejov\\u00e9m prostoru v\\u00edcekolejn\\u00fdch p\\u0159ejezd\\u016f. Vn\\u011bj\\u0161\\u00ed panely v\\u00edcekolejn\\u00fdch p\\u0159ejezd\\u016f jsou vyr\\u00e1b\\u011bny v z\\u00e1vislosti na osov\\u00e9 vzd\\u00e1lenosti a p\\u0159ev\\u00fd\\u0161en\\u00ed kolej\\u00ed, tj. \\u00falo\\u017en\\u00e9 prahy se umis\\u0165uj\\u00ed tak, aby mezi vn\\u011bj\\u0161\\u00edmi panely byla vytvo\\u0159ena jedna sty\\u010dn\\u00e1 sp\\u00e1ra vypln\\u011bn\\u00e1 elastomerem.&#8220;,&#8220;VyrUrceniAPouzitDE&#8220;:&#8220;&#8220;,&#8220;VyrUrceniAPouzitEN&#8220;:&#8220;&#8220;,&#8220;VyrNazevCZ&#8220;:&#8220;\\u00dalo\\u017en\\u00fd pr\\u00e1h BR 14-300&#8243;,&#8220;VyrNazevDE&#8220;:&#8220;&#8220;,&#8220;VyrNazevEN&#8220;:&#8220;&#8220;,&#8220;Beton&#8220;:&#8220;C 35\\\/45-XF4&#8243;,&#8220;ObjemPrvku&#8220;:&#8220;0,3973&#8243;,&#8220;HmotnostPrvku&#8220;:&#8220;985&#8243;,&#8220;L&#8220;:&#8220;299&#8243;,&#8220;B&#8220;:&#8220;70&#8243;,&#8220;H&#8220;:&#8220;19&#8243;,&#8220;T&#8220;:&#8220;&#8220;,&#8220;D&#8220;:&#8220;&#8220;,&#8220;R&#8220;:&#8220;&#8220;,&#8220;L_2&#8243;:&#8220;&#8220;,&#8220;B_2&#8243;:&#8220;&#8220;,&#8220;H_2&#8243;:&#8220;&#8220;,&#8220;T_2&#8243;:&#8220;&#8220;,&#8220;D_2&#8243;:&#8220;&#8220;,&#8220;R_2&#8243;:&#8220;&#8220;,&#8220;L_1&#8243;:&#8220;&#8220;,&#8220;B_1&#8243;:&#8220;&#8220;,&#8220;H_1&#8243;:&#8220;&#8220;,&#8220;T_1&#8243;:&#8220;&#8220;,&#8220;D_1&#8243;:&#8220;&#8220;,&#8220;R_1&#8243;:&#8220;&#8220;,&#8220;KategorieName&#8220;:&#8220;Dopravn\\u00ed a in\\u017een\\u00fdrsk\\u00e9 stavby&#8220;,&#8220;PodkategorieName&#8220;:&#8220;P\\u0159ejezdy a p\\u0159echody, z\\u00e1kryty a z\\u00e1dla\\u017eby&#8220;,&#8220;attachments&#8220;:{&#8222;designs&#8220;:[{&#8222;DateCreate&#8220;:&#8220;&#8220;,&#8220;ID&#8220;:&#8220;3522&#8243;,&#8220;GUID&#8220;:&#8220;0064962A5F4BFBECC1257B3D002C6B1C&#8220;,&#8220;VYR_ID&#8220;:&#8220;524&#8243;,&#8220;VYR_Number&#8220;:&#8220;593831719043300 BR14000300&#8243;,&#8220;VYR_ObchodniZnacka&#8220;:&#8220;BR 14 00 0 300&#8243;,&#8220;DocumentNumber&#8220;:&#8220;593831719043300&#8243;,&#8220;Title&#8220;:&#8220;\\u00dalo\\u017en\\u00fd pr\\u00e1h BR 14-300&#8243;,&#8220;IssueNumber&#8220;:&#8220;1&#8243;,&#8220;ZPSV_R4_Vyk1_ZaLomitkem&#8220;:&#8220;\\\/1-2&#8243;,&#8220;file&#8220;:[]},{&#8222;DateCreate&#8220;:&#8220;&#8220;,&#8220;ID&#8220;:&#8220;3718&#8243;,&#8220;GUID&#8220;:&#8220;132C6B1441C9E1C7C125802100221739&#8243;,&#8220;VYR_ID&#8220;:&#8220;524&#8243;,&#8220;VYR_Number&#8220;:&#8220;593831719043300 BR14000300&#8243;,&#8220;VYR_ObchodniZnacka&#8220;:&#8220;BR 14 00 0 300&#8243;,&#8220;DocumentNumber&#8220;:&#8220;593831719043300 BR14000300&#8243;,&#8220;Title&#8220;:&#8220;\\u00dalo\\u017en\\u00fd pr\\u00e1h BR 14-300&#8243;,&#8220;IssueNumber&#8220;:&#8220;1&#8243;,&#8220;ZPSV_R4_Vyk1_ZaLomitkem&#8220;:&#8220;\\\/1-3&#8243;,&#8220;file&#8220;:[]},{&#8222;DateCreate&#8220;:&#8220;&#8220;,&#8220;ID&#8220;:&#8220;3271&#8243;,&#8220;GUID&#8220;:&#8220;0C2DBE611E2575CCC1257B87002D895D&#8220;,&#8220;VYR_ID&#8220;:&#8220;524&#8243;,&#8220;VYR_Number&#8220;:&#8220;593831719043300 BR14000300&#8243;,&#8220;VYR_ObchodniZnacka&#8220;:&#8220;BR 14 00 0 300&#8243;,&#8220;DocumentNumber&#8220;:&#8220;593831719043300 BR14000300&#8243;,&#8220;Title&#8220;:&#8220;\\u00dalo\\u017en\\u00fd pr\\u00e1h BR 14-300&#8243;,&#8220;IssueNumber&#8220;:&#8220;1&#8243;,&#8220;ZPSV_R4_Vyk1_ZaLomitkem&#8220;:&#8220;\\\/2-1&#8243;,&#8220;file&#8220;:[]},{&#8222;DateCreate&#8220;:&#8220;&#8220;,&#8220;ID&#8220;:&#8220;3722&#8243;,&#8220;GUID&#8220;:&#8220;F67D846185DA92B7C125802100224A26&#8243;,&#8220;VYR_ID&#8220;:&#8220;524&#8243;,&#8220;VYR_Number&#8220;:&#8220;593831719043300 BR14000300&#8243;,&#8220;VYR_ObchodniZnacka&#8220;:&#8220;BR 14 00 0 300&#8243;,&#8220;DocumentNumber&#8220;:&#8220;593831719043300 BR14000300&#8243;,&#8220;Title&#8220;:&#8220;\\u00dalo\\u017en\\u00fd pr\\u00e1h BR 14-300&#8243;,&#8220;IssueNumber&#8220;:&#8220;1&#8243;,&#8220;ZPSV_R4_Vyk1_ZaLomitkem&#8220;:&#8220;\\\/2-2&#8243;,&#8220;file&#8220;:[]}],&#8220;tpd&#8220;:[{&#8222;DateCreate&#8220;:&#8220;&#8220;,&#8220;ID&#8220;:&#8220;1563&#8243;,&#8220;GUID&#8220;:&#8220;64A62E578C704EABC1257EDD00227B19&#8243;,&#8220;VYR_ID&#8220;:&#8220;524&#8243;,&#8220;VYR_Number&#8220;:&#8220;593831719043300 BR14000300&#8243;,&#8220;VYR_ObchodniZnacka&#8220;:&#8220;BR 14 00 0 300&#8243;,&#8220;DocumentNumber&#8220;:&#8220;TPD-25292277-2008-1-S\\u017d*&#8220;,&#8220;Title&#8220;:&#8220;BRENS&#8220;,&#8220;IssueNumber&#8220;:&#8220;1&#8243;,&#8220;file&#8220;:[{&#8222;ID&#8220;:&#8220;3711&#8243;,&#8220;ResourceGUID&#8220;:&#8220;64A62E578C704EABC1257EDD00227B19&#8243;,&#8220;Name&#8220;:&#8220;TPD-25292277-2008-1-BRENS.pdf&#8220;,&#8220;FileNameGUID&#8220;:&#8220;64A62E578C704EABC1257EDD00227B19_Z8GLFE6K&#8220;,&#8220;Comment&#8220;:&#8220;&#8220;,&#8220;fileModel.Size&#8220;:&#8220;722787&#8243;,&#8220;Create&#8220;:&#8220;17.08.2023 10:19:55&#8243;,&#8220;MimeType&#8220;:&#8220;application\\\/octet-stream&#8220;,&#8220;ZPSV_WEB&#8220;:&#8220;True&#8220;}]}]}}<\/p>","protected":false},"excerpt":{"rendered":"<p>{&#8222;DateCreate&#8220;:&#8220;28.03.2013 10:22:47&#8243;,&#8220;ID&#8220;:&#8220;524&#8243;,&#8220;GUID&#8220;:&#8220;E22BB126CD440F71C1257B3C0033867F&#8220;,&#8220;Nazev&#8220;:&#8220;\\u00dalo\\u017en\\u00fd pr\\u00e1h BR 14-300&#8243;,&#8220;Number&#8220;:&#8220;593831719043300 BR14000300&#8243;,&#8220;ObchodniZnacka&#8220;:&#8220;BR 14 00 0 300&#8243;,&#8220;Zavods&#8220;:&#8220;07 [&hellip;]<\/p>","protected":false},"author":1,"featured_media":0,"parent":160602,"menu_order":0,"comment_status":"closed","ping_status":"closed","template":"layouts\/page-katalog.php","meta":{"footnotes":""},"_links":{"self":[{"href":"https:\/\/zpsv-cz.webvalleypreview.com\/en\/wp-json\/wp\/v2\/pages\/163066"}],"collection":[{"href":"https:\/\/zpsv-cz.webvalleypreview.com\/en\/wp-json\/wp\/v2\/pages"}],"about":[{"href":"https:\/\/zpsv-cz.webvalleypreview.com\/en\/wp-json\/wp\/v2\/types\/page"}],"author":[{"embeddable":true,"href":"https:\/\/zpsv-cz.webvalleypreview.com\/en\/wp-json\/wp\/v2\/users\/1"}],"replies":[{"embeddable":true,"href":"https:\/\/zpsv-cz.webvalleypreview.com\/en\/wp-json\/wp\/v2\/comments?post=163066"}],"version-history":[{"count":0,"href":"https:\/\/zpsv-cz.webvalleypreview.com\/en\/wp-json\/wp\/v2\/pages\/163066\/revisions"}],"up":[{"embeddable":true,"href":"https:\/\/zpsv-cz.webvalleypreview.com\/en\/wp-json\/wp\/v2\/pages\/160602"}],"wp:attachment":[{"href":"https:\/\/zpsv-cz.webvalleypreview.com\/en\/wp-json\/wp\/v2\/media?parent=163066"}],"curies":[{"name":"wp","href":"https:\/\/api.w.org\/{rel}","templated":true}]}}