{"id":163068,"date":"2024-05-23T13:38:16","date_gmt":"2024-05-23T11:38:16","guid":{"rendered":"https:\/\/zpsv-cz.webvalleypreview.com\/kolejove-dopravni-stavby\/prejezdy-a-prechody-zakryty-a-zadlazby\/zaverna-zidka-br-12-120\/"},"modified":"2024-05-23T13:38:16","modified_gmt":"2024-05-23T11:38:16","slug":"zaverna-zidka-br-12-120","status":"publish","type":"page","link":"https:\/\/zpsv-cz.webvalleypreview.com\/en\/kolejove-dopravni-stavby\/prejezdy-a-prechody-zakryty-a-zadlazby\/zaverna-zidka-br-12-120\/","title":{"rendered":"Z\u00e1v\u011brn\u00e1 z\u00eddka BR 12-120"},"content":{"rendered":"<p>{&#8222;DateCreate&#8220;:&#8220;28.03.2013 11:36:54&#8243;,&#8220;ID&#8220;:&#8220;536&#8243;,&#8220;GUID&#8220;:&#8220;B083E5593E8D338BC1257B3C003A4F5B&#8220;,&#8220;Nazev&#8220;:&#8220;Z\\u00e1v\\u011brn\\u00e1 z\\u00eddka BR 12-120&#8243;,&#8220;Number&#8220;:&#8220;593831719045120 BR12000120&#8243;,&#8220;ObchodniZnacka&#8220;:&#8220;BR 12 00 0 120&#8243;,&#8220;Zavods&#8220;:&#8220;07 \\u010cer\\u010dany&#8220;,&#8220;VyrPopisCZ&#8220;:&#8220;&#8220;,&#8220;VyrPopisDE&#8220;:&#8220;&#8220;,&#8220;VyrPopisEN&#8220;:&#8220;&#8220;,&#8220;VyrUrceniAPouzitCZ&#8220;:&#8220;Z\\u00e1v\\u011brn\\u00e9 z\\u00eddky umo\\u017e\\u0148uj\\u00ed plo\\u0161n\\u00e9 ulo\\u017een\\u00ed vn\\u011bj\\u0161\\u00edch p\\u0159ejezdov\\u00fdch panel\\u016f \\u00daRT\\u0158 a odd\\u011bluj\\u00ed p\\u0159ejezdovou vozovku od p\\u0159il\\u00e9haj\\u00edc\\u00edch \\u010d\\u00e1st\\u00ed vozovek.&#8220;,&#8220;VyrUrceniAPouzitDE&#8220;:&#8220;&#8220;,&#8220;VyrUrceniAPouzitEN&#8220;:&#8220;&#8220;,&#8220;VyrNazevCZ&#8220;:&#8220;Z\\u00e1v\\u011brn\\u00e1 z\\u00eddka BR 12-120&#8243;,&#8220;VyrNazevDE&#8220;:&#8220;&#8220;,&#8220;VyrNazevEN&#8220;:&#8220;&#8220;,&#8220;Beton&#8220;:&#8220;C 35\\\/45-XF4&#8243;,&#8220;ObjemPrvku&#8220;:&#8220;0,0867&#8243;,&#8220;HmotnostPrvku&#8220;:&#8220;212&#8243;,&#8220;L&#8220;:&#8220;119&#8243;,&#8220;B&#8220;:&#8220;30&#8243;,&#8220;H&#8220;:&#8220;35&#8243;,&#8220;T&#8220;:&#8220;&#8220;,&#8220;D&#8220;:&#8220;&#8220;,&#8220;R&#8220;:&#8220;&#8220;,&#8220;L_2&#8243;:&#8220;&#8220;,&#8220;B_2&#8243;:&#8220;&#8220;,&#8220;H_2&#8243;:&#8220;&#8220;,&#8220;T_2&#8243;:&#8220;&#8220;,&#8220;D_2&#8243;:&#8220;&#8220;,&#8220;R_2&#8243;:&#8220;&#8220;,&#8220;L_1&#8243;:&#8220;&#8220;,&#8220;B_1&#8243;:&#8220;20&#8243;,&#8220;H_1&#8243;:&#8220;19&#8243;,&#8220;T_1&#8243;:&#8220;&#8220;,&#8220;D_1&#8243;:&#8220;&#8220;,&#8220;R_1&#8243;:&#8220;&#8220;,&#8220;KategorieName&#8220;:&#8220;Dopravn\\u00ed a in\\u017een\\u00fdrsk\\u00e9 stavby&#8220;,&#8220;PodkategorieName&#8220;:&#8220;P\\u0159ejezdy a p\\u0159echody, z\\u00e1kryty a z\\u00e1dla\\u017eby&#8220;,&#8220;attachments&#8220;:{&#8222;designs&#8220;:[{&#8222;DateCreate&#8220;:&#8220;&#8220;,&#8220;ID&#8220;:&#8220;3530&#8243;,&#8220;GUID&#8220;:&#8220;FE56009F9E816143C1257B7900289054&#8243;,&#8220;VYR_ID&#8220;:&#8220;536&#8243;,&#8220;VYR_Number&#8220;:&#8220;593831719045120 BR12000120&#8243;,&#8220;VYR_ObchodniZnacka&#8220;:&#8220;BR 12 00 0 120&#8243;,&#8220;DocumentNumber&#8220;:&#8220;593831719045120 BR12000120&#8243;,&#8220;Title&#8220;:&#8220;Z\\u00e1v\\u011brn\\u00e1 z\\u00eddka BR 12-120&#8243;,&#8220;IssueNumber&#8220;:&#8220;1&#8243;,&#8220;ZPSV_R4_Vyk1_ZaLomitkem&#8220;:&#8220;\\\/1-1&#8243;,&#8220;file&#8220;:[]},{&#8222;DateCreate&#8220;:&#8220;&#8220;,&#8220;ID&#8220;:&#8220;2173&#8243;,&#8220;GUID&#8220;:&#8220;9CA136DF03D22A87C1257B810020015C&#8220;,&#8220;VYR_ID&#8220;:&#8220;536&#8243;,&#8220;VYR_Number&#8220;:&#8220;593831719045120 BR12000120&#8243;,&#8220;VYR_ObchodniZnacka&#8220;:&#8220;BR 12 00 0 120&#8243;,&#8220;DocumentNumber&#8220;:&#8220;593831719045120 BR12000120&#8243;,&#8220;Title&#8220;:&#8220;Z\\u00e1v\\u011brn\\u00e1 z\\u00eddka BR 12-120&#8243;,&#8220;IssueNumber&#8220;:&#8220;1&#8243;,&#8220;ZPSV_R4_Vyk1_ZaLomitkem&#8220;:&#8220;\\\/2-1&#8243;,&#8220;file&#8220;:[]}],&#8220;ps&#8220;:[{&#8222;DateCreate&#8220;:&#8220;07.09.2022 12:45:24&#8243;,&#8220;ID&#8220;:&#8220;29&#8243;,&#8220;GUID&#8220;:&#8220;2F308FFEAA93B87CC12588B6003B16A9&#8243;,&#8220;VYR_ID&#8220;:&#8220;536&#8243;,&#8220;VYR_Number&#8220;:&#8220;593831719045120 BR12000120&#8243;,&#8220;VYR_ObchodniZnacka&#8220;:&#8220;BR 12 00 0 120&#8243;,&#8220;Number&#8220;:&#8220;07-04\\\/22&#8243;,&#8220;Nazev&#8220;:&#8220;Z\\u00e1v\\u011brn\\u00e9 z\\u00eddky&#8220;,&#8220;DatePlatnostDo&#8220;:&#8220;17.08.2023 0:00:00&#8243;,&#8220;ZavodName&#8220;:&#8220;07 \\u010cer\\u010dany&#8220;,&#8220;file&#8220;:[{&#8222;ID&#8220;:&#8220;12689&#8243;,&#8220;ResourceGUID&#8220;:&#8220;2F308FFEAA93B87CC12588B6003B16A9&#8243;,&#8220;Name&#8220;:&#8220;1 &#8211; POS 07-04-22.pdf&#8220;,&#8220;FileNameGUID&#8220;:&#8220;2F308FFEAA93B87CC12588B6003B16A9_QMD5SMP7&#8243;,&#8220;Comment&#8220;:&#8220;&#8220;,&#8220;fileModel.Size&#8220;:&#8220;79662&#8243;,&#8220;Create&#8220;:&#8220;22.11.2023 7:52:11&#8243;,&#8220;MimeType&#8220;:&#8220;application\\\/octet-stream&#8220;,&#8220;ZPSV_WEB&#8220;:&#8220;True&#8220;}]},{&#8222;DateCreate&#8220;:&#8220;24.11.2023 10:53:59&#8243;,&#8220;ID&#8220;:&#8220;158&#8243;,&#8220;GUID&#8220;:&#8220;bfe1edb7-27a8-4b61-98b3-9952aa653754&#8243;,&#8220;VYR_ID&#8220;:&#8220;536&#8243;,&#8220;VYR_Number&#8220;:&#8220;593831719045120 BR12000120&#8243;,&#8220;VYR_ObchodniZnacka&#8220;:&#8220;BR 12 00 0 120&#8243;,&#8220;Number&#8220;:&#8220;07-07\\\/23&#8243;,&#8220;Nazev&#8220;:&#8220;Z\\u00e1v\\u011brn\\u00e9 z\\u00eddky&#8220;,&#8220;DatePlatnostDo&#8220;:&#8220;23.10.2024 0:00:00&#8243;,&#8220;ZavodName&#8220;:&#8220;07 \\u010cer\\u010dany&#8220;,&#8220;file&#8220;:[{&#8222;ID&#8220;:&#8220;13350&#8243;,&#8220;ResourceGUID&#8220;:&#8220;bfe1edb7-27a8-4b61-98b3-9952aa653754&#8243;,&#8220;Name&#8220;:&#8220;1 &#8211; POS 07-07-23.pdf&#8220;,&#8220;FileNameGUID&#8220;:&#8220;3ffab66e-4a7f-476a-be3b-80efbe308c2c&#8220;,&#8220;Comment&#8220;:&#8220;&#8220;,&#8220;fileModel.Size&#8220;:&#8220;62056&#8243;,&#8220;Create&#8220;:&#8220;24.11.2023 11:03:32&#8243;,&#8220;MimeType&#8220;:&#8220;application\\\/pdf&#8220;,&#8220;ZPSV_WEB&#8220;:&#8220;True&#8220;}]},{&#8222;DateCreate&#8220;:&#8220;01.03.2024 11:33:40&#8243;,&#8220;ID&#8220;:&#8220;196&#8243;,&#8220;GUID&#8220;:&#8220;a555cca0-6f7f-4f83-96dd-87372d522d74&#8243;,&#8220;VYR_ID&#8220;:&#8220;536&#8243;,&#8220;VYR_Number&#8220;:&#8220;593831719045120 BR12000120&#8243;,&#8220;VYR_ObchodniZnacka&#8220;:&#8220;BR 12 00 0 120&#8243;,&#8220;Number&#8220;:&#8220;31-20\\\/23&#8243;,&#8220;Nazev&#8220;:&#8220;Z\\u00e1v\\u011brn\\u00e9 z\\u00eddky&#8220;,&#8220;DatePlatnostDo&#8220;:&#8220;19.12.2024 0:00:00&#8243;,&#8220;ZavodName&#8220;:&#8220;31 Doloplazy&#8220;,&#8220;file&#8220;:[]}],&#8220;tpd&#8220;:[{&#8222;DateCreate&#8220;:&#8220;&#8220;,&#8220;ID&#8220;:&#8220;1536&#8243;,&#8220;GUID&#8220;:&#8220;48C0E32CA207D6C6C1257C8900285B7B&#8220;,&#8220;VYR_ID&#8220;:&#8220;536&#8243;,&#8220;VYR_Number&#8220;:&#8220;593831719045120 BR12000120&#8243;,&#8220;VYR_ObchodniZnacka&#8220;:&#8220;BR 12 00 0 120&#8243;,&#8220;DocumentNumber&#8220;:&#8220;TP-01\\\/05&#8243;,&#8220;Title&#8220;:&#8220;Z\\u00e1dla\\u017ebov\\u00e9 panely &#8211; typ \\u00daRT\\u0158 (S\\u017dDC)&#8220;,&#8220;IssueNumber&#8220;:&#8220;2&#8243;,&#8220;file&#8220;:[{&#8222;ID&#8220;:&#8220;3684&#8243;,&#8220;ResourceGUID&#8220;:&#8220;48C0E32CA207D6C6C1257C8900285B7B&#8220;,&#8220;Name&#8220;:&#8220;TP-01_05-S\\u017dDC Z\\u00e1dla\\u017ebov\\u00e9 panely \\u00daRT\\u0158 (2-1).pdf&#8220;,&#8220;FileNameGUID&#8220;:&#8220;48C0E32CA207D6C6C1257C8900285B7B_O57C5WKL&#8220;,&#8220;Comment&#8220;:&#8220;&#8220;,&#8220;fileModel.Size&#8220;:&#8220;692185&#8243;,&#8220;Create&#8220;:&#8220;17.08.2023 10:19:55&#8243;,&#8220;MimeType&#8220;:&#8220;application\\\/octet-stream&#8220;,&#8220;ZPSV_WEB&#8220;:&#8220;True&#8220;}]},{&#8222;DateCreate&#8220;:&#8220;&#8220;,&#8220;ID&#8220;:&#8220;1563&#8243;,&#8220;GUID&#8220;:&#8220;64A62E578C704EABC1257EDD00227B19&#8243;,&#8220;VYR_ID&#8220;:&#8220;536&#8243;,&#8220;VYR_Number&#8220;:&#8220;593831719045120 BR12000120&#8243;,&#8220;VYR_ObchodniZnacka&#8220;:&#8220;BR 12 00 0 120&#8243;,&#8220;DocumentNumber&#8220;:&#8220;TPD-25292277-2008-1-S\\u017d*&#8220;,&#8220;Title&#8220;:&#8220;BRENS&#8220;,&#8220;IssueNumber&#8220;:&#8220;1&#8243;,&#8220;file&#8220;:[{&#8222;ID&#8220;:&#8220;3711&#8243;,&#8220;ResourceGUID&#8220;:&#8220;64A62E578C704EABC1257EDD00227B19&#8243;,&#8220;Name&#8220;:&#8220;TPD-25292277-2008-1-BRENS.pdf&#8220;,&#8220;FileNameGUID&#8220;:&#8220;64A62E578C704EABC1257EDD00227B19_Z8GLFE6K&#8220;,&#8220;Comment&#8220;:&#8220;&#8220;,&#8220;fileModel.Size&#8220;:&#8220;722787&#8243;,&#8220;Create&#8220;:&#8220;17.08.2023 10:19:55&#8243;,&#8220;MimeType&#8220;:&#8220;application\\\/octet-stream&#8220;,&#8220;ZPSV_WEB&#8220;:&#8220;True&#8220;}]}]}}<\/p>","protected":false},"excerpt":{"rendered":"<p>{&#8222;DateCreate&#8220;:&#8220;28.03.2013 11:36:54&#8243;,&#8220;ID&#8220;:&#8220;536&#8243;,&#8220;GUID&#8220;:&#8220;B083E5593E8D338BC1257B3C003A4F5B&#8220;,&#8220;Nazev&#8220;:&#8220;Z\\u00e1v\\u011brn\\u00e1 z\\u00eddka BR 12-120&#8243;,&#8220;Number&#8220;:&#8220;593831719045120 BR12000120&#8243;,&#8220;ObchodniZnacka&#8220;:&#8220;BR 12 00 0 120&#8243;,&#8220;Zavods&#8220;:&#8220;07 [&hellip;]<\/p>","protected":false},"author":1,"featured_media":0,"parent":160602,"menu_order":0,"comment_status":"closed","ping_status":"closed","template":"layouts\/page-katalog.php","meta":{"footnotes":""},"_links":{"self":[{"href":"https:\/\/zpsv-cz.webvalleypreview.com\/en\/wp-json\/wp\/v2\/pages\/163068"}],"collection":[{"href":"https:\/\/zpsv-cz.webvalleypreview.com\/en\/wp-json\/wp\/v2\/pages"}],"about":[{"href":"https:\/\/zpsv-cz.webvalleypreview.com\/en\/wp-json\/wp\/v2\/types\/page"}],"author":[{"embeddable":true,"href":"https:\/\/zpsv-cz.webvalleypreview.com\/en\/wp-json\/wp\/v2\/users\/1"}],"replies":[{"embeddable":true,"href":"https:\/\/zpsv-cz.webvalleypreview.com\/en\/wp-json\/wp\/v2\/comments?post=163068"}],"version-history":[{"count":0,"href":"https:\/\/zpsv-cz.webvalleypreview.com\/en\/wp-json\/wp\/v2\/pages\/163068\/revisions"}],"up":[{"embeddable":true,"href":"https:\/\/zpsv-cz.webvalleypreview.com\/en\/wp-json\/wp\/v2\/pages\/160602"}],"wp:attachment":[{"href":"https:\/\/zpsv-cz.webvalleypreview.com\/en\/wp-json\/wp\/v2\/media?parent=163068"}],"curies":[{"name":"wp","href":"https:\/\/api.w.org\/{rel}","templated":true}]}}