{"id":163078,"date":"2024-05-23T13:38:16","date_gmt":"2024-05-23T11:38:16","guid":{"rendered":"https:\/\/zpsv-cz.webvalleypreview.com\/kolejove-dopravni-stavby\/prejezdy-a-prechody-zakryty-a-zadlazby\/zadlazbovy-panel-vnejsi-zuzeny\/"},"modified":"2024-05-23T13:38:16","modified_gmt":"2024-05-23T11:38:16","slug":"zadlazbovy-panel-vnejsi-zuzeny","status":"publish","type":"page","link":"https:\/\/zpsv-cz.webvalleypreview.com\/en\/kolejove-dopravni-stavby\/prejezdy-a-prechody-zakryty-a-zadlazby\/zadlazbovy-panel-vnejsi-zuzeny\/","title":{"rendered":"Z\u00e1dla\u017ebov\u00fd panel vn\u011bj\u0161\u00ed z\u00fa\u017een\u00fd"},"content":{"rendered":"<p>{&#8222;DateCreate&#8220;:&#8220;06.11.2002 14:47:08&#8243;,&#8220;ID&#8220;:&#8220;559&#8243;,&#8220;GUID&#8220;:&#8220;D6DEA2540B472105C1256C69004BBA2E&#8220;,&#8220;Nazev&#8220;:&#8220;Z\\u00e1dla\\u017ebov\\u00fd panel vn\\u011bj\\u0161\\u00ed z\\u00fa\\u017een\\u00fd&#8220;,&#8220;Number&#8220;:&#8220;593891719073&#8243;,&#8220;ObchodniZnacka&#8220;:&#8220;IZX 73\\\/19&#8243;,&#8220;Zavods&#8220;:&#8220;31 Doloplazy&#8220;,&#8220;VyrPopisCZ&#8220;:&#8220;&#8220;,&#8220;VyrPopisDE&#8220;:&#8220;&#8220;,&#8220;VyrPopisEN&#8220;:&#8220;&#8220;,&#8220;VyrUrceniAPouzitCZ&#8220;:&#8220;Pro z\\u00e1dla\\u017ebu \\u017eelezni\\u010dn\\u00edch p\\u0159ejezd\\u016f komunikac\\u00ed III.t\\u0159\\u00eddy a ni\\u017e\\u0161\\u00edch, poln\\u00edch cest a pro z\\u00e1dla\\u017ebu manipula\\u010dn\\u00edch a vle\\u010dkov\\u00fdch kolej\\u00ed s rozchodem 1435 mm. Panely jsou opat\\u0159eny otvory pro spojen\\u00ed vlo\\u017een\\u00edm kr\\u00e1tk\\u00fdch \\u010dep\\u016f za \\u00fa\\u010delem zv\\u00fd\\u0161en\\u00ed stability prvk\\u016f. Dimenzov\\u00e1ny jsou na zat\\u00ed\\u017een\\u00ed 110 kN na n\\u00e1pravu. Manipulace je prov\\u00e1d\\u011bna pomoc\\u00ed p\\u0159epravn\\u00edch z\\u00e1vitov\\u00fdch \\u00fachyt\\u016f. U zat\\u00ed\\u017een\\u00fdch p\\u0159ejezd\\u016f je vhodn\\u00e9 pou\\u017e\\u00edt pro zamezen\\u00ed poklesu na vn\\u011bj\\u0161\\u00ed stan\\u011b (strana od vozovky) z\\u00e1v\\u011brnou z\\u00eddku URT\\u0158. Ukl\\u00e1daj\\u00ed se na pr\\u016fb\\u011b\\u017en\\u00e9 d\\u0159ev\\u011bn\\u00e9 op\\u011brky, ulo\\u017een\\u00e9 pod\\u00e9l kolejnic (\\u017eelezni\\u010dn\\u00ed p\\u0159ejezdy) dle vzorov\\u00e9ho listu \\u017d 11.162-N nebo do p\\u00edskov\\u00e9ho lo\\u017ee (z\\u00e1dla\\u017eba).&#8220;,&#8220;VyrUrceniAPouzitDE&#8220;:&#8220;&#8220;,&#8220;VyrUrceniAPouzitEN&#8220;:&#8220;For paving of railroad crossings of 3rd class roads and lower, of field roads and for paving  of service tracks and siding rails with gauge of 1,435 mm. They are laid on through-put wood support along a rail outside the track. The panels are equipped with holes for junction by inserting of short bolts for the purpose of increasing stability of elements. On loaded crossings it is suitable to use the small closing wall or the curbstone Strail for prevention of subsidence on the outer side (side from road). The panels are designed for load 110 kN per axle.&#8220;,&#8220;VyrNazevCZ&#8220;:&#8220;Z\\u00e1dla\\u017ebov\\u00fd panel vn\\u011bj\\u0161\\u00ed z\\u00fa\\u017een\\u00fd&#8220;,&#8220;VyrNazevDE&#8220;:&#8220;&#8220;,&#8220;VyrNazevEN&#8220;:&#8220;Contracted outer paving panel&#8220;,&#8220;Beton&#8220;:&#8220;C 35\\\/45-XF4&#8243;,&#8220;ObjemPrvku&#8220;:&#8220;0,0686&#8243;,&#8220;HmotnostPrvku&#8220;:&#8220;185&#8243;,&#8220;L&#8220;:&#8220;123&#8243;,&#8220;B&#8220;:&#8220;42&#8243;,&#8220;H&#8220;:&#8220;15&#8243;,&#8220;T&#8220;:&#8220;&#8220;,&#8220;D&#8220;:&#8220;&#8220;,&#8220;R&#8220;:&#8220;&#8220;,&#8220;L_2&#8243;:&#8220;&#8220;,&#8220;B_2&#8243;:&#8220;&#8220;,&#8220;H_2&#8243;:&#8220;10&#8243;,&#8220;T_2&#8243;:&#8220;&#8220;,&#8220;D_2&#8243;:&#8220;&#8220;,&#8220;R_2&#8243;:&#8220;&#8220;,&#8220;L_1&#8243;:&#8220;&#8220;,&#8220;B_1&#8243;:&#8220;21,5&#8243;,&#8220;H_1&#8243;:&#8220;13,5&#8243;,&#8220;T_1&#8243;:&#8220;&#8220;,&#8220;D_1&#8243;:&#8220;&#8220;,&#8220;R_1&#8243;:&#8220;&#8220;,&#8220;KategorieName&#8220;:&#8220;Dopravn\\u00ed a in\\u017een\\u00fdrsk\\u00e9 stavby&#8220;,&#8220;PodkategorieName&#8220;:&#8220;P\\u0159ejezdy a p\\u0159echody, z\\u00e1kryty a z\\u00e1dla\\u017eby&#8220;,&#8220;attachments&#8220;:{&#8222;designs&#8220;:[{&#8222;DateCreate&#8220;:&#8220;&#8220;,&#8220;ID&#8220;:&#8220;2204&#8243;,&#8220;GUID&#8220;:&#8220;CDBC40BEE0BDD1B7C12583FC00432D56&#8243;,&#8220;VYR_ID&#8220;:&#8220;559&#8243;,&#8220;VYR_Number&#8220;:&#8220;593891719073&#8243;,&#8220;VYR_ObchodniZnacka&#8220;:&#8220;IZX 73\\\/19&#8243;,&#8220;DocumentNumber&#8220;:&#8220;593891719073&#8243;,&#8220;Title&#8220;:&#8220;Z\\u00e1dla\\u017ebov\\u00fd panel vn\\u011bj\\u0161\\u00ed z\\u00fa\\u017een\\u00fd&#8220;,&#8220;IssueNumber&#8220;:&#8220;2&#8243;,&#8220;ZPSV_R4_Vyk1_ZaLomitkem&#8220;:&#8220;\\\/1&#8243;,&#8220;file&#8220;:[]},{&#8222;DateCreate&#8220;:&#8220;&#8220;,&#8220;ID&#8220;:&#8220;3865&#8243;,&#8220;GUID&#8220;:&#8220;8746C9F77BAA8CB8C12583FC00437F1C&#8220;,&#8220;VYR_ID&#8220;:&#8220;559&#8243;,&#8220;VYR_Number&#8220;:&#8220;593891719073&#8243;,&#8220;VYR_ObchodniZnacka&#8220;:&#8220;IZX 73\\\/19&#8243;,&#8220;DocumentNumber&#8220;:&#8220;593891719073&#8243;,&#8220;Title&#8220;:&#8220;Z\\u00e1dla\\u017ebov\\u00fd panel vn\\u011bj\\u0161\\u00ed z\\u00fa\\u017een\\u00fd&#8220;,&#8220;IssueNumber&#8220;:&#8220;2&#8243;,&#8220;ZPSV_R4_Vyk1_ZaLomitkem&#8220;:&#8220;\\\/2&#8243;,&#8220;file&#8220;:[]}],&#8220;ps&#8220;:[{&#8222;DateCreate&#8220;:&#8220;19.07.2016 14:23:22&#8243;,&#8220;ID&#8220;:&#8220;2&#8243;,&#8220;GUID&#8220;:&#8220;D7AC2AD981316652C1257FF500440EE6&#8243;,&#8220;VYR_ID&#8220;:&#8220;559&#8243;,&#8220;VYR_Number&#8220;:&#8220;593891719073&#8243;,&#8220;VYR_ObchodniZnacka&#8220;:&#8220;IZX 73\\\/19&#8243;,&#8220;Number&#8220;:&#8220;31-09\\\/16&#8243;,&#8220;Nazev&#8220;:&#8220;Z\\u00e1dla\\u017ebov\\u00fd panel vnit\\u0159n\\u00ed, vn\\u011bj\\u0161\\u00ed a vn\\u011bj\\u0161\\u00ed z\\u00fa\\u017een\\u00fd&#8220;,&#8220;DatePlatnostDo&#8220;:&#8220;13.07.2019 0:00:00&#8243;,&#8220;ZavodName&#8220;:&#8220;31 Doloplazy&#8220;,&#8220;file&#8220;:[{&#8222;ID&#8220;:&#8220;12947&#8243;,&#8220;ResourceGUID&#8220;:&#8220;D7AC2AD981316652C1257FF500440EE6&#8243;,&#8220;Name&#8220;:&#8220;1 &#8211; POS 31-09-16.pdf&#8220;,&#8220;FileNameGUID&#8220;:&#8220;D7AC2AD981316652C1257FF500440EE6_5O6JU0ET&#8220;,&#8220;Comment&#8220;:&#8220;&#8220;,&#8220;fileModel.Size&#8220;:&#8220;445922&#8243;,&#8220;Create&#8220;:&#8220;22.11.2023 7:52:16&#8243;,&#8220;MimeType&#8220;:&#8220;application\\\/octet-stream&#8220;,&#8220;ZPSV_WEB&#8220;:&#8220;True&#8220;}]}],&#8220;tpd&#8220;:[{&#8222;DateCreate&#8220;:&#8220;&#8220;,&#8220;ID&#8220;:&#8220;1536&#8243;,&#8220;GUID&#8220;:&#8220;48C0E32CA207D6C6C1257C8900285B7B&#8220;,&#8220;VYR_ID&#8220;:&#8220;559&#8243;,&#8220;VYR_Number&#8220;:&#8220;593891719073&#8243;,&#8220;VYR_ObchodniZnacka&#8220;:&#8220;IZX 73\\\/19&#8243;,&#8220;DocumentNumber&#8220;:&#8220;TP-01\\\/05&#8243;,&#8220;Title&#8220;:&#8220;Z\\u00e1dla\\u017ebov\\u00e9 panely &#8211; typ \\u00daRT\\u0158 (S\\u017dDC)&#8220;,&#8220;IssueNumber&#8220;:&#8220;2&#8243;,&#8220;file&#8220;:[{&#8222;ID&#8220;:&#8220;3684&#8243;,&#8220;ResourceGUID&#8220;:&#8220;48C0E32CA207D6C6C1257C8900285B7B&#8220;,&#8220;Name&#8220;:&#8220;TP-01_05-S\\u017dDC Z\\u00e1dla\\u017ebov\\u00e9 panely \\u00daRT\\u0158 (2-1).pdf&#8220;,&#8220;FileNameGUID&#8220;:&#8220;48C0E32CA207D6C6C1257C8900285B7B_O57C5WKL&#8220;,&#8220;Comment&#8220;:&#8220;&#8220;,&#8220;fileModel.Size&#8220;:&#8220;692185&#8243;,&#8220;Create&#8220;:&#8220;17.08.2023 10:19:55&#8243;,&#8220;MimeType&#8220;:&#8220;application\\\/octet-stream&#8220;,&#8220;ZPSV_WEB&#8220;:&#8220;True&#8220;}]}]}}<\/p>","protected":false},"excerpt":{"rendered":"<p>{&#8222;DateCreate&#8220;:&#8220;06.11.2002 14:47:08&#8243;,&#8220;ID&#8220;:&#8220;559&#8243;,&#8220;GUID&#8220;:&#8220;D6DEA2540B472105C1256C69004BBA2E&#8220;,&#8220;Nazev&#8220;:&#8220;Z\\u00e1dla\\u017ebov\\u00fd panel vn\\u011bj\\u0161\\u00ed z\\u00fa\\u017een\\u00fd&#8220;,&#8220;Number&#8220;:&#8220;593891719073&#8243;,&#8220;ObchodniZnacka&#8220;:&#8220;IZX 73\\\/19&#8243;,&#8220;Zavods&#8220;:&#8220;31 Doloplazy&#8220;,&#8220;VyrPopisCZ&#8220;:&#8220;&#8220;,&#8220;VyrPopisDE&#8220;:&#8220;&#8220;,&#8220;VyrPopisEN&#8220;:&#8220;&#8220;,&#8220;VyrUrceniAPouzitCZ&#8220;:&#8220;Pro z\\u00e1dla\\u017ebu \\u017eelezni\\u010dn\\u00edch p\\u0159ejezd\\u016f [&hellip;]<\/p>","protected":false},"author":1,"featured_media":0,"parent":160602,"menu_order":0,"comment_status":"closed","ping_status":"closed","template":"layouts\/page-katalog.php","meta":{"footnotes":""},"_links":{"self":[{"href":"https:\/\/zpsv-cz.webvalleypreview.com\/en\/wp-json\/wp\/v2\/pages\/163078"}],"collection":[{"href":"https:\/\/zpsv-cz.webvalleypreview.com\/en\/wp-json\/wp\/v2\/pages"}],"about":[{"href":"https:\/\/zpsv-cz.webvalleypreview.com\/en\/wp-json\/wp\/v2\/types\/page"}],"author":[{"embeddable":true,"href":"https:\/\/zpsv-cz.webvalleypreview.com\/en\/wp-json\/wp\/v2\/users\/1"}],"replies":[{"embeddable":true,"href":"https:\/\/zpsv-cz.webvalleypreview.com\/en\/wp-json\/wp\/v2\/comments?post=163078"}],"version-history":[{"count":0,"href":"https:\/\/zpsv-cz.webvalleypreview.com\/en\/wp-json\/wp\/v2\/pages\/163078\/revisions"}],"up":[{"embeddable":true,"href":"https:\/\/zpsv-cz.webvalleypreview.com\/en\/wp-json\/wp\/v2\/pages\/160602"}],"wp:attachment":[{"href":"https:\/\/zpsv-cz.webvalleypreview.com\/en\/wp-json\/wp\/v2\/media?parent=163078"}],"curies":[{"name":"wp","href":"https:\/\/api.w.org\/{rel}","templated":true}]}}