{"id":163081,"date":"2024-05-23T13:38:16","date_gmt":"2024-05-23T11:38:16","guid":{"rendered":"https:\/\/zpsv-cz.webvalleypreview.com\/kolejove-dopravni-stavby\/nastupiste\/ulozny-blok-u-95\/"},"modified":"2024-05-23T13:38:16","modified_gmt":"2024-05-23T11:38:16","slug":"ulozny-blok-u-95","status":"publish","type":"page","link":"https:\/\/zpsv-cz.webvalleypreview.com\/en\/kolejove-dopravni-stavby\/nastupiste\/ulozny-blok-u-95\/","title":{"rendered":"\u00dalo\u017en\u00fd blok U 95"},"content":{"rendered":"<p>{&#8222;DateCreate&#8220;:&#8220;06.11.2002 14:46:30&#8243;,&#8220;ID&#8220;:&#8220;562&#8243;,&#8220;GUID&#8220;:&#8220;1E758CEE0AF11D3CC1256C69004BAB50&#8243;,&#8220;Nazev&#8220;:&#8220;\\u00dalo\\u017en\\u00fd blok U 95&#8243;,&#8220;Number&#8220;:&#8220;592129719020&#8243;,&#8220;ObchodniZnacka&#8220;:&#8220;ABZ 20-19&#8243;,&#8220;Zavods&#8220;:&#8220;31 Doloplazy&#8220;,&#8220;VyrPopisCZ&#8220;:&#8220;&#8220;,&#8220;VyrPopisDE&#8220;:&#8220;&#8220;,&#8220;VyrPopisEN&#8220;:&#8220;&#8220;,&#8220;VyrUrceniAPouzitCZ&#8220;:&#8220;Prvek n\\u00e1stupi\\u0161t\\u011b SUDOP, slou\\u017e\\u00edc\\u00ed k vytv\\u00e1\\u0159en\\u00ed prefabrikovan\\u00fdch n\\u00e1stupi\\u0161tn\\u00edch z\\u00eddek.&#8220;,&#8220;VyrUrceniAPouzitDE&#8220;:&#8220;&#8220;,&#8220;VyrUrceniAPouzitEN&#8220;:&#8220;It serves for forming of prefabricated platform walls of platform SUDOP.&#8220;,&#8220;VyrNazevCZ&#8220;:&#8220;\\u00dalo\\u017en\\u00fd blok U 95&#8243;,&#8220;VyrNazevDE&#8220;:&#8220;&#8220;,&#8220;VyrNazevEN&#8220;:&#8220;Bearing block U 95&#8243;,&#8220;Beton&#8220;:&#8220;C 25\\\/30-XF1&#8243;,&#8220;ObjemPrvku&#8220;:&#8220;0,0845&#8243;,&#8220;HmotnostPrvku&#8220;:&#8220;195&#8243;,&#8220;L&#8220;:&#8220;30&#8243;,&#8220;B&#8220;:&#8220;35&#8243;,&#8220;H&#8220;:&#8220;95&#8243;,&#8220;T&#8220;:&#8220;&#8220;,&#8220;D&#8220;:&#8220;&#8220;,&#8220;R&#8220;:&#8220;&#8220;,&#8220;L_2&#8243;:&#8220;&#8220;,&#8220;B_2&#8243;:&#8220;&#8220;,&#8220;H_2&#8243;:&#8220;&#8220;,&#8220;T_2&#8243;:&#8220;&#8220;,&#8220;D_2&#8243;:&#8220;&#8220;,&#8220;R_2&#8243;:&#8220;&#8220;,&#8220;L_1&#8243;:&#8220;11&#8243;,&#8220;B_1&#8243;:&#8220;30&#8243;,&#8220;H_1&#8243;:&#8220;25&#8243;,&#8220;T_1&#8243;:&#8220;&#8220;,&#8220;D_1&#8243;:&#8220;&#8220;,&#8220;R_1&#8243;:&#8220;&#8220;,&#8220;KategorieName&#8220;:&#8220;Dopravn\\u00ed a in\\u017een\\u00fdrsk\\u00e9 stavby&#8220;,&#8220;PodkategorieName&#8220;:&#8220;N\\u00e1stupi\\u0161t\\u011b&#8220;,&#8220;attachments&#8220;:{&#8222;designs&#8220;:[{&#8222;DateCreate&#8220;:&#8220;&#8220;,&#8220;ID&#8220;:&#8220;2187&#8243;,&#8220;GUID&#8220;:&#8220;F14EF36EE6E44325C1257BDE00297CE4&#8243;,&#8220;VYR_ID&#8220;:&#8220;562&#8243;,&#8220;VYR_Number&#8220;:&#8220;592129719020&#8243;,&#8220;VYR_ObchodniZnacka&#8220;:&#8220;ABZ 20-19&#8243;,&#8220;DocumentNumber&#8220;:&#8220;592129719020&#8243;,&#8220;Title&#8220;:&#8220;\\u00dalo\\u017en\\u00fd blok U 95&#8243;,&#8220;IssueNumber&#8220;:&#8220;2&#8243;,&#8220;ZPSV_R4_Vyk1_ZaLomitkem&#8220;:&#8220;\\\/1&#8243;,&#8220;file&#8220;:[]}],&#8220;tpd&#8220;:[{&#8222;DateCreate&#8220;:&#8220;&#8220;,&#8220;ID&#8220;:&#8220;1521&#8243;,&#8220;GUID&#8220;:&#8220;6DA73D4C92065EE4C1256F71003780C6&#8243;,&#8220;VYR_ID&#8220;:&#8220;562&#8243;,&#8220;VYR_Number&#8220;:&#8220;592129719020&#8243;,&#8220;VYR_ObchodniZnacka&#8220;:&#8220;ABZ 20-19&#8243;,&#8220;DocumentNumber&#8220;:&#8220;TP-592-129-03\\\/98&#8243;,&#8220;Title&#8220;:&#8220;Prvky n\\u00e1stupi\\u0161\\u0165 SUDOP (S\\u017dDC)&#8220;,&#8220;IssueNumber&#8220;:&#8220;2&#8243;,&#8220;file&#8220;:[{&#8222;ID&#8220;:&#8220;3717&#8243;,&#8220;ResourceGUID&#8220;:&#8220;6DA73D4C92065EE4C1256F71003780C6&#8243;,&#8220;Name&#8220;:&#8220;TP-592-129-03_98-S\\u017dDC Prvky n\\u00e1stupi\\u0161\\u0165 SUDOP (2-1).pdf&#8220;,&#8220;FileNameGUID&#8220;:&#8220;6DA73D4C92065EE4C1256F71003780C6_LKT61YAI&#8220;,&#8220;Comment&#8220;:&#8220;&#8220;,&#8220;fileModel.Size&#8220;:&#8220;643768&#8243;,&#8220;Create&#8220;:&#8220;17.08.2023 10:19:55&#8243;,&#8220;MimeType&#8220;:&#8220;application\\\/octet-stream&#8220;,&#8220;ZPSV_WEB&#8220;:&#8220;True&#8220;}]}]}}<\/p>","protected":false},"excerpt":{"rendered":"<p>{&#8222;DateCreate&#8220;:&#8220;06.11.2002 14:46:30&#8243;,&#8220;ID&#8220;:&#8220;562&#8243;,&#8220;GUID&#8220;:&#8220;1E758CEE0AF11D3CC1256C69004BAB50&#8243;,&#8220;Nazev&#8220;:&#8220;\\u00dalo\\u017en\\u00fd blok U 95&#8243;,&#8220;Number&#8220;:&#8220;592129719020&#8243;,&#8220;ObchodniZnacka&#8220;:&#8220;ABZ 20-19&#8243;,&#8220;Zavods&#8220;:&#8220;31 Doloplazy&#8220;,&#8220;VyrPopisCZ&#8220;:&#8220;&#8220;,&#8220;VyrPopisDE&#8220;:&#8220;&#8220;,&#8220;VyrPopisEN&#8220;:&#8220;&#8220;,&#8220;VyrUrceniAPouzitCZ&#8220;:&#8220;Prvek n\\u00e1stupi\\u0161t\\u011b SUDOP, slou\\u017e\\u00edc\\u00ed [&hellip;]<\/p>","protected":false},"author":1,"featured_media":0,"parent":160625,"menu_order":0,"comment_status":"closed","ping_status":"closed","template":"layouts\/page-katalog.php","meta":{"footnotes":""},"_links":{"self":[{"href":"https:\/\/zpsv-cz.webvalleypreview.com\/en\/wp-json\/wp\/v2\/pages\/163081"}],"collection":[{"href":"https:\/\/zpsv-cz.webvalleypreview.com\/en\/wp-json\/wp\/v2\/pages"}],"about":[{"href":"https:\/\/zpsv-cz.webvalleypreview.com\/en\/wp-json\/wp\/v2\/types\/page"}],"author":[{"embeddable":true,"href":"https:\/\/zpsv-cz.webvalleypreview.com\/en\/wp-json\/wp\/v2\/users\/1"}],"replies":[{"embeddable":true,"href":"https:\/\/zpsv-cz.webvalleypreview.com\/en\/wp-json\/wp\/v2\/comments?post=163081"}],"version-history":[{"count":0,"href":"https:\/\/zpsv-cz.webvalleypreview.com\/en\/wp-json\/wp\/v2\/pages\/163081\/revisions"}],"up":[{"embeddable":true,"href":"https:\/\/zpsv-cz.webvalleypreview.com\/en\/wp-json\/wp\/v2\/pages\/160625"}],"wp:attachment":[{"href":"https:\/\/zpsv-cz.webvalleypreview.com\/en\/wp-json\/wp\/v2\/media?parent=163081"}],"curies":[{"name":"wp","href":"https:\/\/api.w.org\/{rel}","templated":true}]}}