{"id":163082,"date":"2024-05-23T13:38:16","date_gmt":"2024-05-23T11:38:16","guid":{"rendered":"https:\/\/zpsv-cz.webvalleypreview.com\/kolejove-dopravni-stavby\/nastupiste\/nastupistni-prefabrikat-l60\/"},"modified":"2024-05-23T13:38:16","modified_gmt":"2024-05-23T11:38:16","slug":"nastupistni-prefabrikat-l60","status":"publish","type":"page","link":"https:\/\/zpsv-cz.webvalleypreview.com\/en\/kolejove-dopravni-stavby\/nastupiste\/nastupistni-prefabrikat-l60\/","title":{"rendered":"N\u00e1stupi\u0161tn\u00ed prefabrik\u00e1t L60"},"content":{"rendered":"<p>{&#8222;DateCreate&#8220;:&#8220;24.10.2016 13:45:21&#8243;,&#8220;ID&#8220;:&#8220;563&#8243;,&#8220;GUID&#8220;:&#8220;39548DC7BB203EF3C1258056004093EA&#8220;,&#8220;Nazev&#8220;:&#8220;N\\u00e1stupi\\u0161tn\\u00ed prefabrik\\u00e1t L60&#8243;,&#8220;Number&#8220;:&#8220;592121719115001&#8243;,&#8220;ObchodniZnacka&#8220;:&#8220;AZZ 115 &#8211; 19.001&#8243;,&#8220;Zavods&#8220;:&#8220;61 Uhersk\\u00fd Ostroh&#8220;,&#8220;VyrPopisCZ&#8220;:&#8220;&#8220;,&#8220;VyrPopisDE&#8220;:&#8220;&#8220;,&#8220;VyrPopisEN&#8220;:&#8220;&#8220;,&#8220;VyrUrceniAPouzitCZ&#8220;:&#8220;Je ur\\u010den pro stavbu \\u00farov\\u0148ov\\u00fdch n\\u00e1stupi\\u0161\\u0165, zvl\\u00e1\\u0161t\\u011b na region\\u00e1ln\\u00edch trat\\u00edch st\\u00e1tn\\u00edch dr\\u00e1h a t\\u00e9\\u017e pro tramvajov\\u00e9 a autobusov\\u00e9 zast\\u00e1vky. D\\u00e1le je ur\\u010den pro ukon\\u010den\\u00ed ostrovn\\u00edch n\\u00e1stupi\\u0161\\u0165 schody.&#8220;,&#8220;VyrUrceniAPouzitDE&#8220;:&#8220;&#8220;,&#8220;VyrUrceniAPouzitEN&#8220;:&#8220;&#8220;,&#8220;VyrNazevCZ&#8220;:&#8220;N\\u00e1stupi\\u0161tn\\u00ed prefabrik\\u00e1t L60&#8243;,&#8220;VyrNazevDE&#8220;:&#8220;&#8220;,&#8220;VyrNazevEN&#8220;:&#8220;&#8220;,&#8220;Beton&#8220;:&#8220;C30\\\/37 &#8211; XF4&#8243;,&#8220;ObjemPrvku&#8220;:&#8220;0,1104&#8243;,&#8220;HmotnostPrvku&#8220;:&#8220;265&#8243;,&#8220;L&#8220;:&#8220;99,5&#8243;,&#8220;B&#8220;:&#8220;45&#8243;,&#8220;H&#8220;:&#8220;60&#8243;,&#8220;T&#8220;:&#8220;&#8220;,&#8220;D&#8220;:&#8220;&#8220;,&#8220;R&#8220;:&#8220;&#8220;,&#8220;L_2&#8243;:&#8220;&#8220;,&#8220;B_2&#8243;:&#8220;12&#8243;,&#8220;H_2&#8243;:&#8220;12&#8243;,&#8220;T_2&#8243;:&#8220;&#8220;,&#8220;D_2&#8243;:&#8220;&#8220;,&#8220;R_2&#8243;:&#8220;&#8220;,&#8220;L_1&#8243;:&#8220;&#8220;,&#8220;B_1&#8243;:&#8220;&#8220;,&#8220;H_1&#8243;:&#8220;60&#8243;,&#8220;T_1&#8243;:&#8220;&#8220;,&#8220;D_1&#8243;:&#8220;&#8220;,&#8220;R_1&#8243;:&#8220;&#8220;,&#8220;KategorieName&#8220;:&#8220;Dopravn\\u00ed a in\\u017een\\u00fdrsk\\u00e9 stavby&#8220;,&#8220;PodkategorieName&#8220;:&#8220;N\\u00e1stupi\\u0161t\\u011b&#8220;,&#8220;attachments&#8220;:{&#8222;designs&#8220;:[{&#8222;DateCreate&#8220;:&#8220;&#8220;,&#8220;ID&#8220;:&#8220;3740&#8243;,&#8220;GUID&#8220;:&#8220;936DBAF7D56EBE05C12580560042B235&#8243;,&#8220;VYR_ID&#8220;:&#8220;563&#8243;,&#8220;VYR_Number&#8220;:&#8220;592121719115001&#8243;,&#8220;VYR_ObchodniZnacka&#8220;:&#8220;AZZ 115 &#8211; 19.001&#8243;,&#8220;DocumentNumber&#8220;:&#8220;592121719115001&#8243;,&#8220;Title&#8220;:&#8220;N\\u00e1stupi\\u0161tn\\u00ed prefabrik\\u00e1t L60&#8243;,&#8220;IssueNumber&#8220;:&#8220;1&#8243;,&#8220;ZPSV_R4_Vyk1_ZaLomitkem&#8220;:&#8220;1-1&#8243;,&#8220;file&#8220;:[]},{&#8222;DateCreate&#8220;:&#8220;&#8220;,&#8220;ID&#8220;:&#8220;3482&#8243;,&#8220;GUID&#8220;:&#8220;E449CE7D57DFA22CC125805E003EF3D0&#8243;,&#8220;VYR_ID&#8220;:&#8220;563&#8243;,&#8220;VYR_Number&#8220;:&#8220;592121719115001&#8243;,&#8220;VYR_ObchodniZnacka&#8220;:&#8220;AZZ 115 &#8211; 19.001&#8243;,&#8220;DocumentNumber&#8220;:&#8220;592121719115001&#8243;,&#8220;Title&#8220;:&#8220;N\\u00e1stupi\\u0161tn\\u00ed prefabrik\\u00e1t L60&#8243;,&#8220;IssueNumber&#8220;:&#8220;1&#8243;,&#8220;ZPSV_R4_Vyk1_ZaLomitkem&#8220;:&#8220;2-1&#8243;,&#8220;file&#8220;:[]}]}}<\/p>","protected":false},"excerpt":{"rendered":"<p>{&#8222;DateCreate&#8220;:&#8220;24.10.2016 13:45:21&#8243;,&#8220;ID&#8220;:&#8220;563&#8243;,&#8220;GUID&#8220;:&#8220;39548DC7BB203EF3C1258056004093EA&#8220;,&#8220;Nazev&#8220;:&#8220;N\\u00e1stupi\\u0161tn\\u00ed prefabrik\\u00e1t L60&#8243;,&#8220;Number&#8220;:&#8220;592121719115001&#8243;,&#8220;ObchodniZnacka&#8220;:&#8220;AZZ 115 &#8211; 19.001&#8243;,&#8220;Zavods&#8220;:&#8220;61 Uhersk\\u00fd Ostroh&#8220;,&#8220;VyrPopisCZ&#8220;:&#8220;&#8220;,&#8220;VyrPopisDE&#8220;:&#8220;&#8220;,&#8220;VyrPopisEN&#8220;:&#8220;&#8220;,&#8220;VyrUrceniAPouzitCZ&#8220;:&#8220;Je ur\\u010den [&hellip;]<\/p>","protected":false},"author":1,"featured_media":0,"parent":160625,"menu_order":0,"comment_status":"closed","ping_status":"closed","template":"layouts\/page-katalog.php","meta":{"footnotes":""},"_links":{"self":[{"href":"https:\/\/zpsv-cz.webvalleypreview.com\/en\/wp-json\/wp\/v2\/pages\/163082"}],"collection":[{"href":"https:\/\/zpsv-cz.webvalleypreview.com\/en\/wp-json\/wp\/v2\/pages"}],"about":[{"href":"https:\/\/zpsv-cz.webvalleypreview.com\/en\/wp-json\/wp\/v2\/types\/page"}],"author":[{"embeddable":true,"href":"https:\/\/zpsv-cz.webvalleypreview.com\/en\/wp-json\/wp\/v2\/users\/1"}],"replies":[{"embeddable":true,"href":"https:\/\/zpsv-cz.webvalleypreview.com\/en\/wp-json\/wp\/v2\/comments?post=163082"}],"version-history":[{"count":0,"href":"https:\/\/zpsv-cz.webvalleypreview.com\/en\/wp-json\/wp\/v2\/pages\/163082\/revisions"}],"up":[{"embeddable":true,"href":"https:\/\/zpsv-cz.webvalleypreview.com\/en\/wp-json\/wp\/v2\/pages\/160625"}],"wp:attachment":[{"href":"https:\/\/zpsv-cz.webvalleypreview.com\/en\/wp-json\/wp\/v2\/media?parent=163082"}],"curies":[{"name":"wp","href":"https:\/\/api.w.org\/{rel}","templated":true}]}}