{"id":163088,"date":"2024-05-23T13:38:16","date_gmt":"2024-05-23T11:38:16","guid":{"rendered":"https:\/\/zpsv-cz.webvalleypreview.com\/produkty-pro-snizovani-hluku-a-vibraci\/protihlukove-steny-a-obklady\/zakazkova-vyroba-protihlukovych-panelu-silent\/"},"modified":"2024-05-23T13:38:16","modified_gmt":"2024-05-23T11:38:16","slug":"zakazkova-vyroba-protihlukovych-panelu-silent","status":"publish","type":"page","link":"https:\/\/zpsv-cz.webvalleypreview.com\/en\/produkty-pro-snizovani-hluku-a-vibraci\/protihlukove-steny-a-obklady\/zakazkova-vyroba-protihlukovych-panelu-silent\/","title":{"rendered":"Zak\u00e1zkov\u00e1 v\u00fdroba protihlukov\u00fdch panel\u016f SILENT"},"content":{"rendered":"<p>{&#8222;DateCreate&#8220;:&#8220;15.06.2005 9:33:23&#8243;,&#8220;ID&#8220;:&#8220;603&#8243;,&#8220;GUID&#8220;:&#8220;DF57EB48EC78F6AAC12570210029825C&#8220;,&#8220;Nazev&#8220;:&#8220;Zak\\u00e1zkov\\u00e1 v\\u00fdroba protihlukov\\u00fdch panel\\u016f SILENT&#8220;,&#8220;Number&#8220;:&#8220;593891719289&#8243;,&#8220;ObchodniZnacka&#8220;:&#8220;IZX 289\\\/19&#8243;,&#8220;Zavods&#8220;:&#8220;07 \\u010cer\\u010dany&#8220;,&#8220;VyrPopisCZ&#8220;:&#8220;&#8220;,&#8220;VyrPopisDE&#8220;:&#8220;&#8220;,&#8220;VyrPopisEN&#8220;:&#8220;&#8220;,&#8220;VyrUrceniAPouzitCZ&#8220;:&#8220;Protihlukov\\u00fd panel SILENT\\u00ae je za\\u0159azen do kategorie pohltiv\\u00fdch panel\\u016f. Pohltivou vrstvu panelu tvo\\u0159\\u00ed mezerovit\\u00e1 pohltiv\\u00e1 vrstva specifick\\u00e9ho slo\\u017een\\u00ed ve tvaru sinusoidy (vlny). Podle p\\u0159\\u00e1n\\u00ed lze mezerovitou pohltivou vrstvu probarvit nebo n\\u00e1sledn\\u011b hotov\\u00fd protihlukov\\u00fd panel upravit n\\u00e1st\\u0159ikem vhodn\\u00fdch barev. Nosnou \\u010d\\u00e1st panelu tvo\\u0159\\u00ed \\u017eelezobetonov\\u00e1 deska tl. 110 nebo 130 mm. Protihlukov\\u00e1 st\\u011bna, vytvo\\u0159en\\u00e1 pomoc\\u00ed protihlukov\\u00fdch panel\\u016f SILENT\\u00aedosahuje zvukov\\u00e9 pohltivosti A3 a\\u017e A4 dle \\u010cSN EN 1793 \\u2013 1 a vzduchov\\u00e9 nepr\\u016fzvu\\u010dnosti B3 dle \\u010cSN EN 1793 \\u2013 2. Manipulace je prov\\u00e1d\\u011bna pomoc\\u00ed manipula\\u010dn\\u00edch p\\u0159epravn\\u00edch \\u00fachyt\\u016f.&#8220;,&#8220;VyrUrceniAPouzitDE&#8220;:&#8220;&#8220;,&#8220;VyrUrceniAPouzitEN&#8220;:&#8220;The noise protection walls SILENT are intended for noise shielding arising at traffic on railway and road communications, they protect residential zones against noise arising at traffic on airports and in industrial plants.\\rFrom the viewpoint of acoustic absorptivity they fall in the category A3.\\rThe absorptive (aggregate-faced) layer, which is simultaneously a face layer, builds up a porous concrete of undulated form that can be coloured in required shades. The bearing part of the panel is formed by a reinforced-concrete plate.&#8220;,&#8220;VyrNazevCZ&#8220;:&#8220;Zak\\u00e1zkov\\u00e1 v\\u00fdroba protihlukov\\u00fdch panel\\u016f SILENT\\u00ae&#8220;,&#8220;VyrNazevDE&#8220;:&#8220;&#8220;,&#8220;VyrNazevEN&#8220;:&#8220;Custom manufacturing of noise protection panel SILENT&#8220;,&#8220;Beton&#8220;:&#8220;C 30\\\/37-XF4&#8243;,&#8220;ObjemPrvku&#8220;:&#8220;0,3880-2,4058&#8243;,&#8220;HmotnostPrvku&#8220;:&#8220;840-5205&#8243;,&#8220;L&#8220;:&#8220;395&#8243;,&#8220;B&#8220;:&#8220;25&#8243;,&#8220;H&#8220;:&#8220;50-280&#8243;,&#8220;T&#8220;:&#8220;&#8220;,&#8220;D&#8220;:&#8220;&#8220;,&#8220;R&#8220;:&#8220;&#8220;,&#8220;L_2&#8243;:&#8220;&#8220;,&#8220;B_2&#8243;:&#8220;&#8220;,&#8220;H_2&#8243;:&#8220;&#8220;,&#8220;T_2&#8243;:&#8220;&#8220;,&#8220;D_2&#8243;:&#8220;&#8220;,&#8220;R_2&#8243;:&#8220;&#8220;,&#8220;L_1&#8243;:&#8220;&#8220;,&#8220;B_1&#8243;:&#8220;&#8220;,&#8220;H_1&#8243;:&#8220;&#8220;,&#8220;T_1&#8243;:&#8220;&#8220;,&#8220;D_1&#8243;:&#8220;&#8220;,&#8220;R_1&#8243;:&#8220;&#8220;,&#8220;KategorieName&#8220;:&#8220;Dopravn\\u00ed a in\\u017een\\u00fdrsk\\u00e9 stavby&#8220;,&#8220;PodkategorieName&#8220;:&#8220;Protihlukov\\u00e9 st\\u011bny a obklady&#8220;,&#8220;attachments&#8220;:{&#8222;designs&#8220;:[{&#8222;DateCreate&#8220;:&#8220;&#8220;,&#8220;ID&#8220;:&#8220;3382&#8243;,&#8220;GUID&#8220;:&#8220;A3FF78B70CA5E95BC12575B4004075D8&#8243;,&#8220;VYR_ID&#8220;:&#8220;603&#8243;,&#8220;VYR_Number&#8220;:&#8220;593891719289&#8243;,&#8220;VYR_ObchodniZnacka&#8220;:&#8220;IZX 289\\\/19&#8243;,&#8220;DocumentNumber&#8220;:&#8220;593891719289&#8243;,&#8220;Title&#8220;:&#8220;ZV protihlukov\\u00fdch panel\\u016f SILENT a SILENT &#8211; EC&#8220;,&#8220;IssueNumber&#8220;:&#8220;2&#8243;,&#8220;ZPSV_R4_Vyk1_ZaLomitkem&#8220;:&#8220;\\\/1&#8243;,&#8220;file&#8220;:[]},{&#8222;DateCreate&#8220;:&#8220;&#8220;,&#8220;ID&#8220;:&#8220;3244&#8243;,&#8220;GUID&#8220;:&#8220;34E03AAA0F9075B3C1257398003A69C7&#8243;,&#8220;VYR_ID&#8220;:&#8220;603&#8243;,&#8220;VYR_Number&#8220;:&#8220;593891719289&#8243;,&#8220;VYR_ObchodniZnacka&#8220;:&#8220;IZX 289\\\/19&#8243;,&#8220;DocumentNumber&#8220;:&#8220;593891719289&#8243;,&#8220;Title&#8220;:&#8220;ZV protihlukov\\u00fdch panel\\u016f SILENT&#8220;,&#8220;IssueNumber&#8220;:&#8220;1&#8243;,&#8220;ZPSV_R4_Vyk1_ZaLomitkem&#8220;:&#8220;\\\/2&#8243;,&#8220;file&#8220;:[]}],&#8220;ps&#8220;:[{&#8222;DateCreate&#8220;:&#8220;06.02.2023 14:16:58&#8243;,&#8220;ID&#8220;:&#8220;38&#8243;,&#8220;GUID&#8220;:&#8220;61AA9DDE5385C252C125894E0048F6FE&#8220;,&#8220;VYR_ID&#8220;:&#8220;603&#8243;,&#8220;VYR_Number&#8220;:&#8220;593891719289&#8243;,&#8220;VYR_ObchodniZnacka&#8220;:&#8220;IZX 289\\\/19&#8243;,&#8220;Number&#8220;:&#8220;07-09\\\/22&#8243;,&#8220;Nazev&#8220;:&#8220;Betonov\\u00e9 d\\u00edlce protihlukov\\u00fdch st\\u011bn pro \\u017eelezni\\u010dn\\u00ed trati&#8220;,&#8220;DatePlatnostDo&#8220;:&#8220;21.12.2023 0:00:00&#8243;,&#8220;ZavodName&#8220;:&#8220;07 \\u010cer\\u010dany&#8220;,&#8220;file&#8220;:[{&#8222;ID&#8220;:&#8220;12755&#8243;,&#8220;ResourceGUID&#8220;:&#8220;61AA9DDE5385C252C125894E0048F6FE&#8220;,&#8220;Name&#8220;:&#8220;1 &#8211; POS 07-09-22.pdf&#8220;,&#8220;FileNameGUID&#8220;:&#8220;61AA9DDE5385C252C125894E0048F6FE_SOZNQR4T&#8220;,&#8220;Comment&#8220;:&#8220;&#8220;,&#8220;fileModel.Size&#8220;:&#8220;78641&#8243;,&#8220;Create&#8220;:&#8220;22.11.2023 7:52:13&#8243;,&#8220;MimeType&#8220;:&#8220;application\\\/octet-stream&#8220;,&#8220;ZPSV_WEB&#8220;:&#8220;True&#8220;}]},{&#8222;DateCreate&#8220;:&#8220;24.01.2024 13:41:52&#8243;,&#8220;ID&#8220;:&#8220;187&#8243;,&#8220;GUID&#8220;:&#8220;8ed32e2f-ebb6-4ce5-b1b6-f94764e70324&#8243;,&#8220;VYR_ID&#8220;:&#8220;603&#8243;,&#8220;VYR_Number&#8220;:&#8220;593891719289&#8243;,&#8220;VYR_ObchodniZnacka&#8220;:&#8220;IZX 289\\\/19&#8243;,&#8220;Number&#8220;:&#8220;07-09\\\/22&#8243;,&#8220;Nazev&#8220;:&#8220;Betonov\\u00e9 d\\u00edlce protihlukov\\u00fdch st\\u011bn pro \\u017eelezni\\u010dn\\u00ed trati&#8220;,&#8220;DatePlatnostDo&#8220;:&#8220;21.12.2023 0:00:00&#8243;,&#8220;ZavodName&#8220;:&#8220;07 \\u010cer\\u010dany&#8220;,&#8220;file&#8220;:[]},{&#8222;DateCreate&#8220;:&#8220;24.01.2024 13:44:03&#8243;,&#8220;ID&#8220;:&#8220;188&#8243;,&#8220;GUID&#8220;:&#8220;0bbe9e68-1286-4d92-baa2-13e20a06bd5d&#8220;,&#8220;VYR_ID&#8220;:&#8220;603&#8243;,&#8220;VYR_Number&#8220;:&#8220;593891719289&#8243;,&#8220;VYR_ObchodniZnacka&#8220;:&#8220;IZX 289\\\/19&#8243;,&#8220;Number&#8220;:&#8220;07-13\\\/23&#8243;,&#8220;Nazev&#8220;:&#8220;Betonov\\u00e9 d\\u00edlce protihlukov\\u00fdch st\\u011bn pro \\u017eelezni\\u010dn\\u00ed trati&#8220;,&#8220;DatePlatnostDo&#8220;:&#8220;31.10.2024 0:00:00&#8243;,&#8220;ZavodName&#8220;:&#8220;07 \\u010cer\\u010dany&#8220;,&#8220;file&#8220;:[{&#8222;ID&#8220;:&#8220;13654&#8243;,&#8220;ResourceGUID&#8220;:&#8220;0bbe9e68-1286-4d92-baa2-13e20a06bd5d&#8220;,&#8220;Name&#8220;:&#8220;1 &#8211; POS 07-13-23.pdf&#8220;,&#8220;FileNameGUID&#8220;:&#8220;a79b9633-5955-4e87-a348-2004e265d49e&#8220;,&#8220;Comment&#8220;:&#8220;&#8220;,&#8220;fileModel.Size&#8220;:&#8220;86749&#8243;,&#8220;Create&#8220;:&#8220;24.01.2024 13:59:14&#8243;,&#8220;MimeType&#8220;:&#8220;application\\\/pdf&#8220;,&#8220;ZPSV_WEB&#8220;:&#8220;True&#8220;}]}],&#8220;tpd&#8220;:[{&#8222;DateCreate&#8220;:&#8220;&#8220;,&#8220;ID&#8220;:&#8220;1512&#8243;,&#8220;GUID&#8220;:&#8220;A3782C76239475F5C125819F004C8459&#8243;,&#8220;VYR_ID&#8220;:&#8220;603&#8243;,&#8220;VYR_Number&#8220;:&#8220;593891719289&#8243;,&#8220;VYR_ObchodniZnacka&#8220;:&#8220;IZX 289\\\/19&#8243;,&#8220;DocumentNumber&#8220;:&#8220;TP-06\\\/04&#8243;,&#8220;Title&#8220;:&#8220;Protihlukov\\u00e9 st\\u011bny pozemn\\u00edch komunikac\\u00ed&#8220;,&#8220;IssueNumber&#8220;:&#8220;10&#8243;,&#8220;file&#8220;:[{&#8222;ID&#8220;:&#8220;3788&#8243;,&#8220;ResourceGUID&#8220;:&#8220;A3782C76239475F5C125819F004C8459&#8243;,&#8220;Name&#8220;:&#8220;TP-06_04 Protihlukov\\u00e9 st\\u011bny pozemn\\u00edch komunikac\\u00ed (10-3).pdf&#8220;,&#8220;FileNameGUID&#8220;:&#8220;A3782C76239475F5C125819F004C8459_X09C8ACJ&#8220;,&#8220;Comment&#8220;:&#8220;&#8220;,&#8220;fileModel.Size&#8220;:&#8220;1342746&#8243;,&#8220;Create&#8220;:&#8220;17.08.2023 10:19:56&#8243;,&#8220;MimeType&#8220;:&#8220;application\\\/octet-stream&#8220;,&#8220;ZPSV_WEB&#8220;:&#8220;True&#8220;}]},{&#8222;DateCreate&#8220;:&#8220;&#8220;,&#8220;ID&#8220;:&#8220;1579&#8243;,&#8220;GUID&#8220;:&#8220;E793A9AED793B57DC12588B4002160DC&#8220;,&#8220;VYR_ID&#8220;:&#8220;603&#8243;,&#8220;VYR_Number&#8220;:&#8220;593891719289&#8243;,&#8220;VYR_ObchodniZnacka&#8220;:&#8220;IZX 289\\\/19&#8243;,&#8220;DocumentNumber&#8220;:&#8220;TP-06\\\/04 \\u017dPSV&#8220;,&#8220;Title&#8220;:&#8220;Protihlukov\\u00e9 st\\u011bny (S\\u017d)&#8220;,&#8220;IssueNumber&#8220;:&#8220;5&#8243;,&#8220;file&#8220;:[{&#8222;ID&#8220;:&#8220;3884&#8243;,&#8220;ResourceGUID&#8220;:&#8220;E793A9AED793B57DC12588B4002160DC&#8220;,&#8220;Name&#8220;:&#8220;TP-06_04 \\u017dPSV Protihlukov\\u00e9 st\\u011bny (3-5).pdf&#8220;,&#8220;FileNameGUID&#8220;:&#8220;E793A9AED793B57DC12588B4002160DC_3KOM0M31&#8243;,&#8220;Comment&#8220;:&#8220;&#8220;,&#8220;fileModel.Size&#8220;:&#8220;3234474&#8243;,&#8220;Create&#8220;:&#8220;17.08.2023 10:19:57&#8243;,&#8220;MimeType&#8220;:&#8220;application\\\/octet-stream&#8220;,&#8220;ZPSV_WEB&#8220;:&#8220;True&#8220;}]}]}}<\/p>","protected":false},"excerpt":{"rendered":"<p>{&#8222;DateCreate&#8220;:&#8220;15.06.2005 9:33:23&#8243;,&#8220;ID&#8220;:&#8220;603&#8243;,&#8220;GUID&#8220;:&#8220;DF57EB48EC78F6AAC12570210029825C&#8220;,&#8220;Nazev&#8220;:&#8220;Zak\\u00e1zkov\\u00e1 v\\u00fdroba protihlukov\\u00fdch panel\\u016f SILENT&#8220;,&#8220;Number&#8220;:&#8220;593891719289&#8243;,&#8220;ObchodniZnacka&#8220;:&#8220;IZX 289\\\/19&#8243;,&#8220;Zavods&#8220;:&#8220;07 \\u010cer\\u010dany&#8220;,&#8220;VyrPopisCZ&#8220;:&#8220;&#8220;,&#8220;VyrPopisDE&#8220;:&#8220;&#8220;,&#8220;VyrPopisEN&#8220;:&#8220;&#8220;,&#8220;VyrUrceniAPouzitCZ&#8220;:&#8220;Protihlukov\\u00fd panel SILENT\\u00ae [&hellip;]<\/p>","protected":false},"author":1,"featured_media":0,"parent":160762,"menu_order":0,"comment_status":"closed","ping_status":"closed","template":"layouts\/page-katalog.php","meta":{"footnotes":""},"_links":{"self":[{"href":"https:\/\/zpsv-cz.webvalleypreview.com\/en\/wp-json\/wp\/v2\/pages\/163088"}],"collection":[{"href":"https:\/\/zpsv-cz.webvalleypreview.com\/en\/wp-json\/wp\/v2\/pages"}],"about":[{"href":"https:\/\/zpsv-cz.webvalleypreview.com\/en\/wp-json\/wp\/v2\/types\/page"}],"author":[{"embeddable":true,"href":"https:\/\/zpsv-cz.webvalleypreview.com\/en\/wp-json\/wp\/v2\/users\/1"}],"replies":[{"embeddable":true,"href":"https:\/\/zpsv-cz.webvalleypreview.com\/en\/wp-json\/wp\/v2\/comments?post=163088"}],"version-history":[{"count":0,"href":"https:\/\/zpsv-cz.webvalleypreview.com\/en\/wp-json\/wp\/v2\/pages\/163088\/revisions"}],"up":[{"embeddable":true,"href":"https:\/\/zpsv-cz.webvalleypreview.com\/en\/wp-json\/wp\/v2\/pages\/160762"}],"wp:attachment":[{"href":"https:\/\/zpsv-cz.webvalleypreview.com\/en\/wp-json\/wp\/v2\/media?parent=163088"}],"curies":[{"name":"wp","href":"https:\/\/api.w.org\/{rel}","templated":true}]}}