{"id":163110,"date":"2024-05-23T13:38:17","date_gmt":"2024-05-23T11:38:17","guid":{"rendered":"https:\/\/zpsv-cz.webvalleypreview.com\/kolejove-dopravni-stavby\/prejezdy-a-prechody-zakryty-a-zadlazby\/zadlazbovy-panel-urtr-vnitrni-120\/"},"modified":"2024-05-23T13:38:17","modified_gmt":"2024-05-23T11:38:17","slug":"zadlazbovy-panel-urtr-vnitrni-120","status":"publish","type":"page","link":"https:\/\/zpsv-cz.webvalleypreview.com\/en\/kolejove-dopravni-stavby\/prejezdy-a-prechody-zakryty-a-zadlazby\/zadlazbovy-panel-urtr-vnitrni-120\/","title":{"rendered":"Z\u00e1dla\u017ebov\u00fd panel \u00daRT\u0158 vnit\u0159n\u00ed 120"},"content":{"rendered":"<p>{&#8222;DateCreate&#8220;:&#8220;25.02.2013 12:41:13&#8243;,&#8220;ID&#8220;:&#8220;699&#8243;,&#8220;GUID&#8220;:&#8220;290D061662C75450C1257B1D004032F3&#8243;,&#8220;Nazev&#8220;:&#8220;Z\\u00e1dla\\u017ebov\\u00fd panel \\u00daRT\\u0158 vnit\\u0159n\\u00ed 120&#8243;,&#8220;Number&#8220;:&#8220;592191719310&#8243;,&#8220;ObchodniZnacka&#8220;:&#8220;AZX 310-19&#8243;,&#8220;Zavods&#8220;:&#8220;61 Uhersk\\u00fd Ostroh&#8220;,&#8220;VyrPopisCZ&#8220;:&#8220;&#8220;,&#8220;VyrPopisDE&#8220;:&#8220;&#8220;,&#8220;VyrPopisEN&#8220;:&#8220;&#8220;,&#8220;VyrUrceniAPouzitCZ&#8220;:&#8220;\\r\\u017delezobetonov\\u00e1 prefabrikovan\\u00e1 konstrukce \\u00daRT\\u0158 slou\\u017e\\u00ed k vytv\\u00e1\\u0159en\\u00ed \\u017eelezni\\u010dn\\u00edch p\\u0159ejezd\\u016f a p\\u0159echod\\u016f  jednokolejn\\u00fdch a v\\u00edcekolejn\\u00fdch trat\\u00ed pro t\\u0159\\u00eddu dopravn\\u00edho zat\\u00ed\\u017een\\u00ed: IV, V, VI s pr\\u016fm\\u011brnou denn\\u00ed intenzitou t\\u011b\\u017ek\\u00fdch n\\u00e1kladn\\u00edch vozidel (TNV) men\\u0161\\u00ed jak 500 TNV podle \\u010cSN 73 6114. Z\\u00e1dla\\u017ebov\\u00e9 Panely vnit\\u0159n\\u00ed a vn\\u011bj\\u0161\\u00ed jsou dimenzov\\u00e1ny na zat\\u00ed\\u017een\\u00ed n\\u00e1vrhovou n\\u00e1pravou 100 kN a jsou vyr\\u00e1b\\u011bny v d\\u00e9lk\\u00e1ch 120, 180, 240 a 300 cm.. Vn\\u011bj\\u0161\\u00ed panely jsou kladeny na z\\u00e1v\\u011brn\\u00e9 z\\u00eddky BR 12, v mezikolejov\\u00e9m prostoru t\\u00e9\\u017e na \\u00falo\\u017en\\u00e9 prahy BR 14. Z\\u00e1dla\\u017ebov\\u00e9 panely \\u00daRT\\u0158 jsou vyr\\u00e1b\\u011bny v obr\\u00e1cen\\u00e9 poloze oproti zabudov\\u00e1n\\u00ed co\\u017e umo\\u017e\\u0148uje poj\\u00ed\\u017ed\\u011bnou plochu tvarovat pomoc\\u00ed matrice na povrch zvy\\u0161uj\\u00edc\\u00ed sou\\u010dinitel t\\u0159en\\u00ed a sou\\u010dasn\\u011b esteticky dotv\\u00e1\\u0159\\u00ed hotov\\u00e9 p\\u0159ejezd nebo p\\u0159echod. Proto je vhodn\\u00e9 pou\\u017e\\u00edvat tyto panely jako p\\u0159echody pro p\\u011b\\u0161\\u00ed. Panely se kladou na d\\u0159ev\\u011bn\\u00e9 pr\\u016fb\\u011b\\u017en\\u00e9 a mezilehl\\u00e9 d\\u0159ev\\u011bn\\u00e9 op\\u011brky z tvrd\\u00e9ho d\\u0159eva pro kolejov\\u00fd svr\\u0161ek, tvo\\u0159en\\u00fd pra\\u017eci PB2, SB 6, SB 8, nebo na ocelov\\u00e9 a oceloplastov\\u00e9 staviteln\\u00e9 op\\u011brky pro kolejov\\u00fd svr\\u0161ek, tvo\\u0159en\\u00fd pra\\u017eci B 03 a B 91,  kdy jejich pou\\u017eit\\u00ed je podm\\u00edn\\u011bno dodr\\u017een\\u00edm osov\\u00e9 vzd\\u00e1lenost\\u00ed p\\u0159\\u00ed\\u010dn\\u00fdch pra\\u017ec\\u016f 600 mm s p\\u0159esnost\\u00ed 10 mm\\\/bm p\\u0159ejezdu.  P\\u0159\\u00ed\\u010dn\\u00e1 stabilizace vnit\\u0159n\\u00edho panelu je zaji\\u0161t\\u011bna vlo\\u017een\\u00edm vnit\\u0159n\\u00ed bokovnice z recyklovan\\u00e9 pry\\u017ee, kter\\u00e1 sou\\u010dasn\\u011b vytv\\u00e1\\u0159\\u00ed \\u017el\\u00e1bek pro okolek, u staviteln\\u00e9 oceloplastov\\u00e9 podlo\\u017eky funkce p\\u0159\\u00ed\\u010dn\\u00e9 stabilizace pln\\u00ed samotn\\u00e1 podlo\\u017eka. Na za\\u010d\\u00e1tku a na konci jsou vnit\\u0159n\\u00ed panely fixov\\u00e1ny proti pod\\u00e9ln\\u00e9mu posunu namontov\\u00e1n\\u00edm n\\u00e1b\\u011bhov\\u00fdch kl\\u00edn\\u016f s fixac\\u00ed pod\\u00e9ln\\u00e9ho posunu.  Manipulace s panely je prov\\u00e1d\\u011bna pomoc\\u00ed p\\u0159epravn\\u00edch z\\u00e1vitov\\u00fdch \\u00fachyt\\u016f, kter\\u00e9 jsou po mont\\u00e1\\u017ei chr\\u00e1n\\u011bny za\\u0161roubov\\u00e1n\\u00edm ocelov\\u00fdch \\u0161roub\\u016f s hlavou s vnit\\u0159n\\u00edm \\u0161estihranem.\\r&#8220;,&#8220;VyrUrceniAPouzitDE&#8220;:&#8220;&#8220;,&#8220;VyrUrceniAPouzitEN&#8220;:&#8220;&#8220;,&#8220;VyrNazevCZ&#8220;:&#8220;Z\\u00e1dla\\u017ebov\\u00fd panel \\u00daRT\\u0158 vnit\\u0159n\\u00ed 120&#8243;,&#8220;VyrNazevDE&#8220;:&#8220;&#8220;,&#8220;VyrNazevEN&#8220;:&#8220;&#8220;,&#8220;Beton&#8220;:&#8220;C 35\\\/45-XF4&#8243;,&#8220;ObjemPrvku&#8220;:&#8220;0,2168&#8243;,&#8220;HmotnostPrvku&#8220;:&#8220;531&#8243;,&#8220;L&#8220;:&#8220;120&#8243;,&#8220;B&#8220;:&#8220;128,5&#8243;,&#8220;H&#8220;:&#8220;15&#8243;,&#8220;T&#8220;:&#8220;&#8220;,&#8220;D&#8220;:&#8220;&#8220;,&#8220;R&#8220;:&#8220;&#8220;,&#8220;L_2&#8243;:&#8220;&#8220;,&#8220;B_2&#8243;:&#8220;&#8220;,&#8220;H_2&#8243;:&#8220;&#8220;,&#8220;T_2&#8243;:&#8220;&#8220;,&#8220;D_2&#8243;:&#8220;&#8220;,&#8220;R_2&#8243;:&#8220;&#8220;,&#8220;L_1&#8243;:&#8220;&#8220;,&#8220;B_1&#8243;:&#8220;&#8220;,&#8220;H_1&#8243;:&#8220;&#8220;,&#8220;T_1&#8243;:&#8220;&#8220;,&#8220;D_1&#8243;:&#8220;&#8220;,&#8220;R_1&#8243;:&#8220;&#8220;,&#8220;KategorieName&#8220;:&#8220;Dopravn\\u00ed a in\\u017een\\u00fdrsk\\u00e9 stavby&#8220;,&#8220;PodkategorieName&#8220;:&#8220;P\\u0159ejezdy a p\\u0159echody, z\\u00e1kryty a z\\u00e1dla\\u017eby&#8220;,&#8220;attachments&#8220;:{&#8222;designs&#8220;:[{&#8222;DateCreate&#8220;:&#8220;&#8220;,&#8220;ID&#8220;:&#8220;1841&#8243;,&#8220;GUID&#8220;:&#8220;3B187E7ED992021EC1257C1C0029191E&#8220;,&#8220;VYR_ID&#8220;:&#8220;699&#8243;,&#8220;VYR_Number&#8220;:&#8220;592191719310&#8243;,&#8220;VYR_ObchodniZnacka&#8220;:&#8220;AZX 310-19&#8243;,&#8220;DocumentNumber&#8220;:&#8220;D-13-42-00&#8243;,&#8220;Title&#8220;:&#8220;N\\u00e1b\\u011bhov\\u00fd kl\\u00edn s pod\\u00e9lnou fixac\\u00ed posunu&#8220;,&#8220;IssueNumber&#8220;:&#8220;1&#8243;,&#8220;ZPSV_R4_Vyk1_ZaLomitkem&#8220;:&#8220;&#8220;,&#8220;file&#8220;:[]},{&#8222;DateCreate&#8220;:&#8220;&#8220;,&#8220;ID&#8220;:&#8220;1890&#8243;,&#8220;GUID&#8220;:&#8220;3F83471177C9288DC1257D8D00236161&#8243;,&#8220;VYR_ID&#8220;:&#8220;699&#8243;,&#8220;VYR_Number&#8220;:&#8220;592191719310&#8243;,&#8220;VYR_ObchodniZnacka&#8220;:&#8220;AZX 310-19&#8243;,&#8220;DocumentNumber&#8220;:&#8220;D-13-42-01&#8243;,&#8220;Title&#8220;:&#8220;N\\u00e1b\\u011bhov\\u00fd kl\\u00edn s pod\\u00e9lnou fixac\\u00ed posunu &#8211; komponenty&#8220;,&#8220;IssueNumber&#8220;:&#8220;2&#8243;,&#8220;ZPSV_R4_Vyk1_ZaLomitkem&#8220;:&#8220;&#8220;,&#8220;file&#8220;:[]},{&#8222;DateCreate&#8220;:&#8220;&#8220;,&#8220;ID&#8220;:&#8220;3031&#8243;,&#8220;GUID&#8220;:&#8220;918523C72E573D22C1257B56003C1DC4&#8243;,&#8220;VYR_ID&#8220;:&#8220;699&#8243;,&#8220;VYR_Number&#8220;:&#8220;592191719310&#8243;,&#8220;VYR_ObchodniZnacka&#8220;:&#8220;AZX 310-19&#8243;,&#8220;DocumentNumber&#8220;:&#8220;592191719310&#8243;,&#8220;Title&#8220;:&#8220;Z\\u00e1dla\\u017ebov\\u00fd panel \\u00daRT\\u0158 vnit\\u0159n\\u00ed 120&#8243;,&#8220;IssueNumber&#8220;:&#8220;1&#8243;,&#8220;ZPSV_R4_Vyk1_ZaLomitkem&#8220;:&#8220;\\\/1-1&#8243;,&#8220;file&#8220;:[]},{&#8222;DateCreate&#8220;:&#8220;&#8220;,&#8220;ID&#8220;:&#8220;3653&#8243;,&#8220;GUID&#8220;:&#8220;42B386912B644360C1257E9000240962&#8243;,&#8220;VYR_ID&#8220;:&#8220;699&#8243;,&#8220;VYR_Number&#8220;:&#8220;592191719310&#8243;,&#8220;VYR_ObchodniZnacka&#8220;:&#8220;AZX 310-19&#8243;,&#8220;DocumentNumber&#8220;:&#8220;592191719310&#8243;,&#8220;Title&#8220;:&#8220;Z\\u00e1dla\\u017ebov\\u00fd panel \\u00daRT\\u0158 vnit\\u0159n\\u00ed 120&#8243;,&#8220;IssueNumber&#8220;:&#8220;2&#8243;,&#8220;ZPSV_R4_Vyk1_ZaLomitkem&#8220;:&#8220;\\\/2-1&#8243;,&#8220;file&#8220;:[]}],&#8220;ps&#8220;:[{&#8222;DateCreate&#8220;:&#8220;17.08.2022 12:53:00&#8243;,&#8220;ID&#8220;:&#8220;3&#8243;,&#8220;GUID&#8220;:&#8220;A367C496EF1EFEB6C12588A1003BC8DC&#8220;,&#8220;VYR_ID&#8220;:&#8220;699&#8243;,&#8220;VYR_Number&#8220;:&#8220;592191719310&#8243;,&#8220;VYR_ObchodniZnacka&#8220;:&#8220;AZX 310-19&#8243;,&#8220;Number&#8220;:&#8220;31-10\\\/22&#8243;,&#8220;Nazev&#8220;:&#8220;Z\\u00e1dla\\u017ebov\\u00e9 panely URT\\u0158&#8243;,&#8220;DatePlatnostDo&#8220;:&#8220;31.01.2024 0:00:00&#8243;,&#8220;ZavodName&#8220;:&#8220;31 Doloplazy&#8220;,&#8220;file&#8220;:[{&#8222;ID&#8220;:&#8220;12860&#8243;,&#8220;ResourceGUID&#8220;:&#8220;A367C496EF1EFEB6C12588A1003BC8DC&#8220;,&#8220;Name&#8220;:&#8220;1 &#8211; POS 31-10-22.pdf&#8220;,&#8220;FileNameGUID&#8220;:&#8220;A367C496EF1EFEB6C12588A1003BC8DC_1Q1RSJP7&#8243;,&#8220;Comment&#8220;:&#8220;&#8220;,&#8220;fileModel.Size&#8220;:&#8220;423551&#8243;,&#8220;Create&#8220;:&#8220;22.11.2023 7:52:15&#8243;,&#8220;MimeType&#8220;:&#8220;application\\\/octet-stream&#8220;,&#8220;ZPSV_WEB&#8220;:&#8220;True&#8220;}]},{&#8222;DateCreate&#8220;:&#8220;05.12.2022 9:52:49&#8243;,&#8220;ID&#8220;:&#8220;33&#8243;,&#8220;GUID&#8220;:&#8220;E660E32EF5C055A5C125890F0030C81D&#8220;,&#8220;VYR_ID&#8220;:&#8220;699&#8243;,&#8220;VYR_Number&#8220;:&#8220;592191719310&#8243;,&#8220;VYR_ObchodniZnacka&#8220;:&#8220;AZX 310-19&#8243;,&#8220;Number&#8220;:&#8220;61-17\\\/22&#8243;,&#8220;Nazev&#8220;:&#8220;Betonov\\u00e9 d\\u00edlce pro \\u017aelezni\\u010dn\\u00ed p\\u0159ejezdy, ukl\\u00e1dan\\u00e9 na pr\\u016fb\\u011b\\u017en\\u00e9 nebo bodov\\u00e9 op\\u011brky &#8211; typ \\u00daRT\\u0158&#8243;,&#8220;DatePlatnostDo&#8220;:&#8220;31.01.2024 0:00:00&#8243;,&#8220;ZavodName&#8220;:&#8220;61 Uhersk\\u00fd Ostroh&#8220;,&#8220;file&#8220;:[{&#8222;ID&#8220;:&#8220;12965&#8243;,&#8220;ResourceGUID&#8220;:&#8220;E660E32EF5C055A5C125890F0030C81D&#8220;,&#8220;Name&#8220;:&#8220;1 &#8211; POS 61-17-22.pdf&#8220;,&#8220;FileNameGUID&#8220;:&#8220;E660E32EF5C055A5C125890F0030C81D_QG10ARMU&#8220;,&#8220;Comment&#8220;:&#8220;&#8220;,&#8220;fileModel.Size&#8220;:&#8220;75156&#8243;,&#8220;Create&#8220;:&#8220;22.11.2023 7:52:16&#8243;,&#8220;MimeType&#8220;:&#8220;application\\\/octet-stream&#8220;,&#8220;ZPSV_WEB&#8220;:&#8220;True&#8220;}]}],&#8220;tpd&#8220;:[{&#8222;DateCreate&#8220;:&#8220;&#8220;,&#8220;ID&#8220;:&#8220;1536&#8243;,&#8220;GUID&#8220;:&#8220;48C0E32CA207D6C6C1257C8900285B7B&#8220;,&#8220;VYR_ID&#8220;:&#8220;699&#8243;,&#8220;VYR_Number&#8220;:&#8220;592191719310&#8243;,&#8220;VYR_ObchodniZnacka&#8220;:&#8220;AZX 310-19&#8243;,&#8220;DocumentNumber&#8220;:&#8220;TP-01\\\/05&#8243;,&#8220;Title&#8220;:&#8220;Z\\u00e1dla\\u017ebov\\u00e9 panely &#8211; typ \\u00daRT\\u0158 (S\\u017dDC)&#8220;,&#8220;IssueNumber&#8220;:&#8220;2&#8243;,&#8220;file&#8220;:[{&#8222;ID&#8220;:&#8220;3684&#8243;,&#8220;ResourceGUID&#8220;:&#8220;48C0E32CA207D6C6C1257C8900285B7B&#8220;,&#8220;Name&#8220;:&#8220;TP-01_05-S\\u017dDC Z\\u00e1dla\\u017ebov\\u00e9 panely \\u00daRT\\u0158 (2-1).pdf&#8220;,&#8220;FileNameGUID&#8220;:&#8220;48C0E32CA207D6C6C1257C8900285B7B_O57C5WKL&#8220;,&#8220;Comment&#8220;:&#8220;&#8220;,&#8220;fileModel.Size&#8220;:&#8220;692185&#8243;,&#8220;Create&#8220;:&#8220;17.08.2023 10:19:55&#8243;,&#8220;MimeType&#8220;:&#8220;application\\\/octet-stream&#8220;,&#8220;ZPSV_WEB&#8220;:&#8220;True&#8220;}]}]}}<\/p>","protected":false},"excerpt":{"rendered":"<p>{&#8222;DateCreate&#8220;:&#8220;25.02.2013 12:41:13&#8243;,&#8220;ID&#8220;:&#8220;699&#8243;,&#8220;GUID&#8220;:&#8220;290D061662C75450C1257B1D004032F3&#8243;,&#8220;Nazev&#8220;:&#8220;Z\\u00e1dla\\u017ebov\\u00fd panel \\u00daRT\\u0158 vnit\\u0159n\\u00ed 120&#8243;,&#8220;Number&#8220;:&#8220;592191719310&#8243;,&#8220;ObchodniZnacka&#8220;:&#8220;AZX 310-19&#8243;,&#8220;Zavods&#8220;:&#8220;61 Uhersk\\u00fd Ostroh&#8220;,&#8220;VyrPopisCZ&#8220;:&#8220;&#8220;,&#8220;VyrPopisDE&#8220;:&#8220;&#8220;,&#8220;VyrPopisEN&#8220;:&#8220;&#8220;,&#8220;VyrUrceniAPouzitCZ&#8220;:&#8220;\\r\\u017delezobetonov\\u00e1 prefabrikovan\\u00e1 [&hellip;]<\/p>","protected":false},"author":1,"featured_media":0,"parent":160602,"menu_order":0,"comment_status":"closed","ping_status":"closed","template":"layouts\/page-katalog.php","meta":{"footnotes":""},"_links":{"self":[{"href":"https:\/\/zpsv-cz.webvalleypreview.com\/en\/wp-json\/wp\/v2\/pages\/163110"}],"collection":[{"href":"https:\/\/zpsv-cz.webvalleypreview.com\/en\/wp-json\/wp\/v2\/pages"}],"about":[{"href":"https:\/\/zpsv-cz.webvalleypreview.com\/en\/wp-json\/wp\/v2\/types\/page"}],"author":[{"embeddable":true,"href":"https:\/\/zpsv-cz.webvalleypreview.com\/en\/wp-json\/wp\/v2\/users\/1"}],"replies":[{"embeddable":true,"href":"https:\/\/zpsv-cz.webvalleypreview.com\/en\/wp-json\/wp\/v2\/comments?post=163110"}],"version-history":[{"count":0,"href":"https:\/\/zpsv-cz.webvalleypreview.com\/en\/wp-json\/wp\/v2\/pages\/163110\/revisions"}],"up":[{"embeddable":true,"href":"https:\/\/zpsv-cz.webvalleypreview.com\/en\/wp-json\/wp\/v2\/pages\/160602"}],"wp:attachment":[{"href":"https:\/\/zpsv-cz.webvalleypreview.com\/en\/wp-json\/wp\/v2\/media?parent=163110"}],"curies":[{"name":"wp","href":"https:\/\/api.w.org\/{rel}","templated":true}]}}