{"id":163112,"date":"2024-05-23T13:38:17","date_gmt":"2024-05-23T11:38:17","guid":{"rendered":"https:\/\/zpsv-cz.webvalleypreview.com\/produkty-pro-snizovani-hluku-a-vibraci\/protihlukove-steny-a-obklady\/zakazkova-vyroba-protihlukovych-panelu-silent-phs-2\/"},"modified":"2024-05-23T13:38:17","modified_gmt":"2024-05-23T11:38:17","slug":"zakazkova-vyroba-protihlukovych-panelu-silent-phs-2","status":"publish","type":"page","link":"https:\/\/zpsv-cz.webvalleypreview.com\/en\/produkty-pro-snizovani-hluku-a-vibraci\/protihlukove-steny-a-obklady\/zakazkova-vyroba-protihlukovych-panelu-silent-phs-2\/","title":{"rendered":"Zak\u00e1zkov\u00e1 v\u00fdroba protihlukov\u00fdch panel\u016f SILENT &#8211; PHS 2"},"content":{"rendered":"<p>{&#8222;DateCreate&#8220;:&#8220;06.11.2002 14:47:10&#8243;,&#8220;ID&#8220;:&#8220;719&#8243;,&#8220;GUID&#8220;:&#8220;B1BBEDC500ED615EC1256C69004BBAD0&#8243;,&#8220;Nazev&#8220;:&#8220;Zak\\u00e1zkov\\u00e1 v\\u00fdroba protihlukov\\u00fdch panel\\u016f SILENT &#8211; PHS 2&#8243;,&#8220;Number&#8220;:&#8220;593891719502&#8243;,&#8220;ObchodniZnacka&#8220;:&#8220;IZX 502\\\/19&#8243;,&#8220;Zavods&#8220;:&#8220;07 \\u010cer\\u010dany&#8220;,&#8220;VyrPopisCZ&#8220;:&#8220;&#8220;,&#8220;VyrPopisDE&#8220;:&#8220;&#8220;,&#8220;VyrPopisEN&#8220;:&#8220;&#8220;,&#8220;VyrUrceniAPouzitCZ&#8220;:&#8220;Protihlukov\\u00fd panel PHS 2 tvo\\u0159\\u00ed \\u017eelezobetonov\\u00fd nosn\\u00fd panel odraziv\\u00fd. Jedna strana panelu je polepena pohltiv\\u00fdmi tv\\u00e1rnicemi z recyklovan\\u00e9 pry\\u017ee. Rozd\\u00edlnou skladbou gumov\\u00e9ho granul\\u00e1tu, dr\\u00e1saniny, polyuretanov\\u00e9ho pojiva, barviva a dal\\u0161\\u00edch p\\u0159\\u00edsad se dosahuje zvukov\\u00e9 pohltivosti kategorie A2 a\\u017e A3.\\rPohltiv\\u00e1 tv\\u00e1rnice je v\\u00fdrobek z granulovan\\u00e9 pry\\u017ee obd\\u00e9ln\\u00edkov\\u00e9ho dez\\u00e9nu. Vyr\\u00e1b\\u00ed se v 6 z\\u00e1kladn\\u00edch barevn\\u00fdch odst\\u00ednech (\\u010dern\\u00e1, \\u0161ed\\u00e1, hn\\u011bd\\u00e1, \\u010derven\\u00e1, zelen\\u00e1, modr\\u00e1). Sytost barev je mo\\u017en\\u00e9 dle po\\u017eadavku odb\\u011bratele upravovat. Dal\\u0161\\u00ed barevnou paletu je mo\\u017en\\u00e9 doc\\u00edlit dodate\\u010dnou barevnou \\u00fapravou n\\u00e1st\\u0159ikem vhodn\\u00fdch barev. Tyto desky se vyzna\\u010duj\\u00ed dlouhou \\u017eivotnost\\u00ed a schopnost\\u00ed zachovat si dlouhodob\\u011b stejn\\u00e9 vlastnost\\u00ed i p\\u0159i nep\\u0159\\u00edzniv\\u00fdch pov\\u011btrnostn\\u00edch podm\\u00ednk\\u00e1ch. V p\\u0159\\u00edpad\\u011b po\\u0161kozen\\u00ed je mo\\u017en\\u00e9 pou\\u017eit\\u00e9 desky op\\u011bt pln\\u011b recyklovat. Ve v\\u00fdrobn\\u011b protihlukov\\u00fdch panel\\u016f je osazena (p\\u0159ilepena) v\\u011bt\\u0161ina protihlukov\\u00fdch tv\\u00e1rnic. Krajn\\u00ed tv\\u00e1rnice se lep\\u00ed na namontovan\\u00fd protihlukov\\u00fd panel v PHS po p\\u0159esn\\u00e9m za\\u0159\\u00edznut\\u00ed tv\\u00e1rnice. Manipulace je prov\\u00e1d\\u011bna pomoc\\u00ed p\\u0159epravn\\u00edch \\u00fachyt\\u016f s kulovou hlavou.&#8220;,&#8220;VyrUrceniAPouzitDE&#8220;:&#8220;&#8220;,&#8220;VyrUrceniAPouzitEN&#8220;:&#8220;Sound protection panel PHS 2 is an iron-concrete bearing reflectance panel. One side of the panel is pasted with absorptive shaped pieces made of recycled rubber. \\rThe different structure of rubber granulate, abrading, polyutherane binder, dye and other ingredients enables to get noise absorptivity in category A2 to A3.\\rAbsorptive shaped piece is a product made of granulated rubber, rectangular design. It is produced in 6 basic colour tints (black, grey, brown, red, green, blue). \\rThe depth of colour can be modified on customer\\&#8220;s demand. Colour palette can be enhanced through spraying appropriate colours. These plates are distinguished by long lifetime and the ability to retain the same properties in long-run even under adverse climate conditions. \\rIn case of damage the used plates can be fully recycled. Most of sound protection pieces is treated (pasted) in the production plant. \\rCorner blocks are pasted on a mounted sound protection panel in PHS after the piece is accurately cut. Handling is made through transport fixtures with a ball.&#8220;,&#8220;VyrNazevCZ&#8220;:&#8220;Zak\\u00e1zkov\\u00e1 v\\u00fdroba protihlukov\\u00fdch panel\\u016f SILENT &#8211; PHS 2&#8243;,&#8220;VyrNazevDE&#8220;:&#8220;&#8220;,&#8220;VyrNazevEN&#8220;:&#8220;Custom manufacturing of noise protection panel PHS 2&#8243;,&#8220;Beton&#8220;:&#8220;C 30\\\/37-XF4&#8243;,&#8220;ObjemPrvku&#8220;:&#8220;&#8220;,&#8220;HmotnostPrvku&#8220;:&#8220;&#8220;,&#8220;L&#8220;:&#8220;395, 595&#8243;,&#8220;B&#8220;:&#8220;11&#8243;,&#8220;H&#8220;:&#8220;50-280&#8243;,&#8220;T&#8220;:&#8220;&#8220;,&#8220;D&#8220;:&#8220;&#8220;,&#8220;R&#8220;:&#8220;&#8220;,&#8220;L_2&#8243;:&#8220;&#8220;,&#8220;B_2&#8243;:&#8220;&#8220;,&#8220;H_2&#8243;:&#8220;&#8220;,&#8220;T_2&#8243;:&#8220;&#8220;,&#8220;D_2&#8243;:&#8220;&#8220;,&#8220;R_2&#8243;:&#8220;&#8220;,&#8220;L_1&#8243;:&#8220;&#8220;,&#8220;B_1&#8243;:&#8220;&#8220;,&#8220;H_1&#8243;:&#8220;&#8220;,&#8220;T_1&#8243;:&#8220;&#8220;,&#8220;D_1&#8243;:&#8220;&#8220;,&#8220;R_1&#8243;:&#8220;&#8220;,&#8220;KategorieName&#8220;:&#8220;Dopravn\\u00ed a in\\u017een\\u00fdrsk\\u00e9 stavby&#8220;,&#8220;PodkategorieName&#8220;:&#8220;Protihlukov\\u00e9 st\\u011bny a obklady&#8220;,&#8220;attachments&#8220;:{&#8222;designs&#8220;:[{&#8222;DateCreate&#8220;:&#8220;&#8220;,&#8220;ID&#8220;:&#8220;3226&#8243;,&#8220;GUID&#8220;:&#8220;F9ED0381D39EAA97C12573A1002F5067&#8243;,&#8220;VYR_ID&#8220;:&#8220;719&#8243;,&#8220;VYR_Number&#8220;:&#8220;593891719502&#8243;,&#8220;VYR_ObchodniZnacka&#8220;:&#8220;IZX 502\\\/19&#8243;,&#8220;DocumentNumber&#8220;:&#8220;593891719502&#8243;,&#8220;Title&#8220;:&#8220;Zak\\u00e1zkov\\u00e1 v\\u00fdroba protihlukov\\u00fdch panel\\u016f PHS 2 (\\u010ce)&#8220;,&#8220;IssueNumber&#8220;:&#8220;1&#8243;,&#8220;ZPSV_R4_Vyk1_ZaLomitkem&#8220;:&#8220;\\\/1&#8243;,&#8220;file&#8220;:[]}],&#8220;ps&#8220;:[{&#8222;DateCreate&#8220;:&#8220;06.02.2023 14:16:58&#8243;,&#8220;ID&#8220;:&#8220;38&#8243;,&#8220;GUID&#8220;:&#8220;61AA9DDE5385C252C125894E0048F6FE&#8220;,&#8220;VYR_ID&#8220;:&#8220;719&#8243;,&#8220;VYR_Number&#8220;:&#8220;593891719502&#8243;,&#8220;VYR_ObchodniZnacka&#8220;:&#8220;IZX 502\\\/19&#8243;,&#8220;Number&#8220;:&#8220;07-09\\\/22&#8243;,&#8220;Nazev&#8220;:&#8220;Betonov\\u00e9 d\\u00edlce protihlukov\\u00fdch st\\u011bn pro \\u017eelezni\\u010dn\\u00ed trati&#8220;,&#8220;DatePlatnostDo&#8220;:&#8220;21.12.2023 0:00:00&#8243;,&#8220;ZavodName&#8220;:&#8220;07 \\u010cer\\u010dany&#8220;,&#8220;file&#8220;:[{&#8222;ID&#8220;:&#8220;12755&#8243;,&#8220;ResourceGUID&#8220;:&#8220;61AA9DDE5385C252C125894E0048F6FE&#8220;,&#8220;Name&#8220;:&#8220;1 &#8211; POS 07-09-22.pdf&#8220;,&#8220;FileNameGUID&#8220;:&#8220;61AA9DDE5385C252C125894E0048F6FE_SOZNQR4T&#8220;,&#8220;Comment&#8220;:&#8220;&#8220;,&#8220;fileModel.Size&#8220;:&#8220;78641&#8243;,&#8220;Create&#8220;:&#8220;22.11.2023 7:52:13&#8243;,&#8220;MimeType&#8220;:&#8220;application\\\/octet-stream&#8220;,&#8220;ZPSV_WEB&#8220;:&#8220;True&#8220;}]},{&#8222;DateCreate&#8220;:&#8220;24.01.2024 13:41:52&#8243;,&#8220;ID&#8220;:&#8220;187&#8243;,&#8220;GUID&#8220;:&#8220;8ed32e2f-ebb6-4ce5-b1b6-f94764e70324&#8243;,&#8220;VYR_ID&#8220;:&#8220;719&#8243;,&#8220;VYR_Number&#8220;:&#8220;593891719502&#8243;,&#8220;VYR_ObchodniZnacka&#8220;:&#8220;IZX 502\\\/19&#8243;,&#8220;Number&#8220;:&#8220;07-09\\\/22&#8243;,&#8220;Nazev&#8220;:&#8220;Betonov\\u00e9 d\\u00edlce protihlukov\\u00fdch st\\u011bn pro \\u017eelezni\\u010dn\\u00ed trati&#8220;,&#8220;DatePlatnostDo&#8220;:&#8220;21.12.2023 0:00:00&#8243;,&#8220;ZavodName&#8220;:&#8220;07 \\u010cer\\u010dany&#8220;,&#8220;file&#8220;:[]},{&#8222;DateCreate&#8220;:&#8220;24.01.2024 13:44:03&#8243;,&#8220;ID&#8220;:&#8220;188&#8243;,&#8220;GUID&#8220;:&#8220;0bbe9e68-1286-4d92-baa2-13e20a06bd5d&#8220;,&#8220;VYR_ID&#8220;:&#8220;719&#8243;,&#8220;VYR_Number&#8220;:&#8220;593891719502&#8243;,&#8220;VYR_ObchodniZnacka&#8220;:&#8220;IZX 502\\\/19&#8243;,&#8220;Number&#8220;:&#8220;07-13\\\/23&#8243;,&#8220;Nazev&#8220;:&#8220;Betonov\\u00e9 d\\u00edlce protihlukov\\u00fdch st\\u011bn pro \\u017eelezni\\u010dn\\u00ed trati&#8220;,&#8220;DatePlatnostDo&#8220;:&#8220;31.10.2024 0:00:00&#8243;,&#8220;ZavodName&#8220;:&#8220;07 \\u010cer\\u010dany&#8220;,&#8220;file&#8220;:[{&#8222;ID&#8220;:&#8220;13654&#8243;,&#8220;ResourceGUID&#8220;:&#8220;0bbe9e68-1286-4d92-baa2-13e20a06bd5d&#8220;,&#8220;Name&#8220;:&#8220;1 &#8211; POS 07-13-23.pdf&#8220;,&#8220;FileNameGUID&#8220;:&#8220;a79b9633-5955-4e87-a348-2004e265d49e&#8220;,&#8220;Comment&#8220;:&#8220;&#8220;,&#8220;fileModel.Size&#8220;:&#8220;86749&#8243;,&#8220;Create&#8220;:&#8220;24.01.2024 13:59:14&#8243;,&#8220;MimeType&#8220;:&#8220;application\\\/pdf&#8220;,&#8220;ZPSV_WEB&#8220;:&#8220;True&#8220;}]}],&#8220;tpd&#8220;:[{&#8222;DateCreate&#8220;:&#8220;&#8220;,&#8220;ID&#8220;:&#8220;1512&#8243;,&#8220;GUID&#8220;:&#8220;A3782C76239475F5C125819F004C8459&#8243;,&#8220;VYR_ID&#8220;:&#8220;719&#8243;,&#8220;VYR_Number&#8220;:&#8220;593891719502&#8243;,&#8220;VYR_ObchodniZnacka&#8220;:&#8220;IZX 502\\\/19&#8243;,&#8220;DocumentNumber&#8220;:&#8220;TP-06\\\/04&#8243;,&#8220;Title&#8220;:&#8220;Protihlukov\\u00e9 st\\u011bny pozemn\\u00edch komunikac\\u00ed&#8220;,&#8220;IssueNumber&#8220;:&#8220;10&#8243;,&#8220;file&#8220;:[{&#8222;ID&#8220;:&#8220;3788&#8243;,&#8220;ResourceGUID&#8220;:&#8220;A3782C76239475F5C125819F004C8459&#8243;,&#8220;Name&#8220;:&#8220;TP-06_04 Protihlukov\\u00e9 st\\u011bny pozemn\\u00edch komunikac\\u00ed (10-3).pdf&#8220;,&#8220;FileNameGUID&#8220;:&#8220;A3782C76239475F5C125819F004C8459_X09C8ACJ&#8220;,&#8220;Comment&#8220;:&#8220;&#8220;,&#8220;fileModel.Size&#8220;:&#8220;1342746&#8243;,&#8220;Create&#8220;:&#8220;17.08.2023 10:19:56&#8243;,&#8220;MimeType&#8220;:&#8220;application\\\/octet-stream&#8220;,&#8220;ZPSV_WEB&#8220;:&#8220;True&#8220;}]},{&#8222;DateCreate&#8220;:&#8220;&#8220;,&#8220;ID&#8220;:&#8220;1579&#8243;,&#8220;GUID&#8220;:&#8220;E793A9AED793B57DC12588B4002160DC&#8220;,&#8220;VYR_ID&#8220;:&#8220;719&#8243;,&#8220;VYR_Number&#8220;:&#8220;593891719502&#8243;,&#8220;VYR_ObchodniZnacka&#8220;:&#8220;IZX 502\\\/19&#8243;,&#8220;DocumentNumber&#8220;:&#8220;TP-06\\\/04 \\u017dPSV&#8220;,&#8220;Title&#8220;:&#8220;Protihlukov\\u00e9 st\\u011bny (S\\u017d)&#8220;,&#8220;IssueNumber&#8220;:&#8220;5&#8243;,&#8220;file&#8220;:[{&#8222;ID&#8220;:&#8220;3884&#8243;,&#8220;ResourceGUID&#8220;:&#8220;E793A9AED793B57DC12588B4002160DC&#8220;,&#8220;Name&#8220;:&#8220;TP-06_04 \\u017dPSV Protihlukov\\u00e9 st\\u011bny (3-5).pdf&#8220;,&#8220;FileNameGUID&#8220;:&#8220;E793A9AED793B57DC12588B4002160DC_3KOM0M31&#8243;,&#8220;Comment&#8220;:&#8220;&#8220;,&#8220;fileModel.Size&#8220;:&#8220;3234474&#8243;,&#8220;Create&#8220;:&#8220;17.08.2023 10:19:57&#8243;,&#8220;MimeType&#8220;:&#8220;application\\\/octet-stream&#8220;,&#8220;ZPSV_WEB&#8220;:&#8220;True&#8220;}]}]}}<\/p>","protected":false},"excerpt":{"rendered":"<p>{&#8222;DateCreate&#8220;:&#8220;06.11.2002 14:47:10&#8243;,&#8220;ID&#8220;:&#8220;719&#8243;,&#8220;GUID&#8220;:&#8220;B1BBEDC500ED615EC1256C69004BBAD0&#8243;,&#8220;Nazev&#8220;:&#8220;Zak\\u00e1zkov\\u00e1 v\\u00fdroba protihlukov\\u00fdch panel\\u016f SILENT &#8211; PHS 2&#8243;,&#8220;Number&#8220;:&#8220;593891719502&#8243;,&#8220;ObchodniZnacka&#8220;:&#8220;IZX 502\\\/19&#8243;,&#8220;Zavods&#8220;:&#8220;07 [&hellip;]<\/p>","protected":false},"author":1,"featured_media":0,"parent":160762,"menu_order":0,"comment_status":"closed","ping_status":"closed","template":"layouts\/page-katalog.php","meta":{"footnotes":""},"_links":{"self":[{"href":"https:\/\/zpsv-cz.webvalleypreview.com\/en\/wp-json\/wp\/v2\/pages\/163112"}],"collection":[{"href":"https:\/\/zpsv-cz.webvalleypreview.com\/en\/wp-json\/wp\/v2\/pages"}],"about":[{"href":"https:\/\/zpsv-cz.webvalleypreview.com\/en\/wp-json\/wp\/v2\/types\/page"}],"author":[{"embeddable":true,"href":"https:\/\/zpsv-cz.webvalleypreview.com\/en\/wp-json\/wp\/v2\/users\/1"}],"replies":[{"embeddable":true,"href":"https:\/\/zpsv-cz.webvalleypreview.com\/en\/wp-json\/wp\/v2\/comments?post=163112"}],"version-history":[{"count":0,"href":"https:\/\/zpsv-cz.webvalleypreview.com\/en\/wp-json\/wp\/v2\/pages\/163112\/revisions"}],"up":[{"embeddable":true,"href":"https:\/\/zpsv-cz.webvalleypreview.com\/en\/wp-json\/wp\/v2\/pages\/160762"}],"wp:attachment":[{"href":"https:\/\/zpsv-cz.webvalleypreview.com\/en\/wp-json\/wp\/v2\/media?parent=163112"}],"curies":[{"name":"wp","href":"https:\/\/api.w.org\/{rel}","templated":true}]}}