{"id":163114,"date":"2024-05-23T13:38:17","date_gmt":"2024-05-23T11:38:17","guid":{"rendered":"https:\/\/zpsv-cz.webvalleypreview.com\/produkty-pro-snizovani-hluku-a-vibraci\/protihlukove-steny-a-obklady\/zakazkova-vyroba-zelezobetonovych-sloupu-phs-2-4-1-60\/"},"modified":"2024-05-23T13:38:17","modified_gmt":"2024-05-23T11:38:17","slug":"zakazkova-vyroba-zelezobetonovych-sloupu-phs-2-4-1-60","status":"publish","type":"page","link":"https:\/\/zpsv-cz.webvalleypreview.com\/en\/produkty-pro-snizovani-hluku-a-vibraci\/protihlukove-steny-a-obklady\/zakazkova-vyroba-zelezobetonovych-sloupu-phs-2-4-1-60\/","title":{"rendered":"Zak\u00e1zkov\u00e1 v\u00fdroba \u017eelezobetonov\u00fdch sloup\u016f PHS 2 &#8211; 4.1 &#8211; 60\u00b0"},"content":{"rendered":"<p>{&#8222;DateCreate&#8220;:&#8220;30.01.2008 10:32:51&#8243;,&#8220;ID&#8220;:&#8220;738&#8243;,&#8220;GUID&#8220;:&#8220;FF6B6D7C69700E72C12573E000347279&#8243;,&#8220;Nazev&#8220;:&#8220;Zak\\u00e1zkov\\u00e1 v\\u00fdroba \\u017eelezobetonov\\u00fdch sloup\\u016f PHS 2 &#8211; 4.1 &#8211; 60\\u00b0&#8243;,&#8220;Number&#8220;:&#8220;593691719502&#8243;,&#8220;ObchodniZnacka&#8220;:&#8220;VZX 502\\\/19&#8243;,&#8220;Zavods&#8220;:&#8220;07 \\u010cer\\u010dany&#8220;,&#8220;VyrPopisCZ&#8220;:&#8220;&#8220;,&#8220;VyrPopisDE&#8220;:&#8220;&#8220;,&#8220;VyrPopisEN&#8220;:&#8220;&#8220;,&#8220;VyrUrceniAPouzitCZ&#8220;:&#8220;Sloupy protihlukov\\u00fdch st\\u011bn PHS 2 &#8211; 4,1 jsou \\u017eelezobetonov\\u00e9 prvky tvaru H. Osazuj\\u00ed se v osov\\u00e9 vzd\\u00e1lenosti 4,1 m a slou\\u017e\\u00ed jako nosn\\u00e9 prvky pro osazovan\\u00ed protihlukov\\u00fdch panel\\u016f protihlukov\\u00fdch st\\u011bn a\\u017e do v\\u00fd\\u0161ky 3,9 m nad ter\\u00e9nem.\\rSloupy PHS 2 &#8211; 4,1 &#8211; 30 stup\\u0148\\u016f jsou ur\\u010deny pro vytv\\u00e1\\u0159en\\u00ed lom\\u016f PHS 2&#215;15\\u00b0 a lze je pou\\u017e\\u00edt pro v\\u00fd\\u0161ky do 3,3 m nad ter\\u00e9nem.\\rSloupy PHS 2 &#8211; 4,1 &#8211; 60 stup\\u0148\\u016f jsou ur\\u010deny pro vytv\\u00e1\\u0159en\\u00ed lom\\u016f PHS 2&#215;30\\u00b0 a lze je pou\\u017e\\u00edt pro v\\u00fd\\u0161ky do 3,6 m nad ter\\u00e9nem.\\rSloupy PHS 2 &#8211; 4,1 &#8211; 90 stup\\u0148\\u016f jsou ur\\u010deny pro vytv\\u00e1\\u0159en\\u00ed lom\\u016f PHS 2&#215;45\\u00b0 a lze je pou\\u017e\\u00edt pro v\\u00fd\\u0161ky do 3,3 m nad ter\\u00e9nem.\\rJsou staticky navr\\u017eeny a posouzeny podle \\u010cSN EN 14388 Za\\u0159\\u00edzen\\u00ed pro sn\\u00ed\\u017een\\u00ed hluku silni\\u010dn\\u00edho provozu &#8211; Specifikace, \\u010cSN EN 1991 Eurok\\u00f3d 1: Zat\\u00ed\\u017een\\u00ed konstrukc\\u00ed, \\u010cSN EN 1992-1-1 Eurok\\u00f3d 2: Navrhov\\u00e1n\\u00ed betonov\\u00fdch konstrukc\\u00ed, \\u010cSN EN 1991-2-4 Eurok\\u00f3d 1: Z\\u00e1sady navrhov\\u00e1n\\u00ed a zat\\u00ed\\u017een\\u00ed konstrukc\\u00ed &#8211; \\u010c\\u00e1st 2-4: Zat\\u00ed\\u017een\\u00ed konstrukc\\u00ed &#8211; Zat\\u00ed\\u017een\\u00ed v\\u011btrem. Lze je pou\\u017e\\u00edt na v\\u0161ech stavb\\u00e1ch PHS mimo stavby \\u017eelezni\\u010dn\\u00edch drah, pro kter\\u00e9 jsou ur\\u010deny sloupy 1-4.&#8220;,&#8220;VyrUrceniAPouzitDE&#8220;:&#8220;&#8220;,&#8220;VyrUrceniAPouzitEN&#8220;:&#8220;The columns of sound protection walls HPS 2 &#8211; 4.1 are iron-concrete elements shaped H. They are fixated in the axis distance 4.1 m and serve as bearing elements for setting sound protection panels up to height 3.9 m above ground.\\rPoles PHS 2 \\u2013 4.1 &#8211; 30 degrees are intended for making folds PHS 2&#215;15 degrees and can be used up to height 3.3m above ground.\\rPoles PHS 2 \\u2013 4.1 &#8211; 60 degrees are intended for making folds PHS 2&#215;30 degrees and can be used to height up 3.6m above ground.\\rPoles PHS 2 &#8211; 4.1 90 degrees are intended for making folds PHS 2x 45 degrees and can be used for heights up to 3.3 m above ground.\\r\\rThey are designed statically and evaluated as per \\u010cSN EN 14388 Equipment for the reduction of road traffic noise &#8211; Specification, \\u010cSN EN 1991 Euro-code 1: Structures load, \\u010cSN EN 1992-1-1 Euro-code 2: Design of concrete structures, \\u010cSN EN 1991-2-4 Euro-code 1: Principles of structures design and load &#8211; Part 2-4: Structures load &#8211; Wind load. They can be used at all PHS constructions except for the railways constructions for which other poles are intended.&#8220;,&#8220;VyrNazevCZ&#8220;:&#8220;Zak\\u00e1zkov\\u00e1 v\\u00fdroba \\u017eelezobetonov\\u00fdch sloup\\u016f PHS 2 &#8211; 4.1 &#8211; 60\\u00b0&#8243;,&#8220;VyrNazevDE&#8220;:&#8220;&#8220;,&#8220;VyrNazevEN&#8220;:&#8220;Custom manufacturing of PHS iron-concrete columns 2 &#8211; 4,1 &#8211; 60\\u00b0&#8243;,&#8220;Beton&#8220;:&#8220;C 50\\\/60-XF4&#8243;,&#8220;ObjemPrvku&#8220;:&#8220;&#8220;,&#8220;HmotnostPrvku&#8220;:&#8220;419-1544&#8243;,&#8220;L&#8220;:&#8220;&#8220;,&#8220;B&#8220;:&#8220;&#8220;,&#8220;H&#8220;:&#8220;&#8220;,&#8220;T&#8220;:&#8220;&#8220;,&#8220;D&#8220;:&#8220;&#8220;,&#8220;R&#8220;:&#8220;&#8220;,&#8220;L_2&#8243;:&#8220;&#8220;,&#8220;B_2&#8243;:&#8220;&#8220;,&#8220;H_2&#8243;:&#8220;&#8220;,&#8220;T_2&#8243;:&#8220;&#8220;,&#8220;D_2&#8243;:&#8220;&#8220;,&#8220;R_2&#8243;:&#8220;&#8220;,&#8220;L_1&#8243;:&#8220;&#8220;,&#8220;B_1&#8243;:&#8220;&#8220;,&#8220;H_1&#8243;:&#8220;&#8220;,&#8220;T_1&#8243;:&#8220;&#8220;,&#8220;D_1&#8243;:&#8220;&#8220;,&#8220;R_1&#8243;:&#8220;&#8220;,&#8220;KategorieName&#8220;:&#8220;Dopravn\\u00ed a in\\u017een\\u00fdrsk\\u00e9 stavby&#8220;,&#8220;PodkategorieName&#8220;:&#8220;Protihlukov\\u00e9 st\\u011bny a obklady&#8220;,&#8220;attachments&#8220;:{&#8222;designs&#8220;:[{&#8222;DateCreate&#8220;:&#8220;&#8220;,&#8220;ID&#8220;:&#8220;3374&#8243;,&#8220;GUID&#8220;:&#8220;EE3A35261B324CAAC12575750045A49A&#8220;,&#8220;VYR_ID&#8220;:&#8220;738&#8243;,&#8220;VYR_Number&#8220;:&#8220;593691719502&#8243;,&#8220;VYR_ObchodniZnacka&#8220;:&#8220;VZX 502\\\/19&#8243;,&#8220;DocumentNumber&#8220;:&#8220;593691719502&#8243;,&#8220;Title&#8220;:&#8220;Zak\\u00e1zkov\\u00e1 v\\u00fdroba \\u017eelezobetonov\\u00fdch sloup\\u016f PHS 2 &#8211; 60\\u00b0&#8243;,&#8220;IssueNumber&#8220;:&#8220;1&#8243;,&#8220;ZPSV_R4_Vyk1_ZaLomitkem&#8220;:&#8220;\\\/1&#8243;,&#8220;file&#8220;:[]}],&#8220;ps&#8220;:[{&#8222;DateCreate&#8220;:&#8220;06.02.2023 14:16:58&#8243;,&#8220;ID&#8220;:&#8220;38&#8243;,&#8220;GUID&#8220;:&#8220;61AA9DDE5385C252C125894E0048F6FE&#8220;,&#8220;VYR_ID&#8220;:&#8220;738&#8243;,&#8220;VYR_Number&#8220;:&#8220;593691719502&#8243;,&#8220;VYR_ObchodniZnacka&#8220;:&#8220;VZX 502\\\/19&#8243;,&#8220;Number&#8220;:&#8220;07-09\\\/22&#8243;,&#8220;Nazev&#8220;:&#8220;Betonov\\u00e9 d\\u00edlce protihlukov\\u00fdch st\\u011bn pro \\u017eelezni\\u010dn\\u00ed trati&#8220;,&#8220;DatePlatnostDo&#8220;:&#8220;21.12.2023 0:00:00&#8243;,&#8220;ZavodName&#8220;:&#8220;07 \\u010cer\\u010dany&#8220;,&#8220;file&#8220;:[{&#8222;ID&#8220;:&#8220;12755&#8243;,&#8220;ResourceGUID&#8220;:&#8220;61AA9DDE5385C252C125894E0048F6FE&#8220;,&#8220;Name&#8220;:&#8220;1 &#8211; POS 07-09-22.pdf&#8220;,&#8220;FileNameGUID&#8220;:&#8220;61AA9DDE5385C252C125894E0048F6FE_SOZNQR4T&#8220;,&#8220;Comment&#8220;:&#8220;&#8220;,&#8220;fileModel.Size&#8220;:&#8220;78641&#8243;,&#8220;Create&#8220;:&#8220;22.11.2023 7:52:13&#8243;,&#8220;MimeType&#8220;:&#8220;application\\\/octet-stream&#8220;,&#8220;ZPSV_WEB&#8220;:&#8220;True&#8220;}]},{&#8222;DateCreate&#8220;:&#8220;24.01.2024 13:41:52&#8243;,&#8220;ID&#8220;:&#8220;187&#8243;,&#8220;GUID&#8220;:&#8220;8ed32e2f-ebb6-4ce5-b1b6-f94764e70324&#8243;,&#8220;VYR_ID&#8220;:&#8220;738&#8243;,&#8220;VYR_Number&#8220;:&#8220;593691719502&#8243;,&#8220;VYR_ObchodniZnacka&#8220;:&#8220;VZX 502\\\/19&#8243;,&#8220;Number&#8220;:&#8220;07-09\\\/22&#8243;,&#8220;Nazev&#8220;:&#8220;Betonov\\u00e9 d\\u00edlce protihlukov\\u00fdch st\\u011bn pro \\u017eelezni\\u010dn\\u00ed trati&#8220;,&#8220;DatePlatnostDo&#8220;:&#8220;21.12.2023 0:00:00&#8243;,&#8220;ZavodName&#8220;:&#8220;07 \\u010cer\\u010dany&#8220;,&#8220;file&#8220;:[]},{&#8222;DateCreate&#8220;:&#8220;24.01.2024 13:44:03&#8243;,&#8220;ID&#8220;:&#8220;188&#8243;,&#8220;GUID&#8220;:&#8220;0bbe9e68-1286-4d92-baa2-13e20a06bd5d&#8220;,&#8220;VYR_ID&#8220;:&#8220;738&#8243;,&#8220;VYR_Number&#8220;:&#8220;593691719502&#8243;,&#8220;VYR_ObchodniZnacka&#8220;:&#8220;VZX 502\\\/19&#8243;,&#8220;Number&#8220;:&#8220;07-13\\\/23&#8243;,&#8220;Nazev&#8220;:&#8220;Betonov\\u00e9 d\\u00edlce protihlukov\\u00fdch st\\u011bn pro \\u017eelezni\\u010dn\\u00ed trati&#8220;,&#8220;DatePlatnostDo&#8220;:&#8220;31.10.2024 0:00:00&#8243;,&#8220;ZavodName&#8220;:&#8220;07 \\u010cer\\u010dany&#8220;,&#8220;file&#8220;:[{&#8222;ID&#8220;:&#8220;13654&#8243;,&#8220;ResourceGUID&#8220;:&#8220;0bbe9e68-1286-4d92-baa2-13e20a06bd5d&#8220;,&#8220;Name&#8220;:&#8220;1 &#8211; POS 07-13-23.pdf&#8220;,&#8220;FileNameGUID&#8220;:&#8220;a79b9633-5955-4e87-a348-2004e265d49e&#8220;,&#8220;Comment&#8220;:&#8220;&#8220;,&#8220;fileModel.Size&#8220;:&#8220;86749&#8243;,&#8220;Create&#8220;:&#8220;24.01.2024 13:59:14&#8243;,&#8220;MimeType&#8220;:&#8220;application\\\/pdf&#8220;,&#8220;ZPSV_WEB&#8220;:&#8220;True&#8220;}]}],&#8220;tpd&#8220;:[{&#8222;DateCreate&#8220;:&#8220;&#8220;,&#8220;ID&#8220;:&#8220;1512&#8243;,&#8220;GUID&#8220;:&#8220;A3782C76239475F5C125819F004C8459&#8243;,&#8220;VYR_ID&#8220;:&#8220;738&#8243;,&#8220;VYR_Number&#8220;:&#8220;593691719502&#8243;,&#8220;VYR_ObchodniZnacka&#8220;:&#8220;VZX 502\\\/19&#8243;,&#8220;DocumentNumber&#8220;:&#8220;TP-06\\\/04&#8243;,&#8220;Title&#8220;:&#8220;Protihlukov\\u00e9 st\\u011bny pozemn\\u00edch komunikac\\u00ed&#8220;,&#8220;IssueNumber&#8220;:&#8220;10&#8243;,&#8220;file&#8220;:[{&#8222;ID&#8220;:&#8220;3788&#8243;,&#8220;ResourceGUID&#8220;:&#8220;A3782C76239475F5C125819F004C8459&#8243;,&#8220;Name&#8220;:&#8220;TP-06_04 Protihlukov\\u00e9 st\\u011bny pozemn\\u00edch komunikac\\u00ed (10-3).pdf&#8220;,&#8220;FileNameGUID&#8220;:&#8220;A3782C76239475F5C125819F004C8459_X09C8ACJ&#8220;,&#8220;Comment&#8220;:&#8220;&#8220;,&#8220;fileModel.Size&#8220;:&#8220;1342746&#8243;,&#8220;Create&#8220;:&#8220;17.08.2023 10:19:56&#8243;,&#8220;MimeType&#8220;:&#8220;application\\\/octet-stream&#8220;,&#8220;ZPSV_WEB&#8220;:&#8220;True&#8220;}]},{&#8222;DateCreate&#8220;:&#8220;&#8220;,&#8220;ID&#8220;:&#8220;1579&#8243;,&#8220;GUID&#8220;:&#8220;E793A9AED793B57DC12588B4002160DC&#8220;,&#8220;VYR_ID&#8220;:&#8220;738&#8243;,&#8220;VYR_Number&#8220;:&#8220;593691719502&#8243;,&#8220;VYR_ObchodniZnacka&#8220;:&#8220;VZX 502\\\/19&#8243;,&#8220;DocumentNumber&#8220;:&#8220;TP-06\\\/04 \\u017dPSV&#8220;,&#8220;Title&#8220;:&#8220;Protihlukov\\u00e9 st\\u011bny (S\\u017d)&#8220;,&#8220;IssueNumber&#8220;:&#8220;5&#8243;,&#8220;file&#8220;:[{&#8222;ID&#8220;:&#8220;3884&#8243;,&#8220;ResourceGUID&#8220;:&#8220;E793A9AED793B57DC12588B4002160DC&#8220;,&#8220;Name&#8220;:&#8220;TP-06_04 \\u017dPSV Protihlukov\\u00e9 st\\u011bny (3-5).pdf&#8220;,&#8220;FileNameGUID&#8220;:&#8220;E793A9AED793B57DC12588B4002160DC_3KOM0M31&#8243;,&#8220;Comment&#8220;:&#8220;&#8220;,&#8220;fileModel.Size&#8220;:&#8220;3234474&#8243;,&#8220;Create&#8220;:&#8220;17.08.2023 10:19:57&#8243;,&#8220;MimeType&#8220;:&#8220;application\\\/octet-stream&#8220;,&#8220;ZPSV_WEB&#8220;:&#8220;True&#8220;}]}]}}<\/p>","protected":false},"excerpt":{"rendered":"<p>{&#8222;DateCreate&#8220;:&#8220;30.01.2008 10:32:51&#8243;,&#8220;ID&#8220;:&#8220;738&#8243;,&#8220;GUID&#8220;:&#8220;FF6B6D7C69700E72C12573E000347279&#8243;,&#8220;Nazev&#8220;:&#8220;Zak\\u00e1zkov\\u00e1 v\\u00fdroba \\u017eelezobetonov\\u00fdch sloup\\u016f PHS 2 &#8211; 4.1 &#8211; [&hellip;]<\/p>","protected":false},"author":1,"featured_media":0,"parent":160762,"menu_order":0,"comment_status":"closed","ping_status":"closed","template":"layouts\/page-katalog.php","meta":{"footnotes":""},"_links":{"self":[{"href":"https:\/\/zpsv-cz.webvalleypreview.com\/en\/wp-json\/wp\/v2\/pages\/163114"}],"collection":[{"href":"https:\/\/zpsv-cz.webvalleypreview.com\/en\/wp-json\/wp\/v2\/pages"}],"about":[{"href":"https:\/\/zpsv-cz.webvalleypreview.com\/en\/wp-json\/wp\/v2\/types\/page"}],"author":[{"embeddable":true,"href":"https:\/\/zpsv-cz.webvalleypreview.com\/en\/wp-json\/wp\/v2\/users\/1"}],"replies":[{"embeddable":true,"href":"https:\/\/zpsv-cz.webvalleypreview.com\/en\/wp-json\/wp\/v2\/comments?post=163114"}],"version-history":[{"count":0,"href":"https:\/\/zpsv-cz.webvalleypreview.com\/en\/wp-json\/wp\/v2\/pages\/163114\/revisions"}],"up":[{"embeddable":true,"href":"https:\/\/zpsv-cz.webvalleypreview.com\/en\/wp-json\/wp\/v2\/pages\/160762"}],"wp:attachment":[{"href":"https:\/\/zpsv-cz.webvalleypreview.com\/en\/wp-json\/wp\/v2\/media?parent=163114"}],"curies":[{"name":"wp","href":"https:\/\/api.w.org\/{rel}","templated":true}]}}