{"id":163117,"date":"2024-05-23T13:38:17","date_gmt":"2024-05-23T11:38:17","guid":{"rendered":"https:\/\/zpsv-cz.webvalleypreview.com\/inzenyrske-stavby\/prvky-pro-odvodneni\/poklop-prikopovehop-zlabu-u-v\/"},"modified":"2024-05-23T13:38:17","modified_gmt":"2024-05-23T11:38:17","slug":"poklop-prikopovehop-zlabu-u-v","status":"publish","type":"page","link":"https:\/\/zpsv-cz.webvalleypreview.com\/en\/inzenyrske-stavby\/prvky-pro-odvodneni\/poklop-prikopovehop-zlabu-u-v\/","title":{"rendered":"Poklop p\u0159\u00edkopov\u00e9hop \u017elabu U-v"},"content":{"rendered":"<p>{&#8222;DateCreate&#8220;:&#8220;22.07.2009 10:01:03&#8243;,&#8220;ID&#8220;:&#8220;794&#8243;,&#8220;GUID&#8220;:&#8220;406F0B61081A933BC12575FB002C0AE3&#8243;,&#8220;Nazev&#8220;:&#8220;Poklop p\\u0159\\u00edkopov\\u00e9hop \\u017elabu U-v&#8220;,&#8220;Number&#8220;:&#8220;592271719208&#8243;,&#8220;ObchodniZnacka&#8220;:&#8220;TZM 208-19&#8243;,&#8220;Zavods&#8220;:&#8220;31 Doloplazy&#8220;,&#8220;VyrPopisCZ&#8220;:&#8220;&#8220;,&#8220;VyrPopisDE&#8220;:&#8220;&#8220;,&#8220;VyrPopisEN&#8220;:&#8220;&#8220;,&#8220;VyrUrceniAPouzitCZ&#8220;:&#8220;Pro zakryt\\u00ed p\\u0159\\u00edkopov\\u00e9ho \\u017elabu U, UCB a UCH. Pro zakryt\\u00ed 1 \\u017elabu je zapot\\u0159eb\\u00ed 8 poklop\\u016f.&#8220;,&#8220;VyrUrceniAPouzitDE&#8220;:&#8220;&#8220;,&#8220;VyrUrceniAPouzitEN&#8220;:&#8220;&#8220;,&#8220;VyrNazevCZ&#8220;:&#8220;Poklop p\\u0159\\u00edkopov\\u00e9ho \\u017elabu U-v&#8220;,&#8220;VyrNazevDE&#8220;:&#8220;&#8220;,&#8220;VyrNazevEN&#8220;:&#8220;&#8220;,&#8220;Beton&#8220;:&#8220;C 25\\\/30-XF1&#8243;,&#8220;ObjemPrvku&#8220;:&#8220;0,0134&#8243;,&#8220;HmotnostPrvku&#8220;:&#8220;31&#8243;,&#8220;L&#8220;:&#8220;30,9&#8243;,&#8220;B&#8220;:&#8220;56&#8243;,&#8220;H&#8220;:&#8220;8&#8243;,&#8220;T&#8220;:&#8220;&#8220;,&#8220;D&#8220;:&#8220;&#8220;,&#8220;R&#8220;:&#8220;&#8220;,&#8220;L_2&#8243;:&#8220;&#8220;,&#8220;B_2&#8243;:&#8220;&#8220;,&#8220;H_2&#8243;:&#8220;&#8220;,&#8220;T_2&#8243;:&#8220;&#8220;,&#8220;D_2&#8243;:&#8220;&#8220;,&#8220;R_2&#8243;:&#8220;&#8220;,&#8220;L_1&#8243;:&#8220;&#8220;,&#8220;B_1&#8243;:&#8220;&#8220;,&#8220;H_1&#8243;:&#8220;6&#8243;,&#8220;T_1&#8243;:&#8220;&#8220;,&#8220;D_1&#8243;:&#8220;&#8220;,&#8220;R_1&#8243;:&#8220;&#8220;,&#8220;KategorieName&#8220;:&#8220;Dopravn\\u00ed a in\\u017een\\u00fdrsk\\u00e9 stavby&#8220;,&#8220;PodkategorieName&#8220;:&#8220;Prvky pro odvodn\\u011bn\\u00ed&#8220;,&#8220;attachments&#8220;:{&#8222;designs&#8220;:[{&#8222;DateCreate&#8220;:&#8220;&#8220;,&#8220;ID&#8220;:&#8220;3040&#8243;,&#8220;GUID&#8220;:&#8220;61CB24A3E0F230E7C12575FB002CB54C&#8220;,&#8220;VYR_ID&#8220;:&#8220;794&#8243;,&#8220;VYR_Number&#8220;:&#8220;592271719208&#8243;,&#8220;VYR_ObchodniZnacka&#8220;:&#8220;TZM 208-19&#8243;,&#8220;DocumentNumber&#8220;:&#8220;592271719208&#8243;,&#8220;Title&#8220;:&#8220;Poklop p\\u0159\\u00edkopov\\u00e9ho \\u017elabu U-v&#8220;,&#8220;IssueNumber&#8220;:&#8220;1&#8243;,&#8220;ZPSV_R4_Vyk1_ZaLomitkem&#8220;:&#8220;\\\/1&#8243;,&#8220;file&#8220;:[]}],&#8220;tpd&#8220;:[{&#8222;DateCreate&#8220;:&#8220;&#8220;,&#8220;ID&#8220;:&#8220;1565&#8243;,&#8220;GUID&#8220;:&#8220;7857DA0714FE60D4C1257F1700335DCC&#8220;,&#8220;VYR_ID&#8220;:&#8220;794&#8243;,&#8220;VYR_Number&#8220;:&#8220;592271719208&#8243;,&#8220;VYR_ObchodniZnacka&#8220;:&#8220;TZM 208-19&#8243;,&#8220;DocumentNumber&#8220;:&#8220;TP-12\\\/15&#8243;,&#8220;Title&#8220;:&#8220;P\\u0159\\u00edkopov\\u00e9 \\u017elaby a poklopy (S\\u017dDC)&#8220;,&#8220;IssueNumber&#8220;:&#8220;1&#8243;,&#8220;file&#8220;:[{&#8222;ID&#8220;:&#8220;3734&#8243;,&#8220;ResourceGUID&#8220;:&#8220;7857DA0714FE60D4C1257F1700335DCC&#8220;,&#8220;Name&#8220;:&#8220;TP-12_15 P\\u0159\\u00edkopov\\u00e9 \\u017elaby a poklopy (1-1).pdf&#8220;,&#8220;FileNameGUID&#8220;:&#8220;7857DA0714FE60D4C1257F1700335DCC_JNVHWY55&#8243;,&#8220;Comment&#8220;:&#8220;&#8220;,&#8220;fileModel.Size&#8220;:&#8220;630170&#8243;,&#8220;Create&#8220;:&#8220;17.08.2023 10:19:55&#8243;,&#8220;MimeType&#8220;:&#8220;application\\\/octet-stream&#8220;,&#8220;ZPSV_WEB&#8220;:&#8220;True&#8220;}]}]}}<\/p>","protected":false},"excerpt":{"rendered":"<p>{&#8222;DateCreate&#8220;:&#8220;22.07.2009 10:01:03&#8243;,&#8220;ID&#8220;:&#8220;794&#8243;,&#8220;GUID&#8220;:&#8220;406F0B61081A933BC12575FB002C0AE3&#8243;,&#8220;Nazev&#8220;:&#8220;Poklop p\\u0159\\u00edkopov\\u00e9hop \\u017elabu U-v&#8220;,&#8220;Number&#8220;:&#8220;592271719208&#8243;,&#8220;ObchodniZnacka&#8220;:&#8220;TZM 208-19&#8243;,&#8220;Zavods&#8220;:&#8220;31 Doloplazy&#8220;,&#8220;VyrPopisCZ&#8220;:&#8220;&#8220;,&#8220;VyrPopisDE&#8220;:&#8220;&#8220;,&#8220;VyrPopisEN&#8220;:&#8220;&#8220;,&#8220;VyrUrceniAPouzitCZ&#8220;:&#8220;Pro zakryt\\u00ed p\\u0159\\u00edkopov\\u00e9ho \\u017elabu [&hellip;]<\/p>","protected":false},"author":1,"featured_media":0,"parent":160622,"menu_order":0,"comment_status":"closed","ping_status":"closed","template":"layouts\/page-katalog.php","meta":{"footnotes":""},"_links":{"self":[{"href":"https:\/\/zpsv-cz.webvalleypreview.com\/en\/wp-json\/wp\/v2\/pages\/163117"}],"collection":[{"href":"https:\/\/zpsv-cz.webvalleypreview.com\/en\/wp-json\/wp\/v2\/pages"}],"about":[{"href":"https:\/\/zpsv-cz.webvalleypreview.com\/en\/wp-json\/wp\/v2\/types\/page"}],"author":[{"embeddable":true,"href":"https:\/\/zpsv-cz.webvalleypreview.com\/en\/wp-json\/wp\/v2\/users\/1"}],"replies":[{"embeddable":true,"href":"https:\/\/zpsv-cz.webvalleypreview.com\/en\/wp-json\/wp\/v2\/comments?post=163117"}],"version-history":[{"count":0,"href":"https:\/\/zpsv-cz.webvalleypreview.com\/en\/wp-json\/wp\/v2\/pages\/163117\/revisions"}],"up":[{"embeddable":true,"href":"https:\/\/zpsv-cz.webvalleypreview.com\/en\/wp-json\/wp\/v2\/pages\/160622"}],"wp:attachment":[{"href":"https:\/\/zpsv-cz.webvalleypreview.com\/en\/wp-json\/wp\/v2\/media?parent=163117"}],"curies":[{"name":"wp","href":"https:\/\/api.w.org\/{rel}","templated":true}]}}