{"id":163118,"date":"2024-05-23T13:38:17","date_gmt":"2024-05-23T11:38:17","guid":{"rendered":"https:\/\/zpsv-cz.webvalleypreview.com\/produkty-pro-snizovani-hluku-a-vibraci\/protihlukove-steny-a-obklady\/zakazkova-vyroba-protihlukovych-panelu-silent-vv\/"},"modified":"2024-05-23T13:38:17","modified_gmt":"2024-05-23T11:38:17","slug":"zakazkova-vyroba-protihlukovych-panelu-silent-vv","status":"publish","type":"page","link":"https:\/\/zpsv-cz.webvalleypreview.com\/en\/produkty-pro-snizovani-hluku-a-vibraci\/protihlukove-steny-a-obklady\/zakazkova-vyroba-protihlukovych-panelu-silent-vv\/","title":{"rendered":"Zak\u00e1zkov\u00e1 v\u00fdroba protihlukov\u00fdch panel\u016f SILENT VV"},"content":{"rendered":"<p>{&#8222;DateCreate&#8220;:&#8220;12.08.2009 9:54:25&#8243;,&#8220;ID&#8220;:&#8220;795&#8243;,&#8220;GUID&#8220;:&#8220;2E7596435983FEDAC1257610002B6F6E&#8220;,&#8220;Nazev&#8220;:&#8220;Zak\\u00e1zkov\\u00e1 v\\u00fdroba protihlukov\\u00fdch panel\\u016f SILENT VV&#8220;,&#8220;Number&#8220;:&#8220;593891719271&#8243;,&#8220;ObchodniZnacka&#8220;:&#8220;IZX 271\\\/19&#8243;,&#8220;Zavods&#8220;:&#8220;07 \\u010cer\\u010dany&#8220;,&#8220;VyrPopisCZ&#8220;:&#8220;&#8220;,&#8220;VyrPopisDE&#8220;:&#8220;&#8220;,&#8220;VyrPopisEN&#8220;:&#8220;&#8220;,&#8220;VyrUrceniAPouzitCZ&#8220;:&#8220;Protihlukov\\u00e9 panely SILENT VV (velk\\u00e1 vlna) jsou sendvi\\u010dov\\u00e9 panelov\\u00e9 prefabrik\\u00e1ty. Pohltivou vrstvu protihlukov\\u00e9ho panelu celkov\\u00e9 tlou\\u0161\\u0165ky 200 mm tvo\\u0159\\u00ed vlnky 110mm vysok\\u00e9 s osov\\u00fdm rozp\\u011bt\\u00edm 125mm. Je vyrobena z mezerovit\\u00e9ho drobnozrnn\\u00e9ho betonu. Pohltiv\\u00e1 vrstva m\\u016f\\u017ee b\\u00fdt probarvena v z\\u00e1kladn\\u00edch barv\\u00e1ch a jejich odst\\u00ednech. Protihlukov\\u00e9 panely SILENT VV jsou konstruov\\u00e1ny pro hodnotu zvukov\\u00e9 pohltivosti  A3 dle \\u010cSN EN 1793 \\u2013 1 a zvukov\\u00e9 nepr\\u016fzvu\\u010dnosti B 3 dle \\u010cSN EN 1793 \\u2013 2 a jako p\\u0159edsazen\\u00e9 p\\u0159ed sloupky pro hodnotu zvukov\\u00e9 pohltivosti  A4 dle \\u010cSN EN 1793 \\u2013 1 a zvukov\\u00e9 nepr\\u016fzvu\\u010dnosti B 3 dle \\u010cSN EN 1793 \\u2013 2.&#8220;,&#8220;VyrUrceniAPouzitDE&#8220;:&#8220;&#8220;,&#8220;VyrUrceniAPouzitEN&#8220;:&#8220;&#8220;,&#8220;VyrNazevCZ&#8220;:&#8220;Zak\\u00e1zkov\\u00e1 v\\u00fdroba protihlukov\\u00fdch panel\\u016f SILENT VV\\u00ae&#8220;,&#8220;VyrNazevDE&#8220;:&#8220;&#8220;,&#8220;VyrNazevEN&#8220;:&#8220;&#8220;,&#8220;Beton&#8220;:&#8220;C 30\\\/37-XF4&#8243;,&#8220;ObjemPrvku&#8220;:&#8220;&#8220;,&#8220;HmotnostPrvku&#8220;:&#8220;&#8220;,&#8220;L&#8220;:&#8220;395, 595&#8243;,&#8220;B&#8220;:&#8220;31, 33&#8243;,&#8220;H&#8220;:&#8220;50-310&#8243;,&#8220;T&#8220;:&#8220;&#8220;,&#8220;D&#8220;:&#8220;&#8220;,&#8220;R&#8220;:&#8220;&#8220;,&#8220;L_2&#8243;:&#8220;&#8220;,&#8220;B_2&#8243;:&#8220;&#8220;,&#8220;H_2&#8243;:&#8220;&#8220;,&#8220;T_2&#8243;:&#8220;&#8220;,&#8220;D_2&#8243;:&#8220;&#8220;,&#8220;R_2&#8243;:&#8220;&#8220;,&#8220;L_1&#8243;:&#8220;&#8220;,&#8220;B_1&#8243;:&#8220;11, 13&#8243;,&#8220;H_1&#8243;:&#8220;&#8220;,&#8220;T_1&#8243;:&#8220;&#8220;,&#8220;D_1&#8243;:&#8220;&#8220;,&#8220;R_1&#8243;:&#8220;&#8220;,&#8220;KategorieName&#8220;:&#8220;Dopravn\\u00ed a in\\u017een\\u00fdrsk\\u00e9 stavby&#8220;,&#8220;PodkategorieName&#8220;:&#8220;Protihlukov\\u00e9 st\\u011bny a obklady&#8220;,&#8220;attachments&#8220;:{&#8222;designs&#8220;:[{&#8222;DateCreate&#8220;:&#8220;&#8220;,&#8220;ID&#8220;:&#8220;3409&#8243;,&#8220;GUID&#8220;:&#8220;6B0FEADDE7B0B369C125761000325187&#8243;,&#8220;VYR_ID&#8220;:&#8220;795&#8243;,&#8220;VYR_Number&#8220;:&#8220;593891719271&#8243;,&#8220;VYR_ObchodniZnacka&#8220;:&#8220;IZX 271\\\/19&#8243;,&#8220;DocumentNumber&#8220;:&#8220;593891719271&#8243;,&#8220;Title&#8220;:&#8220;ZV protihlukov\\u00fdch panel\\u016f SILENT VV a SILENT VV &#8211; EC&#8220;,&#8220;IssueNumber&#8220;:&#8220;1&#8243;,&#8220;ZPSV_R4_Vyk1_ZaLomitkem&#8220;:&#8220;\\\/1&#8243;,&#8220;file&#8220;:[]}],&#8220;ps&#8220;:[{&#8222;DateCreate&#8220;:&#8220;01.03.2024 11:41:53&#8243;,&#8220;ID&#8220;:&#8220;197&#8243;,&#8220;GUID&#8220;:&#8220;1c70a09b-505f-4923-8ff3-3e5b86a748fe&#8220;,&#8220;VYR_ID&#8220;:&#8220;795&#8243;,&#8220;VYR_Number&#8220;:&#8220;593891719271&#8243;,&#8220;VYR_ObchodniZnacka&#8220;:&#8220;IZX 271\\\/19&#8243;,&#8220;Number&#8220;:&#8220;61-05\\\/24&#8243;,&#8220;Nazev&#8220;:&#8220;Betonov\\u00e9 prefabrikovan\\u00e9 prvky PHS pro \\u017eelezni\\u010dn\\u00ed aplikace&#8220;,&#8220;DatePlatnostDo&#8220;:&#8220;21.10.2024 0:00:00&#8243;,&#8220;ZavodName&#8220;:&#8220;61 Uhersk\\u00fd Ostroh&#8220;,&#8220;file&#8220;:[{&#8222;ID&#8220;:&#8220;13739&#8243;,&#8220;ResourceGUID&#8220;:&#8220;1c70a09b-505f-4923-8ff3-3e5b86a748fe&#8220;,&#8220;Name&#8220;:&#8220;1 &#8211; POS 61-05-24.pdf&#8220;,&#8220;FileNameGUID&#8220;:&#8220;c589def7-0517-4b2e-9e16-0df1183f03f7&#8243;,&#8220;Comment&#8220;:&#8220;&#8220;,&#8220;fileModel.Size&#8220;:&#8220;77684&#8243;,&#8220;Create&#8220;:&#8220;01.03.2024 11:51:09&#8243;,&#8220;MimeType&#8220;:&#8220;application\\\/pdf&#8220;,&#8220;ZPSV_WEB&#8220;:&#8220;True&#8220;}]}],&#8220;tpd&#8220;:[{&#8222;DateCreate&#8220;:&#8220;&#8220;,&#8220;ID&#8220;:&#8220;1512&#8243;,&#8220;GUID&#8220;:&#8220;A3782C76239475F5C125819F004C8459&#8243;,&#8220;VYR_ID&#8220;:&#8220;795&#8243;,&#8220;VYR_Number&#8220;:&#8220;593891719271&#8243;,&#8220;VYR_ObchodniZnacka&#8220;:&#8220;IZX 271\\\/19&#8243;,&#8220;DocumentNumber&#8220;:&#8220;TP-06\\\/04&#8243;,&#8220;Title&#8220;:&#8220;Protihlukov\\u00e9 st\\u011bny pozemn\\u00edch komunikac\\u00ed&#8220;,&#8220;IssueNumber&#8220;:&#8220;10&#8243;,&#8220;file&#8220;:[{&#8222;ID&#8220;:&#8220;3788&#8243;,&#8220;ResourceGUID&#8220;:&#8220;A3782C76239475F5C125819F004C8459&#8243;,&#8220;Name&#8220;:&#8220;TP-06_04 Protihlukov\\u00e9 st\\u011bny pozemn\\u00edch komunikac\\u00ed (10-3).pdf&#8220;,&#8220;FileNameGUID&#8220;:&#8220;A3782C76239475F5C125819F004C8459_X09C8ACJ&#8220;,&#8220;Comment&#8220;:&#8220;&#8220;,&#8220;fileModel.Size&#8220;:&#8220;1342746&#8243;,&#8220;Create&#8220;:&#8220;17.08.2023 10:19:56&#8243;,&#8220;MimeType&#8220;:&#8220;application\\\/octet-stream&#8220;,&#8220;ZPSV_WEB&#8220;:&#8220;True&#8220;}]},{&#8222;DateCreate&#8220;:&#8220;&#8220;,&#8220;ID&#8220;:&#8220;1579&#8243;,&#8220;GUID&#8220;:&#8220;E793A9AED793B57DC12588B4002160DC&#8220;,&#8220;VYR_ID&#8220;:&#8220;795&#8243;,&#8220;VYR_Number&#8220;:&#8220;593891719271&#8243;,&#8220;VYR_ObchodniZnacka&#8220;:&#8220;IZX 271\\\/19&#8243;,&#8220;DocumentNumber&#8220;:&#8220;TP-06\\\/04 \\u017dPSV&#8220;,&#8220;Title&#8220;:&#8220;Protihlukov\\u00e9 st\\u011bny (S\\u017d)&#8220;,&#8220;IssueNumber&#8220;:&#8220;5&#8243;,&#8220;file&#8220;:[{&#8222;ID&#8220;:&#8220;3884&#8243;,&#8220;ResourceGUID&#8220;:&#8220;E793A9AED793B57DC12588B4002160DC&#8220;,&#8220;Name&#8220;:&#8220;TP-06_04 \\u017dPSV Protihlukov\\u00e9 st\\u011bny (3-5).pdf&#8220;,&#8220;FileNameGUID&#8220;:&#8220;E793A9AED793B57DC12588B4002160DC_3KOM0M31&#8243;,&#8220;Comment&#8220;:&#8220;&#8220;,&#8220;fileModel.Size&#8220;:&#8220;3234474&#8243;,&#8220;Create&#8220;:&#8220;17.08.2023 10:19:57&#8243;,&#8220;MimeType&#8220;:&#8220;application\\\/octet-stream&#8220;,&#8220;ZPSV_WEB&#8220;:&#8220;True&#8220;}]}]}}<\/p>","protected":false},"excerpt":{"rendered":"<p>{&#8222;DateCreate&#8220;:&#8220;12.08.2009 9:54:25&#8243;,&#8220;ID&#8220;:&#8220;795&#8243;,&#8220;GUID&#8220;:&#8220;2E7596435983FEDAC1257610002B6F6E&#8220;,&#8220;Nazev&#8220;:&#8220;Zak\\u00e1zkov\\u00e1 v\\u00fdroba protihlukov\\u00fdch panel\\u016f SILENT VV&#8220;,&#8220;Number&#8220;:&#8220;593891719271&#8243;,&#8220;ObchodniZnacka&#8220;:&#8220;IZX 271\\\/19&#8243;,&#8220;Zavods&#8220;:&#8220;07 \\u010cer\\u010dany&#8220;,&#8220;VyrPopisCZ&#8220;:&#8220;&#8220;,&#8220;VyrPopisDE&#8220;:&#8220;&#8220;,&#8220;VyrPopisEN&#8220;:&#8220;&#8220;,&#8220;VyrUrceniAPouzitCZ&#8220;:&#8220;Protihlukov\\u00e9 panely [&hellip;]<\/p>","protected":false},"author":1,"featured_media":0,"parent":160762,"menu_order":0,"comment_status":"closed","ping_status":"closed","template":"layouts\/page-katalog.php","meta":{"footnotes":""},"_links":{"self":[{"href":"https:\/\/zpsv-cz.webvalleypreview.com\/en\/wp-json\/wp\/v2\/pages\/163118"}],"collection":[{"href":"https:\/\/zpsv-cz.webvalleypreview.com\/en\/wp-json\/wp\/v2\/pages"}],"about":[{"href":"https:\/\/zpsv-cz.webvalleypreview.com\/en\/wp-json\/wp\/v2\/types\/page"}],"author":[{"embeddable":true,"href":"https:\/\/zpsv-cz.webvalleypreview.com\/en\/wp-json\/wp\/v2\/users\/1"}],"replies":[{"embeddable":true,"href":"https:\/\/zpsv-cz.webvalleypreview.com\/en\/wp-json\/wp\/v2\/comments?post=163118"}],"version-history":[{"count":0,"href":"https:\/\/zpsv-cz.webvalleypreview.com\/en\/wp-json\/wp\/v2\/pages\/163118\/revisions"}],"up":[{"embeddable":true,"href":"https:\/\/zpsv-cz.webvalleypreview.com\/en\/wp-json\/wp\/v2\/pages\/160762"}],"wp:attachment":[{"href":"https:\/\/zpsv-cz.webvalleypreview.com\/en\/wp-json\/wp\/v2\/media?parent=163118"}],"curies":[{"name":"wp","href":"https:\/\/api.w.org\/{rel}","templated":true}]}}