{"id":163120,"date":"2024-05-23T13:38:17","date_gmt":"2024-05-23T11:38:17","guid":{"rendered":"https:\/\/zpsv-cz.webvalleypreview.com\/pozemni-stavby\/sloupy-tramy-vazniky-pruvlaky-steny-stropni-panely-schodiste-balkony-lodzie-zaklady\/zakazkova-vyroba-tramu-pruvlaku-a-ztuzidel\/"},"modified":"2024-05-23T13:38:17","modified_gmt":"2024-05-23T11:38:17","slug":"zakazkova-vyroba-tramu-pruvlaku-a-ztuzidel","status":"publish","type":"page","link":"https:\/\/zpsv-cz.webvalleypreview.com\/en\/pozemni-stavby\/sloupy-tramy-vazniky-pruvlaky-steny-stropni-panely-schodiste-balkony-lodzie-zaklady\/zakazkova-vyroba-tramu-pruvlaku-a-ztuzidel\/","title":{"rendered":"Zak\u00e1zkov\u00e1 v\u00fdroba tr\u00e1m\u016f; pr\u016fvlak\u016f a ztu\u017eidel"},"content":{"rendered":"<p>{&#8222;DateCreate&#8220;:&#8220;10.09.2009 12:35:52&#8243;,&#8220;ID&#8220;:&#8220;810&#8243;,&#8220;GUID&#8220;:&#8220;2214943E145157ECC125762D003A3771&#8243;,&#8220;Nazev&#8220;:&#8220;Zak\\u00e1zkov\\u00e1 v\\u00fdroba tr\\u00e1m\\u016f; pr\\u016fvlak\\u016f a ztu\\u017eidel&#8220;,&#8220;Number&#8220;:&#8220;000000000012&#8243;,&#8220;ObchodniZnacka&#8220;:&#8220;ZV 012&#8243;,&#8220;Zavods&#8220;:&#8220;07 \\u010cer\\u010dany&#8220;,&#8220;VyrPopisCZ&#8220;:&#8220;&#8220;,&#8220;VyrPopisDE&#8220;:&#8220;&#8220;,&#8220;VyrPopisEN&#8220;:&#8220;&#8220;,&#8220;VyrUrceniAPouzitCZ&#8220;:&#8220;Nosn\\u00e9 ty\\u010dov\\u00e9 d\\u00edlce, kter\\u00e9 spolu se svisl\\u00fdmi prvky vytv\\u00e1\\u0159\\u00ed z\\u00e1kladn\\u00ed osnovu skeletov\\u00e9ho syst\\u00e9mu. Ulo\\u017een\\u00ed a tvar d\\u00edlc\\u016f lze variabiln\\u011b p\\u0159izp\\u016fsobit jeho po\\u017eadovan\\u00fdm funkc\\u00edm. Pohledov\\u00e9 plochy jsou vyr\\u00e1b\\u011bny, aby spl\\u0148ovaly n\\u00e1ro\\u010dn\\u00e9 po\\u017eadavky na fin\\u00e1ln\\u00ed \\u00fapravu povrchu.&#8220;,&#8220;VyrUrceniAPouzitDE&#8220;:&#8220;&#8220;,&#8220;VyrUrceniAPouzitEN&#8220;:&#8220;Bearing bar components that make, together with vertical elements, a base structure of the skeletal system. Component placing and shape can be freely accomodated to its required functionality. Face areas are made to fulfil demanding requirements for the final surface finish.&#8220;,&#8220;VyrNazevCZ&#8220;:&#8220;Zak\\u00e1zkov\\u00e1 v\\u00fdroba tr\\u00e1m\\u016f pr\\u016fvlak\\u016f a ztu\\u017eidel&#8220;,&#8220;VyrNazevDE&#8220;:&#8220;&#8220;,&#8220;VyrNazevEN&#8220;:&#8220;Custom manufacturing of beams, girders and bracings&#8220;,&#8220;Beton&#8220;:&#8220;&#8220;,&#8220;ObjemPrvku&#8220;:&#8220;&#8220;,&#8220;HmotnostPrvku&#8220;:&#8220;max 32 000 &#8211; 70 000&#8243;,&#8220;L&#8220;:&#8220;max 2600 &#8211; 3000&#8243;,&#8220;B&#8220;:&#8220;max 100 &#8211; 120&#8243;,&#8220;H&#8220;:&#8220;max 120 &#8211; 220&#8243;,&#8220;T&#8220;:&#8220;&#8220;,&#8220;D&#8220;:&#8220;&#8220;,&#8220;R&#8220;:&#8220;&#8220;,&#8220;L_2&#8243;:&#8220;&#8220;,&#8220;B_2&#8243;:&#8220;&#8220;,&#8220;H_2&#8243;:&#8220;&#8220;,&#8220;T_2&#8243;:&#8220;&#8220;,&#8220;D_2&#8243;:&#8220;&#8220;,&#8220;R_2&#8243;:&#8220;&#8220;,&#8220;L_1&#8243;:&#8220;&#8220;,&#8220;B_1&#8243;:&#8220;&#8220;,&#8220;H_1&#8243;:&#8220;&#8220;,&#8220;T_1&#8243;:&#8220;&#8220;,&#8220;D_1&#8243;:&#8220;&#8220;,&#8220;R_1&#8243;:&#8220;&#8220;,&#8220;KategorieName&#8220;:&#8220;Ob\\u010dansk\\u00e9 a pr\\u016fmyslov\\u00e9 stavby&#8220;,&#8220;PodkategorieName&#8220;:&#8220;Sloupy, tr\\u00e1my, vazn\\u00edky, pr\\u016fvlaky, st\\u011bny, stropn\\u00ed panely, schodi\\u0161t\\u011b, balkony, lod\\u017eie, z\\u00e1klady&#8220;,&#8220;attachments&#8220;:{&#8222;tpd&#8220;:[{&#8222;DateCreate&#8220;:&#8220;&#8220;,&#8220;ID&#8220;:&#8220;1546&#8243;,&#8220;GUID&#8220;:&#8220;F590EDD98226E96DC1257E91003D91BB&#8220;,&#8220;VYR_ID&#8220;:&#8220;810&#8243;,&#8220;VYR_Number&#8220;:&#8220;000000000012&#8243;,&#8220;VYR_ObchodniZnacka&#8220;:&#8220;ZV 012&#8243;,&#8220;DocumentNumber&#8220;:&#8220;VTP 00-02\\\/11&#8243;,&#8220;Title&#8220;:&#8220;V\\u0161eobecn\\u00e9 technick\\u00e9 po\\u017eadavky&#8220;,&#8220;IssueNumber&#8220;:&#8220;1&#8243;,&#8220;file&#8220;:[{&#8222;ID&#8220;:&#8220;3893&#8243;,&#8220;ResourceGUID&#8220;:&#8220;F590EDD98226E96DC1257E91003D91BB&#8220;,&#8220;Name&#8220;:&#8220;VTP 00-02_11 V\\u0161eobecn\\u00e9 technick\\u00e9 po\\u017eadavky (3-2).pdf&#8220;,&#8220;FileNameGUID&#8220;:&#8220;F590EDD98226E96DC1257E91003D91BB_B6LRW1S3&#8243;,&#8220;Comment&#8220;:&#8220;&#8220;,&#8220;fileModel.Size&#8220;:&#8220;538123&#8243;,&#8220;Create&#8220;:&#8220;17.08.2023 10:19:57&#8243;,&#8220;MimeType&#8220;:&#8220;application\\\/octet-stream&#8220;,&#8220;ZPSV_WEB&#8220;:&#8220;True&#8220;}]}]}}<\/p>","protected":false},"excerpt":{"rendered":"<p>{&#8222;DateCreate&#8220;:&#8220;10.09.2009 12:35:52&#8243;,&#8220;ID&#8220;:&#8220;810&#8243;,&#8220;GUID&#8220;:&#8220;2214943E145157ECC125762D003A3771&#8243;,&#8220;Nazev&#8220;:&#8220;Zak\\u00e1zkov\\u00e1 v\\u00fdroba tr\\u00e1m\\u016f; pr\\u016fvlak\\u016f a ztu\\u017eidel&#8220;,&#8220;Number&#8220;:&#8220;000000000012&#8243;,&#8220;ObchodniZnacka&#8220;:&#8220;ZV 012&#8243;,&#8220;Zavods&#8220;:&#8220;07 \\u010cer\\u010dany&#8220;,&#8220;VyrPopisCZ&#8220;:&#8220;&#8220;,&#8220;VyrPopisDE&#8220;:&#8220;&#8220;,&#8220;VyrPopisEN&#8220;:&#8220;&#8220;,&#8220;VyrUrceniAPouzitCZ&#8220;:&#8220;Nosn\\u00e9 ty\\u010dov\\u00e9 [&hellip;]<\/p>","protected":false},"author":1,"featured_media":0,"parent":160656,"menu_order":0,"comment_status":"closed","ping_status":"closed","template":"layouts\/page-katalog.php","meta":{"footnotes":""},"_links":{"self":[{"href":"https:\/\/zpsv-cz.webvalleypreview.com\/en\/wp-json\/wp\/v2\/pages\/163120"}],"collection":[{"href":"https:\/\/zpsv-cz.webvalleypreview.com\/en\/wp-json\/wp\/v2\/pages"}],"about":[{"href":"https:\/\/zpsv-cz.webvalleypreview.com\/en\/wp-json\/wp\/v2\/types\/page"}],"author":[{"embeddable":true,"href":"https:\/\/zpsv-cz.webvalleypreview.com\/en\/wp-json\/wp\/v2\/users\/1"}],"replies":[{"embeddable":true,"href":"https:\/\/zpsv-cz.webvalleypreview.com\/en\/wp-json\/wp\/v2\/comments?post=163120"}],"version-history":[{"count":0,"href":"https:\/\/zpsv-cz.webvalleypreview.com\/en\/wp-json\/wp\/v2\/pages\/163120\/revisions"}],"up":[{"embeddable":true,"href":"https:\/\/zpsv-cz.webvalleypreview.com\/en\/wp-json\/wp\/v2\/pages\/160656"}],"wp:attachment":[{"href":"https:\/\/zpsv-cz.webvalleypreview.com\/en\/wp-json\/wp\/v2\/media?parent=163120"}],"curies":[{"name":"wp","href":"https:\/\/api.w.org\/{rel}","templated":true}]}}