{"id":163125,"date":"2024-05-23T13:38:17","date_gmt":"2024-05-23T11:38:17","guid":{"rendered":"https:\/\/zpsv-cz.webvalleypreview.com\/kolejove-dopravni-stavby\/nastupiste\/nastupistni-dlazebni-deska\/"},"modified":"2024-05-23T13:38:17","modified_gmt":"2024-05-23T11:38:17","slug":"nastupistni-dlazebni-deska","status":"publish","type":"page","link":"https:\/\/zpsv-cz.webvalleypreview.com\/en\/kolejove-dopravni-stavby\/nastupiste\/nastupistni-dlazebni-deska\/","title":{"rendered":"N\u00e1stupi\u0161tn\u00ed dla\u017eebn\u00ed deska"},"content":{"rendered":"<p>{&#8222;DateCreate&#8220;:&#8220;15.01.2013 10:26:51&#8243;,&#8220;ID&#8220;:&#8220;849&#8243;,&#8220;GUID&#8220;:&#8220;2E4EFDEE7C2EE325C1257AF40033E5E1&#8243;,&#8220;Nazev&#8220;:&#8220;N\\u00e1stupi\\u0161tn\\u00ed dla\\u017eebn\\u00ed deska&#8220;,&#8220;Number&#8220;:&#8220;592469719113&#8243;,&#8220;ObchodniZnacka&#8220;:&#8220;HBB 113-19&#8243;,&#8220;Zavods&#8220;:&#8220;31 Doloplazy&#8220;,&#8220;VyrPopisCZ&#8220;:&#8220;&#8220;,&#8220;VyrPopisDE&#8220;:&#8220;&#8220;,&#8220;VyrPopisEN&#8220;:&#8220;&#8220;,&#8220;VyrUrceniAPouzitCZ&#8220;:&#8220;Je ur\\u010dena pro vrchn\\u00ed stavbu n\\u00e1stupi\\u0161\\u0165 v \\u017eelezni\\u010dn\\u00edch zast\\u00e1vk\\u00e1ch a stanic\\u00edch, p\\u0159edev\\u0161\\u00edm v kombinaci s n\\u00e1stupi\\u0161tn\\u00ed hranou H130, dla\\u017eebn\\u00ed desky mus\\u00ed b\\u00fdt ukl\\u00e1d\\u00e1ny celoplo\\u0161n\\u011b na \\u0159\\u00e1dn\\u011b zhutn\\u011bnou spodn\\u00ed stavbu do jemn\\u00e9 \\u0161t\\u011brkodrt\\u011b. Integrovan\\u00e1 vod\\u00edc\\u00ed linie s funkc\\u00ed varovn\\u00e9ho p\\u00e1su (VLsVP) je zvl\\u00e1\\u0161tn\\u00ed forma um\\u011bl\\u00e9 vod\\u00edc\\u00ed linie, kter\\u00e1 odd\\u011bluje bezpe\\u010dnostn\\u00ed p\\u00e1s od ostatn\\u00ed plochy n\\u00e1stupi\\u0161t\\u011b. Zjednodu\\u0161uje, zp\\u0159es\\u0148uje a zrychluje v\\u00fdstavbu n\\u00e1stupi\\u0161\\u0165. \\rVelkoplo\\u0161n\\u00e9 dla\\u017eebn\\u00ed desky lze s v\\u00fdhodou pou\\u017e\\u00edt jak pro mimo\\u00farov\\u0148ov\\u00e1 nebo ostrovn\\u00ed n\\u00e1stupi\\u0161t\\u011b v\\u00fd\\u0161ky 550 mm, tak pro \\u00farov\\u0148ov\\u00e1 n\\u00e1stupi\\u0161t\\u011b men\\u0161\\u00edch v\\u00fd\\u0161ek. Manipulace s deskou se prov\\u00e1d\\u00ed z\\u00e1vitov\\u00fdm z\\u00e1v\\u011bsem upevn\\u011bn\\u00fdm v t\\u011b\\u017ei\\u0161ti desky. Po osazen\\u00ed desky je z\\u00e1vitov\\u00e9 pouzdro zaslepeno \\u0161roubem s v\\u00e1lcovou hlavou.&#8220;,&#8220;VyrUrceniAPouzitDE&#8220;:&#8220;&#8220;,&#8220;VyrUrceniAPouzitEN&#8220;:&#8220;&#8220;,&#8220;VyrNazevCZ&#8220;:&#8220;N\\u00e1stupi\\u0161tn\\u00ed dla\\u017eebn\\u00ed deska&#8220;,&#8220;VyrNazevDE&#8220;:&#8220;&#8220;,&#8220;VyrNazevEN&#8220;:&#8220;&#8220;,&#8220;Beton&#8220;:&#8220;C 30\\\/37-XF4&#8243;,&#8220;ObjemPrvku&#8220;:&#8220;0,07925&#8243;,&#8220;HmotnostPrvku&#8220;:&#8220;186&#8243;,&#8220;L&#8220;:&#8220;99,7&#8243;,&#8220;B&#8220;:&#8220;99,7&#8243;,&#8220;H&#8220;:&#8220;8&#8243;,&#8220;T&#8220;:&#8220;&#8220;,&#8220;D&#8220;:&#8220;&#8220;,&#8220;R&#8220;:&#8220;&#8220;,&#8220;L_2&#8243;:&#8220;&#8220;,&#8220;B_2&#8243;:&#8220;&#8220;,&#8220;H_2&#8243;:&#8220;&#8220;,&#8220;T_2&#8243;:&#8220;&#8220;,&#8220;D_2&#8243;:&#8220;&#8220;,&#8220;R_2&#8243;:&#8220;&#8220;,&#8220;L_1&#8243;:&#8220;&#8220;,&#8220;B_1&#8243;:&#8220;&#8220;,&#8220;H_1&#8243;:&#8220;&#8220;,&#8220;T_1&#8243;:&#8220;&#8220;,&#8220;D_1&#8243;:&#8220;&#8220;,&#8220;R_1&#8243;:&#8220;&#8220;,&#8220;KategorieName&#8220;:&#8220;Dopravn\\u00ed a in\\u017een\\u00fdrsk\\u00e9 stavby&#8220;,&#8220;PodkategorieName&#8220;:&#8220;N\\u00e1stupi\\u0161t\\u011b&#8220;,&#8220;attachments&#8220;:{&#8222;designs&#8220;:[{&#8222;DateCreate&#8220;:&#8220;&#8220;,&#8220;ID&#8220;:&#8220;2717&#8243;,&#8220;GUID&#8220;:&#8220;728E00F167555190C1257AF400371913&#8243;,&#8220;VYR_ID&#8220;:&#8220;849&#8243;,&#8220;VYR_Number&#8220;:&#8220;592469719113&#8243;,&#8220;VYR_ObchodniZnacka&#8220;:&#8220;HBB 113-19&#8243;,&#8220;DocumentNumber&#8220;:&#8220;592469719113&#8243;,&#8220;Title&#8220;:&#8220;N\\u00e1stupi\\u0161tn\\u00ed dla\\u017eebn\\u00ed deska&#8220;,&#8220;IssueNumber&#8220;:&#8220;1&#8243;,&#8220;ZPSV_R4_Vyk1_ZaLomitkem&#8220;:&#8220;\\\/1-1&#8243;,&#8220;file&#8220;:[]},{&#8222;DateCreate&#8220;:&#8220;&#8220;,&#8220;ID&#8220;:&#8220;2753&#8243;,&#8220;GUID&#8220;:&#8220;56ED1A6BFD618E11C1257B010029F96D&#8220;,&#8220;VYR_ID&#8220;:&#8220;849&#8243;,&#8220;VYR_Number&#8220;:&#8220;592469719113&#8243;,&#8220;VYR_ObchodniZnacka&#8220;:&#8220;HBB 113-19&#8243;,&#8220;DocumentNumber&#8220;:&#8220;592469719113&#8243;,&#8220;Title&#8220;:&#8220;N\\u00e1stupi\\u0161tn\\u00ed dla\\u017eebn\\u00ed deska&#8220;,&#8220;IssueNumber&#8220;:&#8220;1&#8243;,&#8220;ZPSV_R4_Vyk1_ZaLomitkem&#8220;:&#8220;\\\/2-1&#8243;,&#8220;file&#8220;:[]}],&#8220;tpd&#8220;:[{&#8222;DateCreate&#8220;:&#8220;&#8220;,&#8220;ID&#8220;:&#8220;1507&#8243;,&#8220;GUID&#8220;:&#8220;8D4FCA7AE25DB191C1257D240044F572&#8243;,&#8220;VYR_ID&#8220;:&#8220;849&#8243;,&#8220;VYR_Number&#8220;:&#8220;592469719113&#8243;,&#8220;VYR_ObchodniZnacka&#8220;:&#8220;HBB 113-19&#8243;,&#8220;DocumentNumber&#8220;:&#8220;TP-02\\\/13&#8243;,&#8220;Title&#8220;:&#8220;Prefabrik\\u00e1ty pro n\\u00e1stupi\\u0161t\\u011b vyr\\u00e1b\\u011bn\\u00e9 spole\\u010dnosti \\u017dPSV a.s. (\\u017dSR)&#8220;,&#8220;IssueNumber&#8220;:&#8220;2&#8243;,&#8220;file&#8220;:[{&#8222;ID&#8220;:&#8220;3770&#8243;,&#8220;ResourceGUID&#8220;:&#8220;8D4FCA7AE25DB191C1257D240044F572&#8243;,&#8220;Name&#8220;:&#8220;TP-02_13 N\\u00e1stupi\\u0161tn\\u00ed prefabrik\\u00e1ty  \\u017dPSV (2-1).pdf&#8220;,&#8220;FileNameGUID&#8220;:&#8220;8D4FCA7AE25DB191C1257D240044F572_OHEWCIQS&#8220;,&#8220;Comment&#8220;:&#8220;&#8220;,&#8220;fileModel.Size&#8220;:&#8220;1410813&#8243;,&#8220;Create&#8220;:&#8220;17.08.2023 10:19:56&#8243;,&#8220;MimeType&#8220;:&#8220;application\\\/octet-stream&#8220;,&#8220;ZPSV_WEB&#8220;:&#8220;True&#8220;}]},{&#8222;DateCreate&#8220;:&#8220;&#8220;,&#8220;ID&#8220;:&#8220;1548&#8243;,&#8220;GUID&#8220;:&#8220;CBD0C9C2745DCFF3C1257E90001C7CD3&#8243;,&#8220;VYR_ID&#8220;:&#8220;849&#8243;,&#8220;VYR_Number&#8220;:&#8220;592469719113&#8243;,&#8220;VYR_ObchodniZnacka&#8220;:&#8220;HBB 113-19&#8243;,&#8220;DocumentNumber&#8220;:&#8220;TP-06\\\/05&#8243;,&#8220;Title&#8220;:&#8220;Betonov\\u00e9 obrubn\\u00edky, dla\\u017eebn\\u00ed desky a bloky &#8222;,&#8220;IssueNumber&#8220;:&#8220;3&#8243;,&#8220;file&#8220;:[{&#8222;ID&#8220;:&#8220;3856&#8243;,&#8220;ResourceGUID&#8220;:&#8220;CBD0C9C2745DCFF3C1257E90001C7CD3&#8243;,&#8220;Name&#8220;:&#8220;TP-06_05 Betonov\\u00e9 obrubn\\u00edky_ dla\\u017eebn\\u00ed desky a bloky (3-2).pdf&#8220;,&#8220;FileNameGUID&#8220;:&#8220;CBD0C9C2745DCFF3C1257E90001C7CD3_7KNMUQ64&#8243;,&#8220;Comment&#8220;:&#8220;&#8220;,&#8220;fileModel.Size&#8220;:&#8220;564747&#8243;,&#8220;Create&#8220;:&#8220;17.08.2023 10:19:56&#8243;,&#8220;MimeType&#8220;:&#8220;application\\\/octet-stream&#8220;,&#8220;ZPSV_WEB&#8220;:&#8220;True&#8220;}]}]}}<\/p>","protected":false},"excerpt":{"rendered":"<p>{&#8222;DateCreate&#8220;:&#8220;15.01.2013 10:26:51&#8243;,&#8220;ID&#8220;:&#8220;849&#8243;,&#8220;GUID&#8220;:&#8220;2E4EFDEE7C2EE325C1257AF40033E5E1&#8243;,&#8220;Nazev&#8220;:&#8220;N\\u00e1stupi\\u0161tn\\u00ed dla\\u017eebn\\u00ed deska&#8220;,&#8220;Number&#8220;:&#8220;592469719113&#8243;,&#8220;ObchodniZnacka&#8220;:&#8220;HBB 113-19&#8243;,&#8220;Zavods&#8220;:&#8220;31 Doloplazy&#8220;,&#8220;VyrPopisCZ&#8220;:&#8220;&#8220;,&#8220;VyrPopisDE&#8220;:&#8220;&#8220;,&#8220;VyrPopisEN&#8220;:&#8220;&#8220;,&#8220;VyrUrceniAPouzitCZ&#8220;:&#8220;Je ur\\u010dena pro vrchn\\u00ed stavbu [&hellip;]<\/p>","protected":false},"author":1,"featured_media":0,"parent":160625,"menu_order":0,"comment_status":"closed","ping_status":"closed","template":"layouts\/page-katalog.php","meta":{"footnotes":""},"_links":{"self":[{"href":"https:\/\/zpsv-cz.webvalleypreview.com\/en\/wp-json\/wp\/v2\/pages\/163125"}],"collection":[{"href":"https:\/\/zpsv-cz.webvalleypreview.com\/en\/wp-json\/wp\/v2\/pages"}],"about":[{"href":"https:\/\/zpsv-cz.webvalleypreview.com\/en\/wp-json\/wp\/v2\/types\/page"}],"author":[{"embeddable":true,"href":"https:\/\/zpsv-cz.webvalleypreview.com\/en\/wp-json\/wp\/v2\/users\/1"}],"replies":[{"embeddable":true,"href":"https:\/\/zpsv-cz.webvalleypreview.com\/en\/wp-json\/wp\/v2\/comments?post=163125"}],"version-history":[{"count":0,"href":"https:\/\/zpsv-cz.webvalleypreview.com\/en\/wp-json\/wp\/v2\/pages\/163125\/revisions"}],"up":[{"embeddable":true,"href":"https:\/\/zpsv-cz.webvalleypreview.com\/en\/wp-json\/wp\/v2\/pages\/160625"}],"wp:attachment":[{"href":"https:\/\/zpsv-cz.webvalleypreview.com\/en\/wp-json\/wp\/v2\/media?parent=163125"}],"curies":[{"name":"wp","href":"https:\/\/api.w.org\/{rel}","templated":true}]}}