{"id":163128,"date":"2024-05-23T13:38:18","date_gmt":"2024-05-23T11:38:18","guid":{"rendered":"https:\/\/zpsv-cz.webvalleypreview.com\/produkty-pro-snizovani-hluku-a-vibraci\/protihlukove-steny-a-obklady\/zakazkova-vyroba-protihlukoveho-panelu-silent-t-24\/"},"modified":"2024-05-23T13:38:18","modified_gmt":"2024-05-23T11:38:18","slug":"zakazkova-vyroba-protihlukoveho-panelu-silent-t-24","status":"publish","type":"page","link":"https:\/\/zpsv-cz.webvalleypreview.com\/en\/produkty-pro-snizovani-hluku-a-vibraci\/protihlukove-steny-a-obklady\/zakazkova-vyroba-protihlukoveho-panelu-silent-t-24\/","title":{"rendered":"Zak\u00e1zkov\u00e1 v\u00fdroba protihlukov\u00e9ho panelu SILENT T 24"},"content":{"rendered":"<p>{&#8222;DateCreate&#8220;:&#8220;02.04.2013 7:00:47&#8243;,&#8220;ID&#8220;:&#8220;866&#8243;,&#8220;GUID&#8220;:&#8220;3C65973C1EE79B03C1257B41001B89FC&#8220;,&#8220;Nazev&#8220;:&#8220;Zak\\u00e1zkov\\u00e1 v\\u00fdroba protihlukov\\u00e9ho panelu SILENT T 24&#8243;,&#8220;Number&#8220;:&#8220;593891719320&#8243;,&#8220;ObchodniZnacka&#8220;:&#8220;IZX 320\\\/19&#8243;,&#8220;Zavods&#8220;:&#8220;41 Litice&#8220;,&#8220;VyrPopisCZ&#8220;:&#8220;&#8220;,&#8220;VyrPopisDE&#8220;:&#8220;&#8220;,&#8220;VyrPopisEN&#8220;:&#8220;&#8220;,&#8220;VyrUrceniAPouzitCZ&#8220;:&#8220;Protihlukov\\u00fd panel SILENT T 24 Li je panel z kategorie pohltiv\\u00fdch, kde pohltivou vrstvu tvo\\u0159\\u00ed drobnozrnn\\u00fd mezerovit\\u00fd beton ve tvaru trap\\u00e9zu. V\\u00fd\\u0161ka trap\\u00e9zov\\u00e9 vlny je 40mm, celkov\\u00e1 tlou\\u0161\\u0165ka pohltiv\\u00e9 vrstvy je 130 mm. Pohltiv\\u00e1 vrstva je tvo\\u0159ena drcen\\u00fdm kamenivem frakce 2\\\/4 mm a m\\u016f\\u017ee b\\u00fdt probarvena. Nosnou \\u010d\\u00e1st panelu tvo\\u0159\\u00ed \\u017eelezobetonov\\u00e1 deska tl 110 nebo 130 mm. Manipulace je prov\\u00e1d\\u011bna pomoc\\u00ed dvou z\\u00e1vitov\\u00fdch manipula\\u010dn\\u00edch \\u00fachyt\\u016f. Protihlukov\\u00e9 panely SILENT T jsou konstruov\\u00e1ny pro hodnotu zvukov\\u00e9 pohltivosti A3 dle \\u010cSN EN 1793-1 a zvukov\\u00e9 nepr\\u016fzvu\\u010dnosti B3 dle \\u010cSN EN 1793-2.&#8220;,&#8220;VyrUrceniAPouzitDE&#8220;:&#8220;&#8220;,&#8220;VyrUrceniAPouzitEN&#8220;:&#8220;&#8220;,&#8220;VyrNazevCZ&#8220;:&#8220;Zak\\u00e1zkov\\u00e1 v\\u00fdroba protihlukov\\u00e9ho panelu SILENT T\\u00ae 24 Li&#8220;,&#8220;VyrNazevDE&#8220;:&#8220;&#8220;,&#8220;VyrNazevEN&#8220;:&#8220;&#8220;,&#8220;Beton&#8220;:&#8220;C 30\\\/37 &#8211; XF 4&#8243;,&#8220;ObjemPrvku&#8220;:&#8220;&#8220;,&#8220;HmotnostPrvku&#8220;:&#8220;&#8220;,&#8220;L&#8220;:&#8220;395, 595&#8243;,&#8220;B&#8220;:&#8220;24, 26&#8243;,&#8220;H&#8220;:&#8220;50-310&#8243;,&#8220;T&#8220;:&#8220;&#8220;,&#8220;D&#8220;:&#8220;&#8220;,&#8220;R&#8220;:&#8220;&#8220;,&#8220;L_2&#8243;:&#8220;&#8220;,&#8220;B_2&#8243;:&#8220;&#8220;,&#8220;H_2&#8243;:&#8220;&#8220;,&#8220;T_2&#8243;:&#8220;&#8220;,&#8220;D_2&#8243;:&#8220;&#8220;,&#8220;R_2&#8243;:&#8220;&#8220;,&#8220;L_1&#8243;:&#8220;&#8220;,&#8220;B_1&#8243;:&#8220;11, 13&#8243;,&#8220;H_1&#8243;:&#8220;&#8220;,&#8220;T_1&#8243;:&#8220;&#8220;,&#8220;D_1&#8243;:&#8220;&#8220;,&#8220;R_1&#8243;:&#8220;&#8220;,&#8220;KategorieName&#8220;:&#8220;Dopravn\\u00ed a in\\u017een\\u00fdrsk\\u00e9 stavby&#8220;,&#8220;PodkategorieName&#8220;:&#8220;Protihlukov\\u00e9 st\\u011bny a obklady&#8220;,&#8220;attachments&#8220;:{&#8222;tpd&#8220;:[{&#8222;DateCreate&#8220;:&#8220;&#8220;,&#8220;ID&#8220;:&#8220;1512&#8243;,&#8220;GUID&#8220;:&#8220;A3782C76239475F5C125819F004C8459&#8243;,&#8220;VYR_ID&#8220;:&#8220;866&#8243;,&#8220;VYR_Number&#8220;:&#8220;593891719320&#8243;,&#8220;VYR_ObchodniZnacka&#8220;:&#8220;IZX 320\\\/19&#8243;,&#8220;DocumentNumber&#8220;:&#8220;TP-06\\\/04&#8243;,&#8220;Title&#8220;:&#8220;Protihlukov\\u00e9 st\\u011bny pozemn\\u00edch komunikac\\u00ed&#8220;,&#8220;IssueNumber&#8220;:&#8220;10&#8243;,&#8220;file&#8220;:[{&#8222;ID&#8220;:&#8220;3788&#8243;,&#8220;ResourceGUID&#8220;:&#8220;A3782C76239475F5C125819F004C8459&#8243;,&#8220;Name&#8220;:&#8220;TP-06_04 Protihlukov\\u00e9 st\\u011bny pozemn\\u00edch komunikac\\u00ed (10-3).pdf&#8220;,&#8220;FileNameGUID&#8220;:&#8220;A3782C76239475F5C125819F004C8459_X09C8ACJ&#8220;,&#8220;Comment&#8220;:&#8220;&#8220;,&#8220;fileModel.Size&#8220;:&#8220;1342746&#8243;,&#8220;Create&#8220;:&#8220;17.08.2023 10:19:56&#8243;,&#8220;MimeType&#8220;:&#8220;application\\\/octet-stream&#8220;,&#8220;ZPSV_WEB&#8220;:&#8220;True&#8220;}]},{&#8222;DateCreate&#8220;:&#8220;&#8220;,&#8220;ID&#8220;:&#8220;1579&#8243;,&#8220;GUID&#8220;:&#8220;E793A9AED793B57DC12588B4002160DC&#8220;,&#8220;VYR_ID&#8220;:&#8220;866&#8243;,&#8220;VYR_Number&#8220;:&#8220;593891719320&#8243;,&#8220;VYR_ObchodniZnacka&#8220;:&#8220;IZX 320\\\/19&#8243;,&#8220;DocumentNumber&#8220;:&#8220;TP-06\\\/04 \\u017dPSV&#8220;,&#8220;Title&#8220;:&#8220;Protihlukov\\u00e9 st\\u011bny (S\\u017d)&#8220;,&#8220;IssueNumber&#8220;:&#8220;5&#8243;,&#8220;file&#8220;:[{&#8222;ID&#8220;:&#8220;3884&#8243;,&#8220;ResourceGUID&#8220;:&#8220;E793A9AED793B57DC12588B4002160DC&#8220;,&#8220;Name&#8220;:&#8220;TP-06_04 \\u017dPSV Protihlukov\\u00e9 st\\u011bny (3-5).pdf&#8220;,&#8220;FileNameGUID&#8220;:&#8220;E793A9AED793B57DC12588B4002160DC_3KOM0M31&#8243;,&#8220;Comment&#8220;:&#8220;&#8220;,&#8220;fileModel.Size&#8220;:&#8220;3234474&#8243;,&#8220;Create&#8220;:&#8220;17.08.2023 10:19:57&#8243;,&#8220;MimeType&#8220;:&#8220;application\\\/octet-stream&#8220;,&#8220;ZPSV_WEB&#8220;:&#8220;True&#8220;}]}]}}<\/p>","protected":false},"excerpt":{"rendered":"<p>{&#8222;DateCreate&#8220;:&#8220;02.04.2013 7:00:47&#8243;,&#8220;ID&#8220;:&#8220;866&#8243;,&#8220;GUID&#8220;:&#8220;3C65973C1EE79B03C1257B41001B89FC&#8220;,&#8220;Nazev&#8220;:&#8220;Zak\\u00e1zkov\\u00e1 v\\u00fdroba protihlukov\\u00e9ho panelu SILENT T 24&#8243;,&#8220;Number&#8220;:&#8220;593891719320&#8243;,&#8220;ObchodniZnacka&#8220;:&#8220;IZX 320\\\/19&#8243;,&#8220;Zavods&#8220;:&#8220;41 Litice&#8220;,&#8220;VyrPopisCZ&#8220;:&#8220;&#8220;,&#8220;VyrPopisDE&#8220;:&#8220;&#8220;,&#8220;VyrPopisEN&#8220;:&#8220;&#8220;,&#8220;VyrUrceniAPouzitCZ&#8220;:&#8220;Protihlukov\\u00fd [&hellip;]<\/p>","protected":false},"author":1,"featured_media":0,"parent":160762,"menu_order":0,"comment_status":"closed","ping_status":"closed","template":"layouts\/page-katalog.php","meta":{"footnotes":""},"_links":{"self":[{"href":"https:\/\/zpsv-cz.webvalleypreview.com\/en\/wp-json\/wp\/v2\/pages\/163128"}],"collection":[{"href":"https:\/\/zpsv-cz.webvalleypreview.com\/en\/wp-json\/wp\/v2\/pages"}],"about":[{"href":"https:\/\/zpsv-cz.webvalleypreview.com\/en\/wp-json\/wp\/v2\/types\/page"}],"author":[{"embeddable":true,"href":"https:\/\/zpsv-cz.webvalleypreview.com\/en\/wp-json\/wp\/v2\/users\/1"}],"replies":[{"embeddable":true,"href":"https:\/\/zpsv-cz.webvalleypreview.com\/en\/wp-json\/wp\/v2\/comments?post=163128"}],"version-history":[{"count":0,"href":"https:\/\/zpsv-cz.webvalleypreview.com\/en\/wp-json\/wp\/v2\/pages\/163128\/revisions"}],"up":[{"embeddable":true,"href":"https:\/\/zpsv-cz.webvalleypreview.com\/en\/wp-json\/wp\/v2\/pages\/160762"}],"wp:attachment":[{"href":"https:\/\/zpsv-cz.webvalleypreview.com\/en\/wp-json\/wp\/v2\/media?parent=163128"}],"curies":[{"name":"wp","href":"https:\/\/api.w.org\/{rel}","templated":true}]}}