{"id":163129,"date":"2024-05-23T13:38:18","date_gmt":"2024-05-23T11:38:18","guid":{"rendered":"https:\/\/zpsv-cz.webvalleypreview.com\/pozemni-stavby\/sloupy-tramy-vazniky-pruvlaky-steny-stropni-panely-schodiste-balkony-lodzie-zaklady\/zakazkova-vyroba-stropnich-desek-a-panelu\/"},"modified":"2024-05-23T13:38:18","modified_gmt":"2024-05-23T11:38:18","slug":"zakazkova-vyroba-stropnich-desek-a-panelu","status":"publish","type":"page","link":"https:\/\/zpsv-cz.webvalleypreview.com\/en\/pozemni-stavby\/sloupy-tramy-vazniky-pruvlaky-steny-stropni-panely-schodiste-balkony-lodzie-zaklady\/zakazkova-vyroba-stropnich-desek-a-panelu\/","title":{"rendered":"Zak\u00e1zkov\u00e1 v\u00fdroba stropn\u00edch desek a panel\u016f"},"content":{"rendered":"<p>{&#8222;DateCreate&#8220;:&#8220;10.09.2009 11:53:30&#8243;,&#8220;ID&#8220;:&#8220;867&#8243;,&#8220;GUID&#8220;:&#8220;7B8E3B3DDDA19398C125762D0036566F&#8220;,&#8220;Nazev&#8220;:&#8220;Zak\\u00e1zkov\\u00e1 v\\u00fdroba stropn\\u00edch desek a panel\\u016f&#8220;,&#8220;Number&#8220;:&#8220;000000000005&#8243;,&#8220;ObchodniZnacka&#8220;:&#8220;ZV 005&#8243;,&#8220;Zavods&#8220;:&#8220;07 \\u010cer\\u010dany&#8220;,&#8220;VyrPopisCZ&#8220;:&#8220;&#8220;,&#8220;VyrPopisDE&#8220;:&#8220;&#8220;,&#8220;VyrPopisEN&#8220;:&#8220;&#8220;,&#8220;VyrUrceniAPouzitCZ&#8220;:&#8220;* &#8211; dle projektov\\u00e9 dokumentace, bez omezen\\u00ed\\r\\r\\u017delezobetonov\\u00e9 deskov\\u00e9 d\\u00edlce pro vytv\\u00e1\\u0159en\\u00ed stropn\\u00edch konstrukc\\u00ed bytov\\u00fdch a ob\\u010dansk\\u00fdch staveb. Vyr\\u00e1b\\u011bj\\u00ed se v n\\u00e1ro\\u010dn\\u00fdch tvarech s prostupy a navrhuj\\u00ed se zejm\\u00e9na tam, kde nelze um\\u00edstit s\\u00e9riov\\u011b vyr\\u00e1b\\u011bn\\u00e9 stropn\\u00ed panely. D\\u00edlce jsou opat\\u0159eny kotevn\\u00edmi prvky pro kvalitn\\u00ed vz\\u00e1jemn\\u00e9 propojen\\u00ed. Do panel\\u016f se zabudov\\u00e1vaj\\u00ed veden\\u00ed pro ulo\\u017een\\u00ed elektroinstalac\\u00ed.&#8220;,&#8220;VyrUrceniAPouzitDE&#8220;:&#8220;&#8220;,&#8220;VyrUrceniAPouzitEN&#8220;:&#8220;Iron-concrete plate blocks for making flooring structures of appartment and civil constructions. They are made in complex shapes with passages and proposed mainly where no mass made flooring panels can be used. Blocks are equipped with anchor elements for quality interconnection. Conduct for electrical wirings is built in the panels.&#8220;,&#8220;VyrNazevCZ&#8220;:&#8220;Zak\\u00e1zkov\\u00e1 v\\u00fdroba stropn\\u00edch desek a panel\\u016f&#8220;,&#8220;VyrNazevDE&#8220;:&#8220;&#8220;,&#8220;VyrNazevEN&#8220;:&#8220;Custom manufacturing of flooring plates and panels&#8220;,&#8220;Beton&#8220;:&#8220;&#8220;,&#8220;ObjemPrvku&#8220;:&#8220;&#8220;,&#8220;HmotnostPrvku&#8220;:&#8220;max 20 000 &#8211; 40 000&#8243;,&#8220;L&#8220;:&#8220;max 700 &#8211; 1200&#8243;,&#8220;B&#8220;:&#8220;max 350 &#8211; 380&#8243;,&#8220;H&#8220;:&#8220;*&#8220;,&#8220;T&#8220;:&#8220;&#8220;,&#8220;D&#8220;:&#8220;&#8220;,&#8220;R&#8220;:&#8220;&#8220;,&#8220;L_2&#8243;:&#8220;&#8220;,&#8220;B_2&#8243;:&#8220;&#8220;,&#8220;H_2&#8243;:&#8220;&#8220;,&#8220;T_2&#8243;:&#8220;&#8220;,&#8220;D_2&#8243;:&#8220;&#8220;,&#8220;R_2&#8243;:&#8220;&#8220;,&#8220;L_1&#8243;:&#8220;&#8220;,&#8220;B_1&#8243;:&#8220;&#8220;,&#8220;H_1&#8243;:&#8220;&#8220;,&#8220;T_1&#8243;:&#8220;&#8220;,&#8220;D_1&#8243;:&#8220;&#8220;,&#8220;R_1&#8243;:&#8220;&#8220;,&#8220;KategorieName&#8220;:&#8220;Ob\\u010dansk\\u00e9 a pr\\u016fmyslov\\u00e9 stavby&#8220;,&#8220;PodkategorieName&#8220;:&#8220;Sloupy, tr\\u00e1my, vazn\\u00edky, pr\\u016fvlaky, st\\u011bny, stropn\\u00ed panely, schodi\\u0161t\\u011b, balkony, lod\\u017eie, z\\u00e1klady&#8220;,&#8220;attachments&#8220;:{&#8222;ps&#8220;:[{&#8222;DateCreate&#8220;:&#8220;22.02.2023 10:02:12&#8243;,&#8220;ID&#8220;:&#8220;52&#8243;,&#8220;GUID&#8220;:&#8220;D30C0C5C2A479BD7C125895E0031A40F&#8220;,&#8220;VYR_ID&#8220;:&#8220;867&#8243;,&#8220;VYR_Number&#8220;:&#8220;000000000005&#8243;,&#8220;VYR_ObchodniZnacka&#8220;:&#8220;ZV 005&#8243;,&#8220;Number&#8220;:&#8220;41-03\\\/23&#8243;,&#8220;Nazev&#8220;:&#8220;\\u017dB prefabrikovan\\u00e9 stropn\\u00ed desky pln\\u00e9&#8243;,&#8220;DatePlatnostDo&#8220;:&#8220;08.02.2024 0:00:00&#8243;,&#8220;ZavodName&#8220;:&#8220;41 Litice&#8220;,&#8220;file&#8220;:[{&#8222;ID&#8220;:&#8220;12942&#8243;,&#8220;ResourceGUID&#8220;:&#8220;D30C0C5C2A479BD7C125895E0031A40F&#8220;,&#8220;Name&#8220;:&#8220;1 &#8211; POS 41-03-23.pdf&#8220;,&#8220;FileNameGUID&#8220;:&#8220;D30C0C5C2A479BD7C125895E0031A40F_RQZCPIHW&#8220;,&#8220;Comment&#8220;:&#8220;&#8220;,&#8220;fileModel.Size&#8220;:&#8220;72989&#8243;,&#8220;Create&#8220;:&#8220;22.11.2023 7:52:16&#8243;,&#8220;MimeType&#8220;:&#8220;application\\\/octet-stream&#8220;,&#8220;ZPSV_WEB&#8220;:&#8220;True&#8220;}]},{&#8222;DateCreate&#8220;:&#8220;22.03.2024 13:51:17&#8243;,&#8220;ID&#8220;:&#8220;222&#8243;,&#8220;GUID&#8220;:&#8220;d085e9a7-fa75-4c89-afd9-5c9dbabae7a7&#8243;,&#8220;VYR_ID&#8220;:&#8220;867&#8243;,&#8220;VYR_Number&#8220;:&#8220;000000000005&#8243;,&#8220;VYR_ObchodniZnacka&#8220;:&#8220;ZV 005&#8243;,&#8220;Number&#8220;:&#8220;41-03\\\/24&#8243;,&#8220;Nazev&#8220;:&#8220;\\u017dB prefabrikovan\\u00e9 stropn\\u00ed desky pln\\u00e9&#8243;,&#8220;DatePlatnostDo&#8220;:&#8220;26.02.2025 0:00:00&#8243;,&#8220;ZavodName&#8220;:&#8220;41 Litice&#8220;,&#8220;file&#8220;:[{&#8222;ID&#8220;:&#8220;13970&#8243;,&#8220;ResourceGUID&#8220;:&#8220;d085e9a7-fa75-4c89-afd9-5c9dbabae7a7&#8243;,&#8220;Name&#8220;:&#8220;1 &#8211; POS 41-03-24.pdf&#8220;,&#8220;FileNameGUID&#8220;:&#8220;4bb23f36-45d2-41fb-9d01-7dd9be2464d5&#8243;,&#8220;Comment&#8220;:&#8220;&#8220;,&#8220;fileModel.Size&#8220;:&#8220;421017&#8243;,&#8220;Create&#8220;:&#8220;22.03.2024 13:53:17&#8243;,&#8220;MimeType&#8220;:&#8220;application\\\/pdf&#8220;,&#8220;ZPSV_WEB&#8220;:&#8220;True&#8220;}]}],&#8220;tpd&#8220;:[{&#8222;DateCreate&#8220;:&#8220;&#8220;,&#8220;ID&#8220;:&#8220;1546&#8243;,&#8220;GUID&#8220;:&#8220;F590EDD98226E96DC1257E91003D91BB&#8220;,&#8220;VYR_ID&#8220;:&#8220;867&#8243;,&#8220;VYR_Number&#8220;:&#8220;000000000005&#8243;,&#8220;VYR_ObchodniZnacka&#8220;:&#8220;ZV 005&#8243;,&#8220;DocumentNumber&#8220;:&#8220;VTP 00-02\\\/11&#8243;,&#8220;Title&#8220;:&#8220;V\\u0161eobecn\\u00e9 technick\\u00e9 po\\u017eadavky&#8220;,&#8220;IssueNumber&#8220;:&#8220;1&#8243;,&#8220;file&#8220;:[{&#8222;ID&#8220;:&#8220;3893&#8243;,&#8220;ResourceGUID&#8220;:&#8220;F590EDD98226E96DC1257E91003D91BB&#8220;,&#8220;Name&#8220;:&#8220;VTP 00-02_11 V\\u0161eobecn\\u00e9 technick\\u00e9 po\\u017eadavky (3-2).pdf&#8220;,&#8220;FileNameGUID&#8220;:&#8220;F590EDD98226E96DC1257E91003D91BB_B6LRW1S3&#8243;,&#8220;Comment&#8220;:&#8220;&#8220;,&#8220;fileModel.Size&#8220;:&#8220;538123&#8243;,&#8220;Create&#8220;:&#8220;17.08.2023 10:19:57&#8243;,&#8220;MimeType&#8220;:&#8220;application\\\/octet-stream&#8220;,&#8220;ZPSV_WEB&#8220;:&#8220;True&#8220;}]}]}}<\/p>","protected":false},"excerpt":{"rendered":"<p>{&#8222;DateCreate&#8220;:&#8220;10.09.2009 11:53:30&#8243;,&#8220;ID&#8220;:&#8220;867&#8243;,&#8220;GUID&#8220;:&#8220;7B8E3B3DDDA19398C125762D0036566F&#8220;,&#8220;Nazev&#8220;:&#8220;Zak\\u00e1zkov\\u00e1 v\\u00fdroba stropn\\u00edch desek a panel\\u016f&#8220;,&#8220;Number&#8220;:&#8220;000000000005&#8243;,&#8220;ObchodniZnacka&#8220;:&#8220;ZV 005&#8243;,&#8220;Zavods&#8220;:&#8220;07 \\u010cer\\u010dany&#8220;,&#8220;VyrPopisCZ&#8220;:&#8220;&#8220;,&#8220;VyrPopisDE&#8220;:&#8220;&#8220;,&#8220;VyrPopisEN&#8220;:&#8220;&#8220;,&#8220;VyrUrceniAPouzitCZ&#8220;:&#8220;* &#8211; [&hellip;]<\/p>","protected":false},"author":1,"featured_media":0,"parent":160656,"menu_order":0,"comment_status":"closed","ping_status":"closed","template":"layouts\/page-katalog.php","meta":{"footnotes":""},"_links":{"self":[{"href":"https:\/\/zpsv-cz.webvalleypreview.com\/en\/wp-json\/wp\/v2\/pages\/163129"}],"collection":[{"href":"https:\/\/zpsv-cz.webvalleypreview.com\/en\/wp-json\/wp\/v2\/pages"}],"about":[{"href":"https:\/\/zpsv-cz.webvalleypreview.com\/en\/wp-json\/wp\/v2\/types\/page"}],"author":[{"embeddable":true,"href":"https:\/\/zpsv-cz.webvalleypreview.com\/en\/wp-json\/wp\/v2\/users\/1"}],"replies":[{"embeddable":true,"href":"https:\/\/zpsv-cz.webvalleypreview.com\/en\/wp-json\/wp\/v2\/comments?post=163129"}],"version-history":[{"count":0,"href":"https:\/\/zpsv-cz.webvalleypreview.com\/en\/wp-json\/wp\/v2\/pages\/163129\/revisions"}],"up":[{"embeddable":true,"href":"https:\/\/zpsv-cz.webvalleypreview.com\/en\/wp-json\/wp\/v2\/pages\/160656"}],"wp:attachment":[{"href":"https:\/\/zpsv-cz.webvalleypreview.com\/en\/wp-json\/wp\/v2\/media?parent=163129"}],"curies":[{"name":"wp","href":"https:\/\/api.w.org\/{rel}","templated":true}]}}