{"id":163130,"date":"2024-05-23T13:38:18","date_gmt":"2024-05-23T11:38:18","guid":{"rendered":"https:\/\/zpsv-cz.webvalleypreview.com\/kolejove-dopravni-stavby\/kolejnicove-podpory\/kolejova-deska-obb-porr-zakladni\/"},"modified":"2024-05-23T13:38:18","modified_gmt":"2024-05-23T11:38:18","slug":"kolejova-deska-obb-porr-zakladni","status":"publish","type":"page","link":"https:\/\/zpsv-cz.webvalleypreview.com\/en\/kolejove-dopravni-stavby\/kolejnicove-podpory\/kolejova-deska-obb-porr-zakladni\/","title":{"rendered":"Kolejov\u00e1 deska \u00d6BB-PORR z\u00e1kladn\u00ed"},"content":{"rendered":"<p>{&#8222;DateCreate&#8220;:&#8220;14.10.2009 9:23:27&#8243;,&#8220;ID&#8220;:&#8220;870&#8243;,&#8220;GUID&#8220;:&#8220;3D5810F77018125DC125764F00289969&#8243;,&#8220;Nazev&#8220;:&#8220;Kolejov\\u00e1 deska \\u00d6BB-PORR z\\u00e1kladn\\u00ed&#8220;,&#8220;Number&#8220;:&#8220;592111719030&#8243;,&#8220;ObchodniZnacka&#8220;:&#8220;AZP 030-19&#8243;,&#8220;Zavods&#8220;:&#8220;61 Uhersk\\u00fd Ostroh&#8220;,&#8220;VyrPopisCZ&#8220;:&#8220;&#8220;,&#8220;VyrPopisDE&#8220;:&#8220;&#8220;,&#8220;VyrPopisEN&#8220;:&#8220;&#8220;,&#8220;VyrUrceniAPouzitCZ&#8220;:&#8220;\\u017delezobetonov\\u00e1 nosn\\u00e1 kolejov\\u00e1 deska typu PORR s pru\\u017en\\u00fdm bezpodkladnicov\\u00fdm upevn\\u011bn\\u00edm kolejnic syst\\u00e9m Vossloh 300 -1 je ur\\u010dena pro zabudov\\u00e1n\\u00ed do trat\\u00ed pevn\\u00e9 j\\u00edzdn\\u00ed dr\\u00e1hy syst\\u00e9mu \\u00d6BB-PORR u \\u017eelezni\\u010dn\\u00edch drah v majetku \\u010cesk\\u00e9 republiky, se kter\\u00fdmi m\\u00e1 pr\\u00e1vo hospoda\\u0159it Spr\\u00e1va \\u017eeleznic, st\\u00e1tn\\u00ed organizace (d\\u00e1le jen \\u017eelezni\\u010dn\\u00edch drah \\u010cR).\\r\\rPopis konstrukce:\\rHlavn\\u00edm konstruk\\u010dn\\u00edm prvkem syst\\u00e9mu je pru\\u017en\\u011b ulo\\u017een\\u00e1 nosn\\u00e1 kolejov\\u00e1 deska. Syst\\u00e9m nosn\\u00fdch kolejov\\u00fdch panel\\u016f \\u00d6BB-PORR vych\\u00e1z\\u00ed z 5,16 m dlouh\\u00fdch, nep\\u0159edpjat\\u011b vyztu\\u017een\\u00fdch \\u017eelezobetonov\\u00fdch desek (prefabrik\\u00e1t\\u016f). Desky obsahuj\\u00ed 8 p\\u00e1r\\u016f integrovan\\u00fdch kolejov\\u00fdch podpor typu Vossloh 300-1 v osov\\u00e9 vzd\\u00e1lenosti 65 cm.\\rSpodn\\u00ed plocha panelu (desky) i st\\u011bny k\\u00f3nick\\u00fdch otvor\\u016f trap\\u00e9zov\\u00e9ho pr\\u016f\\u0159ezu slou\\u017e\\u00edc\\u00ed k zalit\\u00ed betonem jsou k zaji\\u0161t\\u011bn\\u00ed autonomnosti panelu pokryty d\\u011blic\\u00ed elastickou vrstvou. Tato vrstva zp\\u016fsobuje sn\\u00ed\\u017een\\u00ed intenzity vibrac\\u00ed p\\u0159en\\u00e1\\u0161en\\u00fdch do podkladov\\u00fdch vrstev (tlumen\\u00ed chv\\u011bn\\u00ed \\u0161\\u00ed\\u0159\\u00edc\\u00edho se pevn\\u00fdm materi\\u00e1lem).\\r\\rPou\\u017eit\\u00ed:\\rNosn\\u00e1 kolejov\\u00e1 deska je ur\\u010dena pro zabetonov\\u00e1n\\u00ed do syst\\u00e9mu pevn\\u00e9 j\\u00edzdn\\u00ed dr\\u00e1hy \\u00d6BB-PORR pro v\\u0161echna rychlostn\\u00ed p\\u00e1sma dle \\u010cSN 73 6360-2:2007.\\r\\rPozn\\u00e1maka:\\rKonkr\\u00e9tn\\u00ed rozm\\u011bry m\\u016f\\u017eou b\\u00fdt modifikov\\u00e1ny dle projektu.\\rPouze zak\\u00e1zkov\\u00e1 v\\u00fdroba se souhlasem firmy \\u00d6BB-PORR.&#8220;,&#8220;VyrUrceniAPouzitDE&#8220;:&#8220;&#8220;,&#8220;VyrUrceniAPouzitEN&#8220;:&#8220;Reinforced concrete load-bearing rail plate type PORR with flexible baseless rail fastening system Vossloh 300 -1 is designed for installation in the tracks of the fixed track of the \\u00d6BB-PORR system on railways owned by the Czech Republic, which has the right to manage Spr\\u00e1va \\u017eeleznic, st\\u00e1tn\\u00ed organizace.\\r\\rConstruction description:\\rThe main structural element of the system is a resiliently mounted supporting rail plate. The \\u00d6BB-PORR load-bearing rail system is based on 5.16 m long, non-prestressed reinforced concrete slabs (prefabricated). The boards contain 8 pairs of integrated rail supports of the Vossloh 300-1 type at an axial distance of 65 cm.\\rThe lower surface of the panel (board) and the walls of the conical holes of trapezoidal cross-section used for pouring concrete are covered with a separating elastic layer to ensure the autonomy of the panel. This layer causes a reduction in the intensity of vibrations transmitted to the underlying layers (damping of vibrations propagating through the solid material).\\r\\rUse:\\rThe supporting rail plate is intended for concreting into the \\u00d6BB-PORR fixed track system for all speed bands according to \\u010cSN 73 6360-2: 2007.\\r\\rNotes:\\rSpecific dimensions can be modified according to the project.\\rOnly custom production with the consent of \\u00d6BB-PORR.&#8220;,&#8220;VyrNazevCZ&#8220;:&#8220;Kolejov\\u00e1 deska \\u00d6BB-PORR z\\u00e1kladn\\u00ed&#8220;,&#8220;VyrNazevDE&#8220;:&#8220;&#8220;,&#8220;VyrNazevEN&#8220;:&#8220;Rolling plate \\u00d6BB-PORR basic&#8220;,&#8220;Beton&#8220;:&#8220;C 30\\\/37-XC3, XF3&#8243;,&#8220;ObjemPrvku&#8220;:&#8220;1,99&#8243;,&#8220;HmotnostPrvku&#8220;:&#8220;4953&#8243;,&#8220;L&#8220;:&#8220;516&#8243;,&#8220;B&#8220;:&#8220;240&#8243;,&#8220;H&#8220;:&#8220;16&#8243;,&#8220;T&#8220;:&#8220;&#8220;,&#8220;D&#8220;:&#8220;&#8220;,&#8220;R&#8220;:&#8220;&#8220;,&#8220;L_2&#8243;:&#8220;&#8220;,&#8220;B_2&#8243;:&#8220;&#8220;,&#8220;H_2&#8243;:&#8220;&#8220;,&#8220;T_2&#8243;:&#8220;&#8220;,&#8220;D_2&#8243;:&#8220;&#8220;,&#8220;R_2&#8243;:&#8220;&#8220;,&#8220;L_1&#8243;:&#8220;&#8220;,&#8220;B_1&#8243;:&#8220;&#8220;,&#8220;H_1&#8243;:&#8220;23,5&#8243;,&#8220;T_1&#8243;:&#8220;&#8220;,&#8220;D_1&#8243;:&#8220;&#8220;,&#8220;R_1&#8243;:&#8220;&#8220;,&#8220;KategorieName&#8220;:&#8220;Dopravn\\u00ed a in\\u017een\\u00fdrsk\\u00e9 stavby&#8220;,&#8220;PodkategorieName&#8220;:&#8220;Kolejnicov\\u00e9 podpory&#8220;,&#8220;attachments&#8220;:{&#8222;designs&#8220;:[{&#8222;DateCreate&#8220;:&#8220;&#8220;,&#8220;ID&#8220;:&#8220;3480&#8243;,&#8220;GUID&#8220;:&#8220;374F26E6996249FDC12579E9001BEEFD&#8220;,&#8220;VYR_ID&#8220;:&#8220;870&#8243;,&#8220;VYR_Number&#8220;:&#8220;592111719030&#8243;,&#8220;VYR_ObchodniZnacka&#8220;:&#8220;AZP 030-19&#8243;,&#8220;DocumentNumber&#8220;:&#8220;592111719030&#8243;,&#8220;Title&#8220;:&#8220;kolejov\\u00e1 deska PORR tvar&#8220;,&#8220;IssueNumber&#8220;:&#8220;1&#8243;,&#8220;ZPSV_R4_Vyk1_ZaLomitkem&#8220;:&#8220;1&#8243;,&#8220;file&#8220;:[]},{&#8222;DateCreate&#8220;:&#8220;&#8220;,&#8220;ID&#8220;:&#8220;3479&#8243;,&#8220;GUID&#8220;:&#8220;3EB05AF95184255BC12579E9001C2913&#8243;,&#8220;VYR_ID&#8220;:&#8220;870&#8243;,&#8220;VYR_Number&#8220;:&#8220;592111719030&#8243;,&#8220;VYR_ObchodniZnacka&#8220;:&#8220;AZP 030-19&#8243;,&#8220;DocumentNumber&#8220;:&#8220;592111719030&#8243;,&#8220;Title&#8220;:&#8220;kolejov\\u00e1 deska PORR v\\u00fdztu\\u017e&#8220;,&#8220;IssueNumber&#8220;:&#8220;1&#8243;,&#8220;ZPSV_R4_Vyk1_ZaLomitkem&#8220;:&#8220;2&#8243;,&#8220;file&#8220;:[]},{&#8222;DateCreate&#8220;:&#8220;&#8220;,&#8220;ID&#8220;:&#8220;3478&#8243;,&#8220;GUID&#8220;:&#8220;1F186AC3C0BF6E11C12579E9001C5517&#8243;,&#8220;VYR_ID&#8220;:&#8220;870&#8243;,&#8220;VYR_Number&#8220;:&#8220;592111719030&#8243;,&#8220;VYR_ObchodniZnacka&#8220;:&#8220;AZP 030-19&#8243;,&#8220;DocumentNumber&#8220;:&#8220;592111719030&#8243;,&#8220;Title&#8220;:&#8220;vystrojen\\u00ed desky PORR&#8220;,&#8220;IssueNumber&#8220;:&#8220;1&#8243;,&#8220;ZPSV_R4_Vyk1_ZaLomitkem&#8220;:&#8220;3&#8243;,&#8220;file&#8220;:[]}]}}<\/p>","protected":false},"excerpt":{"rendered":"<p>{&#8222;DateCreate&#8220;:&#8220;14.10.2009 9:23:27&#8243;,&#8220;ID&#8220;:&#8220;870&#8243;,&#8220;GUID&#8220;:&#8220;3D5810F77018125DC125764F00289969&#8243;,&#8220;Nazev&#8220;:&#8220;Kolejov\\u00e1 deska \\u00d6BB-PORR z\\u00e1kladn\\u00ed&#8220;,&#8220;Number&#8220;:&#8220;592111719030&#8243;,&#8220;ObchodniZnacka&#8220;:&#8220;AZP 030-19&#8243;,&#8220;Zavods&#8220;:&#8220;61 Uhersk\\u00fd Ostroh&#8220;,&#8220;VyrPopisCZ&#8220;:&#8220;&#8220;,&#8220;VyrPopisDE&#8220;:&#8220;&#8220;,&#8220;VyrPopisEN&#8220;:&#8220;&#8220;,&#8220;VyrUrceniAPouzitCZ&#8220;:&#8220;\\u017delezobetonov\\u00e1 nosn\\u00e1 kolejov\\u00e1 [&hellip;]<\/p>","protected":false},"author":1,"featured_media":0,"parent":160616,"menu_order":0,"comment_status":"closed","ping_status":"closed","template":"layouts\/page-katalog.php","meta":{"footnotes":""},"_links":{"self":[{"href":"https:\/\/zpsv-cz.webvalleypreview.com\/en\/wp-json\/wp\/v2\/pages\/163130"}],"collection":[{"href":"https:\/\/zpsv-cz.webvalleypreview.com\/en\/wp-json\/wp\/v2\/pages"}],"about":[{"href":"https:\/\/zpsv-cz.webvalleypreview.com\/en\/wp-json\/wp\/v2\/types\/page"}],"author":[{"embeddable":true,"href":"https:\/\/zpsv-cz.webvalleypreview.com\/en\/wp-json\/wp\/v2\/users\/1"}],"replies":[{"embeddable":true,"href":"https:\/\/zpsv-cz.webvalleypreview.com\/en\/wp-json\/wp\/v2\/comments?post=163130"}],"version-history":[{"count":0,"href":"https:\/\/zpsv-cz.webvalleypreview.com\/en\/wp-json\/wp\/v2\/pages\/163130\/revisions"}],"up":[{"embeddable":true,"href":"https:\/\/zpsv-cz.webvalleypreview.com\/en\/wp-json\/wp\/v2\/pages\/160616"}],"wp:attachment":[{"href":"https:\/\/zpsv-cz.webvalleypreview.com\/en\/wp-json\/wp\/v2\/media?parent=163130"}],"curies":[{"name":"wp","href":"https:\/\/api.w.org\/{rel}","templated":true}]}}