{"id":163140,"date":"2024-05-23T13:38:18","date_gmt":"2024-05-23T11:38:18","guid":{"rendered":"https:\/\/zpsv-cz.webvalleypreview.com\/produkty-pro-snizovani-hluku-a-vibraci\/protihlukove-steny-a-obklady\/nizka-protihlukova-clona-brens-barrier\/"},"modified":"2024-05-23T13:38:18","modified_gmt":"2024-05-23T11:38:18","slug":"nizka-protihlukova-clona-brens-barrier","status":"publish","type":"page","link":"https:\/\/zpsv-cz.webvalleypreview.com\/en\/produkty-pro-snizovani-hluku-a-vibraci\/protihlukove-steny-a-obklady\/nizka-protihlukova-clona-brens-barrier\/","title":{"rendered":"N\u00edzk\u00e1 protihlukov\u00e1 clona BRENS BARRIER"},"content":{"rendered":"<p>{&#8222;DateCreate&#8220;:&#8220;09.01.2013 12:32:47&#8243;,&#8220;ID&#8220;:&#8220;927&#8243;,&#8220;GUID&#8220;:&#8220;8D832D1F20D26E76C1257AEE003F6D28&#8243;,&#8220;Nazev&#8220;:&#8220;N\\u00edzk\\u00e1 protihlukov\\u00e1 clona BRENS BARRIER&#8220;,&#8220;Number&#8220;:&#8220;593891719580&#8243;,&#8220;ObchodniZnacka&#8220;:&#8220;IZX 580\\\/19&#8243;,&#8220;Zavods&#8220;:&#8220;07 \\u010cer\\u010dany&#8220;,&#8220;VyrPopisCZ&#8220;:&#8220;&#8220;,&#8220;VyrPopisDE&#8220;:&#8220;&#8220;,&#8220;VyrPopisEN&#8220;:&#8220;&#8220;,&#8220;VyrUrceniAPouzitCZ&#8220;:&#8220;N\\u00edzk\\u00e9 protihlukov\\u00e9 clony SILENT jsou ukl\\u00e1d\\u00e1ny na podkladn\\u00ed lo\\u017enou vrstvu v \\u00farovni zemn\\u00ed pl\\u00e1n\\u011b \\u017eelezni\\u010dn\\u00ed trat\\u011b ve zd\\u00e1lenosti 1,730 m od osy koleje. V\\u00fd\\u0161ka clony je 0,730 m nad temenem kolejnice, p\\u0159i\\u010dem\\u017e horn\\u00ed hrana d\\u00edlce le\\u017e\\u00ed co nejt\\u011bsn\\u011bji k pr\\u016fjezdn\\u00e9mu pr\\u016f\\u0159ezu drah. N\\u00edzk\\u00e1 protihlukov\\u00e1 clona SILENT umo\\u017e\\u0148uje evakuaci cestuj\\u00edc\\u00edch z kolejov\\u00e9ho vozidla, vytv\\u00e1\\u0159\\u00ed vn\\u011bj\\u0161\\u00ed pochoz\\u00ed pracovn\\u00ed stezku a ve sm\\u011bru ke koleji prostor p\\u0159e\\u017eit\\u00ed. Na stran\\u011b ke koleji je d\\u00edlec opat\\u0159en hlukov\\u011b pohltivou vrstvou tvo\\u0159enou recykl\\u00e1ty s \\u00fatlumem zvuku min. A3. D\\u00edlce se kladou na sraz, sty\\u010dn\\u00e1 sp\\u00e1ra je ut\\u011bsn\\u011bna pry\\u017eov\\u00fdm profilem zasazen\\u00e1m na jedn\\u00e9 stran\\u011b do d\\u00edlce. Vz\\u00e1jemn\\u00e1 poloha d\\u00edlc\\u016f je fixov\\u00e1na zapu\\u0161t\\u011bn\\u00fdmi pry\\u017eov\\u00fdmi \\u010depy. Z vn\\u011bj\\u0161\\u00ed strany koleje jsou d\\u00edlce opat\\u0159eny z\\u00e1vitov\\u00fdmi pouzdry (\\u00fachyty) pro manipulaci p\\u0159i mont\\u00e1\\u017ei a pro vyta\\u017een\\u00ed kter\\u00e9hokoliv p\\u0159i z\\u00e1sahu z\\u00e1chrann\\u00fdch slo\\u017eek v mimo\\u0159\\u00e1dn\\u00e9 ud\\u00e1losti na dr\\u00e1ze. N\\u00edzk\\u00e9 protihlukov\\u00e9 clony jsou na p\\u0159edm\\u011btem pr\\u016fmyslov\\u00e9 ochrany a ve\\u0161ker\\u00e1 pr\\u00e1va jsou vyhrazena, \\u017dPSV je licen\\u010dn\\u00edm v\\u00fdrobcem. &#8222;,&#8220;VyrUrceniAPouzitDE&#8220;:&#8220;&#8220;,&#8220;VyrUrceniAPouzitEN&#8220;:&#8220;&#8220;,&#8220;VyrNazevCZ&#8220;:&#8220;N\\u00edzk\\u00e1 protihlukov\\u00e1 clona SILENT&#8220;,&#8220;VyrNazevDE&#8220;:&#8220;&#8220;,&#8220;VyrNazevEN&#8220;:&#8220;&#8220;,&#8220;Beton&#8220;:&#8220;C 35\\\/45-XF4&#8243;,&#8220;ObjemPrvku&#8220;:&#8220;1,5769&#8243;,&#8220;HmotnostPrvku&#8220;:&#8220;2824&#8243;,&#8220;L&#8220;:&#8220;199&#8243;,&#8220;B&#8220;:&#8220;115&#8243;,&#8220;H&#8220;:&#8220;140&#8243;,&#8220;T&#8220;:&#8220;&#8220;,&#8220;D&#8220;:&#8220;&#8220;,&#8220;R&#8220;:&#8220;&#8220;,&#8220;L_2&#8243;:&#8220;&#8220;,&#8220;B_2&#8243;:&#8220;&#8220;,&#8220;H_2&#8243;:&#8220;&#8220;,&#8220;T_2&#8243;:&#8220;&#8220;,&#8220;D_2&#8243;:&#8220;&#8220;,&#8220;R_2&#8243;:&#8220;&#8220;,&#8220;L_1&#8243;:&#8220;&#8220;,&#8220;B_1&#8243;:&#8220;&#8220;,&#8220;H_1&#8243;:&#8220;&#8220;,&#8220;T_1&#8243;:&#8220;&#8220;,&#8220;D_1&#8243;:&#8220;&#8220;,&#8220;R_1&#8243;:&#8220;&#8220;,&#8220;KategorieName&#8220;:&#8220;Dopravn\\u00ed a in\\u017een\\u00fdrsk\\u00e9 stavby&#8220;,&#8220;PodkategorieName&#8220;:&#8220;Protihlukov\\u00e9 st\\u011bny a obklady&#8220;,&#8220;attachments&#8220;:{&#8222;designs&#8220;:[{&#8222;DateCreate&#8220;:&#8220;&#8220;,&#8220;ID&#8220;:&#8220;3517&#8243;,&#8220;GUID&#8220;:&#8220;B0BAE363536D52EEC1257AEE004220D7&#8243;,&#8220;VYR_ID&#8220;:&#8220;927&#8243;,&#8220;VYR_Number&#8220;:&#8220;593891719580&#8243;,&#8220;VYR_ObchodniZnacka&#8220;:&#8220;IZX 580\\\/19&#8243;,&#8220;DocumentNumber&#8220;:&#8220;593891719580&#8243;,&#8220;Title&#8220;:&#8220;N\\u00edzk\\u00e1 protihlukov\\u00e1 clona BRENS BARRIER 2000\\\/1150\\\/1400&#8243;,&#8220;IssueNumber&#8220;:&#8220;1&#8243;,&#8220;ZPSV_R4_Vyk1_ZaLomitkem&#8220;:&#8220;\\\/1-1&#8243;,&#8220;file&#8220;:[]}],&#8220;ps&#8220;:[{&#8222;DateCreate&#8220;:&#8220;06.02.2023 14:02:48&#8243;,&#8220;ID&#8220;:&#8220;36&#8243;,&#8220;GUID&#8220;:&#8220;B28EE18C503AF612C125894E0047AB29&#8243;,&#8220;VYR_ID&#8220;:&#8220;927&#8243;,&#8220;VYR_Number&#8220;:&#8220;593891719580&#8243;,&#8220;VYR_ObchodniZnacka&#8220;:&#8220;IZX 580\\\/19&#8243;,&#8220;Number&#8220;:&#8220;07-07\\\/22&#8243;,&#8220;Nazev&#8220;:&#8220;BRENS BARRIER &#8211; betonov\\u00e9 d\\u00edlce n\\u00edzk\\u00e9 PHS pro \\u017eelezni\\u010dn\\u00ed aplikace&#8220;,&#8220;DatePlatnostDo&#8220;:&#8220;21.12.2023 0:00:00&#8243;,&#8220;ZavodName&#8220;:&#8220;07 \\u010cer\\u010dany&#8220;,&#8220;file&#8220;:[{&#8222;ID&#8220;:&#8220;12891&#8243;,&#8220;ResourceGUID&#8220;:&#8220;B28EE18C503AF612C125894E0047AB29&#8243;,&#8220;Name&#8220;:&#8220;1 &#8211; POS 07-07-22.pdf&#8220;,&#8220;FileNameGUID&#8220;:&#8220;B28EE18C503AF612C125894E0047AB29_308XQUD1&#8243;,&#8220;Comment&#8220;:&#8220;&#8220;,&#8220;fileModel.Size&#8220;:&#8220;68034&#8243;,&#8220;Create&#8220;:&#8220;22.11.2023 7:52:15&#8243;,&#8220;MimeType&#8220;:&#8220;application\\\/octet-stream&#8220;,&#8220;ZPSV_WEB&#8220;:&#8220;True&#8220;}]},{&#8222;DateCreate&#8220;:&#8220;24.01.2024 10:37:06&#8243;,&#8220;ID&#8220;:&#8220;185&#8243;,&#8220;GUID&#8220;:&#8220;4798f0bd-3298-4b0b-a21d-b5840539108f&#8220;,&#8220;VYR_ID&#8220;:&#8220;927&#8243;,&#8220;VYR_Number&#8220;:&#8220;593891719580&#8243;,&#8220;VYR_ObchodniZnacka&#8220;:&#8220;IZX 580\\\/19&#8243;,&#8220;Number&#8220;:&#8220;07-11\\\/23&#8243;,&#8220;Nazev&#8220;:&#8220;BRENS BARRIER &#8211; betonov\\u00e9 d\\u00edlce n\\u00edzk\\u00e9 PHS pro \\u017eelezni\\u010dn\\u00ed aplikace&#8220;,&#8220;DatePlatnostDo&#8220;:&#8220;21.12.2024 0:00:00&#8243;,&#8220;ZavodName&#8220;:&#8220;07 \\u010cer\\u010dany&#8220;,&#8220;file&#8220;:[{&#8222;ID&#8220;:&#8220;13628&#8243;,&#8220;ResourceGUID&#8220;:&#8220;4798f0bd-3298-4b0b-a21d-b5840539108f&#8220;,&#8220;Name&#8220;:&#8220;1 &#8211; POS 07-11-23.pdf&#8220;,&#8220;FileNameGUID&#8220;:&#8220;8eb389a1-1846-429d-98b9-ffc693a509e2&#8243;,&#8220;Comment&#8220;:&#8220;&#8220;,&#8220;fileModel.Size&#8220;:&#8220;65417&#8243;,&#8220;Create&#8220;:&#8220;24.01.2024 10:39:46&#8243;,&#8220;MimeType&#8220;:&#8220;application\\\/pdf&#8220;,&#8220;ZPSV_WEB&#8220;:&#8220;True&#8220;}]}],&#8220;tpd&#8220;:[{&#8222;DateCreate&#8220;:&#8220;&#8220;,&#8220;ID&#8220;:&#8220;1561&#8243;,&#8220;GUID&#8220;:&#8220;6E9A1C0C0203787EC1257DE1002B8B4F&#8220;,&#8220;VYR_ID&#8220;:&#8220;927&#8243;,&#8220;VYR_Number&#8220;:&#8220;593891719580&#8243;,&#8220;VYR_ObchodniZnacka&#8220;:&#8220;IZX 580\\\/19&#8243;,&#8220;DocumentNumber&#8220;:&#8220;TP-03\\\/14&#8243;,&#8220;Title&#8220;:&#8220;N\\u00edzk\\u00e1 protihlukov\\u00e1 clona BRENS BARRIER (S\\u017dDC)&#8220;,&#8220;IssueNumber&#8220;:&#8220;1&#8243;,&#8220;file&#8220;:[{&#8222;ID&#8220;:&#8220;3721&#8243;,&#8220;ResourceGUID&#8220;:&#8220;6E9A1C0C0203787EC1257DE1002B8B4F&#8220;,&#8220;Name&#8220;:&#8220;TP-03_14 N\\u00edzk\\u00e1 protihlukov\\u00e1 clona BRENS BARRIER (1-5).pdf&#8220;,&#8220;FileNameGUID&#8220;:&#8220;6E9A1C0C0203787EC1257DE1002B8B4F_71CRK69J&#8220;,&#8220;Comment&#8220;:&#8220;&#8220;,&#8220;fileModel.Size&#8220;:&#8220;724270&#8243;,&#8220;Create&#8220;:&#8220;17.08.2023 10:19:55&#8243;,&#8220;MimeType&#8220;:&#8220;application\\\/octet-stream&#8220;,&#8220;ZPSV_WEB&#8220;:&#8220;True&#8220;}]}]}}<\/p>","protected":false},"excerpt":{"rendered":"<p>{&#8222;DateCreate&#8220;:&#8220;09.01.2013 12:32:47&#8243;,&#8220;ID&#8220;:&#8220;927&#8243;,&#8220;GUID&#8220;:&#8220;8D832D1F20D26E76C1257AEE003F6D28&#8243;,&#8220;Nazev&#8220;:&#8220;N\\u00edzk\\u00e1 protihlukov\\u00e1 clona BRENS BARRIER&#8220;,&#8220;Number&#8220;:&#8220;593891719580&#8243;,&#8220;ObchodniZnacka&#8220;:&#8220;IZX 580\\\/19&#8243;,&#8220;Zavods&#8220;:&#8220;07 \\u010cer\\u010dany&#8220;,&#8220;VyrPopisCZ&#8220;:&#8220;&#8220;,&#8220;VyrPopisDE&#8220;:&#8220;&#8220;,&#8220;VyrPopisEN&#8220;:&#8220;&#8220;,&#8220;VyrUrceniAPouzitCZ&#8220;:&#8220;N\\u00edzk\\u00e9 protihlukov\\u00e9 clony [&hellip;]<\/p>","protected":false},"author":1,"featured_media":0,"parent":160762,"menu_order":0,"comment_status":"closed","ping_status":"closed","template":"layouts\/page-katalog.php","meta":{"footnotes":""},"_links":{"self":[{"href":"https:\/\/zpsv-cz.webvalleypreview.com\/en\/wp-json\/wp\/v2\/pages\/163140"}],"collection":[{"href":"https:\/\/zpsv-cz.webvalleypreview.com\/en\/wp-json\/wp\/v2\/pages"}],"about":[{"href":"https:\/\/zpsv-cz.webvalleypreview.com\/en\/wp-json\/wp\/v2\/types\/page"}],"author":[{"embeddable":true,"href":"https:\/\/zpsv-cz.webvalleypreview.com\/en\/wp-json\/wp\/v2\/users\/1"}],"replies":[{"embeddable":true,"href":"https:\/\/zpsv-cz.webvalleypreview.com\/en\/wp-json\/wp\/v2\/comments?post=163140"}],"version-history":[{"count":0,"href":"https:\/\/zpsv-cz.webvalleypreview.com\/en\/wp-json\/wp\/v2\/pages\/163140\/revisions"}],"up":[{"embeddable":true,"href":"https:\/\/zpsv-cz.webvalleypreview.com\/en\/wp-json\/wp\/v2\/pages\/160762"}],"wp:attachment":[{"href":"https:\/\/zpsv-cz.webvalleypreview.com\/en\/wp-json\/wp\/v2\/media?parent=163140"}],"curies":[{"name":"wp","href":"https:\/\/api.w.org\/{rel}","templated":true}]}}