{"id":163142,"date":"2024-05-23T13:38:18","date_gmt":"2024-05-23T11:38:18","guid":{"rendered":"https:\/\/zpsv-cz.webvalleypreview.com\/inzenyrske-stavby\/prvky-pro-odvodneni\/odvodnovaci-zlab-s-mrizi\/"},"modified":"2024-05-23T13:38:18","modified_gmt":"2024-05-23T11:38:18","slug":"odvodnovaci-zlab-s-mrizi","status":"publish","type":"page","link":"https:\/\/zpsv-cz.webvalleypreview.com\/en\/inzenyrske-stavby\/prvky-pro-odvodneni\/odvodnovaci-zlab-s-mrizi\/","title":{"rendered":"Odvod\u0148ovac\u00ed \u017elab s m\u0159\u00ed\u017e\u00ed"},"content":{"rendered":"<p>{&#8222;DateCreate&#8220;:&#8220;06.02.2013 9:32:04&#8243;,&#8220;ID&#8220;:&#8220;930&#8243;,&#8220;GUID&#8220;:&#8220;548F4CC11525F2EAC1257B0A002EE1BD&#8220;,&#8220;Nazev&#8220;:&#8220;Odvod\\u0148ovac\\u00ed \\u017elab s m\\u0159\\u00ed\\u017e\\u00ed&#8220;,&#8220;Number&#8220;:&#8220;592271719300&#8243;,&#8220;ObchodniZnacka&#8220;:&#8220;TZM 300-19&#8243;,&#8220;Zavods&#8220;:&#8220;61 Uhersk\\u00fd Ostroh&#8220;,&#8220;VyrPopisCZ&#8220;:&#8220;&#8220;,&#8220;VyrPopisDE&#8220;:&#8220;&#8220;,&#8220;VyrPopisEN&#8220;:&#8220;&#8220;,&#8220;VyrUrceniAPouzitCZ&#8220;:&#8220;Odvod\\u0148ovac\\u00ed \\u017elaby s m\\u0159\\u00ed\\u017e\\u00ed jsou \\u017eelezobetonov\\u00e9 prefabrik\\u00e1ty tvaru p\\u00edsmene U zakryt\\u00e9 3 kusy plastov\\u00fdch nebo ocelolitinov\\u00fdch m\\u0159\\u00ed\\u017e\\u00ed s \\u00fanosnosti D400 dle \\u010cSN EN 124. Kontaktn\\u00ed plochy ulo\\u017een\\u00ed m\\u0159\\u00ed\\u017e\\u00ed jsou zpevn\\u011bny ocelov\\u00fdmi v\\u00e1lcovan\\u00fdmi profilem tvaru L. Prefabrik\\u00e1ty jsou ur\\u010deny pro vytv\\u00e1\\u0159en\\u00ed odvod\\u0148ovac\\u00edch \\u017elab\\u016f vozovek pozemn\\u00edch komunikac\\u00ed, zejm\\u00e9na p\\u0159ed \\u017eelezni\\u010dn\\u00edmi p\\u0159ejezdy, pro parkovac\\u00ed a skladov\\u00e9 plochy, p\\u0159ekladi\\u0161t\\u011b a p\\u0159\\u00edstavy. D\\u00edlce jsou dimenzov\\u00e1ny pro skupinu 4 (t\\u0159\\u00edda D400) dle \\u010cSN EN 1433. U \\u017eelezni\\u010dn\\u00edch p\\u0159ejezd\\u016f se doporu\\u010duje osazen\\u00ed odvod\\u0148ovac\\u00edch \\u017elab\\u016f z d\\u016fvodu zaji\\u0161t\\u011bn\\u00ed stability podlo\\u017e\\u00ed ve vzd\\u00e1lenosti min. 2,5 m od osy koleje. Odvod\\u0148ovac\\u00ed \\u017elab s m\\u0159\\u00ed\\u017e\\u00ed pln\\u011b nahrazuje prahovou vpus\\u0165 ev. \\u010d. 593 831 010 217.&#8220;,&#8220;VyrUrceniAPouzitDE&#8220;:&#8220;&#8220;,&#8220;VyrUrceniAPouzitEN&#8220;:&#8220;&#8220;,&#8220;VyrNazevCZ&#8220;:&#8220;Odvod\\u0148ovac\\u00ed \\u017elab s m\\u0159\\u00ed\\u017e\\u00ed&#8220;,&#8220;VyrNazevDE&#8220;:&#8220;&#8220;,&#8220;VyrNazevEN&#8220;:&#8220;&#8220;,&#8220;Beton&#8220;:&#8220;C 35\\\/45-XF4&#8243;,&#8220;ObjemPrvku&#8220;:&#8220;0,3590&#8243;,&#8220;HmotnostPrvku&#8220;:&#8220;880&#8243;,&#8220;L&#8220;:&#8220;150,8&#8243;,&#8220;B&#8220;:&#8220;70&#8243;,&#8220;H&#8220;:&#8220;60&#8243;,&#8220;T&#8220;:&#8220;&#8220;,&#8220;D&#8220;:&#8220;&#8220;,&#8220;R&#8220;:&#8220;&#8220;,&#8220;L_2&#8243;:&#8220;&#8220;,&#8220;B_2&#8243;:&#8220;&#8220;,&#8220;H_2&#8243;:&#8220;&#8220;,&#8220;T_2&#8243;:&#8220;&#8220;,&#8220;D_2&#8243;:&#8220;&#8220;,&#8220;R_2&#8243;:&#8220;&#8220;,&#8220;L_1&#8243;:&#8220;&#8220;,&#8220;B_1&#8243;:&#8220;&#8220;,&#8220;H_1&#8243;:&#8220;50,5&#8243;,&#8220;T_1&#8243;:&#8220;&#8220;,&#8220;D_1&#8243;:&#8220;&#8220;,&#8220;R_1&#8243;:&#8220;&#8220;,&#8220;KategorieName&#8220;:&#8220;Dopravn\\u00ed a in\\u017een\\u00fdrsk\\u00e9 stavby&#8220;,&#8220;PodkategorieName&#8220;:&#8220;Prvky pro odvodn\\u011bn\\u00ed&#8220;,&#8220;attachments&#8220;:{&#8222;designs&#8220;:[{&#8222;DateCreate&#8220;:&#8220;&#8220;,&#8220;ID&#8220;:&#8220;4127&#8243;,&#8220;GUID&#8220;:&#8220;FA0A057DC3D3DCF3C12588330024DAB6&#8243;,&#8220;VYR_ID&#8220;:&#8220;930&#8243;,&#8220;VYR_Number&#8220;:&#8220;592271719300&#8243;,&#8220;VYR_ObchodniZnacka&#8220;:&#8220;TZM 300-19&#8243;,&#8220;DocumentNumber&#8220;:&#8220;592271719300&#8243;,&#8220;Title&#8220;:&#8220;Odvod\\u0148ovac\\u00ed \\u017elab s m\\u0159\\u00ed\\u017e\\u00ed&#8220;,&#8220;IssueNumber&#8220;:&#8220;2&#8243;,&#8220;ZPSV_R4_Vyk1_ZaLomitkem&#8220;:&#8220;\\\/1-3&#8243;,&#8220;file&#8220;:[]},{&#8222;DateCreate&#8220;:&#8220;&#8220;,&#8220;ID&#8220;:&#8220;4126&#8243;,&#8220;GUID&#8220;:&#8220;2972775931F82782C1258833002553DF&#8220;,&#8220;VYR_ID&#8220;:&#8220;930&#8243;,&#8220;VYR_Number&#8220;:&#8220;592271719300&#8243;,&#8220;VYR_ObchodniZnacka&#8220;:&#8220;TZM 300-19&#8243;,&#8220;DocumentNumber&#8220;:&#8220;592271719300&#8243;,&#8220;Title&#8220;:&#8220;Odvod\\u0148ovac\\u00ed \\u017elab s m\\u0159\\u00ed\\u017e\\u00ed&#8220;,&#8220;IssueNumber&#8220;:&#8220;2&#8243;,&#8220;ZPSV_R4_Vyk1_ZaLomitkem&#8220;:&#8220;\\\/2-3&#8243;,&#8220;file&#8220;:[]}],&#8220;ps&#8220;:[{&#8222;DateCreate&#8220;:&#8220;11.07.2023 11:22:02&#8243;,&#8220;ID&#8220;:&#8220;75&#8243;,&#8220;GUID&#8220;:&#8220;0C2B0FF915BA3734C12589E9003374B0&#8243;,&#8220;VYR_ID&#8220;:&#8220;930&#8243;,&#8220;VYR_Number&#8220;:&#8220;592271719300&#8243;,&#8220;VYR_ObchodniZnacka&#8220;:&#8220;TZM 300-19&#8243;,&#8220;Number&#8220;:&#8220;41-08\\\/23&#8243;,&#8220;Nazev&#8220;:&#8220;\\u017dB d\\u00edlce pro kabelov\\u00e9 \\u017elaby&#8220;,&#8220;DatePlatnostDo&#8220;:&#8220;10.05.2024 0:00:00&#8243;,&#8220;ZavodName&#8220;:&#8220;41 Litice&#8220;,&#8220;file&#8220;:[{&#8222;ID&#8220;:&#8220;12635&#8243;,&#8220;ResourceGUID&#8220;:&#8220;0C2B0FF915BA3734C12589E9003374B0&#8243;,&#8220;Name&#8220;:&#8220;1 &#8211; POS 41-08-23.pdf&#8220;,&#8220;FileNameGUID&#8220;:&#8220;0C2B0FF915BA3734C12589E9003374B0_DQ2OKDZU&#8220;,&#8220;Comment&#8220;:&#8220;&#8220;,&#8220;fileModel.Size&#8220;:&#8220;70913&#8243;,&#8220;Create&#8220;:&#8220;22.11.2023 7:52:11&#8243;,&#8220;MimeType&#8220;:&#8220;application\\\/octet-stream&#8220;,&#8220;ZPSV_WEB&#8220;:&#8220;True&#8220;}]}],&#8220;tpd&#8220;:[{&#8222;DateCreate&#8220;:&#8220;&#8220;,&#8220;ID&#8220;:&#8220;1509&#8243;,&#8220;GUID&#8220;:&#8220;2C6ACE87996E1A90C1257F320042252D&#8220;,&#8220;VYR_ID&#8220;:&#8220;930&#8243;,&#8220;VYR_Number&#8220;:&#8220;592271719300&#8243;,&#8220;VYR_ObchodniZnacka&#8220;:&#8220;TZM 300-19&#8243;,&#8220;DocumentNumber&#8220;:&#8220;TP-01\\\/16&#8243;,&#8220;Title&#8220;:&#8220;Prvky pro odvodn\\u011bn\\u00ed (S\\u017dDC)&#8220;,&#8220;IssueNumber&#8220;:&#8220;1&#8243;,&#8220;file&#8220;:[{&#8222;ID&#8220;:&#8220;3655&#8243;,&#8220;ResourceGUID&#8220;:&#8220;2C6ACE87996E1A90C1257F320042252D&#8220;,&#8220;Name&#8220;:&#8220;TP-01_16 Prvky pro odvodn\\u011bn\\u00ed (1-3).pdf&#8220;,&#8220;FileNameGUID&#8220;:&#8220;2C6ACE87996E1A90C1257F320042252D_34CK8X2X&#8220;,&#8220;Comment&#8220;:&#8220;&#8220;,&#8220;fileModel.Size&#8220;:&#8220;1237657&#8243;,&#8220;Create&#8220;:&#8220;17.08.2023 10:19:55&#8243;,&#8220;MimeType&#8220;:&#8220;application\\\/octet-stream&#8220;,&#8220;ZPSV_WEB&#8220;:&#8220;True&#8220;}]},{&#8222;DateCreate&#8220;:&#8220;&#8220;,&#8220;ID&#8220;:&#8220;1543&#8243;,&#8220;GUID&#8220;:&#8220;5A08D64B729F34FEC1257E910027CFC5&#8243;,&#8220;VYR_ID&#8220;:&#8220;930&#8243;,&#8220;VYR_Number&#8220;:&#8220;592271719300&#8243;,&#8220;VYR_ObchodniZnacka&#8220;:&#8220;TZM 300-19&#8243;,&#8220;DocumentNumber&#8220;:&#8220;TP-06\\\/08&#8243;,&#8220;Title&#8220;:&#8220;Prahov\\u00e1 vpus\\u0165 a odvod\\u0148ovac\\u00ed \\u017elaby s m\\u0159\\u00ed\\u017e\\u00ed&#8220;,&#8220;IssueNumber&#8220;:&#8220;2&#8243;,&#8220;file&#8220;:[]},{&#8222;DateCreate&#8220;:&#8220;&#8220;,&#8220;ID&#8220;:&#8220;1568&#8243;,&#8220;GUID&#8220;:&#8220;47A9F2F7CE140552C1257FBD0041F929&#8243;,&#8220;VYR_ID&#8220;:&#8220;930&#8243;,&#8220;VYR_Number&#8220;:&#8220;592271719300&#8243;,&#8220;VYR_ObchodniZnacka&#8220;:&#8220;TZM 300-19&#8243;,&#8220;DocumentNumber&#8220;:&#8220;TP-06\\\/16&#8243;,&#8220;Title&#8220;:&#8220;Prvky pro odvodn\\u011bn\\u00ed (\\u017dSR)&#8220;,&#8220;IssueNumber&#8220;:&#8220;1&#8243;,&#8220;file&#8220;:[{&#8222;ID&#8220;:&#8220;3680&#8243;,&#8220;ResourceGUID&#8220;:&#8220;47A9F2F7CE140552C1257FBD0041F929&#8243;,&#8220;Name&#8220;:&#8220;TP-06_16 Prvky pro odvodn\\u011bn\\u00ed (1-1).pdf&#8220;,&#8220;FileNameGUID&#8220;:&#8220;47A9F2F7CE140552C1257FBD0041F929_K4OTLV1J&#8220;,&#8220;Comment&#8220;:&#8220;&#8220;,&#8220;fileModel.Size&#8220;:&#8220;1320697&#8243;,&#8220;Create&#8220;:&#8220;17.08.2023 10:19:55&#8243;,&#8220;MimeType&#8220;:&#8220;application\\\/octet-stream&#8220;,&#8220;ZPSV_WEB&#8220;:&#8220;True&#8220;}]}]}}<\/p>","protected":false},"excerpt":{"rendered":"<p>{&#8222;DateCreate&#8220;:&#8220;06.02.2013 9:32:04&#8243;,&#8220;ID&#8220;:&#8220;930&#8243;,&#8220;GUID&#8220;:&#8220;548F4CC11525F2EAC1257B0A002EE1BD&#8220;,&#8220;Nazev&#8220;:&#8220;Odvod\\u0148ovac\\u00ed \\u017elab s m\\u0159\\u00ed\\u017e\\u00ed&#8220;,&#8220;Number&#8220;:&#8220;592271719300&#8243;,&#8220;ObchodniZnacka&#8220;:&#8220;TZM 300-19&#8243;,&#8220;Zavods&#8220;:&#8220;61 Uhersk\\u00fd Ostroh&#8220;,&#8220;VyrPopisCZ&#8220;:&#8220;&#8220;,&#8220;VyrPopisDE&#8220;:&#8220;&#8220;,&#8220;VyrPopisEN&#8220;:&#8220;&#8220;,&#8220;VyrUrceniAPouzitCZ&#8220;:&#8220;Odvod\\u0148ovac\\u00ed \\u017elaby s [&hellip;]<\/p>","protected":false},"author":1,"featured_media":0,"parent":160622,"menu_order":0,"comment_status":"closed","ping_status":"closed","template":"layouts\/page-katalog.php","meta":{"footnotes":""},"_links":{"self":[{"href":"https:\/\/zpsv-cz.webvalleypreview.com\/en\/wp-json\/wp\/v2\/pages\/163142"}],"collection":[{"href":"https:\/\/zpsv-cz.webvalleypreview.com\/en\/wp-json\/wp\/v2\/pages"}],"about":[{"href":"https:\/\/zpsv-cz.webvalleypreview.com\/en\/wp-json\/wp\/v2\/types\/page"}],"author":[{"embeddable":true,"href":"https:\/\/zpsv-cz.webvalleypreview.com\/en\/wp-json\/wp\/v2\/users\/1"}],"replies":[{"embeddable":true,"href":"https:\/\/zpsv-cz.webvalleypreview.com\/en\/wp-json\/wp\/v2\/comments?post=163142"}],"version-history":[{"count":0,"href":"https:\/\/zpsv-cz.webvalleypreview.com\/en\/wp-json\/wp\/v2\/pages\/163142\/revisions"}],"up":[{"embeddable":true,"href":"https:\/\/zpsv-cz.webvalleypreview.com\/en\/wp-json\/wp\/v2\/pages\/160622"}],"wp:attachment":[{"href":"https:\/\/zpsv-cz.webvalleypreview.com\/en\/wp-json\/wp\/v2\/media?parent=163142"}],"curies":[{"name":"wp","href":"https:\/\/api.w.org\/{rel}","templated":true}]}}