{"id":163143,"date":"2024-05-23T13:38:18","date_gmt":"2024-05-23T11:38:18","guid":{"rendered":"https:\/\/zpsv-cz.webvalleypreview.com\/kolejove-dopravni-stavby\/kolejnicove-podpory\/prejezdovy-prazec-vps-pp-13\/"},"modified":"2024-05-23T13:38:18","modified_gmt":"2024-05-23T11:38:18","slug":"prejezdovy-prazec-vps-pp-13","status":"publish","type":"page","link":"https:\/\/zpsv-cz.webvalleypreview.com\/en\/kolejove-dopravni-stavby\/kolejnicove-podpory\/prejezdovy-prazec-vps-pp-13\/","title":{"rendered":"P\u0159ejezdov\u00fd pra\u017eec VPS PP 13"},"content":{"rendered":"<p>{&#8222;DateCreate&#8220;:&#8220;19.02.2013 7:38:30&#8243;,&#8220;ID&#8220;:&#8220;933&#8243;,&#8220;GUID&#8220;:&#8220;F0E2512AF6EA753AC1257B1700247BDA&#8220;,&#8220;Nazev&#8220;:&#8220;P\\u0159ejezdov\\u00fd pra\\u017eec VPS PP 13&#8243;,&#8220;Number&#8220;:&#8220;592112719034&#8243;,&#8220;ObchodniZnacka&#8220;:&#8220;APP 34-19&#8243;,&#8220;Zavods&#8220;:&#8220;31 Doloplazy&#8220;,&#8220;VyrPopisCZ&#8220;:&#8220;&#8220;,&#8220;VyrPopisDE&#8220;:&#8220;&#8220;,&#8220;VyrPopisEN&#8220;:&#8220;&#8220;,&#8220;VyrUrceniAPouzitCZ&#8220;:&#8220;Betonov\\u00fd p\\u0159ejezdov\\u00fd pra\\u017eec VPS PP 13 je dod\\u00e1v\\u00e1n vystrojen\\u00fd sva\\u0159ovanou dvojitou podkladnic\\u00ed pro poj\\u00ed\\u017ed\\u011bnou a dopl\\u0148kovou kolejnici tvaru 49 E1 s \\u00faklonem 1:20; upevn\\u011bn\\u00ed tuh\\u00e9 sv\\u011brkami \\u017dS4. Rozchod poj\\u00ed\\u017ed\\u011bn\\u00e9 kolejnice 1435 mm. P\\u0159ejezdov\\u00fd pra\\u017eec je ur\\u010den pro stavbu \\u017eelezni\\u010dn\\u00edch p\\u0159ejezd\\u016f a plo\\u0161n\\u00e9 z\\u00e1dla\\u017eby kolej\\u00ed (zejm\\u00e9na vle\\u010dkov\\u00fdch) s \\u017eivi\\u010dn\\u00fdm, betonov\\u00fdm nebo nezpevn\\u011bn\\u00fdm vozovkov\\u00fdm krytem. \\rProveden\\u00ed vozovkov\\u00e9ho krytu se \\u0159\\u00edd\\u00ed vzorov\\u00fdmi listy S\\u017dDC &#8211; \\u017d11 nebo stavebn\\u00edm projektem.\\r\\rRychlost 120 km\\\/hod \\u2013 rychlostn\\u00ed p\\u00e1smo 0-2 \\u2013 hmotnost na n\\u00e1pravu 18 t (ANO), 22,5 t (ANO), 25 t (ANO)\\rRychlost 160 km\\\/hod \\u2013 rychlostn\\u00ed p\\u00e1smo 0-3 \\u2013 hmotnost na n\\u00e1pravu 18 t (ANO), 22,5 t (ANO), 25 t (ANO)\\rRychlost 220 km\\\/hod \\u2013 rychlostn\\u00ed p\\u00e1smo 0-4 \\u2013 hmotnost na n\\u00e1pravu 18 t (ANO), 22,5 t (ANO), 25 t (ANO)\\rRychlost 300 km\\\/hod \\u2013 rychlostn\\u00ed p\\u00e1smo 0-5 \\u2013 hmotnost na n\\u00e1pravu 18 t (ANO), 22,5 t (NE), 25 t (NE)&#8220;,&#8220;VyrUrceniAPouzitDE&#8220;:&#8220;&#8220;,&#8220;VyrUrceniAPouzitEN&#8220;:&#8220;The concrete sleeper VPS PP 13 is delivered equipped with a welded double base for a running and additional rail of shape 49 E1 with a slope of 1:20; rigid fastening with \\u017dS4 clamps. Track gauge 1435 mm. The leveling sleeper is intended for the construction of railway crossings and surface paving of tracks (especially sidings) with a bituminous, concrete or unpaved pavement cover.\\rThe design of the pavement cover is governed by the S\\u017dDC &#8211; \\u017d11 sample sheets or the construction project.\\r\\rSpeed 120 km \\\/ h &#8211; speed range 0-2 &#8211; weight per axle 18 t (YES), 22.5 t (YES), 25 t (YES)\\rSpeed 160 km \\\/ h &#8211; speed range 0-3 &#8211; axle weight 18 t (YES), 22.5 t (YES), 25 t (YES)\\rSpeed 220 km \\\/ h &#8211; speed range 0-4 &#8211; weight per axle 18 t (YES), 22.5 t (YES), 25 t (YES)\\rSpeed 300 km \\\/ h &#8211; speed range 0-5 &#8211; weight per axle 18 t (YES), 22.5 t (NO), 25 t (NO)&#8220;,&#8220;VyrNazevCZ&#8220;:&#8220;P\\u0159ejezdov\\u00fd pra\\u017eec VPS PP 13&#8243;,&#8220;VyrNazevDE&#8220;:&#8220;&#8220;,&#8220;VyrNazevEN&#8220;:&#8220;Crossing sleeper VPS PP 13&#8243;,&#8220;Beton&#8220;:&#8220;C 50\\\/60-XF1&#8243;,&#8220;ObjemPrvku&#8220;:&#8220;0,1600&#8243;,&#8220;HmotnostPrvku&#8220;:&#8220;380&#8243;,&#8220;L&#8220;:&#8220;260&#8243;,&#8220;B&#8220;:&#8220;30,4&#8243;,&#8220;H&#8220;:&#8220;22&#8243;,&#8220;T&#8220;:&#8220;&#8220;,&#8220;D&#8220;:&#8220;&#8220;,&#8220;R&#8220;:&#8220;&#8220;,&#8220;L_2&#8243;:&#8220;&#8220;,&#8220;B_2&#8243;:&#8220;&#8220;,&#8220;H_2&#8243;:&#8220;&#8220;,&#8220;T_2&#8243;:&#8220;&#8220;,&#8220;D_2&#8243;:&#8220;&#8220;,&#8220;R_2&#8243;:&#8220;1&#8243;,&#8220;L_1&#8243;:&#8220;&#8220;,&#8220;B_1&#8243;:&#8220;27,5&#8243;,&#8220;H_1&#8243;:&#8220;&#8220;,&#8220;T_1&#8243;:&#8220;&#8220;,&#8220;D_1&#8243;:&#8220;&#8220;,&#8220;R_1&#8243;:&#8220;&#8220;,&#8220;KategorieName&#8220;:&#8220;Dopravn\\u00ed a in\\u017een\\u00fdrsk\\u00e9 stavby&#8220;,&#8220;PodkategorieName&#8220;:&#8220;Kolejnicov\\u00e9 podpory&#8220;,&#8220;attachments&#8220;:{&#8222;designs&#8220;:[{&#8222;DateCreate&#8220;:&#8220;&#8220;,&#8220;ID&#8220;:&#8220;3518&#8243;,&#8220;GUID&#8220;:&#8220;3E20112CC2BE7632C1257B17002AA002&#8243;,&#8220;VYR_ID&#8220;:&#8220;933&#8243;,&#8220;VYR_Number&#8220;:&#8220;592112719034&#8243;,&#8220;VYR_ObchodniZnacka&#8220;:&#8220;APP 34-19&#8243;,&#8220;DocumentNumber&#8220;:&#8220;592112719034&#8243;,&#8220;Title&#8220;:&#8220;p\\u0159ejezdov\\u00fd pra\\u017eec VPS PP13&#8243;,&#8220;IssueNumber&#8220;:&#8220;1&#8243;,&#8220;ZPSV_R4_Vyk1_ZaLomitkem&#8220;:&#8220;\\\/0&#8243;,&#8220;file&#8220;:[]},{&#8222;DateCreate&#8220;:&#8220;&#8220;,&#8220;ID&#8220;:&#8220;3526&#8243;,&#8220;GUID&#8220;:&#8220;3A43041232FE606AC1257B500025B305&#8243;,&#8220;VYR_ID&#8220;:&#8220;933&#8243;,&#8220;VYR_Number&#8220;:&#8220;592112719034&#8243;,&#8220;VYR_ObchodniZnacka&#8220;:&#8220;APP 34-19&#8243;,&#8220;DocumentNumber&#8220;:&#8220;592112719034&#8243;,&#8220;Title&#8220;:&#8220;P\\u0159ejezdov\\u00fd pra\\u017eec VPS PP13-vystrojen\\u00ed&#8220;,&#8220;IssueNumber&#8220;:&#8220;1&#8243;,&#8220;ZPSV_R4_Vyk1_ZaLomitkem&#8220;:&#8220;\\\/1&#8243;,&#8220;file&#8220;:[]},{&#8222;DateCreate&#8220;:&#8220;&#8220;,&#8220;ID&#8220;:&#8220;3527&#8243;,&#8220;GUID&#8220;:&#8220;C5900B1D0B00D9BFC1257B500025F545&#8243;,&#8220;VYR_ID&#8220;:&#8220;933&#8243;,&#8220;VYR_Number&#8220;:&#8220;592112719034&#8243;,&#8220;VYR_ObchodniZnacka&#8220;:&#8220;APP 34-19&#8243;,&#8220;DocumentNumber&#8220;:&#8220;592112719034&#8243;,&#8220;Title&#8220;:&#8220;v\\u00fdkres p\\u0159ejezdov\\u00e9 podkladnice&#8220;,&#8220;IssueNumber&#8220;:&#8220;1&#8243;,&#8220;ZPSV_R4_Vyk1_ZaLomitkem&#8220;:&#8220;\\\/2&#8243;,&#8220;file&#8220;:[]}]}}<\/p>","protected":false},"excerpt":{"rendered":"<p>{&#8222;DateCreate&#8220;:&#8220;19.02.2013 7:38:30&#8243;,&#8220;ID&#8220;:&#8220;933&#8243;,&#8220;GUID&#8220;:&#8220;F0E2512AF6EA753AC1257B1700247BDA&#8220;,&#8220;Nazev&#8220;:&#8220;P\\u0159ejezdov\\u00fd pra\\u017eec VPS PP 13&#8243;,&#8220;Number&#8220;:&#8220;592112719034&#8243;,&#8220;ObchodniZnacka&#8220;:&#8220;APP 34-19&#8243;,&#8220;Zavods&#8220;:&#8220;31 Doloplazy&#8220;,&#8220;VyrPopisCZ&#8220;:&#8220;&#8220;,&#8220;VyrPopisDE&#8220;:&#8220;&#8220;,&#8220;VyrPopisEN&#8220;:&#8220;&#8220;,&#8220;VyrUrceniAPouzitCZ&#8220;:&#8220;Betonov\\u00fd p\\u0159ejezdov\\u00fd pra\\u017eec [&hellip;]<\/p>","protected":false},"author":1,"featured_media":0,"parent":160616,"menu_order":0,"comment_status":"closed","ping_status":"closed","template":"layouts\/page-katalog.php","meta":{"footnotes":""},"_links":{"self":[{"href":"https:\/\/zpsv-cz.webvalleypreview.com\/en\/wp-json\/wp\/v2\/pages\/163143"}],"collection":[{"href":"https:\/\/zpsv-cz.webvalleypreview.com\/en\/wp-json\/wp\/v2\/pages"}],"about":[{"href":"https:\/\/zpsv-cz.webvalleypreview.com\/en\/wp-json\/wp\/v2\/types\/page"}],"author":[{"embeddable":true,"href":"https:\/\/zpsv-cz.webvalleypreview.com\/en\/wp-json\/wp\/v2\/users\/1"}],"replies":[{"embeddable":true,"href":"https:\/\/zpsv-cz.webvalleypreview.com\/en\/wp-json\/wp\/v2\/comments?post=163143"}],"version-history":[{"count":0,"href":"https:\/\/zpsv-cz.webvalleypreview.com\/en\/wp-json\/wp\/v2\/pages\/163143\/revisions"}],"up":[{"embeddable":true,"href":"https:\/\/zpsv-cz.webvalleypreview.com\/en\/wp-json\/wp\/v2\/pages\/160616"}],"wp:attachment":[{"href":"https:\/\/zpsv-cz.webvalleypreview.com\/en\/wp-json\/wp\/v2\/media?parent=163143"}],"curies":[{"name":"wp","href":"https:\/\/api.w.org\/{rel}","templated":true}]}}