{"id":163149,"date":"2024-05-23T13:38:18","date_gmt":"2024-05-23T11:38:18","guid":{"rendered":"https:\/\/zpsv-cz.webvalleypreview.com\/inzenyrske-stavby\/prvky-opernych-sten\/operny-dilec-t-450\/"},"modified":"2024-05-23T13:38:18","modified_gmt":"2024-05-23T11:38:18","slug":"operny-dilec-t-450","status":"publish","type":"page","link":"https:\/\/zpsv-cz.webvalleypreview.com\/en\/inzenyrske-stavby\/prvky-opernych-sten\/operny-dilec-t-450\/","title":{"rendered":"Op\u011brn\u00fd d\u00edlec T 450"},"content":{"rendered":"<p>{&#8222;DateCreate&#8220;:&#8220;11.09.2009 13:01:49&#8243;,&#8220;ID&#8220;:&#8220;1116&#8243;,&#8220;GUID&#8220;:&#8220;6C081271E34EF866C125762E003C97B0&#8243;,&#8220;Nazev&#8220;:&#8220;Op\\u011brn\\u00fd d\\u00edlec T 450&#8243;,&#8220;Number&#8220;:&#8220;593841719514&#8243;,&#8220;ObchodniZnacka&#8220;:&#8220;IZT 514\\\/19&#8243;,&#8220;Zavods&#8220;:&#8220;41 Litice&#8220;,&#8220;VyrPopisCZ&#8220;:&#8220;&#8220;,&#8220;VyrPopisDE&#8220;:&#8220;&#8220;,&#8220;VyrPopisEN&#8220;:&#8220;&#8220;,&#8220;VyrUrceniAPouzitCZ&#8220;:&#8220;Spole\\u010dnost \\u017dPSV a.s. nab\\u00edz\\u00ed ucelenou \\u0159adu prefabrikovan\\u00fdch op\\u011brn\\u00fdch prvk\\u016f ve tvaru p\\u00edsmene T, libovoln\\u00fdch v\\u00fd\\u0161ek v rozmez\\u00ed 3,0 a\\u017e 5,0 m a dod\\u00e1van\\u00fdch pod obchodn\\u00edm n\\u00e1zvem \\u201eOp\\u011brn\\u00e9 d\\u00edlce T\\u201c. Jedn\\u00e1 se o prvky \\u00fahlov\\u00e9 st\\u011bny se z\\u00e1kladovou deskou. Jsou ur\\u010deny pro budov\\u00e1n\\u00ed box\\u016f pro skladov\\u00e1n\\u00ed sil\\u00e1\\u017e\\u00ed, d\\u0159ev\\u011bn\\u00fdch \\u0161t\\u011bpk\\u016f a pilin, biomasy a sypk\\u00fdch materi\\u00e1l\\u016f (p\\u00edsky, drt\\u011b apod.). Mohou se pou\\u017e\\u00edvat i pro budov\\u00e1n\\u00ed samostatn\\u00fdch op\\u011br, nap\\u0159. pro skladov\\u00e1n\\u00ed d\\u0159ev\\u011bn\\u00e9 kulatiny. Op\\u011brn\\u00e9 dilce T jsou opat\\u0159eny perem a dr\\u00e1\\u017ekou pro vz\\u00e1jemn\\u00e9 spolup\\u016fsoben\\u00ed. Lze je dod\\u00e1vat i bez pera a dr\\u00e1\\u017eky. Pro p\\u0159ipadn\\u00e9 spolup\\u016fsoben\\u00ed sousedn\\u00edch d\\u00edlc\\u016f mohou m\\u00edt na okraj\\u00edch st\\u011bn zabudov\\u00e1ny ocelov\\u00e9 desti\\u010dky. V\\u00fdztu\\u017e z\\u00e1kladov\\u00e9 desky je mo\\u017en\\u00e9 na p\\u0159\\u00e1n\\u00ed dod\\u00e1vat obna\\u017eenou a prov\\u00e9st n\\u00e1sledn\\u00e9 zmonolitn\\u011bn\\u00ed. Po\\u017eadovanou \\u00fanosnost takto zmonolitn\\u011bn\\u00e9ho prvku je nutn\\u00e9 ov\\u011b\\u0159it samostatn\\u00fdm statick\\u00fdm posouzen\\u00edm.\\rOp\\u011brn\\u00e9 d\\u00edlce maj\\u00ed v bo\\u010dn\\u00ed i horn\\u00ed st\\u011bn\\u011b zabudov\\u00e1ny \\u00fachyty DEHA, slou\\u017e\\u00edc\\u00ed pro manipulaci p\\u0159i v\\u00fdrob\\u011b, nakl\\u00e1d\\u00e1n\\u00ed, ot\\u00e1\\u010den\\u00ed a ukl\\u00e1d\\u00e1n\\u00ed na m\\u00edsto zabudov\\u00e1n\\u00ed. Op\\u011brn\\u00e9 d\\u00edlce T jsou obvykle vyr\\u00e1b\\u011bny z betonu t\\u0159\\u00eddy C 30\\\/37, pro stupe\\u0148 vlivu prost\\u0159ed\\u00ed XF1, XF4, XA2 podle \\u010cSN EN 206 \\u2013 1.&#8220;,&#8220;VyrUrceniAPouzitDE&#8220;:&#8220;&#8220;,&#8220;VyrUrceniAPouzitEN&#8220;:&#8220;&#8220;,&#8220;VyrNazevCZ&#8220;:&#8220;Op\\u011brn\\u00fd d\\u00edlec T 450&#8243;,&#8220;VyrNazevDE&#8220;:&#8220;&#8220;,&#8220;VyrNazevEN&#8220;:&#8220;&#8220;,&#8220;Beton&#8220;:&#8220;C 30\\\/37-XF1&#8243;,&#8220;ObjemPrvku&#8220;:&#8220;2,8933&#8243;,&#8220;HmotnostPrvku&#8220;:&#8220;7090&#8243;,&#8220;L&#8220;:&#8220;147&#8243;,&#8220;B&#8220;:&#8220;280&#8243;,&#8220;H&#8220;:&#8220;450&#8243;,&#8220;T&#8220;:&#8220;&#8220;,&#8220;D&#8220;:&#8220;&#8220;,&#8220;R&#8220;:&#8220;&#8220;,&#8220;L_2&#8243;:&#8220;&#8220;,&#8220;B_2&#8243;:&#8220;&#8220;,&#8220;H_2&#8243;:&#8220;39,9&#8243;,&#8220;T_2&#8243;:&#8220;&#8220;,&#8220;D_2&#8243;:&#8220;&#8220;,&#8220;R_2&#8243;:&#8220;&#8220;,&#8220;L_1&#8243;:&#8220;&#8220;,&#8220;B_1&#8243;:&#8220;18,4&#8243;,&#8220;H_1&#8243;:&#8220;19,7&#8243;,&#8220;T_1&#8243;:&#8220;&#8220;,&#8220;D_1&#8243;:&#8220;&#8220;,&#8220;R_1&#8243;:&#8220;&#8220;,&#8220;KategorieName&#8220;:&#8220;Dopravn\\u00ed a in\\u017een\\u00fdrsk\\u00e9 stavby&#8220;,&#8220;PodkategorieName&#8220;:&#8220;Prvky op\\u011brn\\u00fdch st\\u011bn&#8220;,&#8220;attachments&#8220;:{&#8222;pvl&#8220;:[{&#8222;DateCreate&#8220;:&#8220;18.05.2023 14:32:14&#8243;,&#8220;ID&#8220;:&#8220;127&#8243;,&#8220;GUID&#8220;:&#8220;07F0774A48CDE91BC12589B30044DE88&#8243;,&#8220;VYR_ID&#8220;:&#8220;1116&#8243;,&#8220;VYR_Number&#8220;:&#8220;593841719514&#8243;,&#8220;VYR_ObchodniZnacka&#8220;:&#8220;IZT 514\\\/19&#8243;,&#8220;Number&#8220;:&#8220;41-07\\\/23&#8243;,&#8220;Nazev&#8220;:&#8220;Prvky op\\u011brn\\u00fdch st\\u011bn &#8211; prvky \\u00fahlov\\u00fdch st\\u011bn tvaru L a T; \\u017dB a p\\u0159edem p\\u0159edpjat\\u00e9 p\\u0159\\u00ed\\u010dn\\u00e9 sloupy a pod\\u00e9ln\\u00e9 nosn\\u00edky ro\\u0161tu kotnevn\\u00fdch op\\u011brn\\u00fdch st\\u011bn&#8220;,&#8220;DatePlatnostDo&#8220;:&#8220;03.05.2024 0:00:00&#8243;,&#8220;ZavodName&#8220;:&#8220;41 Litice&#8220;,&#8220;file&#8220;:[{&#8222;ID&#8220;:&#8220;13020&#8243;,&#8220;ResourceGUID&#8220;:&#8220;07F0774A48CDE91BC12589B30044DE88&#8243;,&#8220;Name&#8220;:&#8220;1 &#8211; POV 41-07-23.pdf&#8220;,&#8220;FileNameGUID&#8220;:&#8220;07F0774A48CDE91BC12589B30044DE88_W84GVEON&#8220;,&#8220;Comment&#8220;:&#8220;&#8220;,&#8220;fileModel.Size&#8220;:&#8220;81713&#8243;,&#8220;Create&#8220;:&#8220;22.11.2023 7:52:37&#8243;,&#8220;MimeType&#8220;:&#8220;application\\\/octet-stream&#8220;,&#8220;ZPSV_WEB&#8220;:&#8220;True&#8220;}]},{&#8222;DateCreate&#8220;:&#8220;06.02.2023 12:53:25&#8243;,&#8220;ID&#8220;:&#8220;118&#8243;,&#8220;GUID&#8220;:&#8220;3E66EC63A704E844C125894E0041510C&#8220;,&#8220;VYR_ID&#8220;:&#8220;1116&#8243;,&#8220;VYR_Number&#8220;:&#8220;593841719514&#8243;,&#8220;VYR_ObchodniZnacka&#8220;:&#8220;IZT 514\\\/19&#8243;,&#8220;Number&#8220;:&#8220;61-07\\\/23&#8243;,&#8220;Nazev&#8220;:&#8220;Prvky op\\u011brn\\u00fdch st\\u011bn &#8211; prvky \\u00fahlov\\u00fdch st\\u011bn tvaru L a T&#8220;,&#8220;DatePlatnostDo&#8220;:&#8220;21.12.2023 0:00:00&#8243;,&#8220;ZavodName&#8220;:&#8220;61 Uhersk\\u00fd Ostroh&#8220;,&#8220;file&#8220;:[{&#8222;ID&#8220;:&#8220;13093&#8243;,&#8220;ResourceGUID&#8220;:&#8220;3E66EC63A704E844C125894E0041510C&#8220;,&#8220;Name&#8220;:&#8220;1 &#8211; POV 61-07-22.pdf&#8220;,&#8220;FileNameGUID&#8220;:&#8220;3E66EC63A704E844C125894E0041510C_RVGBGJUC&#8220;,&#8220;Comment&#8220;:&#8220;&#8220;,&#8220;fileModel.Size&#8220;:&#8220;440577&#8243;,&#8220;Create&#8220;:&#8220;22.11.2023 7:52:37&#8243;,&#8220;MimeType&#8220;:&#8220;application\\\/octet-stream&#8220;,&#8220;ZPSV_WEB&#8220;:&#8220;True&#8220;}]},{&#8222;DateCreate&#8220;:&#8220;04.03.2024 15:58:27&#8243;,&#8220;ID&#8220;:&#8220;216&#8243;,&#8220;GUID&#8220;:&#8220;74f2c50e-f6e2-45b9-87ca-3f57f94a8966&#8243;,&#8220;VYR_ID&#8220;:&#8220;1116&#8243;,&#8220;VYR_Number&#8220;:&#8220;593841719514&#8243;,&#8220;VYR_ObchodniZnacka&#8220;:&#8220;IZT 514\\\/19&#8243;,&#8220;Number&#8220;:&#8220;61-07\\\/24&#8243;,&#8220;Nazev&#8220;:&#8220;Prvky op\\u011brn\\u00fdch st\\u011bn &#8211; prvky \\u00fahlov\\u00fdch st\\u011bn tvaru L a T&#8220;,&#8220;DatePlatnostDo&#8220;:&#8220;19.02.2025 0:00:00&#8243;,&#8220;ZavodName&#8220;:&#8220;61 Uhersk\\u00fd Ostroh&#8220;,&#8220;file&#8220;:[{&#8222;ID&#8220;:&#8220;13909&#8243;,&#8220;ResourceGUID&#8220;:&#8220;74f2c50e-f6e2-45b9-87ca-3f57f94a8966&#8243;,&#8220;Name&#8220;:&#8220;1 &#8211; POV 61-07-24.pdf&#8220;,&#8220;FileNameGUID&#8220;:&#8220;174879ad-3415-4caa-a574-7b1dc72d90ff&#8220;,&#8220;Comment&#8220;:&#8220;&#8220;,&#8220;fileModel.Size&#8220;:&#8220;75293&#8243;,&#8220;Create&#8220;:&#8220;04.03.2024 15:59:46&#8243;,&#8220;MimeType&#8220;:&#8220;application\\\/pdf&#8220;,&#8220;ZPSV_WEB&#8220;:&#8220;True&#8220;}]}],&#8220;tpd&#8220;:[{&#8222;DateCreate&#8220;:&#8220;&#8220;,&#8220;ID&#8220;:&#8220;1522&#8243;,&#8220;GUID&#8220;:&#8220;A659BE9005950731C1258116002289DC&#8220;,&#8220;VYR_ID&#8220;:&#8220;1116&#8243;,&#8220;VYR_Number&#8220;:&#8220;593841719514&#8243;,&#8220;VYR_ObchodniZnacka&#8220;:&#8220;IZT 514\\\/19&#8243;,&#8220;DocumentNumber&#8220;:&#8220;TP-01\\\/10&#8243;,&#8220;Title&#8220;:&#8220;Betonov\\u00e9 prefabrik\\u00e1ty &#8211; prvky op\\u011brn\\u00fdch st\\u011bn&#8220;,&#8220;IssueNumber&#8220;:&#8220;4&#8243;,&#8220;file&#8220;:[{&#8222;ID&#8220;:&#8220;3795&#8243;,&#8220;ResourceGUID&#8220;:&#8220;A659BE9005950731C1258116002289DC&#8220;,&#8220;Name&#8220;:&#8220;TP-01_10 Betonov\\u00e9 prefabrik\\u00e1ty &#8211; prvky op\\u011brn\\u00fdch st\\u011bn (4-1).pdf&#8220;,&#8220;FileNameGUID&#8220;:&#8220;A659BE9005950731C1258116002289DC_6R6GKBT7&#8243;,&#8220;Comment&#8220;:&#8220;&#8220;,&#8220;fileModel.Size&#8220;:&#8220;727244&#8243;,&#8220;Create&#8220;:&#8220;17.08.2023 10:19:56&#8243;,&#8220;MimeType&#8220;:&#8220;application\\\/octet-stream&#8220;,&#8220;ZPSV_WEB&#8220;:&#8220;True&#8220;}]}]}}<\/p>","protected":false},"excerpt":{"rendered":"<p>{&#8222;DateCreate&#8220;:&#8220;11.09.2009 13:01:49&#8243;,&#8220;ID&#8220;:&#8220;1116&#8243;,&#8220;GUID&#8220;:&#8220;6C081271E34EF866C125762E003C97B0&#8243;,&#8220;Nazev&#8220;:&#8220;Op\\u011brn\\u00fd d\\u00edlec T 450&#8243;,&#8220;Number&#8220;:&#8220;593841719514&#8243;,&#8220;ObchodniZnacka&#8220;:&#8220;IZT 514\\\/19&#8243;,&#8220;Zavods&#8220;:&#8220;41 Litice&#8220;,&#8220;VyrPopisCZ&#8220;:&#8220;&#8220;,&#8220;VyrPopisDE&#8220;:&#8220;&#8220;,&#8220;VyrPopisEN&#8220;:&#8220;&#8220;,&#8220;VyrUrceniAPouzitCZ&#8220;:&#8220;Spole\\u010dnost \\u017dPSV a.s. nab\\u00edz\\u00ed [&hellip;]<\/p>","protected":false},"author":1,"featured_media":0,"parent":160652,"menu_order":0,"comment_status":"closed","ping_status":"closed","template":"layouts\/page-katalog.php","meta":{"footnotes":""},"_links":{"self":[{"href":"https:\/\/zpsv-cz.webvalleypreview.com\/en\/wp-json\/wp\/v2\/pages\/163149"}],"collection":[{"href":"https:\/\/zpsv-cz.webvalleypreview.com\/en\/wp-json\/wp\/v2\/pages"}],"about":[{"href":"https:\/\/zpsv-cz.webvalleypreview.com\/en\/wp-json\/wp\/v2\/types\/page"}],"author":[{"embeddable":true,"href":"https:\/\/zpsv-cz.webvalleypreview.com\/en\/wp-json\/wp\/v2\/users\/1"}],"replies":[{"embeddable":true,"href":"https:\/\/zpsv-cz.webvalleypreview.com\/en\/wp-json\/wp\/v2\/comments?post=163149"}],"version-history":[{"count":0,"href":"https:\/\/zpsv-cz.webvalleypreview.com\/en\/wp-json\/wp\/v2\/pages\/163149\/revisions"}],"up":[{"embeddable":true,"href":"https:\/\/zpsv-cz.webvalleypreview.com\/en\/wp-json\/wp\/v2\/pages\/160652"}],"wp:attachment":[{"href":"https:\/\/zpsv-cz.webvalleypreview.com\/en\/wp-json\/wp\/v2\/media?parent=163149"}],"curies":[{"name":"wp","href":"https:\/\/api.w.org\/{rel}","templated":true}]}}