{"id":163154,"date":"2024-05-23T13:38:18","date_gmt":"2024-05-23T11:38:18","guid":{"rendered":"https:\/\/zpsv-cz.webvalleypreview.com\/inzenyrske-stavby\/vahy\/zakazkova-vyroba-kompletu-zelezobetonovych-silnicnich-a-zeleznicnich-vah\/"},"modified":"2024-05-23T13:38:18","modified_gmt":"2024-05-23T11:38:18","slug":"zakazkova-vyroba-kompletu-zelezobetonovych-silnicnich-a-zeleznicnich-vah","status":"publish","type":"page","link":"https:\/\/zpsv-cz.webvalleypreview.com\/en\/inzenyrske-stavby\/vahy\/zakazkova-vyroba-kompletu-zelezobetonovych-silnicnich-a-zeleznicnich-vah\/","title":{"rendered":"Zak\u00e1zkov\u00e1 v\u00fdroba komplet\u016f \u017eelezobetonov\u00fdch silni\u010dn\u00edch a \u017eelezni\u010dn\u00edch vah"},"content":{"rendered":"<p>{&#8222;DateCreate&#8220;:&#8220;10.09.2009 11:57:23&#8243;,&#8220;ID&#8220;:&#8220;1130&#8243;,&#8220;GUID&#8220;:&#8220;EE620F7830495036C125762D0036B173&#8243;,&#8220;Nazev&#8220;:&#8220;Zak\\u00e1zkov\\u00e1 v\\u00fdroba komplet\\u016f \\u017eelezobetonov\\u00fdch silni\\u010dn\\u00edch a \\u017eelezni\\u010dn\\u00edch vah&#8220;,&#8220;Number&#8220;:&#8220;000000000009&#8243;,&#8220;ObchodniZnacka&#8220;:&#8220;ZV 009&#8243;,&#8220;Zavods&#8220;:&#8220;07 \\u010cer\\u010dany&#8220;,&#8220;VyrPopisCZ&#8220;:&#8220;&#8220;,&#8220;VyrPopisDE&#8220;:&#8220;&#8220;,&#8220;VyrPopisEN&#8220;:&#8220;&#8220;,&#8220;VyrUrceniAPouzitCZ&#8220;:&#8220;* &#8211; dle projektov\\u00e9 dokumentace, bez omezen\\u00ed\\r\\rPrefabrikovan\\u00fd \\u017eelezobetonov\\u00fd z\\u00e1klad silni\\u010dn\\u00edch vah se vyzna\\u010duje modul\\u00e1rn\\u00ed konstrukc\\u00ed o \\u0161\\u00ed\\u0159ce modulu 6, 8 a 9 metr\\u016f. Stavebnicov\\u00fd z\\u00e1klad se osazuje na zhutn\\u011bn\\u00e9 lo\\u017ee, co\\u017e umo\\u017e\\u0148uje rychlou mont\\u00e1\\u017e b\\u011bhem n\\u011bkolika hodin s minim\\u00e1ln\\u00edmi stavebn\\u00edmi n\\u00e1klady. Prefabrikace umo\\u017e\\u0148uje snadn\\u00e9 budouc\\u00ed p\\u0159em\\u00edst\\u011bn\\u00ed nebo prodlou\\u017een\\u00ed st\\u00e1vaj\\u00edc\\u00ed v\\u00e1hy.\\rZ hlediska n\\u00e1jezdu vozidel rozd\\u011blujeme z\\u00e1klady na:\\r- prefabrikovan\\u00fd z\\u00e1klad n\\u00e1jezdov\\u00fd\\r- prefabrikovan\\u00fd z\\u00e1klad kombinovan\\u00fd\\r- prefabrikovan\\u00fd z\\u00e1klad \\u00farov\\u0148ov\\u00fd\\r\\rV\\u00fdhradn\\u00edm dodavatelem silni\\u010dn\\u00edch a \\u017eelezni\\u010dn\\u00edch vah je:\\rTAMTRON s.r.o. \\rU D\\u00fdh\\u00e1rny 1162, 278 01 Kralupy nad Vltavou, \\rkter\\u00e1 zaji\\u0161\\u0165uje mont\\u00e1\\u017e v\\u00e1\\u017en\\u00edho mostu v\\u010detn\\u011b klasick\\u00e9 vyhodnocovac\\u00ed a indika\\u010dn\\u00ed jednotky nebo softwarov\\u00fdm indik\\u00e1torem SCALEX DWI, instalovan\\u00fdm na b\\u011b\\u017en\\u00e9m PC v\\u010detn\\u011b nadstavbov\\u00e9 \\u010d\\u00e1sti ScalexPC. Tel. 315 733 201, Fax 315 733 202&#8243;,&#8220;VyrUrceniAPouzitDE&#8220;:&#8220;&#8220;,&#8220;VyrUrceniAPouzitEN&#8220;:&#8220;* &#8211; as per the project documentation, without any limitations\\r\\rThe prefab iron-concrete base of street weights features modular design with module width 6, 8 and 9 meters. Prefab base is put on a compacted bed which enables a quick assembly within a couple of hours with minimum construction cost. Prefabrication allows for an easy future relocation or extending a current weight.\\rThe foundation can be split as per vehicle drive in as follows:\\r- prefab drive in base\\r- prefab combined base\\r- prefab level base\\r\\rAn exclusive supplier of street and railway weights is:\\rTAMTRON s.r.o. \\rU D\\u00fdh\\u00e1rny 1162, 278 01 Kralupy nad Vltavou, \\rthat can do the assembly of weighbridge including a standard evaluation and indication unit or the software indicator SCALEX DWI installed at an ordinary PC including the additional component ScalexPC. Tel. 315 733 201, Fax 315 733 202&#8243;,&#8220;VyrNazevCZ&#8220;:&#8220;Zak\\u00e1zkov\\u00e1 v\\u00fdroba komplet\\u016f \\u017eelezobetonov\\u00fdch silni\\u010dn\\u00edch a \\u017eelezni\\u010dn\\u00edch vah&#8220;,&#8220;VyrNazevDE&#8220;:&#8220;&#8220;,&#8220;VyrNazevEN&#8220;:&#8220;Custom manufacturing of iron-concrete sets of street and railway weights&#8220;,&#8220;Beton&#8220;:&#8220;&#8220;,&#8220;ObjemPrvku&#8220;:&#8220;&#8220;,&#8220;HmotnostPrvku&#8220;:&#8220;max 8 000&#8243;,&#8220;L&#8220;:&#8220;600 &#8211; 2400&#8243;,&#8220;B&#8220;:&#8220;*&#8220;,&#8220;H&#8220;:&#8220;*&#8220;,&#8220;T&#8220;:&#8220;&#8220;,&#8220;D&#8220;:&#8220;&#8220;,&#8220;R&#8220;:&#8220;&#8220;,&#8220;L_2&#8243;:&#8220;&#8220;,&#8220;B_2&#8243;:&#8220;&#8220;,&#8220;H_2&#8243;:&#8220;&#8220;,&#8220;T_2&#8243;:&#8220;&#8220;,&#8220;D_2&#8243;:&#8220;&#8220;,&#8220;R_2&#8243;:&#8220;&#8220;,&#8220;L_1&#8243;:&#8220;&#8220;,&#8220;B_1&#8243;:&#8220;&#8220;,&#8220;H_1&#8243;:&#8220;&#8220;,&#8220;T_1&#8243;:&#8220;&#8220;,&#8220;D_1&#8243;:&#8220;&#8220;,&#8220;R_1&#8243;:&#8220;&#8220;,&#8220;KategorieName&#8220;:&#8220;Dopravn\\u00ed a in\\u017een\\u00fdrsk\\u00e9 stavby&#8220;,&#8220;PodkategorieName&#8220;:&#8220;V\\u00e1hy&#8220;,&#8220;attachments&#8220;:{&#8222;tpd&#8220;:[{&#8222;DateCreate&#8220;:&#8220;&#8220;,&#8220;ID&#8220;:&#8220;1508&#8243;,&#8220;GUID&#8220;:&#8220;0FC2AB1642DF2F3AC1257E8A00447C09&#8243;,&#8220;VYR_ID&#8220;:&#8220;1130&#8243;,&#8220;VYR_Number&#8220;:&#8220;000000000009&#8243;,&#8220;VYR_ObchodniZnacka&#8220;:&#8220;ZV 009&#8243;,&#8220;DocumentNumber&#8220;:&#8220;TP-08\\\/15&#8243;,&#8220;Title&#8220;:&#8220;Prefabrik\\u00e1ty pro v\\u00e1hy&#8220;,&#8220;IssueNumber&#8220;:&#8220;2&#8243;,&#8220;file&#8220;:[{&#8222;ID&#8220;:&#8220;3635&#8243;,&#8220;ResourceGUID&#8220;:&#8220;0FC2AB1642DF2F3AC1257E8A00447C09&#8243;,&#8220;Name&#8220;:&#8220;TP-08_15 Prefabrik\\u00e1ty pro v\\u00e1hy (2-1).pdf&#8220;,&#8220;FileNameGUID&#8220;:&#8220;0FC2AB1642DF2F3AC1257E8A00447C09_2JBBB22T&#8220;,&#8220;Comment&#8220;:&#8220;&#8220;,&#8220;fileModel.Size&#8220;:&#8220;776489&#8243;,&#8220;Create&#8220;:&#8220;17.08.2023 10:19:54&#8243;,&#8220;MimeType&#8220;:&#8220;application\\\/octet-stream&#8220;,&#8220;ZPSV_WEB&#8220;:&#8220;True&#8220;}]}]}}<\/p>","protected":false},"excerpt":{"rendered":"<p>{&#8222;DateCreate&#8220;:&#8220;10.09.2009 11:57:23&#8243;,&#8220;ID&#8220;:&#8220;1130&#8243;,&#8220;GUID&#8220;:&#8220;EE620F7830495036C125762D0036B173&#8243;,&#8220;Nazev&#8220;:&#8220;Zak\\u00e1zkov\\u00e1 v\\u00fdroba komplet\\u016f \\u017eelezobetonov\\u00fdch silni\\u010dn\\u00edch a \\u017eelezni\\u010dn\\u00edch vah&#8220;,&#8220;Number&#8220;:&#8220;000000000009&#8243;,&#8220;ObchodniZnacka&#8220;:&#8220;ZV 009&#8243;,&#8220;Zavods&#8220;:&#8220;07 [&hellip;]<\/p>","protected":false},"author":1,"featured_media":0,"parent":160919,"menu_order":0,"comment_status":"closed","ping_status":"closed","template":"layouts\/page-katalog.php","meta":{"footnotes":""},"_links":{"self":[{"href":"https:\/\/zpsv-cz.webvalleypreview.com\/en\/wp-json\/wp\/v2\/pages\/163154"}],"collection":[{"href":"https:\/\/zpsv-cz.webvalleypreview.com\/en\/wp-json\/wp\/v2\/pages"}],"about":[{"href":"https:\/\/zpsv-cz.webvalleypreview.com\/en\/wp-json\/wp\/v2\/types\/page"}],"author":[{"embeddable":true,"href":"https:\/\/zpsv-cz.webvalleypreview.com\/en\/wp-json\/wp\/v2\/users\/1"}],"replies":[{"embeddable":true,"href":"https:\/\/zpsv-cz.webvalleypreview.com\/en\/wp-json\/wp\/v2\/comments?post=163154"}],"version-history":[{"count":0,"href":"https:\/\/zpsv-cz.webvalleypreview.com\/en\/wp-json\/wp\/v2\/pages\/163154\/revisions"}],"up":[{"embeddable":true,"href":"https:\/\/zpsv-cz.webvalleypreview.com\/en\/wp-json\/wp\/v2\/pages\/160919"}],"wp:attachment":[{"href":"https:\/\/zpsv-cz.webvalleypreview.com\/en\/wp-json\/wp\/v2\/media?parent=163154"}],"curies":[{"name":"wp","href":"https:\/\/api.w.org\/{rel}","templated":true}]}}